{"id":19203,"date":"2025-10-02T13:08:25","date_gmt":"2025-10-02T13:08:25","guid":{"rendered":"https:\/\/luxegel.lv\/?post_type=product&#038;p=19203"},"modified":"2026-03-31T06:56:39","modified_gmt":"2026-03-31T06:56:39","slug":"gelato-skidrais-poligels-strukturbaze-bez-hema","status":"publish","type":"product","link":"https:\/\/luxegel.lv\/lv\/product-lv\/gelato-skidrais-poligels-strukturbaze-bez-hema\/","title":{"rendered":"GELATO \u2013 \u0160\u0136IDRAIS POLIG\u0112LS-STRUKT\u016aRB\u0100ZE BEZ HEMA"},"content":{"rendered":"<p><strong>NO\u0145EM\u0160ANA NOV\u012aL\u0112JOT<\/strong><\/p>\n<p>Iedvesmojoties no jaun\u0101kaj\u0101m \u0161\u0137idr\u0101 polig\u0113la formul\u0101m, biezas viskozit\u0101tes strukt\u016brb\u0101ze bez HEMA nodro\u0161ina izcilu notur\u012bbu un uzkl\u0101\u0161anas kontroli. Ar biez\u0101ku tekst\u016bru nek\u0101 standarta strukt\u016brb\u0101ze t\u0101 pied\u0101v\u0101 ilg\u0101ku darba laiku prec\u012bzai veido\u0161anai un gludam rezult\u0101tam \u2014 ide\u0101li profesion\u0101lam izn\u0101kumam.<\/p>\n<p><b>Galven\u0101s \u012bpa\u0161\u012bbas<\/b><\/p>\n<ul>\n<li>Saudz\u012bga formula \u2013 100% bez TPO un bez HEMA, dro\u0161\u0101ka jut\u012bgiem klientiem<\/li>\n<li>Bieza viskozit\u0101te \u2013 iedvesmota no \u0161\u0137idr\u0101 polig\u0113la, liel\u0101kai kontrolei un stabilit\u0101tei<\/li>\n<li>Izcila iztur\u012bba \u2013 stipr\u0101ka un biez\u0101ka nek\u0101 parast\u0101s strukt\u016brb\u0101zes<\/li>\n<li>Profesion\u0101la sist\u0113ma \u2013 nav paredz\u0113ta atmiek\u0161\u0137\u0113\u0161anai ar acetonu; j\u0101no\u0146em ar v\u012bli vai nagu fr\u0113zi<\/li>\n<li>3+ ned\u0113\u013cu notur\u012bba<\/li>\n<li>15 ml<\/li>\n<\/ul>\n<p><b>Lieto\u0161anas piez\u012bmes<\/b><\/p>\n<p><b>Ide\u0101li piem\u0113rota:<\/b><\/p>\n<ul>\n<li>P\u0101rkl\u0101jumu veido\u0161anai<\/li>\n<li>Dab\u012bgo nagu nostiprin\u0101\u0161anai<\/li>\n<li>Iztur\u012bgu un vieglu nagu pieaudz\u0113\u0161anai<span class=\"Apple-converted-space\">\u00a0<\/span><\/li>\n<\/ul>\n<p><b>Sa\u0137eres pras\u012bbas:<\/b><\/p>\n<ul>\n<li>Izmantojiet caursp\u012bd\u012bgo strukt\u016brb\u0101zi bez HEMA (HEMA-Free Clear Structure Base) piln\u012bgi hipoaler\u0123iskam uzkl\u0101jumam.<\/li>\n<li>Alternat\u012bvi, ja \u201cBez HEMA\u201d nav oblig\u0101ta pras\u012bba, uzkl\u0101jiet strukt\u016brb\u0101zi ar zemu HEMA saturu.<\/li>\n<li>Maksim\u0101lai sa\u0137erei: lietojiet atbilsto\u0161u praimeri un bonderi.<\/li>\n<\/ul>\n<p><b>Sast\u0101vs<\/b><br \/>\nAcrylates Copolymer<br \/>\nHPMA, PMMA, TPGDA<br \/>\nBlack CI77499, White CI77891, Red CI14700, Yellow CI47000, Blue CI42090<\/p>\n","protected":false},"excerpt":{"rendered":"<p>NO\u0145EM\u0160ANA NOV\u012aL\u0112JOT Iedvesmojoties no jaun\u0101kaj\u0101m \u0161\u0137idr\u0101 polig\u0113la formul\u0101m, biezas viskozit\u0101tes strukt\u016brb\u0101ze bez HEMA nodro\u0161ina izcilu notur\u012bbu un uzkl\u0101\u0161anas kontroli. Ar<\/p>\n","protected":false},"featured_media":19167,"template":"","meta":{"_acf_changed":false},"product_brand":[],"product_cat":[154,539,554],"product_tag":[222,221],"class_list":{"0":"post-19203","1":"product","2":"type-product","3":"status-publish","4":"has-post-thumbnail","6":"product_cat-luxe-gel-professional-lv","7":"product_cat-jaunumi","8":"product_cat-skidrais-poligels-strukturbaze-bez-hema","9":"product_tag-produkti","10":"product_tag-visi-produkti","12":"first","13":"instock","14":"sale","15":"shipping-taxable","16":"purchasable","17":"product-type-simple"},"acf":[],"yoast_head":"<!-- This site is optimized with the Yoast SEO plugin v23.8 - https:\/\/yoast.com\/wordpress\/plugins\/seo\/ -->\n<title>GELATO \u2013 \u0160\u0136IDRAIS POLIG\u0112LS-STRUKT\u016aRB\u0100ZE BEZ HEMA - LUXE GEL PROFESSIONAL\u2122<\/title>\n<meta name=\"robots\" content=\"index, follow, max-snippet:-1, max-image-preview:large, max-video-preview:-1\" \/>\n<link rel=\"canonical\" href=\"https:\/\/luxegel.lv\/lv\/product-lv\/gelato-skidrais-poligels-strukturbaze-bez-hema\/\" \/>\n<meta property=\"og:locale\" content=\"lv_LV\" \/>\n<meta property=\"og:type\" content=\"article\" \/>\n<meta property=\"og:title\" content=\"GELATO \u2013 \u0160\u0136IDRAIS POLIG\u0112LS-STRUKT\u016aRB\u0100ZE BEZ HEMA - LUXE GEL PROFESSIONAL\u2122\" \/>\n<meta property=\"og:description\" content=\"NO\u0145EM\u0160ANA NOV\u012aL\u0112JOT Iedvesmojoties no jaun\u0101kaj\u0101m \u0161\u0137idr\u0101 polig\u0113la formul\u0101m, biezas viskozit\u0101tes strukt\u016brb\u0101ze bez HEMA nodro\u0161ina izcilu notur\u012bbu un uzkl\u0101\u0161anas kontroli. Ar\" \/>\n<meta property=\"og:url\" content=\"https:\/\/luxegel.lv\/lv\/product-lv\/gelato-skidrais-poligels-strukturbaze-bez-hema\/\" \/>\n<meta property=\"og:site_name\" content=\"LUXE GEL PROFESSIONAL\u2122\" \/>\n<meta property=\"article:modified_time\" content=\"2026-03-31T06:56:39+00:00\" \/>\n<meta property=\"og:image\" content=\"https:\/\/luxegel.lv\/wp-content\/uploads\/2025\/10\/GELATO.jpg.webp\" \/>\n\t<meta property=\"og:image:width\" content=\"750\" \/>\n\t<meta property=\"og:image:height\" content=\"750\" \/>\n\t<meta property=\"og:image:type\" content=\"image\/webp\" \/>\n<meta name=\"twitter:card\" content=\"summary_large_image\" \/>\n<meta name=\"twitter:label1\" content=\"Est. reading time\" \/>\n\t<meta name=\"twitter:data1\" content=\"2 minutes\" \/>\n<script type=\"application\/ld+json\" class=\"yoast-schema-graph\">{\"@context\":\"https:\/\/schema.org\",\"@graph\":[{\"@type\":\"WebPage\",\"@id\":\"https:\/\/luxegel.lv\/lv\/product-lv\/gelato-skidrais-poligels-strukturbaze-bez-hema\/\",\"url\":\"https:\/\/luxegel.lv\/lv\/product-lv\/gelato-skidrais-poligels-strukturbaze-bez-hema\/\",\"name\":\"GELATO \u2013 \u0160\u0136IDRAIS POLIG\u0112LS-STRUKT\u016aRB\u0100ZE BEZ HEMA - LUXE GEL PROFESSIONAL\u2122\",\"isPartOf\":{\"@id\":\"https:\/\/luxegel.lv\/lv\/#website\"},\"primaryImageOfPage\":{\"@id\":\"https:\/\/luxegel.lv\/lv\/product-lv\/gelato-skidrais-poligels-strukturbaze-bez-hema\/#primaryimage\"},\"image\":{\"@id\":\"https:\/\/luxegel.lv\/lv\/product-lv\/gelato-skidrais-poligels-strukturbaze-bez-hema\/#primaryimage\"},\"thumbnailUrl\":\"https:\/\/luxegel.lv\/wp-content\/uploads\/2025\/10\/GELATO.jpg.webp\",\"datePublished\":\"2025-10-02T13:08:25+00:00\",\"dateModified\":\"2026-03-31T06:56:39+00:00\",\"breadcrumb\":{\"@id\":\"https:\/\/luxegel.lv\/lv\/product-lv\/gelato-skidrais-poligels-strukturbaze-bez-hema\/#breadcrumb\"},\"inLanguage\":\"lv-LV\",\"potentialAction\":[{\"@type\":\"ReadAction\",\"target\":[\"https:\/\/luxegel.lv\/lv\/product-lv\/gelato-skidrais-poligels-strukturbaze-bez-hema\/\"]}]},{\"@type\":\"ImageObject\",\"inLanguage\":\"lv-LV\",\"@id\":\"https:\/\/luxegel.lv\/lv\/product-lv\/gelato-skidrais-poligels-strukturbaze-bez-hema\/#primaryimage\",\"url\":\"https:\/\/luxegel.lv\/wp-content\/uploads\/2025\/10\/GELATO.jpg.webp\",\"contentUrl\":\"https:\/\/luxegel.lv\/wp-content\/uploads\/2025\/10\/GELATO.jpg.webp\",\"width\":750,\"height\":750},{\"@type\":\"BreadcrumbList\",\"@id\":\"https:\/\/luxegel.lv\/lv\/product-lv\/gelato-skidrais-poligels-strukturbaze-bez-hema\/#breadcrumb\",\"itemListElement\":[{\"@type\":\"ListItem\",\"position\":1,\"name\":\"Galven\u0101\",\"item\":\"https:\/\/luxegel.lv\/lv\/\"},{\"@type\":\"ListItem\",\"position\":2,\"name\":\"Veikals\",\"item\":\"https:\/\/luxegel.lv\/lv\/veikals\/\"},{\"@type\":\"ListItem\",\"position\":3,\"name\":\"GELATO \u2013 \u0160\u0136IDRAIS POLIG\u0112LS-STRUKT\u016aRB\u0100ZE BEZ HEMA\"}]},{\"@type\":\"WebSite\",\"@id\":\"https:\/\/luxegel.lv\/lv\/#website\",\"url\":\"https:\/\/luxegel.lv\/lv\/\",\"name\":\"LUXE GEL PROFESSIONAL\u2122\",\"description\":\"is a leading nail brand on the European market. Luxe Gel currently stock over 500 products including over 350 shades of gel polish, a complete builder gel system and our famous structure base.\",\"potentialAction\":[{\"@type\":\"SearchAction\",\"target\":{\"@type\":\"EntryPoint\",\"urlTemplate\":\"https:\/\/luxegel.lv\/lv\/?s={search_term_string}\"},\"query-input\":{\"@type\":\"PropertyValueSpecification\",\"valueRequired\":true,\"valueName\":\"search_term_string\"}}],\"inLanguage\":\"lv-LV\"}]}<\/script>\n<!-- \/ Yoast SEO plugin. -->","yoast_head_json":{"title":"GELATO \u2013 \u0160\u0136IDRAIS POLIG\u0112LS-STRUKT\u016aRB\u0100ZE BEZ HEMA - LUXE GEL PROFESSIONAL\u2122","robots":{"index":"index","follow":"follow","max-snippet":"max-snippet:-1","max-image-preview":"max-image-preview:large","max-video-preview":"max-video-preview:-1"},"canonical":"https:\/\/luxegel.lv\/lv\/product-lv\/gelato-skidrais-poligels-strukturbaze-bez-hema\/","og_locale":"lv_LV","og_type":"article","og_title":"GELATO \u2013 \u0160\u0136IDRAIS POLIG\u0112LS-STRUKT\u016aRB\u0100ZE BEZ HEMA - LUXE GEL PROFESSIONAL\u2122","og_description":"NO\u0145EM\u0160ANA NOV\u012aL\u0112JOT Iedvesmojoties no jaun\u0101kaj\u0101m \u0161\u0137idr\u0101 polig\u0113la formul\u0101m, biezas viskozit\u0101tes strukt\u016brb\u0101ze bez HEMA nodro\u0161ina izcilu notur\u012bbu un uzkl\u0101\u0161anas kontroli. Ar","og_url":"https:\/\/luxegel.lv\/lv\/product-lv\/gelato-skidrais-poligels-strukturbaze-bez-hema\/","og_site_name":"LUXE GEL PROFESSIONAL\u2122","article_modified_time":"2026-03-31T06:56:39+00:00","og_image":[{"width":750,"height":750,"url":"https:\/\/luxegel.lv\/wp-content\/uploads\/2025\/10\/GELATO.jpg.webp","type":"image\/webp"}],"twitter_card":"summary_large_image","twitter_misc":{"Est. reading time":"2 minutes"},"schema":{"@context":"https:\/\/schema.org","@graph":[{"@type":"WebPage","@id":"https:\/\/luxegel.lv\/lv\/product-lv\/gelato-skidrais-poligels-strukturbaze-bez-hema\/","url":"https:\/\/luxegel.lv\/lv\/product-lv\/gelato-skidrais-poligels-strukturbaze-bez-hema\/","name":"GELATO \u2013 \u0160\u0136IDRAIS POLIG\u0112LS-STRUKT\u016aRB\u0100ZE BEZ HEMA - LUXE GEL PROFESSIONAL\u2122","isPartOf":{"@id":"https:\/\/luxegel.lv\/lv\/#website"},"primaryImageOfPage":{"@id":"https:\/\/luxegel.lv\/lv\/product-lv\/gelato-skidrais-poligels-strukturbaze-bez-hema\/#primaryimage"},"image":{"@id":"https:\/\/luxegel.lv\/lv\/product-lv\/gelato-skidrais-poligels-strukturbaze-bez-hema\/#primaryimage"},"thumbnailUrl":"https:\/\/luxegel.lv\/wp-content\/uploads\/2025\/10\/GELATO.jpg.webp","datePublished":"2025-10-02T13:08:25+00:00","dateModified":"2026-03-31T06:56:39+00:00","breadcrumb":{"@id":"https:\/\/luxegel.lv\/lv\/product-lv\/gelato-skidrais-poligels-strukturbaze-bez-hema\/#breadcrumb"},"inLanguage":"lv-LV","potentialAction":[{"@type":"ReadAction","target":["https:\/\/luxegel.lv\/lv\/product-lv\/gelato-skidrais-poligels-strukturbaze-bez-hema\/"]}]},{"@type":"ImageObject","inLanguage":"lv-LV","@id":"https:\/\/luxegel.lv\/lv\/product-lv\/gelato-skidrais-poligels-strukturbaze-bez-hema\/#primaryimage","url":"https:\/\/luxegel.lv\/wp-content\/uploads\/2025\/10\/GELATO.jpg.webp","contentUrl":"https:\/\/luxegel.lv\/wp-content\/uploads\/2025\/10\/GELATO.jpg.webp","width":750,"height":750},{"@type":"BreadcrumbList","@id":"https:\/\/luxegel.lv\/lv\/product-lv\/gelato-skidrais-poligels-strukturbaze-bez-hema\/#breadcrumb","itemListElement":[{"@type":"ListItem","position":1,"name":"Galven\u0101","item":"https:\/\/luxegel.lv\/lv\/"},{"@type":"ListItem","position":2,"name":"Veikals","item":"https:\/\/luxegel.lv\/lv\/veikals\/"},{"@type":"ListItem","position":3,"name":"GELATO \u2013 \u0160\u0136IDRAIS POLIG\u0112LS-STRUKT\u016aRB\u0100ZE BEZ HEMA"}]},{"@type":"WebSite","@id":"https:\/\/luxegel.lv\/lv\/#website","url":"https:\/\/luxegel.lv\/lv\/","name":"LUXE GEL PROFESSIONAL\u2122","description":"is a leading nail brand on the European market. Luxe Gel currently stock over 500 products including over 350 shades of gel polish, a complete builder gel system and our famous structure base.","potentialAction":[{"@type":"SearchAction","target":{"@type":"EntryPoint","urlTemplate":"https:\/\/luxegel.lv\/lv\/?s={search_term_string}"},"query-input":{"@type":"PropertyValueSpecification","valueRequired":true,"valueName":"search_term_string"}}],"inLanguage":"lv-LV"}]}},"_links":{"self":[{"href":"https:\/\/luxegel.lv\/lv\/wp-json\/wp\/v2\/product\/19203","targetHints":{"allow":["GET"]}}],"collection":[{"href":"https:\/\/luxegel.lv\/lv\/wp-json\/wp\/v2\/product"}],"about":[{"href":"https:\/\/luxegel.lv\/lv\/wp-json\/wp\/v2\/types\/product"}],"version-history":[{"count":4,"href":"https:\/\/luxegel.lv\/lv\/wp-json\/wp\/v2\/product\/19203\/revisions"}],"predecessor-version":[{"id":19708,"href":"https:\/\/luxegel.lv\/lv\/wp-json\/wp\/v2\/product\/19203\/revisions\/19708"}],"wp:featuredmedia":[{"embeddable":true,"href":"https:\/\/luxegel.lv\/lv\/wp-json\/wp\/v2\/media\/19167"}],"wp:attachment":[{"href":"https:\/\/luxegel.lv\/lv\/wp-json\/wp\/v2\/media?parent=19203"}],"wp:term":[{"taxonomy":"product_brand","embeddable":true,"href":"https:\/\/luxegel.lv\/lv\/wp-json\/wp\/v2\/product_brand?post=19203"},{"taxonomy":"product_cat","embeddable":true,"href":"https:\/\/luxegel.lv\/lv\/wp-json\/wp\/v2\/product_cat?post=19203"},{"taxonomy":"product_tag","embeddable":true,"href":"https:\/\/luxegel.lv\/lv\/wp-json\/wp\/v2\/product_tag?post=19203"}],"curies":[{"name":"wp","href":"https:\/\/api.w.org\/{rel}","templated":true}]}}