{"id":19077,"date":"2025-10-01T13:08:43","date_gmt":"2025-10-01T13:08:43","guid":{"rendered":"https:\/\/luxegel.lv\/?post_type=product&#038;p=19077"},"modified":"2025-12-23T13:27:56","modified_gmt":"2025-12-23T13:27:56","slug":"pink-cloud-strukturbaze-bez-hema","status":"publish","type":"product","link":"https:\/\/luxegel.lv\/lv\/product-lv\/pink-cloud-strukturbaze-bez-hema\/","title":{"rendered":"PINK CLOUD &#8211; STRUKT\u016aRB\u0100ZE BEZ HEMA"},"content":{"rendered":"<p><strong>NO\u0145EM\u0160ANA AR ACETONU<\/strong><\/p>\n<p><b>Vid\u0113jas viskozit\u0101tes strukt\u016brb\u0101ze bez HEMA<\/b> sast\u0101v\u0101 nodro\u0161ina uzticamu sa\u0137eri, stipr\u012bbu un notur\u012bbu. Ide\u0101li piem\u0113rota klientiem ar jut\u012bgumu vai tiem, kas izv\u0113las t\u012br\u0101ku formulu. \u0160\u012b b\u0101ze pied\u0101v\u0101 gludu, pa\u0161izl\u012bdzino\u0161u uzkl\u0101\u0161anu un ilgnotur\u012bgu rezult\u0101tu.<\/p>\n<p><b>Galven\u0101s \u012bpa\u0161\u012bbas<\/b><\/p>\n<ul>\n<li>Bez HEMA \u2013 saudz\u012bga \u0101dai, piem\u0113rota jut\u012bgiem klientiem<\/li>\n<li>Vid\u0113ja viskozit\u0101te \u2013 gluda, pa\u0161izl\u012bdzino\u0161a tekst\u016bra kontrol\u0113tai uzkl\u0101\u0161anai<\/li>\n<li>Polimeriz\u0101cija: 60 s (LED) \/ 99 s (Low Heat) \u2013 \u0101tra un elast\u012bga saciet\u0113\u0161ana<\/li>\n<li>Piem\u0113rota \u012bsu un vid\u0113ji garu nagu pieaudz\u0113\u0161anai (l\u012bdz 1 cm) \u2013 stipr\u0101ka formula daudzveid\u012bgai lieto\u0161anai<\/li>\n<li>L\u012bdz 3+ ned\u0113\u013cu notur\u012bba<\/li>\n<li>Tilpums: 15 ml<\/li>\n<\/ul>\n<p><b>Uzkl\u0101\u0161anas piez\u012bmes<\/b><\/p>\n<p><b>Sa\u0137eres pras\u012bbas:<\/b><\/p>\n<ul>\n<li>Piln\u012bgi hipoaler\u0123iskai uzkl\u0101\u0161anai: lietot caursp\u012bd\u012bgo b\u0101zi bez HEMA sast\u0101v\u0101 (<b>HEMA-Free Clear Base)<\/b>.<\/li>\n<li>Ja \u201cBez HEMA\u201d nav oblig\u0101ta pras\u012bba, bet v\u0113laties izmantot \u0161o ton\u0113to strukt\u016brb\u0101zi, var izmantot caursp\u012bd\u012bgo b\u0101zi ar zemu HEMA saturu.<\/li>\n<\/ul>\n<p><b>Maksim\u0101lai sa\u0137erei:<\/b><br \/>\n\u2714 Uzkl\u0101t <b>Acid-Free Primer &#8211; bezsk\u0101bes praimeri<\/b> (\u017e\u016bst gais\u0101)<br \/>\n\u2714 P\u0113c tam <b>Acid-Free Bonder<\/b> &#8211; bezsk\u0101bes bonderi (polimeriz\u0113t 60 s LED lamp\u0101)<br \/>\n\u2714 Turpin\u0101t ar izv\u0113l\u0113to strukt\u016brb\u0101zes toni.<\/p>\n<p><b>Sast\u0101vs<\/b><\/p>\n<ul>\n<li>Epoxy Acrylate Oligomer<\/li>\n<li>Urethane Acrylate Oligomer<\/li>\n<li>Hydroxycyclohexyl Phenyl Ketone<\/li>\n<li>Ethyl Trimethylbenzoyl Phenylphosphinate<\/li>\n<li>Pigments<\/li>\n<\/ul>\n","protected":false},"excerpt":{"rendered":"<p>NO\u0145EM\u0160ANA AR ACETONU Vid\u0113jas viskozit\u0101tes strukt\u016brb\u0101ze bez HEMA sast\u0101v\u0101 nodro\u0161ina uzticamu sa\u0137eri, stipr\u012bbu un notur\u012bbu. Ide\u0101li piem\u0113rota klientiem ar jut\u012bgumu<\/p>\n","protected":false},"featured_media":19092,"template":"","meta":{"_acf_changed":false},"product_brand":[],"product_cat":[154,539,542,548],"product_tag":[222,221],"class_list":{"0":"post-19077","1":"product","2":"type-product","3":"status-publish","4":"has-post-thumbnail","6":"product_cat-luxe-gel-professional-lv","7":"product_cat-jaunumi","8":"product_cat-strukturbaze-bez-hema","9":"product_cat-videja-viskozitate-nonemsana-ar-acetonu","10":"product_tag-produkti","11":"product_tag-visi-produkti","13":"first","14":"instock","15":"sale","16":"shipping-taxable","17":"purchasable","18":"product-type-simple"},"acf":[],"yoast_head":"<!-- This site is optimized with the Yoast SEO plugin v23.8 - https:\/\/yoast.com\/wordpress\/plugins\/seo\/ -->\n<title>PINK CLOUD - STRUKT\u016aRB\u0100ZE BEZ HEMA - LUXE GEL PROFESSIONAL\u2122<\/title>\n<meta name=\"robots\" content=\"index, follow, max-snippet:-1, max-image-preview:large, max-video-preview:-1\" \/>\n<link rel=\"canonical\" href=\"https:\/\/luxegel.lv\/lv\/product-lv\/pink-cloud-strukturbaze-bez-hema\/\" \/>\n<meta property=\"og:locale\" content=\"lv_LV\" \/>\n<meta property=\"og:type\" content=\"article\" \/>\n<meta property=\"og:title\" content=\"PINK CLOUD - STRUKT\u016aRB\u0100ZE BEZ HEMA - LUXE GEL PROFESSIONAL\u2122\" \/>\n<meta property=\"og:description\" content=\"NO\u0145EM\u0160ANA AR ACETONU Vid\u0113jas viskozit\u0101tes strukt\u016brb\u0101ze bez HEMA sast\u0101v\u0101 nodro\u0161ina uzticamu sa\u0137eri, stipr\u012bbu un notur\u012bbu. Ide\u0101li piem\u0113rota klientiem ar jut\u012bgumu\" \/>\n<meta property=\"og:url\" content=\"https:\/\/luxegel.lv\/lv\/product-lv\/pink-cloud-strukturbaze-bez-hema\/\" \/>\n<meta property=\"og:site_name\" content=\"LUXE GEL PROFESSIONAL\u2122\" \/>\n<meta property=\"article:modified_time\" content=\"2025-12-23T13:27:56+00:00\" \/>\n<meta property=\"og:image\" content=\"https:\/\/luxegel.lv\/wp-content\/uploads\/2025\/10\/PINK-CLOUD-hema-free-structure-base.jpg.webp\" \/>\n\t<meta property=\"og:image:width\" content=\"750\" \/>\n\t<meta property=\"og:image:height\" content=\"750\" \/>\n\t<meta property=\"og:image:type\" content=\"image\/webp\" \/>\n<meta name=\"twitter:card\" content=\"summary_large_image\" \/>\n<meta name=\"twitter:label1\" content=\"Est. reading time\" \/>\n\t<meta name=\"twitter:data1\" content=\"2 minutes\" \/>\n<script type=\"application\/ld+json\" class=\"yoast-schema-graph\">{\"@context\":\"https:\/\/schema.org\",\"@graph\":[{\"@type\":\"WebPage\",\"@id\":\"https:\/\/luxegel.lv\/lv\/product-lv\/pink-cloud-strukturbaze-bez-hema\/\",\"url\":\"https:\/\/luxegel.lv\/lv\/product-lv\/pink-cloud-strukturbaze-bez-hema\/\",\"name\":\"PINK CLOUD - STRUKT\u016aRB\u0100ZE BEZ HEMA - LUXE GEL PROFESSIONAL\u2122\",\"isPartOf\":{\"@id\":\"https:\/\/luxegel.lv\/lv\/#website\"},\"primaryImageOfPage\":{\"@id\":\"https:\/\/luxegel.lv\/lv\/product-lv\/pink-cloud-strukturbaze-bez-hema\/#primaryimage\"},\"image\":{\"@id\":\"https:\/\/luxegel.lv\/lv\/product-lv\/pink-cloud-strukturbaze-bez-hema\/#primaryimage\"},\"thumbnailUrl\":\"https:\/\/luxegel.lv\/wp-content\/uploads\/2025\/10\/PINK-CLOUD-hema-free-structure-base.jpg.webp\",\"datePublished\":\"2025-10-01T13:08:43+00:00\",\"dateModified\":\"2025-12-23T13:27:56+00:00\",\"breadcrumb\":{\"@id\":\"https:\/\/luxegel.lv\/lv\/product-lv\/pink-cloud-strukturbaze-bez-hema\/#breadcrumb\"},\"inLanguage\":\"lv-LV\",\"potentialAction\":[{\"@type\":\"ReadAction\",\"target\":[\"https:\/\/luxegel.lv\/lv\/product-lv\/pink-cloud-strukturbaze-bez-hema\/\"]}]},{\"@type\":\"ImageObject\",\"inLanguage\":\"lv-LV\",\"@id\":\"https:\/\/luxegel.lv\/lv\/product-lv\/pink-cloud-strukturbaze-bez-hema\/#primaryimage\",\"url\":\"https:\/\/luxegel.lv\/wp-content\/uploads\/2025\/10\/PINK-CLOUD-hema-free-structure-base.jpg.webp\",\"contentUrl\":\"https:\/\/luxegel.lv\/wp-content\/uploads\/2025\/10\/PINK-CLOUD-hema-free-structure-base.jpg.webp\",\"width\":750,\"height\":750},{\"@type\":\"BreadcrumbList\",\"@id\":\"https:\/\/luxegel.lv\/lv\/product-lv\/pink-cloud-strukturbaze-bez-hema\/#breadcrumb\",\"itemListElement\":[{\"@type\":\"ListItem\",\"position\":1,\"name\":\"Galven\u0101\",\"item\":\"https:\/\/luxegel.lv\/lv\/\"},{\"@type\":\"ListItem\",\"position\":2,\"name\":\"Veikals\",\"item\":\"https:\/\/luxegel.lv\/lv\/veikals\/\"},{\"@type\":\"ListItem\",\"position\":3,\"name\":\"PINK CLOUD &#8211; STRUKT\u016aRB\u0100ZE BEZ HEMA\"}]},{\"@type\":\"WebSite\",\"@id\":\"https:\/\/luxegel.lv\/lv\/#website\",\"url\":\"https:\/\/luxegel.lv\/lv\/\",\"name\":\"LUXE GEL PROFESSIONAL\u2122\",\"description\":\"is a leading nail brand on the European market. Luxe Gel currently stock over 500 products including over 350 shades of gel polish, a complete builder gel system and our famous structure base.\",\"potentialAction\":[{\"@type\":\"SearchAction\",\"target\":{\"@type\":\"EntryPoint\",\"urlTemplate\":\"https:\/\/luxegel.lv\/lv\/?s={search_term_string}\"},\"query-input\":{\"@type\":\"PropertyValueSpecification\",\"valueRequired\":true,\"valueName\":\"search_term_string\"}}],\"inLanguage\":\"lv-LV\"}]}<\/script>\n<!-- \/ Yoast SEO plugin. -->","yoast_head_json":{"title":"PINK CLOUD - STRUKT\u016aRB\u0100ZE BEZ HEMA - LUXE GEL PROFESSIONAL\u2122","robots":{"index":"index","follow":"follow","max-snippet":"max-snippet:-1","max-image-preview":"max-image-preview:large","max-video-preview":"max-video-preview:-1"},"canonical":"https:\/\/luxegel.lv\/lv\/product-lv\/pink-cloud-strukturbaze-bez-hema\/","og_locale":"lv_LV","og_type":"article","og_title":"PINK CLOUD - STRUKT\u016aRB\u0100ZE BEZ HEMA - LUXE GEL PROFESSIONAL\u2122","og_description":"NO\u0145EM\u0160ANA AR ACETONU Vid\u0113jas viskozit\u0101tes strukt\u016brb\u0101ze bez HEMA sast\u0101v\u0101 nodro\u0161ina uzticamu sa\u0137eri, stipr\u012bbu un notur\u012bbu. Ide\u0101li piem\u0113rota klientiem ar jut\u012bgumu","og_url":"https:\/\/luxegel.lv\/lv\/product-lv\/pink-cloud-strukturbaze-bez-hema\/","og_site_name":"LUXE GEL PROFESSIONAL\u2122","article_modified_time":"2025-12-23T13:27:56+00:00","og_image":[{"width":750,"height":750,"url":"https:\/\/luxegel.lv\/wp-content\/uploads\/2025\/10\/PINK-CLOUD-hema-free-structure-base.jpg.webp","type":"image\/webp"}],"twitter_card":"summary_large_image","twitter_misc":{"Est. reading time":"2 minutes"},"schema":{"@context":"https:\/\/schema.org","@graph":[{"@type":"WebPage","@id":"https:\/\/luxegel.lv\/lv\/product-lv\/pink-cloud-strukturbaze-bez-hema\/","url":"https:\/\/luxegel.lv\/lv\/product-lv\/pink-cloud-strukturbaze-bez-hema\/","name":"PINK CLOUD - STRUKT\u016aRB\u0100ZE BEZ HEMA - LUXE GEL PROFESSIONAL\u2122","isPartOf":{"@id":"https:\/\/luxegel.lv\/lv\/#website"},"primaryImageOfPage":{"@id":"https:\/\/luxegel.lv\/lv\/product-lv\/pink-cloud-strukturbaze-bez-hema\/#primaryimage"},"image":{"@id":"https:\/\/luxegel.lv\/lv\/product-lv\/pink-cloud-strukturbaze-bez-hema\/#primaryimage"},"thumbnailUrl":"https:\/\/luxegel.lv\/wp-content\/uploads\/2025\/10\/PINK-CLOUD-hema-free-structure-base.jpg.webp","datePublished":"2025-10-01T13:08:43+00:00","dateModified":"2025-12-23T13:27:56+00:00","breadcrumb":{"@id":"https:\/\/luxegel.lv\/lv\/product-lv\/pink-cloud-strukturbaze-bez-hema\/#breadcrumb"},"inLanguage":"lv-LV","potentialAction":[{"@type":"ReadAction","target":["https:\/\/luxegel.lv\/lv\/product-lv\/pink-cloud-strukturbaze-bez-hema\/"]}]},{"@type":"ImageObject","inLanguage":"lv-LV","@id":"https:\/\/luxegel.lv\/lv\/product-lv\/pink-cloud-strukturbaze-bez-hema\/#primaryimage","url":"https:\/\/luxegel.lv\/wp-content\/uploads\/2025\/10\/PINK-CLOUD-hema-free-structure-base.jpg.webp","contentUrl":"https:\/\/luxegel.lv\/wp-content\/uploads\/2025\/10\/PINK-CLOUD-hema-free-structure-base.jpg.webp","width":750,"height":750},{"@type":"BreadcrumbList","@id":"https:\/\/luxegel.lv\/lv\/product-lv\/pink-cloud-strukturbaze-bez-hema\/#breadcrumb","itemListElement":[{"@type":"ListItem","position":1,"name":"Galven\u0101","item":"https:\/\/luxegel.lv\/lv\/"},{"@type":"ListItem","position":2,"name":"Veikals","item":"https:\/\/luxegel.lv\/lv\/veikals\/"},{"@type":"ListItem","position":3,"name":"PINK CLOUD &#8211; STRUKT\u016aRB\u0100ZE BEZ HEMA"}]},{"@type":"WebSite","@id":"https:\/\/luxegel.lv\/lv\/#website","url":"https:\/\/luxegel.lv\/lv\/","name":"LUXE GEL PROFESSIONAL\u2122","description":"is a leading nail brand on the European market. Luxe Gel currently stock over 500 products including over 350 shades of gel polish, a complete builder gel system and our famous structure base.","potentialAction":[{"@type":"SearchAction","target":{"@type":"EntryPoint","urlTemplate":"https:\/\/luxegel.lv\/lv\/?s={search_term_string}"},"query-input":{"@type":"PropertyValueSpecification","valueRequired":true,"valueName":"search_term_string"}}],"inLanguage":"lv-LV"}]}},"_links":{"self":[{"href":"https:\/\/luxegel.lv\/lv\/wp-json\/wp\/v2\/product\/19077","targetHints":{"allow":["GET"]}}],"collection":[{"href":"https:\/\/luxegel.lv\/lv\/wp-json\/wp\/v2\/product"}],"about":[{"href":"https:\/\/luxegel.lv\/lv\/wp-json\/wp\/v2\/types\/product"}],"version-history":[{"count":3,"href":"https:\/\/luxegel.lv\/lv\/wp-json\/wp\/v2\/product\/19077\/revisions"}],"predecessor-version":[{"id":19735,"href":"https:\/\/luxegel.lv\/lv\/wp-json\/wp\/v2\/product\/19077\/revisions\/19735"}],"wp:featuredmedia":[{"embeddable":true,"href":"https:\/\/luxegel.lv\/lv\/wp-json\/wp\/v2\/media\/19092"}],"wp:attachment":[{"href":"https:\/\/luxegel.lv\/lv\/wp-json\/wp\/v2\/media?parent=19077"}],"wp:term":[{"taxonomy":"product_brand","embeddable":true,"href":"https:\/\/luxegel.lv\/lv\/wp-json\/wp\/v2\/product_brand?post=19077"},{"taxonomy":"product_cat","embeddable":true,"href":"https:\/\/luxegel.lv\/lv\/wp-json\/wp\/v2\/product_cat?post=19077"},{"taxonomy":"product_tag","embeddable":true,"href":"https:\/\/luxegel.lv\/lv\/wp-json\/wp\/v2\/product_tag?post=19077"}],"curies":[{"name":"wp","href":"https:\/\/api.w.org\/{rel}","templated":true}]}}