{"id":19047,"date":"2025-10-01T09:31:40","date_gmt":"2025-10-01T09:31:40","guid":{"rendered":"https:\/\/luxegel.lv\/?post_type=product&#038;p=19047"},"modified":"2026-04-08T07:13:26","modified_gmt":"2026-04-08T07:13:26","slug":"powder-puff-strukturbaze-bez-hema","status":"publish","type":"product","link":"https:\/\/luxegel.lv\/lv\/product-lv\/powder-puff-strukturbaze-bez-hema\/","title":{"rendered":"POWDER PUFF &#8211; STRUKT\u016aRB\u0100ZE BEZ HEMA"},"content":{"rendered":"<p><strong>NO\u0145EM\u0160ANA AR ACETONU<\/strong><\/p>\n<p><b>Pl\u0101nas viskozit\u0101tes strukt\u016brb\u0101ze bez HEMA<\/b><\/p>\n<p>Iedvesmojoties no jaun\u0101kaj\u0101m hipoaler\u0123isku nagu sist\u0113mu inov\u0101cij\u0101m, \u0161\u012b pl\u0101nas viskozit\u0101tes strukt\u016brb\u0101ze bez HEMA sast\u0101v\u0101 nodro\u0161ina izcilu sa\u0137eri, elast\u012bbu un gludu uzkl\u0101\u0161anu \u2014 ide\u0101li piem\u0113rota dab\u012bgo nagu p\u0101rkl\u0101jumiem un vieglai strukt\u016brai. Ar \u0161\u0137idru, pa\u0161izl\u012bdzino\u0161u tekst\u016bru \u2013 t\u0101 nodro\u0161ina \u0101tr\u0101ku un prec\u012bz\u0101ku uzkl\u0101\u0161anu. Ide\u0101la profesion\u0101\u013ciem, kuri v\u0113las nevainojamu rezult\u0101tu.<\/p>\n<p><b>Galven\u0101s \u012bpa\u0161\u012bbas<\/b><\/p>\n<ul>\n<li>Saudz\u012bga formula \u2013 100% bez TPO un bez HEMA, piem\u0113rota klientiem ar jut\u012bgu \u0101du<\/li>\n<li>Pl\u0101na, pa\u0161izl\u012bdzino\u0161a viskozit\u0101te \u2013 \u0101trai, kontrol\u0113tai uzkl\u0101\u0161anai ar \u012bpa\u0161i gludu rezult\u0101tu<\/li>\n<li>Elast\u012bgs sp\u0113ks \u2013 nostiprina dab\u012bgo nagu, saglab\u0101jot to vieglu<\/li>\n<li>No\u0146emama ar acetonu \u2013 nav nepiecie\u0161ama v\u012bl\u0113\u0161ana<\/li>\n<li>L\u012bdz 3+ ned\u0113\u013cu notur\u012bba<\/li>\n<li>15 ml<\/li>\n<\/ul>\n<p><b>Uzkl\u0101\u0161anas piez\u012bmes<\/b><\/p>\n<p>Ide\u0101li piem\u0113rota:<br \/>\n\u2022 Dab\u012bgo nagu p\u0101rkl\u0101\u0161anai<br \/>\n\u2022 Strukt\u016bras pie\u0161\u0137ir\u0161anai un stiprin\u0101\u0161anai<br \/>\n\u2022 Vieglam, elast\u012bgam nostiprin\u0101jumam<\/p>\n<p><b>Sa\u0137eres pras\u012bbas<\/b><\/p>\n<p><strong>Piln\u012bgi hipoaler\u0123iskai, HEMA nesaturo\u0161ai uzkl\u0101\u0161anai:<\/strong><br \/>\nUzkl\u0101jiet HEMA-Free Clear Base Coat (caursp\u012bd\u012bga b\u0101ze bez HEMA) k\u0101 pamatk\u0101rtu<\/p>\n<p><strong>Taukainiem nagiem vai nagiem ar noslieci uz atsl\u0101\u0146o\u0161anos:<\/strong><br \/>\n\u2714 Izmantojiet Acid-Free Primer \u2013 bezsk\u0101bes praimeri (no\u017e\u016bst gais\u0101)<br \/>\n\u2714 P\u0113c tam HEMA-Free Bonder \u2013 bonderi bez HEMA sast\u0101v\u0101 (polimeriz\u0113t LED lamp\u0101)<br \/>\n\u0160\u0101d\u0101 gad\u012bjum\u0101 caursp\u012bd\u012bga b\u0101ze pirms \u0161\u012bs ton\u0113t\u0101s strukt\u016brb\u0101zes uzkl\u0101\u0161anas nav nepiecie\u0161ama.<\/p>\n<p><b>Ja \u201cBez HEMA\u201d \u012bpa\u0161\u012bbas nav priorit\u0101te:<\/b><br \/>\nVar izmantot caursp\u012bd\u012bgu strukt\u016brb\u0101zi ar zemu HEMA saturu k\u0101 saistvielu pirms \u0161\u012b produkta uzkl\u0101\u0161anas.<\/p>\n<p><b>Sast\u0101vs<\/b><br \/>\n\u2022 Epoxy Acrylate Oligomer<br \/>\n\u2022 Urethane Acrylate Oligomer<br \/>\n\u2022 Hydroxycyclohexyl Phenyl Ketone<br \/>\n\u2022 Ethyl Trimethylbenzoyl Phenylphosphinate<br \/>\n\u2022 Pigments<\/p>\n","protected":false},"excerpt":{"rendered":"<p>NO\u0145EM\u0160ANA AR ACETONU Pl\u0101nas viskozit\u0101tes strukt\u016brb\u0101ze bez HEMA Iedvesmojoties no jaun\u0101kaj\u0101m hipoaler\u0123isku nagu sist\u0113mu inov\u0101cij\u0101m, \u0161\u012b pl\u0101nas viskozit\u0101tes strukt\u016brb\u0101ze bez<\/p>\n","protected":false},"featured_media":19011,"template":"","meta":{"_acf_changed":false},"product_brand":[],"product_cat":[154,539,545,542],"product_tag":[222,221],"class_list":{"0":"post-19047","1":"product","2":"type-product","3":"status-publish","4":"has-post-thumbnail","6":"product_cat-luxe-gel-professional-lv","7":"product_cat-jaunumi","8":"product_cat-plana-viskozitate-nonemsana-ar-acetonu","9":"product_cat-strukturbaze-bez-hema","10":"product_tag-produkti","11":"product_tag-visi-produkti","13":"first","14":"instock","15":"sale","16":"shipping-taxable","17":"purchasable","18":"product-type-simple"},"acf":[],"yoast_head":"<!-- This site is optimized with the Yoast SEO plugin v23.8 - https:\/\/yoast.com\/wordpress\/plugins\/seo\/ -->\n<title>POWDER PUFF - STRUKT\u016aRB\u0100ZE BEZ HEMA - LUXE GEL PROFESSIONAL\u2122<\/title>\n<meta name=\"robots\" content=\"index, follow, max-snippet:-1, max-image-preview:large, max-video-preview:-1\" \/>\n<link rel=\"canonical\" href=\"https:\/\/luxegel.lv\/lv\/product-lv\/powder-puff-strukturbaze-bez-hema\/\" \/>\n<meta property=\"og:locale\" content=\"lv_LV\" \/>\n<meta property=\"og:type\" content=\"article\" \/>\n<meta property=\"og:title\" content=\"POWDER PUFF - STRUKT\u016aRB\u0100ZE BEZ HEMA - LUXE GEL PROFESSIONAL\u2122\" \/>\n<meta property=\"og:description\" content=\"NO\u0145EM\u0160ANA AR ACETONU Pl\u0101nas viskozit\u0101tes strukt\u016brb\u0101ze bez HEMA Iedvesmojoties no jaun\u0101kaj\u0101m hipoaler\u0123isku nagu sist\u0113mu inov\u0101cij\u0101m, \u0161\u012b pl\u0101nas viskozit\u0101tes strukt\u016brb\u0101ze bez\" \/>\n<meta property=\"og:url\" content=\"https:\/\/luxegel.lv\/lv\/product-lv\/powder-puff-strukturbaze-bez-hema\/\" \/>\n<meta property=\"og:site_name\" content=\"LUXE GEL PROFESSIONAL\u2122\" \/>\n<meta property=\"article:modified_time\" content=\"2026-04-08T07:13:26+00:00\" \/>\n<meta property=\"og:image\" content=\"https:\/\/luxegel.lv\/wp-content\/uploads\/2025\/10\/POWDER_PUFF_hema-free-structure-base.png.webp\" \/>\n\t<meta property=\"og:image:width\" content=\"750\" \/>\n\t<meta property=\"og:image:height\" content=\"750\" \/>\n\t<meta property=\"og:image:type\" content=\"image\/webp\" \/>\n<meta name=\"twitter:card\" content=\"summary_large_image\" \/>\n<meta name=\"twitter:label1\" content=\"Est. reading time\" \/>\n\t<meta name=\"twitter:data1\" content=\"2 minutes\" \/>\n<script type=\"application\/ld+json\" class=\"yoast-schema-graph\">{\"@context\":\"https:\/\/schema.org\",\"@graph\":[{\"@type\":\"WebPage\",\"@id\":\"https:\/\/luxegel.lv\/lv\/product-lv\/powder-puff-strukturbaze-bez-hema\/\",\"url\":\"https:\/\/luxegel.lv\/lv\/product-lv\/powder-puff-strukturbaze-bez-hema\/\",\"name\":\"POWDER PUFF - STRUKT\u016aRB\u0100ZE BEZ HEMA - LUXE GEL PROFESSIONAL\u2122\",\"isPartOf\":{\"@id\":\"https:\/\/luxegel.lv\/lv\/#website\"},\"primaryImageOfPage\":{\"@id\":\"https:\/\/luxegel.lv\/lv\/product-lv\/powder-puff-strukturbaze-bez-hema\/#primaryimage\"},\"image\":{\"@id\":\"https:\/\/luxegel.lv\/lv\/product-lv\/powder-puff-strukturbaze-bez-hema\/#primaryimage\"},\"thumbnailUrl\":\"https:\/\/luxegel.lv\/wp-content\/uploads\/2025\/10\/POWDER_PUFF_hema-free-structure-base.png.webp\",\"datePublished\":\"2025-10-01T09:31:40+00:00\",\"dateModified\":\"2026-04-08T07:13:26+00:00\",\"breadcrumb\":{\"@id\":\"https:\/\/luxegel.lv\/lv\/product-lv\/powder-puff-strukturbaze-bez-hema\/#breadcrumb\"},\"inLanguage\":\"lv-LV\",\"potentialAction\":[{\"@type\":\"ReadAction\",\"target\":[\"https:\/\/luxegel.lv\/lv\/product-lv\/powder-puff-strukturbaze-bez-hema\/\"]}]},{\"@type\":\"ImageObject\",\"inLanguage\":\"lv-LV\",\"@id\":\"https:\/\/luxegel.lv\/lv\/product-lv\/powder-puff-strukturbaze-bez-hema\/#primaryimage\",\"url\":\"https:\/\/luxegel.lv\/wp-content\/uploads\/2025\/10\/POWDER_PUFF_hema-free-structure-base.png.webp\",\"contentUrl\":\"https:\/\/luxegel.lv\/wp-content\/uploads\/2025\/10\/POWDER_PUFF_hema-free-structure-base.png.webp\",\"width\":750,\"height\":750},{\"@type\":\"BreadcrumbList\",\"@id\":\"https:\/\/luxegel.lv\/lv\/product-lv\/powder-puff-strukturbaze-bez-hema\/#breadcrumb\",\"itemListElement\":[{\"@type\":\"ListItem\",\"position\":1,\"name\":\"Galven\u0101\",\"item\":\"https:\/\/luxegel.lv\/lv\/\"},{\"@type\":\"ListItem\",\"position\":2,\"name\":\"Veikals\",\"item\":\"https:\/\/luxegel.lv\/lv\/veikals\/\"},{\"@type\":\"ListItem\",\"position\":3,\"name\":\"POWDER PUFF &#8211; STRUKT\u016aRB\u0100ZE BEZ HEMA\"}]},{\"@type\":\"WebSite\",\"@id\":\"https:\/\/luxegel.lv\/lv\/#website\",\"url\":\"https:\/\/luxegel.lv\/lv\/\",\"name\":\"LUXE GEL PROFESSIONAL\u2122\",\"description\":\"is a leading nail brand on the European market. Luxe Gel currently stock over 500 products including over 350 shades of gel polish, a complete builder gel system and our famous structure base.\",\"potentialAction\":[{\"@type\":\"SearchAction\",\"target\":{\"@type\":\"EntryPoint\",\"urlTemplate\":\"https:\/\/luxegel.lv\/lv\/?s={search_term_string}\"},\"query-input\":{\"@type\":\"PropertyValueSpecification\",\"valueRequired\":true,\"valueName\":\"search_term_string\"}}],\"inLanguage\":\"lv-LV\"}]}<\/script>\n<!-- \/ Yoast SEO plugin. -->","yoast_head_json":{"title":"POWDER PUFF - STRUKT\u016aRB\u0100ZE BEZ HEMA - LUXE GEL PROFESSIONAL\u2122","robots":{"index":"index","follow":"follow","max-snippet":"max-snippet:-1","max-image-preview":"max-image-preview:large","max-video-preview":"max-video-preview:-1"},"canonical":"https:\/\/luxegel.lv\/lv\/product-lv\/powder-puff-strukturbaze-bez-hema\/","og_locale":"lv_LV","og_type":"article","og_title":"POWDER PUFF - STRUKT\u016aRB\u0100ZE BEZ HEMA - LUXE GEL PROFESSIONAL\u2122","og_description":"NO\u0145EM\u0160ANA AR ACETONU Pl\u0101nas viskozit\u0101tes strukt\u016brb\u0101ze bez HEMA Iedvesmojoties no jaun\u0101kaj\u0101m hipoaler\u0123isku nagu sist\u0113mu inov\u0101cij\u0101m, \u0161\u012b pl\u0101nas viskozit\u0101tes strukt\u016brb\u0101ze bez","og_url":"https:\/\/luxegel.lv\/lv\/product-lv\/powder-puff-strukturbaze-bez-hema\/","og_site_name":"LUXE GEL PROFESSIONAL\u2122","article_modified_time":"2026-04-08T07:13:26+00:00","og_image":[{"width":750,"height":750,"url":"https:\/\/luxegel.lv\/wp-content\/uploads\/2025\/10\/POWDER_PUFF_hema-free-structure-base.png.webp","type":"image\/webp"}],"twitter_card":"summary_large_image","twitter_misc":{"Est. reading time":"2 minutes"},"schema":{"@context":"https:\/\/schema.org","@graph":[{"@type":"WebPage","@id":"https:\/\/luxegel.lv\/lv\/product-lv\/powder-puff-strukturbaze-bez-hema\/","url":"https:\/\/luxegel.lv\/lv\/product-lv\/powder-puff-strukturbaze-bez-hema\/","name":"POWDER PUFF - STRUKT\u016aRB\u0100ZE BEZ HEMA - LUXE GEL PROFESSIONAL\u2122","isPartOf":{"@id":"https:\/\/luxegel.lv\/lv\/#website"},"primaryImageOfPage":{"@id":"https:\/\/luxegel.lv\/lv\/product-lv\/powder-puff-strukturbaze-bez-hema\/#primaryimage"},"image":{"@id":"https:\/\/luxegel.lv\/lv\/product-lv\/powder-puff-strukturbaze-bez-hema\/#primaryimage"},"thumbnailUrl":"https:\/\/luxegel.lv\/wp-content\/uploads\/2025\/10\/POWDER_PUFF_hema-free-structure-base.png.webp","datePublished":"2025-10-01T09:31:40+00:00","dateModified":"2026-04-08T07:13:26+00:00","breadcrumb":{"@id":"https:\/\/luxegel.lv\/lv\/product-lv\/powder-puff-strukturbaze-bez-hema\/#breadcrumb"},"inLanguage":"lv-LV","potentialAction":[{"@type":"ReadAction","target":["https:\/\/luxegel.lv\/lv\/product-lv\/powder-puff-strukturbaze-bez-hema\/"]}]},{"@type":"ImageObject","inLanguage":"lv-LV","@id":"https:\/\/luxegel.lv\/lv\/product-lv\/powder-puff-strukturbaze-bez-hema\/#primaryimage","url":"https:\/\/luxegel.lv\/wp-content\/uploads\/2025\/10\/POWDER_PUFF_hema-free-structure-base.png.webp","contentUrl":"https:\/\/luxegel.lv\/wp-content\/uploads\/2025\/10\/POWDER_PUFF_hema-free-structure-base.png.webp","width":750,"height":750},{"@type":"BreadcrumbList","@id":"https:\/\/luxegel.lv\/lv\/product-lv\/powder-puff-strukturbaze-bez-hema\/#breadcrumb","itemListElement":[{"@type":"ListItem","position":1,"name":"Galven\u0101","item":"https:\/\/luxegel.lv\/lv\/"},{"@type":"ListItem","position":2,"name":"Veikals","item":"https:\/\/luxegel.lv\/lv\/veikals\/"},{"@type":"ListItem","position":3,"name":"POWDER PUFF &#8211; STRUKT\u016aRB\u0100ZE BEZ HEMA"}]},{"@type":"WebSite","@id":"https:\/\/luxegel.lv\/lv\/#website","url":"https:\/\/luxegel.lv\/lv\/","name":"LUXE GEL PROFESSIONAL\u2122","description":"is a leading nail brand on the European market. Luxe Gel currently stock over 500 products including over 350 shades of gel polish, a complete builder gel system and our famous structure base.","potentialAction":[{"@type":"SearchAction","target":{"@type":"EntryPoint","urlTemplate":"https:\/\/luxegel.lv\/lv\/?s={search_term_string}"},"query-input":{"@type":"PropertyValueSpecification","valueRequired":true,"valueName":"search_term_string"}}],"inLanguage":"lv-LV"}]}},"_links":{"self":[{"href":"https:\/\/luxegel.lv\/lv\/wp-json\/wp\/v2\/product\/19047","targetHints":{"allow":["GET"]}}],"collection":[{"href":"https:\/\/luxegel.lv\/lv\/wp-json\/wp\/v2\/product"}],"about":[{"href":"https:\/\/luxegel.lv\/lv\/wp-json\/wp\/v2\/types\/product"}],"version-history":[{"count":3,"href":"https:\/\/luxegel.lv\/lv\/wp-json\/wp\/v2\/product\/19047\/revisions"}],"predecessor-version":[{"id":19738,"href":"https:\/\/luxegel.lv\/lv\/wp-json\/wp\/v2\/product\/19047\/revisions\/19738"}],"wp:featuredmedia":[{"embeddable":true,"href":"https:\/\/luxegel.lv\/lv\/wp-json\/wp\/v2\/media\/19011"}],"wp:attachment":[{"href":"https:\/\/luxegel.lv\/lv\/wp-json\/wp\/v2\/media?parent=19047"}],"wp:term":[{"taxonomy":"product_brand","embeddable":true,"href":"https:\/\/luxegel.lv\/lv\/wp-json\/wp\/v2\/product_brand?post=19047"},{"taxonomy":"product_cat","embeddable":true,"href":"https:\/\/luxegel.lv\/lv\/wp-json\/wp\/v2\/product_cat?post=19047"},{"taxonomy":"product_tag","embeddable":true,"href":"https:\/\/luxegel.lv\/lv\/wp-json\/wp\/v2\/product_tag?post=19047"}],"curies":[{"name":"wp","href":"https:\/\/api.w.org\/{rel}","templated":true}]}}