{"id":18991,"date":"2025-09-30T13:12:08","date_gmt":"2025-09-30T13:12:08","guid":{"rendered":"https:\/\/luxegel.lv\/?post_type=product&#038;p=18991"},"modified":"2026-04-27T09:11:55","modified_gmt":"2026-04-27T09:11:55","slug":"extra-shine-tops-bez-lipiga-slana","status":"publish","type":"product","link":"https:\/\/luxegel.lv\/lv\/product-lv\/extra-shine-tops-bez-lipiga-slana\/","title":{"rendered":"EXTRA SHINE TOPS BEZ LIP\u012aG\u0100 SL\u0100\u0145A"},"content":{"rendered":"<p>Pabeidziet savu nagu dizainu ar krist\u0101la sp\u012bdumu.<br \/>\n<b>Extra Shine<\/b> ir glanc\u0113ts tops bez lip\u012bg\u0101 sl\u0101\u0146a, kas nosl\u0113dz un aizsarg\u0101 manik\u012bru ar izcilu un ilgnotur\u012bgu sp\u012bdumu. T\u0101 iztur\u012bg\u0101, pret skr\u0101p\u0113jumiem notur\u012bg\u0101 formula saglab\u0101 kr\u0101su intensit\u0101ti un sp\u012bdumu, nov\u0113r\u0161 \u0161\u0137el\u0161anos vai dzelt\u0113\u0161anu.<\/p>\n<p>Perfekts lieto\u0161anai ar <b>ULTRA Structure Base<\/b> un jebkuru g\u0113la lakas kr\u0101su, nodro\u0161inot:<\/p>\n<ul>\n<li>Intens\u012bvu, izcilu mirdzumu<\/li>\n<li>Iztur\u012bbu pret skr\u0101p\u0113jumiem un \u0161\u0137el\u0161anos<\/li>\n<li>Gludu, aizsarg\u0101jo\u0161u p\u0101rkl\u0101jumu vien\u0101 k\u0101rt\u0101<\/li>\n<\/ul>\n<p><b>Polimeriz\u0101cija:<\/b> 60s LED \/ 99s (low heat re\u017e\u012bms) nevainojamam rezult\u0101tam bez lip\u012bg\u0101 sl\u0101\u0146a.<\/p>\n<p>15ml<\/p>\n<p><b>Sast\u0101vs:<\/b><\/p>\n<ul>\n<li>Acrylates Copolymer<\/li>\n<li>Hydroxypropyl Methacrylate<\/li>\n<li>Hydroxycyclohexyl Phenyl Ketone<\/li>\n<li>2-Hydroxyethyl Methacrylate<\/li>\n<li>D&amp;C Violet #2<\/li>\n<\/ul>\n","protected":false},"excerpt":{"rendered":"<p>Pabeidziet savu nagu dizainu ar krist\u0101la sp\u012bdumu. Extra Shine ir glanc\u0113ts tops bez lip\u012bg\u0101 sl\u0101\u0146a, kas nosl\u0113dz un aizsarg\u0101 manik\u012bru<\/p>\n","protected":false},"featured_media":18644,"template":"","meta":{"_acf_changed":false,"om_disable_all_campaigns":false},"product_brand":[],"product_cat":[539,154,181],"product_tag":[222,221],"class_list":{"0":"post-18991","1":"product","2":"type-product","3":"status-publish","4":"has-post-thumbnail","6":"product_cat-jaunumi","7":"product_cat-luxe-gel-professional-lv","8":"product_cat-topi","9":"product_tag-produkti","10":"product_tag-visi-produkti","12":"first","13":"instock","14":"sale","15":"shipping-taxable","16":"purchasable","17":"product-type-simple"},"acf":[],"yoast_head":"<!-- This site is optimized with the Yoast SEO plugin v23.8 - https:\/\/yoast.com\/wordpress\/plugins\/seo\/ -->\n<title>EXTRA SHINE TOPS BEZ LIP\u012aG\u0100 SL\u0100\u0145A - LUXE GEL PROFESSIONAL\u2122<\/title>\n<meta name=\"robots\" content=\"index, follow, max-snippet:-1, max-image-preview:large, max-video-preview:-1\" \/>\n<link rel=\"canonical\" href=\"https:\/\/luxegel.lv\/lv\/product-lv\/extra-shine-tops-bez-lipiga-slana\/\" \/>\n<meta property=\"og:locale\" content=\"lv_LV\" \/>\n<meta property=\"og:type\" content=\"article\" \/>\n<meta property=\"og:title\" content=\"EXTRA SHINE TOPS BEZ LIP\u012aG\u0100 SL\u0100\u0145A - LUXE GEL PROFESSIONAL\u2122\" \/>\n<meta property=\"og:description\" content=\"Pabeidziet savu nagu dizainu ar krist\u0101la sp\u012bdumu. Extra Shine ir glanc\u0113ts tops bez lip\u012bg\u0101 sl\u0101\u0146a, kas nosl\u0113dz un aizsarg\u0101 manik\u012bru\" \/>\n<meta property=\"og:url\" content=\"https:\/\/luxegel.lv\/lv\/product-lv\/extra-shine-tops-bez-lipiga-slana\/\" \/>\n<meta property=\"og:site_name\" content=\"LUXE GEL PROFESSIONAL\u2122\" \/>\n<meta property=\"article:modified_time\" content=\"2026-04-27T09:11:55+00:00\" \/>\n<meta property=\"og:image\" content=\"https:\/\/luxegel.lv\/wp-content\/uploads\/2025\/09\/luxe-gel-white-bottle.webp.jpeg\" \/>\n\t<meta property=\"og:image:width\" content=\"750\" \/>\n\t<meta property=\"og:image:height\" content=\"844\" \/>\n\t<meta property=\"og:image:type\" content=\"image\/jpeg\" \/>\n<meta name=\"twitter:card\" content=\"summary_large_image\" \/>\n<meta name=\"twitter:label1\" content=\"Est. reading time\" \/>\n\t<meta name=\"twitter:data1\" content=\"1 minute\" \/>\n<script type=\"application\/ld+json\" class=\"yoast-schema-graph\">{\"@context\":\"https:\/\/schema.org\",\"@graph\":[{\"@type\":\"WebPage\",\"@id\":\"https:\/\/luxegel.lv\/lv\/product-lv\/extra-shine-tops-bez-lipiga-slana\/\",\"url\":\"https:\/\/luxegel.lv\/lv\/product-lv\/extra-shine-tops-bez-lipiga-slana\/\",\"name\":\"EXTRA SHINE TOPS BEZ LIP\u012aG\u0100 SL\u0100\u0145A - LUXE GEL PROFESSIONAL\u2122\",\"isPartOf\":{\"@id\":\"https:\/\/luxegel.lv\/lv\/#website\"},\"primaryImageOfPage\":{\"@id\":\"https:\/\/luxegel.lv\/lv\/product-lv\/extra-shine-tops-bez-lipiga-slana\/#primaryimage\"},\"image\":{\"@id\":\"https:\/\/luxegel.lv\/lv\/product-lv\/extra-shine-tops-bez-lipiga-slana\/#primaryimage\"},\"thumbnailUrl\":\"https:\/\/luxegel.lv\/wp-content\/uploads\/2025\/09\/luxe-gel-white-bottle.webp.jpeg\",\"datePublished\":\"2025-09-30T13:12:08+00:00\",\"dateModified\":\"2026-04-27T09:11:55+00:00\",\"breadcrumb\":{\"@id\":\"https:\/\/luxegel.lv\/lv\/product-lv\/extra-shine-tops-bez-lipiga-slana\/#breadcrumb\"},\"inLanguage\":\"lv-LV\",\"potentialAction\":[{\"@type\":\"ReadAction\",\"target\":[\"https:\/\/luxegel.lv\/lv\/product-lv\/extra-shine-tops-bez-lipiga-slana\/\"]}]},{\"@type\":\"ImageObject\",\"inLanguage\":\"lv-LV\",\"@id\":\"https:\/\/luxegel.lv\/lv\/product-lv\/extra-shine-tops-bez-lipiga-slana\/#primaryimage\",\"url\":\"https:\/\/luxegel.lv\/wp-content\/uploads\/2025\/09\/luxe-gel-white-bottle.webp.jpeg\",\"contentUrl\":\"https:\/\/luxegel.lv\/wp-content\/uploads\/2025\/09\/luxe-gel-white-bottle.webp.jpeg\",\"width\":750,\"height\":844},{\"@type\":\"BreadcrumbList\",\"@id\":\"https:\/\/luxegel.lv\/lv\/product-lv\/extra-shine-tops-bez-lipiga-slana\/#breadcrumb\",\"itemListElement\":[{\"@type\":\"ListItem\",\"position\":1,\"name\":\"Galven\u0101\",\"item\":\"https:\/\/luxegel.lv\/lv\/\"},{\"@type\":\"ListItem\",\"position\":2,\"name\":\"Veikals\",\"item\":\"https:\/\/luxegel.lv\/lv\/veikals\/\"},{\"@type\":\"ListItem\",\"position\":3,\"name\":\"EXTRA SHINE TOPS BEZ LIP\u012aG\u0100 SL\u0100\u0145A\"}]},{\"@type\":\"WebSite\",\"@id\":\"https:\/\/luxegel.lv\/lv\/#website\",\"url\":\"https:\/\/luxegel.lv\/lv\/\",\"name\":\"LUXE GEL PROFESSIONAL\u2122\",\"description\":\"is a leading nail brand on the European market. Luxe Gel currently stock over 500 products including over 350 shades of gel polish, a complete builder gel system and our famous structure base.\",\"potentialAction\":[{\"@type\":\"SearchAction\",\"target\":{\"@type\":\"EntryPoint\",\"urlTemplate\":\"https:\/\/luxegel.lv\/lv\/?s={search_term_string}\"},\"query-input\":{\"@type\":\"PropertyValueSpecification\",\"valueRequired\":true,\"valueName\":\"search_term_string\"}}],\"inLanguage\":\"lv-LV\"}]}<\/script>\n<!-- \/ Yoast SEO plugin. -->","yoast_head_json":{"title":"EXTRA SHINE TOPS BEZ LIP\u012aG\u0100 SL\u0100\u0145A - LUXE GEL PROFESSIONAL\u2122","robots":{"index":"index","follow":"follow","max-snippet":"max-snippet:-1","max-image-preview":"max-image-preview:large","max-video-preview":"max-video-preview:-1"},"canonical":"https:\/\/luxegel.lv\/lv\/product-lv\/extra-shine-tops-bez-lipiga-slana\/","og_locale":"lv_LV","og_type":"article","og_title":"EXTRA SHINE TOPS BEZ LIP\u012aG\u0100 SL\u0100\u0145A - LUXE GEL PROFESSIONAL\u2122","og_description":"Pabeidziet savu nagu dizainu ar krist\u0101la sp\u012bdumu. Extra Shine ir glanc\u0113ts tops bez lip\u012bg\u0101 sl\u0101\u0146a, kas nosl\u0113dz un aizsarg\u0101 manik\u012bru","og_url":"https:\/\/luxegel.lv\/lv\/product-lv\/extra-shine-tops-bez-lipiga-slana\/","og_site_name":"LUXE GEL PROFESSIONAL\u2122","article_modified_time":"2026-04-27T09:11:55+00:00","og_image":[{"width":750,"height":844,"url":"https:\/\/luxegel.lv\/wp-content\/uploads\/2025\/09\/luxe-gel-white-bottle.webp.jpeg","type":"image\/jpeg"}],"twitter_card":"summary_large_image","twitter_misc":{"Est. reading time":"1 minute"},"schema":{"@context":"https:\/\/schema.org","@graph":[{"@type":"WebPage","@id":"https:\/\/luxegel.lv\/lv\/product-lv\/extra-shine-tops-bez-lipiga-slana\/","url":"https:\/\/luxegel.lv\/lv\/product-lv\/extra-shine-tops-bez-lipiga-slana\/","name":"EXTRA SHINE TOPS BEZ LIP\u012aG\u0100 SL\u0100\u0145A - LUXE GEL PROFESSIONAL\u2122","isPartOf":{"@id":"https:\/\/luxegel.lv\/lv\/#website"},"primaryImageOfPage":{"@id":"https:\/\/luxegel.lv\/lv\/product-lv\/extra-shine-tops-bez-lipiga-slana\/#primaryimage"},"image":{"@id":"https:\/\/luxegel.lv\/lv\/product-lv\/extra-shine-tops-bez-lipiga-slana\/#primaryimage"},"thumbnailUrl":"https:\/\/luxegel.lv\/wp-content\/uploads\/2025\/09\/luxe-gel-white-bottle.webp.jpeg","datePublished":"2025-09-30T13:12:08+00:00","dateModified":"2026-04-27T09:11:55+00:00","breadcrumb":{"@id":"https:\/\/luxegel.lv\/lv\/product-lv\/extra-shine-tops-bez-lipiga-slana\/#breadcrumb"},"inLanguage":"lv-LV","potentialAction":[{"@type":"ReadAction","target":["https:\/\/luxegel.lv\/lv\/product-lv\/extra-shine-tops-bez-lipiga-slana\/"]}]},{"@type":"ImageObject","inLanguage":"lv-LV","@id":"https:\/\/luxegel.lv\/lv\/product-lv\/extra-shine-tops-bez-lipiga-slana\/#primaryimage","url":"https:\/\/luxegel.lv\/wp-content\/uploads\/2025\/09\/luxe-gel-white-bottle.webp.jpeg","contentUrl":"https:\/\/luxegel.lv\/wp-content\/uploads\/2025\/09\/luxe-gel-white-bottle.webp.jpeg","width":750,"height":844},{"@type":"BreadcrumbList","@id":"https:\/\/luxegel.lv\/lv\/product-lv\/extra-shine-tops-bez-lipiga-slana\/#breadcrumb","itemListElement":[{"@type":"ListItem","position":1,"name":"Galven\u0101","item":"https:\/\/luxegel.lv\/lv\/"},{"@type":"ListItem","position":2,"name":"Veikals","item":"https:\/\/luxegel.lv\/lv\/veikals\/"},{"@type":"ListItem","position":3,"name":"EXTRA SHINE TOPS BEZ LIP\u012aG\u0100 SL\u0100\u0145A"}]},{"@type":"WebSite","@id":"https:\/\/luxegel.lv\/lv\/#website","url":"https:\/\/luxegel.lv\/lv\/","name":"LUXE GEL PROFESSIONAL\u2122","description":"is a leading nail brand on the European market. Luxe Gel currently stock over 500 products including over 350 shades of gel polish, a complete builder gel system and our famous structure base.","potentialAction":[{"@type":"SearchAction","target":{"@type":"EntryPoint","urlTemplate":"https:\/\/luxegel.lv\/lv\/?s={search_term_string}"},"query-input":{"@type":"PropertyValueSpecification","valueRequired":true,"valueName":"search_term_string"}}],"inLanguage":"lv-LV"}]}},"_links":{"self":[{"href":"https:\/\/luxegel.lv\/lv\/wp-json\/wp\/v2\/product\/18991","targetHints":{"allow":["GET"]}}],"collection":[{"href":"https:\/\/luxegel.lv\/lv\/wp-json\/wp\/v2\/product"}],"about":[{"href":"https:\/\/luxegel.lv\/lv\/wp-json\/wp\/v2\/types\/product"}],"version-history":[{"count":1,"href":"https:\/\/luxegel.lv\/lv\/wp-json\/wp\/v2\/product\/18991\/revisions"}],"predecessor-version":[{"id":18994,"href":"https:\/\/luxegel.lv\/lv\/wp-json\/wp\/v2\/product\/18991\/revisions\/18994"}],"wp:featuredmedia":[{"embeddable":true,"href":"https:\/\/luxegel.lv\/lv\/wp-json\/wp\/v2\/media\/18644"}],"wp:attachment":[{"href":"https:\/\/luxegel.lv\/lv\/wp-json\/wp\/v2\/media?parent=18991"}],"wp:term":[{"taxonomy":"product_brand","embeddable":true,"href":"https:\/\/luxegel.lv\/lv\/wp-json\/wp\/v2\/product_brand?post=18991"},{"taxonomy":"product_cat","embeddable":true,"href":"https:\/\/luxegel.lv\/lv\/wp-json\/wp\/v2\/product_cat?post=18991"},{"taxonomy":"product_tag","embeddable":true,"href":"https:\/\/luxegel.lv\/lv\/wp-json\/wp\/v2\/product_tag?post=18991"}],"curies":[{"name":"wp","href":"https:\/\/api.w.org\/{rel}","templated":true}]}}