{"id":18979,"date":"2025-09-30T13:01:10","date_gmt":"2025-09-30T13:01:10","guid":{"rendered":"https:\/\/luxegel.lv\/?post_type=product&#038;p=18979"},"modified":"2026-04-29T09:33:03","modified_gmt":"2026-04-29T09:33:03","slug":"primer-acid-formula-skabes-praimeris","status":"publish","type":"product","link":"https:\/\/luxegel.lv\/lv\/product-lv\/primer-acid-formula-skabes-praimeris\/","title":{"rendered":"PRIMER \u2013 ACID FORMULA \u2013 SK\u0100BES PRAIMERIS"},"content":{"rendered":"<p><strong>Sk\u0101bes praimeris<\/strong> \u2013 b\u016btisks pirmais solis ilgnotur\u012bgai sa\u0137erei.<\/p>\n<p>\u0160is <b>Praimeris ar zemu sk\u0101bes saturu<\/b> maigi sagatavo naga virsmu, pal\u012bdzot g\u0113la produktiem veidot stingru sa\u0137eri ar naga virsmu. Zems sk\u0101bes l\u012bmenis, gais\u0101 \u017e\u016bsto\u0161a formula, kas samazina kairin\u0101juma risku, vienlaikus uzlabojot rezult\u0101tu problem\u0101tiskiem nagiem.<\/p>\n<p><strong>Ide\u0101li piem\u0113rots taukainiem nagiem vai klientiem ar v\u0101ju produkta notur\u012bbu.<\/strong><\/p>\n<p><b>Ieteicam\u0101 sagatavo\u0161anas sist\u0113ma:<\/b><\/p>\n<ul>\n<li><b>Low Acid Primer<\/b> (praimeris ar zemu sk\u0101bes saturu) \u2013 sagatavo nagu optim\u0101lai sa\u0137erei (no\u017e\u016bst gais\u0101)<\/li>\n<li><b>Low Acid Bonder<\/b> (bonderis ar zemu sk\u0101bes saturu) \u2013 stiprina sa\u0137eri tur, kur tas nepiecie\u0161ams (no\u017e\u016bst gais\u0101)<\/li>\n<li><b>Clear Base (caursp\u012bd\u012bga b\u0101ze)<\/b> \u2013 gluda, pa\u0161izl\u012bdzino\u0161a b\u0101ze (LED 60\/99s)<\/li>\n<\/ul>\n<p>15 ml pudel\u012bte = ~115 uzkl\u0101\u0161anas reizes.<\/p>\n<p><b>Svar\u012bga lieto\u0161anas piez\u012bme:<\/b><br \/>\nNelietojiet praimeri vai bonderi uz visiem nagiem. Tie ir sk\u0101bes b\u0101zes produkti, paredz\u0113ti tie\u0161i taukainiem nagiem vai nagiem, uz kuriem slikti turas g\u0113la produkti. Lieto\u0161ana uz sausiem vai norm\u0101liem nagiem var izrais\u012bt p\u0101rm\u0113r\u012bgu sausumu, v\u0101jin\u0101t sa\u0137eri un izrais\u012bt g\u0113la produktu atsl\u0101\u0146o\u0161anos. Vienm\u0113r izv\u0113rt\u0113jiet katru nagu individu\u0101li un lietojiet tikai tad, ja tas patie\u0161\u0101m nepiecie\u0161ams.<\/p>\n<p>Pareizi lietojot, \u0161is solis nodro\u0161ina dro\u0161u sa\u0137eri, \u0113rtu uzkl\u0101\u0161anu un l\u012bdz pat 4+ ned\u0113\u013c\u0101m nevainojamu notur\u012bbu.<\/p>\n","protected":false},"excerpt":{"rendered":"<p>Sk\u0101bes praimeris \u2013 b\u016btisks pirmais solis ilgnotur\u012bgai sa\u0137erei. \u0160is Praimeris ar zemu sk\u0101bes saturu maigi sagatavo naga virsmu, pal\u012bdzot g\u0113la<\/p>\n","protected":false},"featured_media":18644,"template":"","meta":{"_acf_changed":false,"om_disable_all_campaigns":false},"product_brand":[],"product_cat":[276,539,154,295,166],"product_tag":[222,221],"class_list":{"0":"post-18979","1":"product","2":"type-product","3":"status-publish","4":"has-post-thumbnail","6":"product_cat-drugie-tovary","7":"product_cat-jaunumi","8":"product_cat-luxe-gel-professional-lv","9":"product_cat-skidrumi","10":"product_cat-strukturbaze-ar-zemu-hema-saturu","11":"product_tag-produkti","12":"product_tag-visi-produkti","14":"first","15":"instock","16":"sale","17":"shipping-taxable","18":"purchasable","19":"product-type-simple"},"acf":[],"yoast_head":"<!-- This site is optimized with the Yoast SEO plugin v23.8 - https:\/\/yoast.com\/wordpress\/plugins\/seo\/ -->\n<title>PRIMER \u2013 ACID FORMULA \u2013 SK\u0100BES PRAIMERIS - LUXE GEL PROFESSIONAL\u2122<\/title>\n<meta name=\"robots\" content=\"index, follow, max-snippet:-1, max-image-preview:large, max-video-preview:-1\" \/>\n<link rel=\"canonical\" href=\"https:\/\/luxegel.lv\/lv\/product-lv\/primer-acid-formula-skabes-praimeris\/\" \/>\n<meta property=\"og:locale\" content=\"lv_LV\" \/>\n<meta property=\"og:type\" content=\"article\" \/>\n<meta property=\"og:title\" content=\"PRIMER \u2013 ACID FORMULA \u2013 SK\u0100BES PRAIMERIS - LUXE GEL PROFESSIONAL\u2122\" \/>\n<meta property=\"og:description\" content=\"Sk\u0101bes praimeris \u2013 b\u016btisks pirmais solis ilgnotur\u012bgai sa\u0137erei. \u0160is Praimeris ar zemu sk\u0101bes saturu maigi sagatavo naga virsmu, pal\u012bdzot g\u0113la\" \/>\n<meta property=\"og:url\" content=\"https:\/\/luxegel.lv\/lv\/product-lv\/primer-acid-formula-skabes-praimeris\/\" \/>\n<meta property=\"og:site_name\" content=\"LUXE GEL PROFESSIONAL\u2122\" \/>\n<meta property=\"article:modified_time\" content=\"2026-04-29T09:33:03+00:00\" \/>\n<meta property=\"og:image\" content=\"https:\/\/luxegel.lv\/wp-content\/uploads\/2025\/09\/luxe-gel-white-bottle.webp.jpeg\" \/>\n\t<meta property=\"og:image:width\" content=\"750\" \/>\n\t<meta property=\"og:image:height\" content=\"844\" \/>\n\t<meta property=\"og:image:type\" content=\"image\/jpeg\" \/>\n<meta name=\"twitter:card\" content=\"summary_large_image\" \/>\n<meta name=\"twitter:label1\" content=\"Est. reading time\" \/>\n\t<meta name=\"twitter:data1\" content=\"2 minutes\" \/>\n<script type=\"application\/ld+json\" class=\"yoast-schema-graph\">{\"@context\":\"https:\/\/schema.org\",\"@graph\":[{\"@type\":\"WebPage\",\"@id\":\"https:\/\/luxegel.lv\/lv\/product-lv\/primer-acid-formula-skabes-praimeris\/\",\"url\":\"https:\/\/luxegel.lv\/lv\/product-lv\/primer-acid-formula-skabes-praimeris\/\",\"name\":\"PRIMER \u2013 ACID FORMULA \u2013 SK\u0100BES PRAIMERIS - LUXE GEL PROFESSIONAL\u2122\",\"isPartOf\":{\"@id\":\"https:\/\/luxegel.lv\/lv\/#website\"},\"primaryImageOfPage\":{\"@id\":\"https:\/\/luxegel.lv\/lv\/product-lv\/primer-acid-formula-skabes-praimeris\/#primaryimage\"},\"image\":{\"@id\":\"https:\/\/luxegel.lv\/lv\/product-lv\/primer-acid-formula-skabes-praimeris\/#primaryimage\"},\"thumbnailUrl\":\"https:\/\/luxegel.lv\/wp-content\/uploads\/2025\/09\/luxe-gel-white-bottle.webp.jpeg\",\"datePublished\":\"2025-09-30T13:01:10+00:00\",\"dateModified\":\"2026-04-29T09:33:03+00:00\",\"breadcrumb\":{\"@id\":\"https:\/\/luxegel.lv\/lv\/product-lv\/primer-acid-formula-skabes-praimeris\/#breadcrumb\"},\"inLanguage\":\"lv-LV\",\"potentialAction\":[{\"@type\":\"ReadAction\",\"target\":[\"https:\/\/luxegel.lv\/lv\/product-lv\/primer-acid-formula-skabes-praimeris\/\"]}]},{\"@type\":\"ImageObject\",\"inLanguage\":\"lv-LV\",\"@id\":\"https:\/\/luxegel.lv\/lv\/product-lv\/primer-acid-formula-skabes-praimeris\/#primaryimage\",\"url\":\"https:\/\/luxegel.lv\/wp-content\/uploads\/2025\/09\/luxe-gel-white-bottle.webp.jpeg\",\"contentUrl\":\"https:\/\/luxegel.lv\/wp-content\/uploads\/2025\/09\/luxe-gel-white-bottle.webp.jpeg\",\"width\":750,\"height\":844},{\"@type\":\"BreadcrumbList\",\"@id\":\"https:\/\/luxegel.lv\/lv\/product-lv\/primer-acid-formula-skabes-praimeris\/#breadcrumb\",\"itemListElement\":[{\"@type\":\"ListItem\",\"position\":1,\"name\":\"Galven\u0101\",\"item\":\"https:\/\/luxegel.lv\/lv\/\"},{\"@type\":\"ListItem\",\"position\":2,\"name\":\"Veikals\",\"item\":\"https:\/\/luxegel.lv\/lv\/veikals\/\"},{\"@type\":\"ListItem\",\"position\":3,\"name\":\"PRIMER \u2013 ACID FORMULA \u2013 SK\u0100BES PRAIMERIS\"}]},{\"@type\":\"WebSite\",\"@id\":\"https:\/\/luxegel.lv\/lv\/#website\",\"url\":\"https:\/\/luxegel.lv\/lv\/\",\"name\":\"LUXE GEL PROFESSIONAL\u2122\",\"description\":\"is a leading nail brand on the European market. Luxe Gel currently stock over 500 products including over 350 shades of gel polish, a complete builder gel system and our famous structure base.\",\"potentialAction\":[{\"@type\":\"SearchAction\",\"target\":{\"@type\":\"EntryPoint\",\"urlTemplate\":\"https:\/\/luxegel.lv\/lv\/?s={search_term_string}\"},\"query-input\":{\"@type\":\"PropertyValueSpecification\",\"valueRequired\":true,\"valueName\":\"search_term_string\"}}],\"inLanguage\":\"lv-LV\"}]}<\/script>\n<!-- \/ Yoast SEO plugin. -->","yoast_head_json":{"title":"PRIMER \u2013 ACID FORMULA \u2013 SK\u0100BES PRAIMERIS - LUXE GEL PROFESSIONAL\u2122","robots":{"index":"index","follow":"follow","max-snippet":"max-snippet:-1","max-image-preview":"max-image-preview:large","max-video-preview":"max-video-preview:-1"},"canonical":"https:\/\/luxegel.lv\/lv\/product-lv\/primer-acid-formula-skabes-praimeris\/","og_locale":"lv_LV","og_type":"article","og_title":"PRIMER \u2013 ACID FORMULA \u2013 SK\u0100BES PRAIMERIS - LUXE GEL PROFESSIONAL\u2122","og_description":"Sk\u0101bes praimeris \u2013 b\u016btisks pirmais solis ilgnotur\u012bgai sa\u0137erei. \u0160is Praimeris ar zemu sk\u0101bes saturu maigi sagatavo naga virsmu, pal\u012bdzot g\u0113la","og_url":"https:\/\/luxegel.lv\/lv\/product-lv\/primer-acid-formula-skabes-praimeris\/","og_site_name":"LUXE GEL PROFESSIONAL\u2122","article_modified_time":"2026-04-29T09:33:03+00:00","og_image":[{"width":750,"height":844,"url":"https:\/\/luxegel.lv\/wp-content\/uploads\/2025\/09\/luxe-gel-white-bottle.webp.jpeg","type":"image\/jpeg"}],"twitter_card":"summary_large_image","twitter_misc":{"Est. reading time":"2 minutes"},"schema":{"@context":"https:\/\/schema.org","@graph":[{"@type":"WebPage","@id":"https:\/\/luxegel.lv\/lv\/product-lv\/primer-acid-formula-skabes-praimeris\/","url":"https:\/\/luxegel.lv\/lv\/product-lv\/primer-acid-formula-skabes-praimeris\/","name":"PRIMER \u2013 ACID FORMULA \u2013 SK\u0100BES PRAIMERIS - LUXE GEL PROFESSIONAL\u2122","isPartOf":{"@id":"https:\/\/luxegel.lv\/lv\/#website"},"primaryImageOfPage":{"@id":"https:\/\/luxegel.lv\/lv\/product-lv\/primer-acid-formula-skabes-praimeris\/#primaryimage"},"image":{"@id":"https:\/\/luxegel.lv\/lv\/product-lv\/primer-acid-formula-skabes-praimeris\/#primaryimage"},"thumbnailUrl":"https:\/\/luxegel.lv\/wp-content\/uploads\/2025\/09\/luxe-gel-white-bottle.webp.jpeg","datePublished":"2025-09-30T13:01:10+00:00","dateModified":"2026-04-29T09:33:03+00:00","breadcrumb":{"@id":"https:\/\/luxegel.lv\/lv\/product-lv\/primer-acid-formula-skabes-praimeris\/#breadcrumb"},"inLanguage":"lv-LV","potentialAction":[{"@type":"ReadAction","target":["https:\/\/luxegel.lv\/lv\/product-lv\/primer-acid-formula-skabes-praimeris\/"]}]},{"@type":"ImageObject","inLanguage":"lv-LV","@id":"https:\/\/luxegel.lv\/lv\/product-lv\/primer-acid-formula-skabes-praimeris\/#primaryimage","url":"https:\/\/luxegel.lv\/wp-content\/uploads\/2025\/09\/luxe-gel-white-bottle.webp.jpeg","contentUrl":"https:\/\/luxegel.lv\/wp-content\/uploads\/2025\/09\/luxe-gel-white-bottle.webp.jpeg","width":750,"height":844},{"@type":"BreadcrumbList","@id":"https:\/\/luxegel.lv\/lv\/product-lv\/primer-acid-formula-skabes-praimeris\/#breadcrumb","itemListElement":[{"@type":"ListItem","position":1,"name":"Galven\u0101","item":"https:\/\/luxegel.lv\/lv\/"},{"@type":"ListItem","position":2,"name":"Veikals","item":"https:\/\/luxegel.lv\/lv\/veikals\/"},{"@type":"ListItem","position":3,"name":"PRIMER \u2013 ACID FORMULA \u2013 SK\u0100BES PRAIMERIS"}]},{"@type":"WebSite","@id":"https:\/\/luxegel.lv\/lv\/#website","url":"https:\/\/luxegel.lv\/lv\/","name":"LUXE GEL PROFESSIONAL\u2122","description":"is a leading nail brand on the European market. Luxe Gel currently stock over 500 products including over 350 shades of gel polish, a complete builder gel system and our famous structure base.","potentialAction":[{"@type":"SearchAction","target":{"@type":"EntryPoint","urlTemplate":"https:\/\/luxegel.lv\/lv\/?s={search_term_string}"},"query-input":{"@type":"PropertyValueSpecification","valueRequired":true,"valueName":"search_term_string"}}],"inLanguage":"lv-LV"}]}},"_links":{"self":[{"href":"https:\/\/luxegel.lv\/lv\/wp-json\/wp\/v2\/product\/18979","targetHints":{"allow":["GET"]}}],"collection":[{"href":"https:\/\/luxegel.lv\/lv\/wp-json\/wp\/v2\/product"}],"about":[{"href":"https:\/\/luxegel.lv\/lv\/wp-json\/wp\/v2\/types\/product"}],"version-history":[{"count":1,"href":"https:\/\/luxegel.lv\/lv\/wp-json\/wp\/v2\/product\/18979\/revisions"}],"predecessor-version":[{"id":18982,"href":"https:\/\/luxegel.lv\/lv\/wp-json\/wp\/v2\/product\/18979\/revisions\/18982"}],"wp:featuredmedia":[{"embeddable":true,"href":"https:\/\/luxegel.lv\/lv\/wp-json\/wp\/v2\/media\/18644"}],"wp:attachment":[{"href":"https:\/\/luxegel.lv\/lv\/wp-json\/wp\/v2\/media?parent=18979"}],"wp:term":[{"taxonomy":"product_brand","embeddable":true,"href":"https:\/\/luxegel.lv\/lv\/wp-json\/wp\/v2\/product_brand?post=18979"},{"taxonomy":"product_cat","embeddable":true,"href":"https:\/\/luxegel.lv\/lv\/wp-json\/wp\/v2\/product_cat?post=18979"},{"taxonomy":"product_tag","embeddable":true,"href":"https:\/\/luxegel.lv\/lv\/wp-json\/wp\/v2\/product_tag?post=18979"}],"curies":[{"name":"wp","href":"https:\/\/api.w.org\/{rel}","templated":true}]}}