{"id":18699,"date":"2025-09-25T13:43:42","date_gmt":"2025-09-25T13:43:42","guid":{"rendered":"https:\/\/luxegel.lv\/?post_type=product&#038;p=18699"},"modified":"2026-01-19T07:04:55","modified_gmt":"2026-01-19T07:04:55","slug":"pink-shell-strukturbaze","status":"publish","type":"product","link":"https:\/\/luxegel.lv\/lv\/product-lv\/pink-shell-strukturbaze\/","title":{"rendered":"PINK SHELL &#8211; STRUKT\u016aRB\u0100ZE"},"content":{"rendered":"<p><strong>NO\u0145EM\u0160ANA AR ACETONU<\/strong><\/p>\n<p><strong>ULTRA L\u012bnija \u2013 BEZ TPO UN AR ZEMU HEMA SATURU<\/strong><\/p>\n<p>M\u016bsu jaun\u0101s paaudzes strukt\u016brb\u0101ze ar toni.<\/p>\n<p>Jaun\u0101 strukt\u016brb\u0101zes formula bez TPO un ar zemu HEMA saturu tika izstr\u0101d\u0101ta, lai uzlabotu kvalit\u0101ti, nemainot to, kas jums jau pat\u012bk. M\u0113s saglab\u0101j\u0101m visas lab\u0101k\u0101s sast\u0101vda\u013cas un uzlaboj\u0101m p\u0101r\u0113j\u0101s.<\/p>\n<ul>\n<li>Vid\u0113ja viskozit\u0101te \u2013 vienk\u0101r\u0161a uzkl\u0101\u0161ana ar gludu, pa\u0161izl\u012bdzino\u0161u tekst\u016bru.<\/li>\n<li>NEPIECIE\u0160AMA ULTRA CLEAR BASE! T\u0101 j\u0101uzkl\u0101j pl\u0101n\u0101, vienm\u0113r\u012bg\u0101 k\u0101rt\u0101.<\/li>\n<li>Tagad to var izmantot \u012bsu un vid\u0113ja garuma (l\u012bdz 1 cm) nagu pieaudz\u0113\u0161anai, pateicoties atjaunin\u0101tajai formulai, kas ir stipr\u0101ka.<\/li>\n<\/ul>\n<p><strong>Ieteicam\u0101 b\u0101zes sist\u0113ma:<\/strong><\/p>\n<ul>\n<li>Norm\u0101liem nagiem ar dabiski labu produkta notur\u012bbu: uzkl\u0101jiet Ultra Clear Base k\u0101rtu pirms ton\u0113t\u0101s strukt\u016brb\u0101zes k\u0101rtas. Ultra Clear Base lieto\u0161ana ir OBLIG\u0100TA!!!<\/li>\n<li>Taukainiem nagiem ar sliktu produkta notur\u012bbu: pirms ton\u0113t\u0101s strukt\u016brb\u0101zes k\u0101rtas uzkl\u0101\u0161anas izmantojiet visu Ultra Prep sist\u0113mu \u2013 Ultra Primer, Ultra Bonder un Ultra Clear Base, lai nodro\u0161in\u0101tu maksim\u0101lu sa\u0137eri un notur\u012bbu.<\/li>\n<\/ul>\n<p>Izmantojot pilnu ULTRA b\u0101zes sist\u0113mu, tiek nodro\u0161in\u0101ti optim\u0101li rezult\u0101ti un viss uzkl\u0101\u0161anas process ir hipoaler\u0123isks, dro\u0161s un notur\u012bgs.<\/p>\n<p><strong>Galven\u0101s iez\u012bmes:<\/strong><\/p>\n<ul>\n<li>Vairs nek\u0101das produkta atsl\u0101\u0146o\u0161an\u0101s!<\/li>\n<li>Bez TPO un ar zemu HEMA saturu \u2013 augstas veiktsp\u0113jas, \u0101dai draudz\u012bga g\u0113la sist\u0113ma<\/li>\n<li>Saciet\u0113 60 sekund\u0113s (LED) \/ 99 sekund\u0113s (zema temperat\u016bra) \u2013 \u0101tras un elast\u012bgas saciet\u0113\u0161anas iesp\u0113jas<\/li>\n<li>4+ ned\u0113\u013cu ilga notur\u012bba \u2013 ilgsto\u0161i un notur\u012bgi rezult\u0101ti<\/li>\n<li>15 ml<\/li>\n<li>ATJAUNIN\u0100TS KR\u0100SU TONIS!<\/li>\n<\/ul>\n<p><strong>Sast\u0101vda\u013cas:\u00a0<\/strong><br \/>\n\u2022 Epoxy Acrylate Oligomer<br \/>\n\u2022 Urethane Acrylate Oligomer<br \/>\n\u2022 Hydroxycyclohexyl Phenyl Ketone<br \/>\n\u2022 2-Hydroxyethyl Methacrylate<br \/>\n\u2022 Pigment<\/p>\n","protected":false},"excerpt":{"rendered":"<p>NO\u0145EM\u0160ANA AR ACETONU ULTRA L\u012bnija \u2013 BEZ TPO UN AR ZEMU HEMA SATURU M\u016bsu jaun\u0101s paaudzes strukt\u016brb\u0101ze ar toni. Jaun\u0101<\/p>\n","protected":false},"featured_media":18650,"template":"","meta":{"_acf_changed":false,"om_disable_all_campaigns":false},"product_brand":[],"product_cat":[539,154,487,166],"product_tag":[222,221],"class_list":{"0":"post-18699","1":"product","2":"type-product","3":"status-publish","4":"has-post-thumbnail","6":"product_cat-jaunumi","7":"product_cat-luxe-gel-professional-lv","8":"product_cat-stiprinasanai-un-pieaudzesanai","9":"product_cat-strukturbaze-ar-zemu-hema-saturu","10":"product_tag-produkti","11":"product_tag-visi-produkti","13":"first","14":"instock","15":"sale","16":"shipping-taxable","17":"purchasable","18":"product-type-simple"},"acf":[],"yoast_head":"<!-- This site is optimized with the Yoast SEO plugin v23.8 - https:\/\/yoast.com\/wordpress\/plugins\/seo\/ -->\n<title>PINK SHELL - STRUKT\u016aRB\u0100ZE - LUXE GEL PROFESSIONAL\u2122<\/title>\n<meta name=\"robots\" content=\"index, follow, max-snippet:-1, max-image-preview:large, max-video-preview:-1\" \/>\n<link rel=\"canonical\" href=\"https:\/\/luxegel.lv\/lv\/product-lv\/pink-shell-strukturbaze\/\" \/>\n<meta property=\"og:locale\" content=\"lv_LV\" \/>\n<meta property=\"og:type\" content=\"article\" \/>\n<meta property=\"og:title\" content=\"PINK SHELL - STRUKT\u016aRB\u0100ZE - LUXE GEL PROFESSIONAL\u2122\" \/>\n<meta property=\"og:description\" content=\"NO\u0145EM\u0160ANA AR ACETONU ULTRA L\u012bnija \u2013 BEZ TPO UN AR ZEMU HEMA SATURU M\u016bsu jaun\u0101s paaudzes strukt\u016brb\u0101ze ar toni. Jaun\u0101\" \/>\n<meta property=\"og:url\" content=\"https:\/\/luxegel.lv\/lv\/product-lv\/pink-shell-strukturbaze\/\" \/>\n<meta property=\"og:site_name\" content=\"LUXE GEL PROFESSIONAL\u2122\" \/>\n<meta property=\"article:modified_time\" content=\"2026-01-19T07:04:55+00:00\" \/>\n<meta property=\"og:image\" content=\"https:\/\/luxegel.lv\/wp-content\/uploads\/2025\/09\/PINK_SHELL_-_ULTRA.jpg.webp\" \/>\n\t<meta property=\"og:image:width\" content=\"750\" \/>\n\t<meta property=\"og:image:height\" content=\"750\" \/>\n\t<meta property=\"og:image:type\" content=\"image\/webp\" \/>\n<meta name=\"twitter:card\" content=\"summary_large_image\" \/>\n<meta name=\"twitter:label1\" content=\"Est. reading time\" \/>\n\t<meta name=\"twitter:data1\" content=\"2 minutes\" \/>\n<script type=\"application\/ld+json\" class=\"yoast-schema-graph\">{\"@context\":\"https:\/\/schema.org\",\"@graph\":[{\"@type\":\"WebPage\",\"@id\":\"https:\/\/luxegel.lv\/lv\/product-lv\/pink-shell-strukturbaze\/\",\"url\":\"https:\/\/luxegel.lv\/lv\/product-lv\/pink-shell-strukturbaze\/\",\"name\":\"PINK SHELL - STRUKT\u016aRB\u0100ZE - LUXE GEL PROFESSIONAL\u2122\",\"isPartOf\":{\"@id\":\"https:\/\/luxegel.lv\/lv\/#website\"},\"primaryImageOfPage\":{\"@id\":\"https:\/\/luxegel.lv\/lv\/product-lv\/pink-shell-strukturbaze\/#primaryimage\"},\"image\":{\"@id\":\"https:\/\/luxegel.lv\/lv\/product-lv\/pink-shell-strukturbaze\/#primaryimage\"},\"thumbnailUrl\":\"https:\/\/luxegel.lv\/wp-content\/uploads\/2025\/09\/PINK_SHELL_-_ULTRA.jpg.webp\",\"datePublished\":\"2025-09-25T13:43:42+00:00\",\"dateModified\":\"2026-01-19T07:04:55+00:00\",\"breadcrumb\":{\"@id\":\"https:\/\/luxegel.lv\/lv\/product-lv\/pink-shell-strukturbaze\/#breadcrumb\"},\"inLanguage\":\"lv-LV\",\"potentialAction\":[{\"@type\":\"ReadAction\",\"target\":[\"https:\/\/luxegel.lv\/lv\/product-lv\/pink-shell-strukturbaze\/\"]}]},{\"@type\":\"ImageObject\",\"inLanguage\":\"lv-LV\",\"@id\":\"https:\/\/luxegel.lv\/lv\/product-lv\/pink-shell-strukturbaze\/#primaryimage\",\"url\":\"https:\/\/luxegel.lv\/wp-content\/uploads\/2025\/09\/PINK_SHELL_-_ULTRA.jpg.webp\",\"contentUrl\":\"https:\/\/luxegel.lv\/wp-content\/uploads\/2025\/09\/PINK_SHELL_-_ULTRA.jpg.webp\",\"width\":750,\"height\":750},{\"@type\":\"BreadcrumbList\",\"@id\":\"https:\/\/luxegel.lv\/lv\/product-lv\/pink-shell-strukturbaze\/#breadcrumb\",\"itemListElement\":[{\"@type\":\"ListItem\",\"position\":1,\"name\":\"Galven\u0101\",\"item\":\"https:\/\/luxegel.lv\/lv\/\"},{\"@type\":\"ListItem\",\"position\":2,\"name\":\"Veikals\",\"item\":\"https:\/\/luxegel.lv\/lv\/veikals\/\"},{\"@type\":\"ListItem\",\"position\":3,\"name\":\"PINK SHELL &#8211; STRUKT\u016aRB\u0100ZE\"}]},{\"@type\":\"WebSite\",\"@id\":\"https:\/\/luxegel.lv\/lv\/#website\",\"url\":\"https:\/\/luxegel.lv\/lv\/\",\"name\":\"LUXE GEL PROFESSIONAL\u2122\",\"description\":\"is a leading nail brand on the European market. Luxe Gel currently stock over 500 products including over 350 shades of gel polish, a complete builder gel system and our famous structure base.\",\"potentialAction\":[{\"@type\":\"SearchAction\",\"target\":{\"@type\":\"EntryPoint\",\"urlTemplate\":\"https:\/\/luxegel.lv\/lv\/?s={search_term_string}\"},\"query-input\":{\"@type\":\"PropertyValueSpecification\",\"valueRequired\":true,\"valueName\":\"search_term_string\"}}],\"inLanguage\":\"lv-LV\"}]}<\/script>\n<!-- \/ Yoast SEO plugin. -->","yoast_head_json":{"title":"PINK SHELL - STRUKT\u016aRB\u0100ZE - LUXE GEL PROFESSIONAL\u2122","robots":{"index":"index","follow":"follow","max-snippet":"max-snippet:-1","max-image-preview":"max-image-preview:large","max-video-preview":"max-video-preview:-1"},"canonical":"https:\/\/luxegel.lv\/lv\/product-lv\/pink-shell-strukturbaze\/","og_locale":"lv_LV","og_type":"article","og_title":"PINK SHELL - STRUKT\u016aRB\u0100ZE - LUXE GEL PROFESSIONAL\u2122","og_description":"NO\u0145EM\u0160ANA AR ACETONU ULTRA L\u012bnija \u2013 BEZ TPO UN AR ZEMU HEMA SATURU M\u016bsu jaun\u0101s paaudzes strukt\u016brb\u0101ze ar toni. Jaun\u0101","og_url":"https:\/\/luxegel.lv\/lv\/product-lv\/pink-shell-strukturbaze\/","og_site_name":"LUXE GEL PROFESSIONAL\u2122","article_modified_time":"2026-01-19T07:04:55+00:00","og_image":[{"width":750,"height":750,"url":"https:\/\/luxegel.lv\/wp-content\/uploads\/2025\/09\/PINK_SHELL_-_ULTRA.jpg.webp","type":"image\/webp"}],"twitter_card":"summary_large_image","twitter_misc":{"Est. reading time":"2 minutes"},"schema":{"@context":"https:\/\/schema.org","@graph":[{"@type":"WebPage","@id":"https:\/\/luxegel.lv\/lv\/product-lv\/pink-shell-strukturbaze\/","url":"https:\/\/luxegel.lv\/lv\/product-lv\/pink-shell-strukturbaze\/","name":"PINK SHELL - STRUKT\u016aRB\u0100ZE - LUXE GEL PROFESSIONAL\u2122","isPartOf":{"@id":"https:\/\/luxegel.lv\/lv\/#website"},"primaryImageOfPage":{"@id":"https:\/\/luxegel.lv\/lv\/product-lv\/pink-shell-strukturbaze\/#primaryimage"},"image":{"@id":"https:\/\/luxegel.lv\/lv\/product-lv\/pink-shell-strukturbaze\/#primaryimage"},"thumbnailUrl":"https:\/\/luxegel.lv\/wp-content\/uploads\/2025\/09\/PINK_SHELL_-_ULTRA.jpg.webp","datePublished":"2025-09-25T13:43:42+00:00","dateModified":"2026-01-19T07:04:55+00:00","breadcrumb":{"@id":"https:\/\/luxegel.lv\/lv\/product-lv\/pink-shell-strukturbaze\/#breadcrumb"},"inLanguage":"lv-LV","potentialAction":[{"@type":"ReadAction","target":["https:\/\/luxegel.lv\/lv\/product-lv\/pink-shell-strukturbaze\/"]}]},{"@type":"ImageObject","inLanguage":"lv-LV","@id":"https:\/\/luxegel.lv\/lv\/product-lv\/pink-shell-strukturbaze\/#primaryimage","url":"https:\/\/luxegel.lv\/wp-content\/uploads\/2025\/09\/PINK_SHELL_-_ULTRA.jpg.webp","contentUrl":"https:\/\/luxegel.lv\/wp-content\/uploads\/2025\/09\/PINK_SHELL_-_ULTRA.jpg.webp","width":750,"height":750},{"@type":"BreadcrumbList","@id":"https:\/\/luxegel.lv\/lv\/product-lv\/pink-shell-strukturbaze\/#breadcrumb","itemListElement":[{"@type":"ListItem","position":1,"name":"Galven\u0101","item":"https:\/\/luxegel.lv\/lv\/"},{"@type":"ListItem","position":2,"name":"Veikals","item":"https:\/\/luxegel.lv\/lv\/veikals\/"},{"@type":"ListItem","position":3,"name":"PINK SHELL &#8211; STRUKT\u016aRB\u0100ZE"}]},{"@type":"WebSite","@id":"https:\/\/luxegel.lv\/lv\/#website","url":"https:\/\/luxegel.lv\/lv\/","name":"LUXE GEL PROFESSIONAL\u2122","description":"is a leading nail brand on the European market. Luxe Gel currently stock over 500 products including over 350 shades of gel polish, a complete builder gel system and our famous structure base.","potentialAction":[{"@type":"SearchAction","target":{"@type":"EntryPoint","urlTemplate":"https:\/\/luxegel.lv\/lv\/?s={search_term_string}"},"query-input":{"@type":"PropertyValueSpecification","valueRequired":true,"valueName":"search_term_string"}}],"inLanguage":"lv-LV"}]}},"_links":{"self":[{"href":"https:\/\/luxegel.lv\/lv\/wp-json\/wp\/v2\/product\/18699","targetHints":{"allow":["GET"]}}],"collection":[{"href":"https:\/\/luxegel.lv\/lv\/wp-json\/wp\/v2\/product"}],"about":[{"href":"https:\/\/luxegel.lv\/lv\/wp-json\/wp\/v2\/types\/product"}],"version-history":[{"count":3,"href":"https:\/\/luxegel.lv\/lv\/wp-json\/wp\/v2\/product\/18699\/revisions"}],"predecessor-version":[{"id":19762,"href":"https:\/\/luxegel.lv\/lv\/wp-json\/wp\/v2\/product\/18699\/revisions\/19762"}],"wp:featuredmedia":[{"embeddable":true,"href":"https:\/\/luxegel.lv\/lv\/wp-json\/wp\/v2\/media\/18650"}],"wp:attachment":[{"href":"https:\/\/luxegel.lv\/lv\/wp-json\/wp\/v2\/media?parent=18699"}],"wp:term":[{"taxonomy":"product_brand","embeddable":true,"href":"https:\/\/luxegel.lv\/lv\/wp-json\/wp\/v2\/product_brand?post=18699"},{"taxonomy":"product_cat","embeddable":true,"href":"https:\/\/luxegel.lv\/lv\/wp-json\/wp\/v2\/product_cat?post=18699"},{"taxonomy":"product_tag","embeddable":true,"href":"https:\/\/luxegel.lv\/lv\/wp-json\/wp\/v2\/product_tag?post=18699"}],"curies":[{"name":"wp","href":"https:\/\/api.w.org\/{rel}","templated":true}]}}