{"id":18656,"date":"2025-09-25T13:06:25","date_gmt":"2025-09-25T13:06:25","guid":{"rendered":"https:\/\/luxegel.lv\/?post_type=product&#038;p=18656"},"modified":"2026-02-11T07:10:33","modified_gmt":"2026-02-11T07:10:33","slug":"clear-strukturbaze-30ml","status":"publish","type":"product","link":"https:\/\/luxegel.lv\/lv\/product-lv\/clear-strukturbaze-30ml\/","title":{"rendered":"CLEAR &#8211; STRUKT\u016aRB\u0100ZE, 30 ML"},"content":{"rendered":"<p><strong>NO\u0145EM\u0160ANA AR ACETONU<\/strong><\/p>\n<p><strong>ULTRA Clear Base \u2013 pl\u0101nas viskozit\u0101tes formula<\/strong><\/p>\n<p>Izcils pamats jebkuram nagu dizainam. ULTRA Clear Base ir pl\u0101nas viskozit\u0101tes, pa\u0161izl\u012bdzino\u0161a formula, kas gludi kl\u0101jas, radot vienm\u0113r\u012bgu, iztur\u012bgu pamatsl\u0101ni. Izstr\u0101d\u0101ta vieglai uzkl\u0101\u0161anai, t\u0101 \u0101tri saciet\u0113 LED gaism\u0101 un nodro\u0161ina ilgsto\u0161u notur\u012bbu bez atsl\u0101\u0146o\u0161an\u0101s.<\/p>\n<ul>\n<li>Vid\u0113ja viskozit\u0101te \u2013 vienk\u0101r\u0161a uzkl\u0101\u0161ana ar gludu, pa\u0161izl\u012bdzino\u0161u tekst\u016bru.<\/li>\n<li>Ultra Clear Base ir OBLIG\u0100TI j\u0101uzkl\u0101j pirms Ultra Structure Base ar toni.<\/li>\n<li>Tagad to var izmantot \u012bsu un vid\u0113ja garuma (l\u012bdz 1 cm) nagu pieaudz\u0113\u0161anai, pateicoties atjaunin\u0101tajai formulai, kas ir stipr\u0101ka.<\/li>\n<\/ul>\n<p><strong>Lai ieg\u016btu lab\u0101kos rezult\u0101tus, taukainiem nagiem, uz kuriem produkts slikti turas, izmantojiet pilnu ULTRA Line sagatavo\u0161anas sist\u0113mu:<\/strong><\/p>\n<p>1. ULTRA Primer \u2013 sagatavo nagu sa\u0137erei (no\u017e\u016bst gais\u0101)<span class=\"Apple-converted-space\">\u00a0<\/span><\/p>\n<p>2. ULTRA Bonder \u2013 nostiprina saistvielas sl\u0101ni (no\u017e\u016bst gais\u0101)<span class=\"Apple-converted-space\">\u00a0<\/span><\/p>\n<p>3. ULTRA Clear Base \u2013 gluda, pa\u0161izl\u012bdzino\u0161a b\u0101ze (no\u017e\u016bst LED gaism\u0101 60\/99 s)<\/p>\n<p>Lietojot kop\u0101, \u0161\u012b tr\u012bspak\u0101pju sist\u0113ma nodro\u0161ina \u0101tr\u0101ku sagatavo\u0161anu, lielisku sa\u0137eri un nevainojamu notur\u012bbu l\u012bdz pat 4+ ned\u0113\u013c\u0101m.<\/p>\n<p><strong>Sast\u0101vda\u013cas:\u00a0<\/strong><\/p>\n<ul>\n<li>Epoxy Acrylate Oligomer<\/li>\n<li>Urethane Acrylate Oligomer<\/li>\n<li>Hydroxycyclohexyl Phenyl Ketone<\/li>\n<li>2-Hydroxyethyl Methacrylate<\/li>\n<\/ul>\n","protected":false},"excerpt":{"rendered":"<p>NO\u0145EM\u0160ANA AR ACETONU ULTRA Clear Base \u2013 pl\u0101nas viskozit\u0101tes formula Izcils pamats jebkuram nagu dizainam. ULTRA Clear Base ir pl\u0101nas<\/p>\n","protected":false},"featured_media":18632,"template":"","meta":{"_acf_changed":false,"om_disable_all_campaigns":false},"product_brand":[],"product_cat":[539,154,487,166],"product_tag":[222,221],"class_list":{"0":"post-18656","1":"product","2":"type-product","3":"status-publish","4":"has-post-thumbnail","6":"product_cat-jaunumi","7":"product_cat-luxe-gel-professional-lv","8":"product_cat-stiprinasanai-un-pieaudzesanai","9":"product_cat-strukturbaze-ar-zemu-hema-saturu","10":"product_tag-produkti","11":"product_tag-visi-produkti","13":"first","14":"outofstock","15":"sale","16":"shipping-taxable","17":"purchasable","18":"product-type-simple"},"acf":[],"yoast_head":"<!-- This site is optimized with the Yoast SEO plugin v23.8 - https:\/\/yoast.com\/wordpress\/plugins\/seo\/ -->\n<title>CLEAR - STRUKT\u016aRB\u0100ZE, 30 ML - LUXE GEL PROFESSIONAL\u2122<\/title>\n<meta name=\"robots\" content=\"index, follow, max-snippet:-1, max-image-preview:large, max-video-preview:-1\" \/>\n<link rel=\"canonical\" href=\"https:\/\/luxegel.lv\/lv\/product-lv\/clear-strukturbaze-30ml\/\" \/>\n<meta property=\"og:locale\" content=\"lv_LV\" \/>\n<meta property=\"og:type\" content=\"article\" \/>\n<meta property=\"og:title\" content=\"CLEAR - STRUKT\u016aRB\u0100ZE, 30 ML - LUXE GEL PROFESSIONAL\u2122\" \/>\n<meta property=\"og:description\" content=\"NO\u0145EM\u0160ANA AR ACETONU ULTRA Clear Base \u2013 pl\u0101nas viskozit\u0101tes formula Izcils pamats jebkuram nagu dizainam. ULTRA Clear Base ir pl\u0101nas\" \/>\n<meta property=\"og:url\" content=\"https:\/\/luxegel.lv\/lv\/product-lv\/clear-strukturbaze-30ml\/\" \/>\n<meta property=\"og:site_name\" content=\"LUXE GEL PROFESSIONAL\u2122\" \/>\n<meta property=\"article:modified_time\" content=\"2026-02-11T07:10:33+00:00\" \/>\n<meta property=\"og:image\" content=\"https:\/\/luxegel.lv\/wp-content\/uploads\/2025\/09\/CLEAR-ULTRA.png.webp\" \/>\n\t<meta property=\"og:image:width\" content=\"750\" \/>\n\t<meta property=\"og:image:height\" content=\"750\" \/>\n\t<meta property=\"og:image:type\" content=\"image\/webp\" \/>\n<meta name=\"twitter:card\" content=\"summary_large_image\" \/>\n<meta name=\"twitter:label1\" content=\"Est. reading time\" \/>\n\t<meta name=\"twitter:data1\" content=\"2 minutes\" \/>\n<script type=\"application\/ld+json\" class=\"yoast-schema-graph\">{\"@context\":\"https:\/\/schema.org\",\"@graph\":[{\"@type\":\"WebPage\",\"@id\":\"https:\/\/luxegel.lv\/lv\/product-lv\/clear-strukturbaze-30ml\/\",\"url\":\"https:\/\/luxegel.lv\/lv\/product-lv\/clear-strukturbaze-30ml\/\",\"name\":\"CLEAR - STRUKT\u016aRB\u0100ZE, 30 ML - LUXE GEL PROFESSIONAL\u2122\",\"isPartOf\":{\"@id\":\"https:\/\/luxegel.lv\/lv\/#website\"},\"primaryImageOfPage\":{\"@id\":\"https:\/\/luxegel.lv\/lv\/product-lv\/clear-strukturbaze-30ml\/#primaryimage\"},\"image\":{\"@id\":\"https:\/\/luxegel.lv\/lv\/product-lv\/clear-strukturbaze-30ml\/#primaryimage\"},\"thumbnailUrl\":\"https:\/\/luxegel.lv\/wp-content\/uploads\/2025\/09\/CLEAR-ULTRA.png.webp\",\"datePublished\":\"2025-09-25T13:06:25+00:00\",\"dateModified\":\"2026-02-11T07:10:33+00:00\",\"breadcrumb\":{\"@id\":\"https:\/\/luxegel.lv\/lv\/product-lv\/clear-strukturbaze-30ml\/#breadcrumb\"},\"inLanguage\":\"lv-LV\",\"potentialAction\":[{\"@type\":\"ReadAction\",\"target\":[\"https:\/\/luxegel.lv\/lv\/product-lv\/clear-strukturbaze-30ml\/\"]}]},{\"@type\":\"ImageObject\",\"inLanguage\":\"lv-LV\",\"@id\":\"https:\/\/luxegel.lv\/lv\/product-lv\/clear-strukturbaze-30ml\/#primaryimage\",\"url\":\"https:\/\/luxegel.lv\/wp-content\/uploads\/2025\/09\/CLEAR-ULTRA.png.webp\",\"contentUrl\":\"https:\/\/luxegel.lv\/wp-content\/uploads\/2025\/09\/CLEAR-ULTRA.png.webp\",\"width\":750,\"height\":750},{\"@type\":\"BreadcrumbList\",\"@id\":\"https:\/\/luxegel.lv\/lv\/product-lv\/clear-strukturbaze-30ml\/#breadcrumb\",\"itemListElement\":[{\"@type\":\"ListItem\",\"position\":1,\"name\":\"Galven\u0101\",\"item\":\"https:\/\/luxegel.lv\/lv\/\"},{\"@type\":\"ListItem\",\"position\":2,\"name\":\"Veikals\",\"item\":\"https:\/\/luxegel.lv\/lv\/veikals\/\"},{\"@type\":\"ListItem\",\"position\":3,\"name\":\"CLEAR &#8211; STRUKT\u016aRB\u0100ZE, 30 ML\"}]},{\"@type\":\"WebSite\",\"@id\":\"https:\/\/luxegel.lv\/lv\/#website\",\"url\":\"https:\/\/luxegel.lv\/lv\/\",\"name\":\"LUXE GEL PROFESSIONAL\u2122\",\"description\":\"is a leading nail brand on the European market. Luxe Gel currently stock over 500 products including over 350 shades of gel polish, a complete builder gel system and our famous structure base.\",\"potentialAction\":[{\"@type\":\"SearchAction\",\"target\":{\"@type\":\"EntryPoint\",\"urlTemplate\":\"https:\/\/luxegel.lv\/lv\/?s={search_term_string}\"},\"query-input\":{\"@type\":\"PropertyValueSpecification\",\"valueRequired\":true,\"valueName\":\"search_term_string\"}}],\"inLanguage\":\"lv-LV\"}]}<\/script>\n<!-- \/ Yoast SEO plugin. -->","yoast_head_json":{"title":"CLEAR - STRUKT\u016aRB\u0100ZE, 30 ML - LUXE GEL PROFESSIONAL\u2122","robots":{"index":"index","follow":"follow","max-snippet":"max-snippet:-1","max-image-preview":"max-image-preview:large","max-video-preview":"max-video-preview:-1"},"canonical":"https:\/\/luxegel.lv\/lv\/product-lv\/clear-strukturbaze-30ml\/","og_locale":"lv_LV","og_type":"article","og_title":"CLEAR - STRUKT\u016aRB\u0100ZE, 30 ML - LUXE GEL PROFESSIONAL\u2122","og_description":"NO\u0145EM\u0160ANA AR ACETONU ULTRA Clear Base \u2013 pl\u0101nas viskozit\u0101tes formula Izcils pamats jebkuram nagu dizainam. ULTRA Clear Base ir pl\u0101nas","og_url":"https:\/\/luxegel.lv\/lv\/product-lv\/clear-strukturbaze-30ml\/","og_site_name":"LUXE GEL PROFESSIONAL\u2122","article_modified_time":"2026-02-11T07:10:33+00:00","og_image":[{"width":750,"height":750,"url":"https:\/\/luxegel.lv\/wp-content\/uploads\/2025\/09\/CLEAR-ULTRA.png.webp","type":"image\/webp"}],"twitter_card":"summary_large_image","twitter_misc":{"Est. reading time":"2 minutes"},"schema":{"@context":"https:\/\/schema.org","@graph":[{"@type":"WebPage","@id":"https:\/\/luxegel.lv\/lv\/product-lv\/clear-strukturbaze-30ml\/","url":"https:\/\/luxegel.lv\/lv\/product-lv\/clear-strukturbaze-30ml\/","name":"CLEAR - STRUKT\u016aRB\u0100ZE, 30 ML - LUXE GEL PROFESSIONAL\u2122","isPartOf":{"@id":"https:\/\/luxegel.lv\/lv\/#website"},"primaryImageOfPage":{"@id":"https:\/\/luxegel.lv\/lv\/product-lv\/clear-strukturbaze-30ml\/#primaryimage"},"image":{"@id":"https:\/\/luxegel.lv\/lv\/product-lv\/clear-strukturbaze-30ml\/#primaryimage"},"thumbnailUrl":"https:\/\/luxegel.lv\/wp-content\/uploads\/2025\/09\/CLEAR-ULTRA.png.webp","datePublished":"2025-09-25T13:06:25+00:00","dateModified":"2026-02-11T07:10:33+00:00","breadcrumb":{"@id":"https:\/\/luxegel.lv\/lv\/product-lv\/clear-strukturbaze-30ml\/#breadcrumb"},"inLanguage":"lv-LV","potentialAction":[{"@type":"ReadAction","target":["https:\/\/luxegel.lv\/lv\/product-lv\/clear-strukturbaze-30ml\/"]}]},{"@type":"ImageObject","inLanguage":"lv-LV","@id":"https:\/\/luxegel.lv\/lv\/product-lv\/clear-strukturbaze-30ml\/#primaryimage","url":"https:\/\/luxegel.lv\/wp-content\/uploads\/2025\/09\/CLEAR-ULTRA.png.webp","contentUrl":"https:\/\/luxegel.lv\/wp-content\/uploads\/2025\/09\/CLEAR-ULTRA.png.webp","width":750,"height":750},{"@type":"BreadcrumbList","@id":"https:\/\/luxegel.lv\/lv\/product-lv\/clear-strukturbaze-30ml\/#breadcrumb","itemListElement":[{"@type":"ListItem","position":1,"name":"Galven\u0101","item":"https:\/\/luxegel.lv\/lv\/"},{"@type":"ListItem","position":2,"name":"Veikals","item":"https:\/\/luxegel.lv\/lv\/veikals\/"},{"@type":"ListItem","position":3,"name":"CLEAR &#8211; STRUKT\u016aRB\u0100ZE, 30 ML"}]},{"@type":"WebSite","@id":"https:\/\/luxegel.lv\/lv\/#website","url":"https:\/\/luxegel.lv\/lv\/","name":"LUXE GEL PROFESSIONAL\u2122","description":"is a leading nail brand on the European market. Luxe Gel currently stock over 500 products including over 350 shades of gel polish, a complete builder gel system and our famous structure base.","potentialAction":[{"@type":"SearchAction","target":{"@type":"EntryPoint","urlTemplate":"https:\/\/luxegel.lv\/lv\/?s={search_term_string}"},"query-input":{"@type":"PropertyValueSpecification","valueRequired":true,"valueName":"search_term_string"}}],"inLanguage":"lv-LV"}]}},"_links":{"self":[{"href":"https:\/\/luxegel.lv\/lv\/wp-json\/wp\/v2\/product\/18656","targetHints":{"allow":["GET"]}}],"collection":[{"href":"https:\/\/luxegel.lv\/lv\/wp-json\/wp\/v2\/product"}],"about":[{"href":"https:\/\/luxegel.lv\/lv\/wp-json\/wp\/v2\/types\/product"}],"version-history":[{"count":3,"href":"https:\/\/luxegel.lv\/lv\/wp-json\/wp\/v2\/product\/18656\/revisions"}],"predecessor-version":[{"id":19784,"href":"https:\/\/luxegel.lv\/lv\/wp-json\/wp\/v2\/product\/18656\/revisions\/19784"}],"wp:featuredmedia":[{"embeddable":true,"href":"https:\/\/luxegel.lv\/lv\/wp-json\/wp\/v2\/media\/18632"}],"wp:attachment":[{"href":"https:\/\/luxegel.lv\/lv\/wp-json\/wp\/v2\/media?parent=18656"}],"wp:term":[{"taxonomy":"product_brand","embeddable":true,"href":"https:\/\/luxegel.lv\/lv\/wp-json\/wp\/v2\/product_brand?post=18656"},{"taxonomy":"product_cat","embeddable":true,"href":"https:\/\/luxegel.lv\/lv\/wp-json\/wp\/v2\/product_cat?post=18656"},{"taxonomy":"product_tag","embeddable":true,"href":"https:\/\/luxegel.lv\/lv\/wp-json\/wp\/v2\/product_tag?post=18656"}],"curies":[{"name":"wp","href":"https:\/\/api.w.org\/{rel}","templated":true}]}}