{"id":17410,"date":"2025-08-08T16:50:22","date_gmt":"2025-08-08T16:50:22","guid":{"rendered":"https:\/\/luxegel.lv\/?post_type=product&#038;p=17410"},"modified":"2026-01-22T10:31:53","modified_gmt":"2026-01-22T10:31:53","slug":"opulence-kakacs","status":"publish","type":"product","link":"https:\/\/luxegel.lv\/lv\/product-lv\/opulence-kakacs\/","title":{"rendered":"OPULENCE \u2013 KA\u0136ACS (BEZ HEMA)"},"content":{"rendered":"<p><b>Kr\u0101sa:<\/b><span class=\"Apple-converted-space\">\u00a0<\/span><\/p>\n<p>Tum\u0161s z\u012bdkoka ogu tonis ar v\u0113su pieska\u0146u. Met\u0101lisks, sat\u012bnam l\u012bdz\u012bgs p\u0101rkl\u0101jums rada greznu efektu.<\/p>\n<p><b>P\u0101rkl\u0101jums:<\/b><br \/>\n&#x2714; Puscaursp\u012bd\u012bgs<br \/>\n&#x2714; Pilns p\u0101rkl\u0101jums 2 k\u0101rt\u0101s<br \/>\n&#x2714; Mirdzo\u0161s<br \/>\n&#x2714; Ka\u0137acs efekts<\/p>\n<p>Galven\u0101s \u012bpa\u0161\u012bbas:<\/p>\n<ul>\n<li>Bez HEMA<\/li>\n<li><b><\/b><b>100% g\u0113la formula:<\/b> bag\u0101t\u012bgs, salonam rakstur\u012bgs p\u0101rkl\u0101jums ar katru uzkl\u0101\u0161anu.<\/li>\n<li><b><\/b><b>Notur\u012bgs:<\/b> ilgnotur\u012bgs \u2013 vair\u0101k nek\u0101 20 dienas bez izbal\u0113\u0161anas.<\/li>\n<li><b><\/b><b>Viegli uzkl\u0101jams:<\/b> gludi kl\u0101jas \u2013 bez \u0161v\u012bk\u0101m, \u0161\u0137el\u0161an\u0101s vai izpl\u016bdumiem.<\/li>\n<li><b><\/b><b>Bez smar\u017eas:<\/b> izbaudiet pat\u012bkamu un svaigu uzkl\u0101\u0161anas pieredzi.<\/li>\n<li><b><\/b>Nav test\u0113ts uz dz\u012bvniekiem &amp; videi draudz\u012bgs: saudz\u012bgs pret dz\u012bvniekiem un dabu.<\/li>\n<li><b><\/b><b>Sertific\u0113ts un p\u0101rbaud\u012bts:<\/b> atbilst visaugst\u0101kajiem kvalit\u0101tes standartiem.<\/li>\n<li><b><\/b><b>\u017d\u016bst UV\/LED lamp\u0101:<\/b><br \/>\n\u2022 UV: 120 sekundes<br \/>\n\u2022 LED: 60 sekundes<\/li>\n<\/ul>\n<p><b>Sast\u0101vda\u013cas:<\/b><\/p>\n<ul>\n<li>Acrylates Copolymer<\/li>\n<li>2-Hydroxyethyl Methacrylate<\/li>\n<li>Isopropyl Alcohol<\/li>\n<li>Hydroxycyclohexyl Phenyl Ketone<\/li>\n<li>Hydroxypropyl methacrylate<\/li>\n<li>Dimethicone<\/li>\n<li>Pigment<\/li>\n<\/ul>\n<p><b>Tilpums:<\/b><br \/>\n15ML (0.5 fl. oz)<\/p>\n","protected":false},"excerpt":{"rendered":"<p>Kr\u0101sa:\u00a0 Tum\u0161s z\u012bdkoka ogu tonis ar v\u0113su pieska\u0146u. Met\u0101lisks, sat\u012bnam l\u012bdz\u012bgs p\u0101rkl\u0101jums rada greznu efektu. P\u0101rkl\u0101jums: &#x2714; Puscaursp\u012bd\u012bgs &#x2714; Pilns<\/p>\n","protected":false},"featured_media":17413,"template":"","meta":{"_acf_changed":false},"product_brand":[],"product_cat":[157,154,509,534,503,507,501],"product_tag":[],"class_list":{"0":"post-17410","1":"product","2":"type-product","3":"status-publish","4":"has-post-thumbnail","6":"product_cat-gela-lakas","7":"product_cat-luxe-gel-professional-lv","8":"product_cat-bez-hema","9":"product_cat-kakacs","10":"product_cat-koshie-toni","11":"product_cat-toni-ar-gliteriem","12":"product_cat-visi-toni","14":"first","15":"instock","16":"sale","17":"shipping-taxable","18":"purchasable","19":"product-type-simple"},"acf":[],"yoast_head":"<!-- This site is optimized with the Yoast SEO plugin v23.8 - https:\/\/yoast.com\/wordpress\/plugins\/seo\/ -->\n<title>OPULENCE \u2013 KA\u0136ACS (BEZ HEMA) - LUXE GEL PROFESSIONAL\u2122<\/title>\n<meta name=\"robots\" content=\"index, follow, max-snippet:-1, max-image-preview:large, max-video-preview:-1\" \/>\n<link rel=\"canonical\" href=\"https:\/\/luxegel.lv\/lv\/product-lv\/opulence-kakacs\/\" \/>\n<meta property=\"og:locale\" content=\"lv_LV\" \/>\n<meta property=\"og:type\" content=\"article\" \/>\n<meta property=\"og:title\" content=\"OPULENCE \u2013 KA\u0136ACS (BEZ HEMA) - LUXE GEL PROFESSIONAL\u2122\" \/>\n<meta property=\"og:description\" content=\"Kr\u0101sa:\u00a0 Tum\u0161s z\u012bdkoka ogu tonis ar v\u0113su pieska\u0146u. Met\u0101lisks, sat\u012bnam l\u012bdz\u012bgs p\u0101rkl\u0101jums rada greznu efektu. P\u0101rkl\u0101jums: &#x2714; Puscaursp\u012bd\u012bgs &#x2714; Pilns\" \/>\n<meta property=\"og:url\" content=\"https:\/\/luxegel.lv\/lv\/product-lv\/opulence-kakacs\/\" \/>\n<meta property=\"og:site_name\" content=\"LUXE GEL PROFESSIONAL\u2122\" \/>\n<meta property=\"article:modified_time\" content=\"2026-01-22T10:31:53+00:00\" \/>\n<meta property=\"og:image\" content=\"https:\/\/luxegel.lv\/wp-content\/uploads\/2025\/08\/OPULENCE_cat-eye-gel-polish-1.png.webp\" \/>\n\t<meta property=\"og:image:width\" content=\"750\" \/>\n\t<meta property=\"og:image:height\" content=\"750\" \/>\n\t<meta property=\"og:image:type\" content=\"image\/webp\" \/>\n<meta name=\"twitter:card\" content=\"summary_large_image\" \/>\n<meta name=\"twitter:label1\" content=\"Est. reading time\" \/>\n\t<meta name=\"twitter:data1\" content=\"1 minute\" \/>\n<script type=\"application\/ld+json\" class=\"yoast-schema-graph\">{\"@context\":\"https:\/\/schema.org\",\"@graph\":[{\"@type\":\"WebPage\",\"@id\":\"https:\/\/luxegel.lv\/lv\/product-lv\/opulence-kakacs\/\",\"url\":\"https:\/\/luxegel.lv\/lv\/product-lv\/opulence-kakacs\/\",\"name\":\"OPULENCE \u2013 KA\u0136ACS (BEZ HEMA) - LUXE GEL PROFESSIONAL\u2122\",\"isPartOf\":{\"@id\":\"https:\/\/luxegel.lv\/lv\/#website\"},\"primaryImageOfPage\":{\"@id\":\"https:\/\/luxegel.lv\/lv\/product-lv\/opulence-kakacs\/#primaryimage\"},\"image\":{\"@id\":\"https:\/\/luxegel.lv\/lv\/product-lv\/opulence-kakacs\/#primaryimage\"},\"thumbnailUrl\":\"https:\/\/luxegel.lv\/wp-content\/uploads\/2025\/08\/OPULENCE_cat-eye-gel-polish-1.png.webp\",\"datePublished\":\"2025-08-08T16:50:22+00:00\",\"dateModified\":\"2026-01-22T10:31:53+00:00\",\"breadcrumb\":{\"@id\":\"https:\/\/luxegel.lv\/lv\/product-lv\/opulence-kakacs\/#breadcrumb\"},\"inLanguage\":\"lv-LV\",\"potentialAction\":[{\"@type\":\"ReadAction\",\"target\":[\"https:\/\/luxegel.lv\/lv\/product-lv\/opulence-kakacs\/\"]}]},{\"@type\":\"ImageObject\",\"inLanguage\":\"lv-LV\",\"@id\":\"https:\/\/luxegel.lv\/lv\/product-lv\/opulence-kakacs\/#primaryimage\",\"url\":\"https:\/\/luxegel.lv\/wp-content\/uploads\/2025\/08\/OPULENCE_cat-eye-gel-polish-1.png.webp\",\"contentUrl\":\"https:\/\/luxegel.lv\/wp-content\/uploads\/2025\/08\/OPULENCE_cat-eye-gel-polish-1.png.webp\",\"width\":750,\"height\":750},{\"@type\":\"BreadcrumbList\",\"@id\":\"https:\/\/luxegel.lv\/lv\/product-lv\/opulence-kakacs\/#breadcrumb\",\"itemListElement\":[{\"@type\":\"ListItem\",\"position\":1,\"name\":\"Galven\u0101\",\"item\":\"https:\/\/luxegel.lv\/lv\/\"},{\"@type\":\"ListItem\",\"position\":2,\"name\":\"Veikals\",\"item\":\"https:\/\/luxegel.lv\/lv\/veikals\/\"},{\"@type\":\"ListItem\",\"position\":3,\"name\":\"OPULENCE \u2013 KA\u0136ACS (BEZ HEMA)\"}]},{\"@type\":\"WebSite\",\"@id\":\"https:\/\/luxegel.lv\/lv\/#website\",\"url\":\"https:\/\/luxegel.lv\/lv\/\",\"name\":\"LUXE GEL PROFESSIONAL\u2122\",\"description\":\"is a leading nail brand on the European market. Luxe Gel currently stock over 500 products including over 350 shades of gel polish, a complete builder gel system and our famous structure base.\",\"potentialAction\":[{\"@type\":\"SearchAction\",\"target\":{\"@type\":\"EntryPoint\",\"urlTemplate\":\"https:\/\/luxegel.lv\/lv\/?s={search_term_string}\"},\"query-input\":{\"@type\":\"PropertyValueSpecification\",\"valueRequired\":true,\"valueName\":\"search_term_string\"}}],\"inLanguage\":\"lv-LV\"}]}<\/script>\n<!-- \/ Yoast SEO plugin. -->","yoast_head_json":{"title":"OPULENCE \u2013 KA\u0136ACS (BEZ HEMA) - LUXE GEL PROFESSIONAL\u2122","robots":{"index":"index","follow":"follow","max-snippet":"max-snippet:-1","max-image-preview":"max-image-preview:large","max-video-preview":"max-video-preview:-1"},"canonical":"https:\/\/luxegel.lv\/lv\/product-lv\/opulence-kakacs\/","og_locale":"lv_LV","og_type":"article","og_title":"OPULENCE \u2013 KA\u0136ACS (BEZ HEMA) - LUXE GEL PROFESSIONAL\u2122","og_description":"Kr\u0101sa:\u00a0 Tum\u0161s z\u012bdkoka ogu tonis ar v\u0113su pieska\u0146u. Met\u0101lisks, sat\u012bnam l\u012bdz\u012bgs p\u0101rkl\u0101jums rada greznu efektu. P\u0101rkl\u0101jums: &#x2714; Puscaursp\u012bd\u012bgs &#x2714; Pilns","og_url":"https:\/\/luxegel.lv\/lv\/product-lv\/opulence-kakacs\/","og_site_name":"LUXE GEL PROFESSIONAL\u2122","article_modified_time":"2026-01-22T10:31:53+00:00","og_image":[{"width":750,"height":750,"url":"https:\/\/luxegel.lv\/wp-content\/uploads\/2025\/08\/OPULENCE_cat-eye-gel-polish-1.png.webp","type":"image\/webp"}],"twitter_card":"summary_large_image","twitter_misc":{"Est. reading time":"1 minute"},"schema":{"@context":"https:\/\/schema.org","@graph":[{"@type":"WebPage","@id":"https:\/\/luxegel.lv\/lv\/product-lv\/opulence-kakacs\/","url":"https:\/\/luxegel.lv\/lv\/product-lv\/opulence-kakacs\/","name":"OPULENCE \u2013 KA\u0136ACS (BEZ HEMA) - LUXE GEL PROFESSIONAL\u2122","isPartOf":{"@id":"https:\/\/luxegel.lv\/lv\/#website"},"primaryImageOfPage":{"@id":"https:\/\/luxegel.lv\/lv\/product-lv\/opulence-kakacs\/#primaryimage"},"image":{"@id":"https:\/\/luxegel.lv\/lv\/product-lv\/opulence-kakacs\/#primaryimage"},"thumbnailUrl":"https:\/\/luxegel.lv\/wp-content\/uploads\/2025\/08\/OPULENCE_cat-eye-gel-polish-1.png.webp","datePublished":"2025-08-08T16:50:22+00:00","dateModified":"2026-01-22T10:31:53+00:00","breadcrumb":{"@id":"https:\/\/luxegel.lv\/lv\/product-lv\/opulence-kakacs\/#breadcrumb"},"inLanguage":"lv-LV","potentialAction":[{"@type":"ReadAction","target":["https:\/\/luxegel.lv\/lv\/product-lv\/opulence-kakacs\/"]}]},{"@type":"ImageObject","inLanguage":"lv-LV","@id":"https:\/\/luxegel.lv\/lv\/product-lv\/opulence-kakacs\/#primaryimage","url":"https:\/\/luxegel.lv\/wp-content\/uploads\/2025\/08\/OPULENCE_cat-eye-gel-polish-1.png.webp","contentUrl":"https:\/\/luxegel.lv\/wp-content\/uploads\/2025\/08\/OPULENCE_cat-eye-gel-polish-1.png.webp","width":750,"height":750},{"@type":"BreadcrumbList","@id":"https:\/\/luxegel.lv\/lv\/product-lv\/opulence-kakacs\/#breadcrumb","itemListElement":[{"@type":"ListItem","position":1,"name":"Galven\u0101","item":"https:\/\/luxegel.lv\/lv\/"},{"@type":"ListItem","position":2,"name":"Veikals","item":"https:\/\/luxegel.lv\/lv\/veikals\/"},{"@type":"ListItem","position":3,"name":"OPULENCE \u2013 KA\u0136ACS (BEZ HEMA)"}]},{"@type":"WebSite","@id":"https:\/\/luxegel.lv\/lv\/#website","url":"https:\/\/luxegel.lv\/lv\/","name":"LUXE GEL PROFESSIONAL\u2122","description":"is a leading nail brand on the European market. Luxe Gel currently stock over 500 products including over 350 shades of gel polish, a complete builder gel system and our famous structure base.","potentialAction":[{"@type":"SearchAction","target":{"@type":"EntryPoint","urlTemplate":"https:\/\/luxegel.lv\/lv\/?s={search_term_string}"},"query-input":{"@type":"PropertyValueSpecification","valueRequired":true,"valueName":"search_term_string"}}],"inLanguage":"lv-LV"}]}},"_links":{"self":[{"href":"https:\/\/luxegel.lv\/lv\/wp-json\/wp\/v2\/product\/17410","targetHints":{"allow":["GET"]}}],"collection":[{"href":"https:\/\/luxegel.lv\/lv\/wp-json\/wp\/v2\/product"}],"about":[{"href":"https:\/\/luxegel.lv\/lv\/wp-json\/wp\/v2\/types\/product"}],"version-history":[{"count":4,"href":"https:\/\/luxegel.lv\/lv\/wp-json\/wp\/v2\/product\/17410\/revisions"}],"predecessor-version":[{"id":21997,"href":"https:\/\/luxegel.lv\/lv\/wp-json\/wp\/v2\/product\/17410\/revisions\/21997"}],"wp:featuredmedia":[{"embeddable":true,"href":"https:\/\/luxegel.lv\/lv\/wp-json\/wp\/v2\/media\/17413"}],"wp:attachment":[{"href":"https:\/\/luxegel.lv\/lv\/wp-json\/wp\/v2\/media?parent=17410"}],"wp:term":[{"taxonomy":"product_brand","embeddable":true,"href":"https:\/\/luxegel.lv\/lv\/wp-json\/wp\/v2\/product_brand?post=17410"},{"taxonomy":"product_cat","embeddable":true,"href":"https:\/\/luxegel.lv\/lv\/wp-json\/wp\/v2\/product_cat?post=17410"},{"taxonomy":"product_tag","embeddable":true,"href":"https:\/\/luxegel.lv\/lv\/wp-json\/wp\/v2\/product_tag?post=17410"}],"curies":[{"name":"wp","href":"https:\/\/api.w.org\/{rel}","templated":true}]}}