{"id":17153,"date":"2025-07-15T12:25:08","date_gmt":"2025-07-15T12:25:08","guid":{"rendered":"https:\/\/luxegel.lv\/?post_type=product&#038;p=17153"},"modified":"2026-01-20T12:38:04","modified_gmt":"2026-01-20T12:38:04","slug":"lychee-jam-glass","status":"publish","type":"product","link":"https:\/\/luxegel.lv\/lv\/product-lv\/lychee-jam-glass\/","title":{"rendered":"LYCHEE JAM \u2013 GLASS (BEZ HEMA)"},"content":{"rendered":"<p><strong>Iegremd\u0113jies \u201cLychee Jam\u201d maigum\u0101 \u2013 caursp\u012bd\u012bga vitr\u0101\u017eas g\u0113la laka kora\u013c\u013cu sarkan\u0101 ton\u012b, kas pies\u0101tin\u0101ta ar aug\u013cu nekt\u0101ru un maigu izsmalcin\u0101t\u012bbu. T\u0101 \u017eelejveida tekst\u016bra \u010dukst par eksotisku saldumu un krist\u0101lisku eleganci, glu\u017ei k\u0101 mirdzo\u0161s iev\u0101r\u012bjums caur mat\u0113tu stiklu. Romantisks un izsmalcin\u0101ts, tas ir maigs tonis ar spilgtu pieska\u0146u.<\/strong><\/p>\n<p><b>Galven\u0101s \u012bpa\u0161\u012bbas:<\/b><\/p>\n<p>\u2013 Bez HEMA<\/p>\n<p>\u2013 Profesion\u0101las kvalit\u0101tes, \u0101dai draudz\u012bga g\u0113la sist\u0113ma BEZ TPO<\/p>\n<p>\u2013 100% g\u0113la formula: bag\u0101t\u012bgs, salona kvalit\u0101tes p\u0101rkl\u0101jums katr\u0101 lieto\u0161anas reiz\u0113.<\/p>\n<p>\u2013 Ilgsto\u0161a notur\u012bba vair\u0101k nek\u0101 20 dienas bez izbal\u0113\u0161anas.<\/p>\n<p>\u2013 Vienk\u0101r\u0161a uzkl\u0101\u0161ana, bez skr\u0101p\u0113jumiem, at\u0161\u0137el\u0161an\u0101s vai izsm\u0113r\u0113\u0161an\u0101s.<\/p>\n<p>\u2013 Bez smar\u017eas: izbaudiet svaigu uzkl\u0101\u0161anas pieredzi.<\/p>\n<p>\u2013 Nav test\u0113ts uz dz\u012bvniekiem un ir videi draudz\u012bgs.<\/p>\n<p>\u2013 Sertific\u0113ts un p\u0101rbaud\u012bts: atbilst augst\u0101kajiem kvalit\u0101tes standartiem.<span class=\"Apple-converted-space\">\u00a0<\/span><\/p>\n<p>\u2013 Saciet\u0113 60 sekund\u0113s (LED) \/ 99 sekund\u0113s (zema temperat\u016bra) \u2013 \u0101tra un elast\u012bga \u017e\u016b\u0161ana<span class=\"Apple-converted-space\">\u00a0<\/span><\/p>\n<p>\u2013 Ilgsto\u0161s un notur\u012bgs rezult\u0101ts.<\/p>\n<p><b>Sast\u0101vda\u013cas:<\/b><\/p>\n<ul>\n<li>Acrylates Copolymer<\/li>\n<li>2-Hydroxyethyl Methacrylate<\/li>\n<li>Isopropyl Alcohol<\/li>\n<li>Hydroxycyclohexyl Phenyl Ketone<\/li>\n<li>Hydroxypropyl methacrylate<\/li>\n<li>Dimethicone<\/li>\n<li>Pigment<\/li>\n<\/ul>\n<p><b>Tilpums:<\/b><\/p>\n<p>15 ml (0,5 fl. oz)<\/p>\n","protected":false},"excerpt":{"rendered":"<p>Iegremd\u0113jies \u201cLychee Jam\u201d maigum\u0101 \u2013 caursp\u012bd\u012bga vitr\u0101\u017eas g\u0113la laka kora\u013c\u013cu sarkan\u0101 ton\u012b, kas pies\u0101tin\u0101ta ar aug\u013cu nekt\u0101ru un maigu izsmalcin\u0101t\u012bbu.<\/p>\n","protected":false},"featured_media":20448,"template":"","meta":{"_acf_changed":false},"product_brand":[],"product_cat":[157,154,509,503,501,531],"product_tag":[],"class_list":{"0":"post-17153","1":"product","2":"type-product","3":"status-publish","4":"has-post-thumbnail","6":"product_cat-gela-lakas","7":"product_cat-luxe-gel-professional-lv","8":"product_cat-bez-hema","9":"product_cat-koshie-toni","10":"product_cat-visi-toni","11":"product_cat-vitrazas-glass","13":"first","14":"instock","15":"sale","16":"shipping-taxable","17":"purchasable","18":"product-type-simple"},"acf":[],"yoast_head":"<!-- This site is optimized with the Yoast SEO plugin v23.8 - https:\/\/yoast.com\/wordpress\/plugins\/seo\/ -->\n<title>LYCHEE JAM \u2013 GLASS (BEZ HEMA) - LUXE GEL PROFESSIONAL\u2122<\/title>\n<meta name=\"robots\" content=\"index, follow, max-snippet:-1, max-image-preview:large, max-video-preview:-1\" \/>\n<link rel=\"canonical\" href=\"https:\/\/luxegel.lv\/lv\/product-lv\/lychee-jam-glass\/\" \/>\n<meta property=\"og:locale\" content=\"lv_LV\" \/>\n<meta property=\"og:type\" content=\"article\" \/>\n<meta property=\"og:title\" content=\"LYCHEE JAM \u2013 GLASS (BEZ HEMA) - LUXE GEL PROFESSIONAL\u2122\" \/>\n<meta property=\"og:description\" content=\"Iegremd\u0113jies \u201cLychee Jam\u201d maigum\u0101 \u2013 caursp\u012bd\u012bga vitr\u0101\u017eas g\u0113la laka kora\u013c\u013cu sarkan\u0101 ton\u012b, kas pies\u0101tin\u0101ta ar aug\u013cu nekt\u0101ru un maigu izsmalcin\u0101t\u012bbu.\" \/>\n<meta property=\"og:url\" content=\"https:\/\/luxegel.lv\/lv\/product-lv\/lychee-jam-glass\/\" \/>\n<meta property=\"og:site_name\" content=\"LUXE GEL PROFESSIONAL\u2122\" \/>\n<meta property=\"article:modified_time\" content=\"2026-01-20T12:38:04+00:00\" \/>\n<meta property=\"og:image\" content=\"https:\/\/luxegel.lv\/wp-content\/uploads\/2025\/07\/LYCHEEJAM.png.webp\" \/>\n\t<meta property=\"og:image:width\" content=\"750\" \/>\n\t<meta property=\"og:image:height\" content=\"750\" \/>\n\t<meta property=\"og:image:type\" content=\"image\/webp\" \/>\n<meta name=\"twitter:card\" content=\"summary_large_image\" \/>\n<meta name=\"twitter:label1\" content=\"Est. reading time\" \/>\n\t<meta name=\"twitter:data1\" content=\"1 minute\" \/>\n<script type=\"application\/ld+json\" class=\"yoast-schema-graph\">{\"@context\":\"https:\/\/schema.org\",\"@graph\":[{\"@type\":\"WebPage\",\"@id\":\"https:\/\/luxegel.lv\/lv\/product-lv\/lychee-jam-glass\/\",\"url\":\"https:\/\/luxegel.lv\/lv\/product-lv\/lychee-jam-glass\/\",\"name\":\"LYCHEE JAM \u2013 GLASS (BEZ HEMA) - LUXE GEL PROFESSIONAL\u2122\",\"isPartOf\":{\"@id\":\"https:\/\/luxegel.lv\/lv\/#website\"},\"primaryImageOfPage\":{\"@id\":\"https:\/\/luxegel.lv\/lv\/product-lv\/lychee-jam-glass\/#primaryimage\"},\"image\":{\"@id\":\"https:\/\/luxegel.lv\/lv\/product-lv\/lychee-jam-glass\/#primaryimage\"},\"thumbnailUrl\":\"https:\/\/luxegel.lv\/wp-content\/uploads\/2025\/07\/LYCHEEJAM.png.webp\",\"datePublished\":\"2025-07-15T12:25:08+00:00\",\"dateModified\":\"2026-01-20T12:38:04+00:00\",\"breadcrumb\":{\"@id\":\"https:\/\/luxegel.lv\/lv\/product-lv\/lychee-jam-glass\/#breadcrumb\"},\"inLanguage\":\"lv-LV\",\"potentialAction\":[{\"@type\":\"ReadAction\",\"target\":[\"https:\/\/luxegel.lv\/lv\/product-lv\/lychee-jam-glass\/\"]}]},{\"@type\":\"ImageObject\",\"inLanguage\":\"lv-LV\",\"@id\":\"https:\/\/luxegel.lv\/lv\/product-lv\/lychee-jam-glass\/#primaryimage\",\"url\":\"https:\/\/luxegel.lv\/wp-content\/uploads\/2025\/07\/LYCHEEJAM.png.webp\",\"contentUrl\":\"https:\/\/luxegel.lv\/wp-content\/uploads\/2025\/07\/LYCHEEJAM.png.webp\",\"width\":750,\"height\":750},{\"@type\":\"BreadcrumbList\",\"@id\":\"https:\/\/luxegel.lv\/lv\/product-lv\/lychee-jam-glass\/#breadcrumb\",\"itemListElement\":[{\"@type\":\"ListItem\",\"position\":1,\"name\":\"Galven\u0101\",\"item\":\"https:\/\/luxegel.lv\/lv\/\"},{\"@type\":\"ListItem\",\"position\":2,\"name\":\"Veikals\",\"item\":\"https:\/\/luxegel.lv\/lv\/veikals\/\"},{\"@type\":\"ListItem\",\"position\":3,\"name\":\"LYCHEE JAM \u2013 GLASS (BEZ HEMA)\"}]},{\"@type\":\"WebSite\",\"@id\":\"https:\/\/luxegel.lv\/lv\/#website\",\"url\":\"https:\/\/luxegel.lv\/lv\/\",\"name\":\"LUXE GEL PROFESSIONAL\u2122\",\"description\":\"is a leading nail brand on the European market. Luxe Gel currently stock over 500 products including over 350 shades of gel polish, a complete builder gel system and our famous structure base.\",\"potentialAction\":[{\"@type\":\"SearchAction\",\"target\":{\"@type\":\"EntryPoint\",\"urlTemplate\":\"https:\/\/luxegel.lv\/lv\/?s={search_term_string}\"},\"query-input\":{\"@type\":\"PropertyValueSpecification\",\"valueRequired\":true,\"valueName\":\"search_term_string\"}}],\"inLanguage\":\"lv-LV\"}]}<\/script>\n<!-- \/ Yoast SEO plugin. -->","yoast_head_json":{"title":"LYCHEE JAM \u2013 GLASS (BEZ HEMA) - LUXE GEL PROFESSIONAL\u2122","robots":{"index":"index","follow":"follow","max-snippet":"max-snippet:-1","max-image-preview":"max-image-preview:large","max-video-preview":"max-video-preview:-1"},"canonical":"https:\/\/luxegel.lv\/lv\/product-lv\/lychee-jam-glass\/","og_locale":"lv_LV","og_type":"article","og_title":"LYCHEE JAM \u2013 GLASS (BEZ HEMA) - LUXE GEL PROFESSIONAL\u2122","og_description":"Iegremd\u0113jies \u201cLychee Jam\u201d maigum\u0101 \u2013 caursp\u012bd\u012bga vitr\u0101\u017eas g\u0113la laka kora\u013c\u013cu sarkan\u0101 ton\u012b, kas pies\u0101tin\u0101ta ar aug\u013cu nekt\u0101ru un maigu izsmalcin\u0101t\u012bbu.","og_url":"https:\/\/luxegel.lv\/lv\/product-lv\/lychee-jam-glass\/","og_site_name":"LUXE GEL PROFESSIONAL\u2122","article_modified_time":"2026-01-20T12:38:04+00:00","og_image":[{"width":750,"height":750,"url":"https:\/\/luxegel.lv\/wp-content\/uploads\/2025\/07\/LYCHEEJAM.png.webp","type":"image\/webp"}],"twitter_card":"summary_large_image","twitter_misc":{"Est. reading time":"1 minute"},"schema":{"@context":"https:\/\/schema.org","@graph":[{"@type":"WebPage","@id":"https:\/\/luxegel.lv\/lv\/product-lv\/lychee-jam-glass\/","url":"https:\/\/luxegel.lv\/lv\/product-lv\/lychee-jam-glass\/","name":"LYCHEE JAM \u2013 GLASS (BEZ HEMA) - LUXE GEL PROFESSIONAL\u2122","isPartOf":{"@id":"https:\/\/luxegel.lv\/lv\/#website"},"primaryImageOfPage":{"@id":"https:\/\/luxegel.lv\/lv\/product-lv\/lychee-jam-glass\/#primaryimage"},"image":{"@id":"https:\/\/luxegel.lv\/lv\/product-lv\/lychee-jam-glass\/#primaryimage"},"thumbnailUrl":"https:\/\/luxegel.lv\/wp-content\/uploads\/2025\/07\/LYCHEEJAM.png.webp","datePublished":"2025-07-15T12:25:08+00:00","dateModified":"2026-01-20T12:38:04+00:00","breadcrumb":{"@id":"https:\/\/luxegel.lv\/lv\/product-lv\/lychee-jam-glass\/#breadcrumb"},"inLanguage":"lv-LV","potentialAction":[{"@type":"ReadAction","target":["https:\/\/luxegel.lv\/lv\/product-lv\/lychee-jam-glass\/"]}]},{"@type":"ImageObject","inLanguage":"lv-LV","@id":"https:\/\/luxegel.lv\/lv\/product-lv\/lychee-jam-glass\/#primaryimage","url":"https:\/\/luxegel.lv\/wp-content\/uploads\/2025\/07\/LYCHEEJAM.png.webp","contentUrl":"https:\/\/luxegel.lv\/wp-content\/uploads\/2025\/07\/LYCHEEJAM.png.webp","width":750,"height":750},{"@type":"BreadcrumbList","@id":"https:\/\/luxegel.lv\/lv\/product-lv\/lychee-jam-glass\/#breadcrumb","itemListElement":[{"@type":"ListItem","position":1,"name":"Galven\u0101","item":"https:\/\/luxegel.lv\/lv\/"},{"@type":"ListItem","position":2,"name":"Veikals","item":"https:\/\/luxegel.lv\/lv\/veikals\/"},{"@type":"ListItem","position":3,"name":"LYCHEE JAM \u2013 GLASS (BEZ HEMA)"}]},{"@type":"WebSite","@id":"https:\/\/luxegel.lv\/lv\/#website","url":"https:\/\/luxegel.lv\/lv\/","name":"LUXE GEL PROFESSIONAL\u2122","description":"is a leading nail brand on the European market. Luxe Gel currently stock over 500 products including over 350 shades of gel polish, a complete builder gel system and our famous structure base.","potentialAction":[{"@type":"SearchAction","target":{"@type":"EntryPoint","urlTemplate":"https:\/\/luxegel.lv\/lv\/?s={search_term_string}"},"query-input":{"@type":"PropertyValueSpecification","valueRequired":true,"valueName":"search_term_string"}}],"inLanguage":"lv-LV"}]}},"_links":{"self":[{"href":"https:\/\/luxegel.lv\/lv\/wp-json\/wp\/v2\/product\/17153","targetHints":{"allow":["GET"]}}],"collection":[{"href":"https:\/\/luxegel.lv\/lv\/wp-json\/wp\/v2\/product"}],"about":[{"href":"https:\/\/luxegel.lv\/lv\/wp-json\/wp\/v2\/types\/product"}],"version-history":[{"count":4,"href":"https:\/\/luxegel.lv\/lv\/wp-json\/wp\/v2\/product\/17153\/revisions"}],"predecessor-version":[{"id":21907,"href":"https:\/\/luxegel.lv\/lv\/wp-json\/wp\/v2\/product\/17153\/revisions\/21907"}],"wp:featuredmedia":[{"embeddable":true,"href":"https:\/\/luxegel.lv\/lv\/wp-json\/wp\/v2\/media\/20448"}],"wp:attachment":[{"href":"https:\/\/luxegel.lv\/lv\/wp-json\/wp\/v2\/media?parent=17153"}],"wp:term":[{"taxonomy":"product_brand","embeddable":true,"href":"https:\/\/luxegel.lv\/lv\/wp-json\/wp\/v2\/product_brand?post=17153"},{"taxonomy":"product_cat","embeddable":true,"href":"https:\/\/luxegel.lv\/lv\/wp-json\/wp\/v2\/product_cat?post=17153"},{"taxonomy":"product_tag","embeddable":true,"href":"https:\/\/luxegel.lv\/lv\/wp-json\/wp\/v2\/product_tag?post=17153"}],"curies":[{"name":"wp","href":"https:\/\/api.w.org\/{rel}","templated":true}]}}