{"id":17131,"date":"2025-07-15T12:15:07","date_gmt":"2025-07-15T12:15:07","guid":{"rendered":"https:\/\/luxegel.lv\/?post_type=product&#038;p=17131"},"modified":"2026-01-20T11:40:34","modified_gmt":"2026-01-20T11:40:34","slug":"pink-pearl-jam-glass","status":"publish","type":"product","link":"https:\/\/luxegel.lv\/lv\/product-lv\/pink-pearl-jam-glass\/","title":{"rendered":"PINK PEARL JAM \u2013 GLASS (BEZ HEMA)"},"content":{"rendered":"<p><strong>Izbaudi \u201cPink Pearl Jam\u201d saldumu \u2013 maiga vitr\u0101\u017eas g\u0113la laka paste\u013croz\u0101 ton\u012b ar cukura sp\u012bdumu. K\u0101 maigi s\u0101rta iev\u0101r\u012bjuma mirdzums, kas tver gaismu, \u0161is gais\u012bgais tonis staro ar \u017eelejas dzidrumu un maigu sp\u012bdumu. Moderna konfek\u0161u glaz\u016bra gan sap\u0146ot\u0101jiem, gan romanti\u0137iem.<\/strong><\/p>\n<p><b>Galven\u0101s \u012bpa\u0161\u012bbas:<\/b><\/p>\n<p>\u2013 Bez HEMA<\/p>\n<p>\u2013 Profesion\u0101las kvalit\u0101tes, \u0101dai draudz\u012bga g\u0113la sist\u0113ma BEZ TPO<\/p>\n<p>\u2013 100% g\u0113la formula: bag\u0101t\u012bgs, salona kvalit\u0101tes p\u0101rkl\u0101jums katr\u0101 lieto\u0161anas reiz\u0113.<\/p>\n<p>\u2013 Ilgsto\u0161a notur\u012bba vair\u0101k nek\u0101 20 dienas bez izbal\u0113\u0161anas.<\/p>\n<p>\u2013 Vienk\u0101r\u0161a uzkl\u0101\u0161ana, bez skr\u0101p\u0113jumiem, at\u0161\u0137el\u0161an\u0101s vai izsm\u0113r\u0113\u0161an\u0101s.<\/p>\n<p>\u2013 Bez smar\u017eas: izbaudiet svaigu uzkl\u0101\u0161anas pieredzi.<\/p>\n<p>\u2013 Nav test\u0113ts uz dz\u012bvniekiem un ir videi draudz\u012bgs.<\/p>\n<p>\u2013 Sertific\u0113ts un p\u0101rbaud\u012bts: atbilst augst\u0101kajiem kvalit\u0101tes standartiem.<span class=\"Apple-converted-space\">\u00a0<\/span><\/p>\n<p>\u2013 Saciet\u0113 60 sekund\u0113s (LED) \/ 99 sekund\u0113s (zema temperat\u016bra) \u2013 \u0101tra un elast\u012bga \u017e\u016b\u0161ana<span class=\"Apple-converted-space\">\u00a0<\/span><\/p>\n<p>\u2013 Ilgsto\u0161s un notur\u012bgs rezult\u0101ts.<\/p>\n<p><b>Sast\u0101vda\u013cas:<\/b><\/p>\n<ul>\n<li>Acrylates Copolymer<\/li>\n<li>2-Hydroxyethyl Methacrylate<\/li>\n<li>Isopropyl Alcohol<\/li>\n<li>Hydroxycyclohexyl Phenyl Ketone<\/li>\n<li>Hydroxypropyl methacrylate<\/li>\n<li>Dimethicone<\/li>\n<li>Pigment<\/li>\n<\/ul>\n<p><b>Tilpums:<\/b><\/p>\n<p>15 ml (0,5 fl. oz)<\/p>\n","protected":false},"excerpt":{"rendered":"<p>Izbaudi \u201cPink Pearl Jam\u201d saldumu \u2013 maiga vitr\u0101\u017eas g\u0113la laka paste\u013croz\u0101 ton\u012b ar cukura sp\u012bdumu. K\u0101 maigi s\u0101rta iev\u0101r\u012bjuma mirdzums,<\/p>\n","protected":false},"featured_media":20422,"template":"","meta":{"_acf_changed":false},"product_brand":[],"product_cat":[157,154,509,503,501,531],"product_tag":[],"class_list":{"0":"post-17131","1":"product","2":"type-product","3":"status-publish","4":"has-post-thumbnail","6":"product_cat-gela-lakas","7":"product_cat-luxe-gel-professional-lv","8":"product_cat-bez-hema","9":"product_cat-koshie-toni","10":"product_cat-visi-toni","11":"product_cat-vitrazas-glass","13":"first","14":"instock","15":"sale","16":"shipping-taxable","17":"purchasable","18":"product-type-simple"},"acf":[],"yoast_head":"<!-- This site is optimized with the Yoast SEO plugin v23.8 - https:\/\/yoast.com\/wordpress\/plugins\/seo\/ -->\n<title>PINK PEARL JAM \u2013 GLASS (BEZ HEMA) - LUXE GEL PROFESSIONAL\u2122<\/title>\n<meta name=\"robots\" content=\"index, follow, max-snippet:-1, max-image-preview:large, max-video-preview:-1\" \/>\n<link rel=\"canonical\" href=\"https:\/\/luxegel.lv\/lv\/product-lv\/pink-pearl-jam-glass\/\" \/>\n<meta property=\"og:locale\" content=\"lv_LV\" \/>\n<meta property=\"og:type\" content=\"article\" \/>\n<meta property=\"og:title\" content=\"PINK PEARL JAM \u2013 GLASS (BEZ HEMA) - LUXE GEL PROFESSIONAL\u2122\" \/>\n<meta property=\"og:description\" content=\"Izbaudi \u201cPink Pearl Jam\u201d saldumu \u2013 maiga vitr\u0101\u017eas g\u0113la laka paste\u013croz\u0101 ton\u012b ar cukura sp\u012bdumu. K\u0101 maigi s\u0101rta iev\u0101r\u012bjuma mirdzums,\" \/>\n<meta property=\"og:url\" content=\"https:\/\/luxegel.lv\/lv\/product-lv\/pink-pearl-jam-glass\/\" \/>\n<meta property=\"og:site_name\" content=\"LUXE GEL PROFESSIONAL\u2122\" \/>\n<meta property=\"article:modified_time\" content=\"2026-01-20T11:40:34+00:00\" \/>\n<meta property=\"og:image\" content=\"https:\/\/luxegel.lv\/wp-content\/uploads\/2025\/07\/PINKPEARLJAM.png.webp\" \/>\n\t<meta property=\"og:image:width\" content=\"750\" \/>\n\t<meta property=\"og:image:height\" content=\"750\" \/>\n\t<meta property=\"og:image:type\" content=\"image\/webp\" \/>\n<meta name=\"twitter:card\" content=\"summary_large_image\" \/>\n<meta name=\"twitter:label1\" content=\"Est. reading time\" \/>\n\t<meta name=\"twitter:data1\" content=\"1 minute\" \/>\n<script type=\"application\/ld+json\" class=\"yoast-schema-graph\">{\"@context\":\"https:\/\/schema.org\",\"@graph\":[{\"@type\":\"WebPage\",\"@id\":\"https:\/\/luxegel.lv\/lv\/product-lv\/pink-pearl-jam-glass\/\",\"url\":\"https:\/\/luxegel.lv\/lv\/product-lv\/pink-pearl-jam-glass\/\",\"name\":\"PINK PEARL JAM \u2013 GLASS (BEZ HEMA) - LUXE GEL PROFESSIONAL\u2122\",\"isPartOf\":{\"@id\":\"https:\/\/luxegel.lv\/lv\/#website\"},\"primaryImageOfPage\":{\"@id\":\"https:\/\/luxegel.lv\/lv\/product-lv\/pink-pearl-jam-glass\/#primaryimage\"},\"image\":{\"@id\":\"https:\/\/luxegel.lv\/lv\/product-lv\/pink-pearl-jam-glass\/#primaryimage\"},\"thumbnailUrl\":\"https:\/\/luxegel.lv\/wp-content\/uploads\/2025\/07\/PINKPEARLJAM.png.webp\",\"datePublished\":\"2025-07-15T12:15:07+00:00\",\"dateModified\":\"2026-01-20T11:40:34+00:00\",\"breadcrumb\":{\"@id\":\"https:\/\/luxegel.lv\/lv\/product-lv\/pink-pearl-jam-glass\/#breadcrumb\"},\"inLanguage\":\"lv-LV\",\"potentialAction\":[{\"@type\":\"ReadAction\",\"target\":[\"https:\/\/luxegel.lv\/lv\/product-lv\/pink-pearl-jam-glass\/\"]}]},{\"@type\":\"ImageObject\",\"inLanguage\":\"lv-LV\",\"@id\":\"https:\/\/luxegel.lv\/lv\/product-lv\/pink-pearl-jam-glass\/#primaryimage\",\"url\":\"https:\/\/luxegel.lv\/wp-content\/uploads\/2025\/07\/PINKPEARLJAM.png.webp\",\"contentUrl\":\"https:\/\/luxegel.lv\/wp-content\/uploads\/2025\/07\/PINKPEARLJAM.png.webp\",\"width\":750,\"height\":750},{\"@type\":\"BreadcrumbList\",\"@id\":\"https:\/\/luxegel.lv\/lv\/product-lv\/pink-pearl-jam-glass\/#breadcrumb\",\"itemListElement\":[{\"@type\":\"ListItem\",\"position\":1,\"name\":\"Galven\u0101\",\"item\":\"https:\/\/luxegel.lv\/lv\/\"},{\"@type\":\"ListItem\",\"position\":2,\"name\":\"Veikals\",\"item\":\"https:\/\/luxegel.lv\/lv\/veikals\/\"},{\"@type\":\"ListItem\",\"position\":3,\"name\":\"PINK PEARL JAM \u2013 GLASS (BEZ HEMA)\"}]},{\"@type\":\"WebSite\",\"@id\":\"https:\/\/luxegel.lv\/lv\/#website\",\"url\":\"https:\/\/luxegel.lv\/lv\/\",\"name\":\"LUXE GEL PROFESSIONAL\u2122\",\"description\":\"is a leading nail brand on the European market. Luxe Gel currently stock over 500 products including over 350 shades of gel polish, a complete builder gel system and our famous structure base.\",\"potentialAction\":[{\"@type\":\"SearchAction\",\"target\":{\"@type\":\"EntryPoint\",\"urlTemplate\":\"https:\/\/luxegel.lv\/lv\/?s={search_term_string}\"},\"query-input\":{\"@type\":\"PropertyValueSpecification\",\"valueRequired\":true,\"valueName\":\"search_term_string\"}}],\"inLanguage\":\"lv-LV\"}]}<\/script>\n<!-- \/ Yoast SEO plugin. -->","yoast_head_json":{"title":"PINK PEARL JAM \u2013 GLASS (BEZ HEMA) - LUXE GEL PROFESSIONAL\u2122","robots":{"index":"index","follow":"follow","max-snippet":"max-snippet:-1","max-image-preview":"max-image-preview:large","max-video-preview":"max-video-preview:-1"},"canonical":"https:\/\/luxegel.lv\/lv\/product-lv\/pink-pearl-jam-glass\/","og_locale":"lv_LV","og_type":"article","og_title":"PINK PEARL JAM \u2013 GLASS (BEZ HEMA) - LUXE GEL PROFESSIONAL\u2122","og_description":"Izbaudi \u201cPink Pearl Jam\u201d saldumu \u2013 maiga vitr\u0101\u017eas g\u0113la laka paste\u013croz\u0101 ton\u012b ar cukura sp\u012bdumu. K\u0101 maigi s\u0101rta iev\u0101r\u012bjuma mirdzums,","og_url":"https:\/\/luxegel.lv\/lv\/product-lv\/pink-pearl-jam-glass\/","og_site_name":"LUXE GEL PROFESSIONAL\u2122","article_modified_time":"2026-01-20T11:40:34+00:00","og_image":[{"width":750,"height":750,"url":"https:\/\/luxegel.lv\/wp-content\/uploads\/2025\/07\/PINKPEARLJAM.png.webp","type":"image\/webp"}],"twitter_card":"summary_large_image","twitter_misc":{"Est. reading time":"1 minute"},"schema":{"@context":"https:\/\/schema.org","@graph":[{"@type":"WebPage","@id":"https:\/\/luxegel.lv\/lv\/product-lv\/pink-pearl-jam-glass\/","url":"https:\/\/luxegel.lv\/lv\/product-lv\/pink-pearl-jam-glass\/","name":"PINK PEARL JAM \u2013 GLASS (BEZ HEMA) - LUXE GEL PROFESSIONAL\u2122","isPartOf":{"@id":"https:\/\/luxegel.lv\/lv\/#website"},"primaryImageOfPage":{"@id":"https:\/\/luxegel.lv\/lv\/product-lv\/pink-pearl-jam-glass\/#primaryimage"},"image":{"@id":"https:\/\/luxegel.lv\/lv\/product-lv\/pink-pearl-jam-glass\/#primaryimage"},"thumbnailUrl":"https:\/\/luxegel.lv\/wp-content\/uploads\/2025\/07\/PINKPEARLJAM.png.webp","datePublished":"2025-07-15T12:15:07+00:00","dateModified":"2026-01-20T11:40:34+00:00","breadcrumb":{"@id":"https:\/\/luxegel.lv\/lv\/product-lv\/pink-pearl-jam-glass\/#breadcrumb"},"inLanguage":"lv-LV","potentialAction":[{"@type":"ReadAction","target":["https:\/\/luxegel.lv\/lv\/product-lv\/pink-pearl-jam-glass\/"]}]},{"@type":"ImageObject","inLanguage":"lv-LV","@id":"https:\/\/luxegel.lv\/lv\/product-lv\/pink-pearl-jam-glass\/#primaryimage","url":"https:\/\/luxegel.lv\/wp-content\/uploads\/2025\/07\/PINKPEARLJAM.png.webp","contentUrl":"https:\/\/luxegel.lv\/wp-content\/uploads\/2025\/07\/PINKPEARLJAM.png.webp","width":750,"height":750},{"@type":"BreadcrumbList","@id":"https:\/\/luxegel.lv\/lv\/product-lv\/pink-pearl-jam-glass\/#breadcrumb","itemListElement":[{"@type":"ListItem","position":1,"name":"Galven\u0101","item":"https:\/\/luxegel.lv\/lv\/"},{"@type":"ListItem","position":2,"name":"Veikals","item":"https:\/\/luxegel.lv\/lv\/veikals\/"},{"@type":"ListItem","position":3,"name":"PINK PEARL JAM \u2013 GLASS (BEZ HEMA)"}]},{"@type":"WebSite","@id":"https:\/\/luxegel.lv\/lv\/#website","url":"https:\/\/luxegel.lv\/lv\/","name":"LUXE GEL PROFESSIONAL\u2122","description":"is a leading nail brand on the European market. Luxe Gel currently stock over 500 products including over 350 shades of gel polish, a complete builder gel system and our famous structure base.","potentialAction":[{"@type":"SearchAction","target":{"@type":"EntryPoint","urlTemplate":"https:\/\/luxegel.lv\/lv\/?s={search_term_string}"},"query-input":{"@type":"PropertyValueSpecification","valueRequired":true,"valueName":"search_term_string"}}],"inLanguage":"lv-LV"}]}},"_links":{"self":[{"href":"https:\/\/luxegel.lv\/lv\/wp-json\/wp\/v2\/product\/17131","targetHints":{"allow":["GET"]}}],"collection":[{"href":"https:\/\/luxegel.lv\/lv\/wp-json\/wp\/v2\/product"}],"about":[{"href":"https:\/\/luxegel.lv\/lv\/wp-json\/wp\/v2\/types\/product"}],"version-history":[{"count":4,"href":"https:\/\/luxegel.lv\/lv\/wp-json\/wp\/v2\/product\/17131\/revisions"}],"predecessor-version":[{"id":21883,"href":"https:\/\/luxegel.lv\/lv\/wp-json\/wp\/v2\/product\/17131\/revisions\/21883"}],"wp:featuredmedia":[{"embeddable":true,"href":"https:\/\/luxegel.lv\/lv\/wp-json\/wp\/v2\/media\/20422"}],"wp:attachment":[{"href":"https:\/\/luxegel.lv\/lv\/wp-json\/wp\/v2\/media?parent=17131"}],"wp:term":[{"taxonomy":"product_brand","embeddable":true,"href":"https:\/\/luxegel.lv\/lv\/wp-json\/wp\/v2\/product_brand?post=17131"},{"taxonomy":"product_cat","embeddable":true,"href":"https:\/\/luxegel.lv\/lv\/wp-json\/wp\/v2\/product_cat?post=17131"},{"taxonomy":"product_tag","embeddable":true,"href":"https:\/\/luxegel.lv\/lv\/wp-json\/wp\/v2\/product_tag?post=17131"}],"curies":[{"name":"wp","href":"https:\/\/api.w.org\/{rel}","templated":true}]}}