{"id":16842,"date":"2025-07-01T13:49:44","date_gmt":"2025-07-01T13:49:44","guid":{"rendered":"https:\/\/luxegel.lv\/?post_type=product&#038;p=16842"},"modified":"2026-01-22T10:10:08","modified_gmt":"2026-01-22T10:10:08","slug":"poolside-kakacs","status":"publish","type":"product","link":"https:\/\/luxegel.lv\/lv\/product-lv\/poolside-kakacs\/","title":{"rendered":"POOLSIDE &#8211; KA\u0136ACS (BEZ HEMA)"},"content":{"rendered":"<p>Iemalko \u201cPoolside\u201d svaigumu \u2013 dzestrs tirk\u012bzzils ka\u0137acs g\u0113la lakas tonis ar \u016bdens valdzin\u0101jumu un viegluma saj\u016btu. Iedvesmots no dzirksto\u0161a zil\u0101 \u016bdens un saulain\u0101m br\u012bvdien\u0101m, \u0161is atsvaidzino\u0161ais tonis mirdz ar viegli met\u0101lisku sp\u012bdumu, kas atg\u0101dina saules starus uz mier\u012bga \u016bdens. G\u0113la lakas magn\u0113tisk\u0101 l\u012bnija viegli sl\u012bd p\u0101ri nagam, veidojot vi\u013c\u0146veida efektu, kas vienlaikus ir nomierino\u0161s un izteiksm\u012bgs. No atp\u016btas pie baseina l\u012bdz nakts peld\u0113m \u2013 \u201cPoolside\u201d sniedz spilgtu un neaizmirstamu kr\u0101su akcentu.<\/p>\n<p><b>Galven\u0101s \u012bpa\u0161\u012bbas:<\/b><\/p>\n<p>\u2013 Bez HEMA<\/p>\n<p>\u2013 Profesion\u0101las kvalit\u0101tes, \u0101dai draudz\u012bga g\u0113la sist\u0113ma BEZ TPO<\/p>\n<p>\u2013 100% g\u0113la formula: bag\u0101t\u012bgs, salona kvalit\u0101tes p\u0101rkl\u0101jums katr\u0101 lieto\u0161anas reiz\u0113.<\/p>\n<p>\u2013 Ilgsto\u0161a notur\u012bba vair\u0101k nek\u0101 20 dienas bez izbal\u0113\u0161anas.<\/p>\n<p>\u2013 Vienk\u0101r\u0161a uzkl\u0101\u0161ana, bez skr\u0101p\u0113jumiem, at\u0161\u0137el\u0161an\u0101s vai izsm\u0113r\u0113\u0161an\u0101s.<\/p>\n<p>\u2013 Bez smar\u017eas: izbaudiet svaigu uzkl\u0101\u0161anas pieredzi.<\/p>\n<p>\u2013 Nav test\u0113ts uz dz\u012bvniekiem un ir videi draudz\u012bgs.<\/p>\n<p>\u2013 Sertific\u0113ts un p\u0101rbaud\u012bts: atbilst augst\u0101kajiem kvalit\u0101tes standartiem.<span class=\"Apple-converted-space\">\u00a0<\/span><\/p>\n<p>\u2013 Saciet\u0113 60 sekund\u0113s (LED) \/ 99 sekund\u0113s (zema temperat\u016bra) \u2013 \u0101tra un elast\u012bga \u017e\u016b\u0161ana<span class=\"Apple-converted-space\">\u00a0<\/span><\/p>\n<p>\u2013 Ilgsto\u0161s un notur\u012bgs rezult\u0101ts.<\/p>\n<p><b>Sast\u0101vda\u013cas:<\/b><\/p>\n<ul>\n<li>Acrylates Copolymer<\/li>\n<li>2-Hydroxyethyl Methacrylate<\/li>\n<li>Isopropyl Alcohol<\/li>\n<li>Hydroxycyclohexyl Phenyl Ketone<\/li>\n<li>Hydroxypropyl methacrylate<\/li>\n<li>Dimethicone<\/li>\n<li>Pigment<\/li>\n<\/ul>\n<p><b>Tilpums:<\/b><\/p>\n<p>15 ml (0,5 fl. oz)<\/p>\n","protected":false},"excerpt":{"rendered":"<p>Iemalko \u201cPoolside\u201d svaigumu \u2013 dzestrs tirk\u012bzzils ka\u0137acs g\u0113la lakas tonis ar \u016bdens valdzin\u0101jumu un viegluma saj\u016btu. Iedvesmots no dzirksto\u0161a zil\u0101<\/p>\n","protected":false},"featured_media":16845,"template":"","meta":{"_acf_changed":false},"product_brand":[],"product_cat":[157,154,509,534,503,507,501],"product_tag":[],"class_list":{"0":"post-16842","1":"product","2":"type-product","3":"status-publish","4":"has-post-thumbnail","6":"product_cat-gela-lakas","7":"product_cat-luxe-gel-professional-lv","8":"product_cat-bez-hema","9":"product_cat-kakacs","10":"product_cat-koshie-toni","11":"product_cat-toni-ar-gliteriem","12":"product_cat-visi-toni","14":"first","15":"instock","16":"shipping-taxable","17":"purchasable","18":"product-type-simple"},"acf":[],"yoast_head":"<!-- This site is optimized with the Yoast SEO plugin v23.8 - https:\/\/yoast.com\/wordpress\/plugins\/seo\/ -->\n<title>POOLSIDE - KA\u0136ACS (BEZ HEMA) - LUXE GEL PROFESSIONAL\u2122<\/title>\n<meta name=\"robots\" content=\"index, follow, max-snippet:-1, max-image-preview:large, max-video-preview:-1\" \/>\n<link rel=\"canonical\" href=\"https:\/\/luxegel.lv\/lv\/product-lv\/poolside-kakacs\/\" \/>\n<meta property=\"og:locale\" content=\"lv_LV\" \/>\n<meta property=\"og:type\" content=\"article\" \/>\n<meta property=\"og:title\" content=\"POOLSIDE - KA\u0136ACS (BEZ HEMA) - LUXE GEL PROFESSIONAL\u2122\" \/>\n<meta property=\"og:description\" content=\"Iemalko \u201cPoolside\u201d svaigumu \u2013 dzestrs tirk\u012bzzils ka\u0137acs g\u0113la lakas tonis ar \u016bdens valdzin\u0101jumu un viegluma saj\u016btu. Iedvesmots no dzirksto\u0161a zil\u0101\" \/>\n<meta property=\"og:url\" content=\"https:\/\/luxegel.lv\/lv\/product-lv\/poolside-kakacs\/\" \/>\n<meta property=\"og:site_name\" content=\"LUXE GEL PROFESSIONAL\u2122\" \/>\n<meta property=\"article:modified_time\" content=\"2026-01-22T10:10:08+00:00\" \/>\n<meta property=\"og:image\" content=\"https:\/\/luxegel.lv\/wp-content\/uploads\/2025\/07\/POOLSIDE.png.webp\" \/>\n\t<meta property=\"og:image:width\" content=\"750\" \/>\n\t<meta property=\"og:image:height\" content=\"750\" \/>\n\t<meta property=\"og:image:type\" content=\"image\/webp\" \/>\n<meta name=\"twitter:card\" content=\"summary_large_image\" \/>\n<meta name=\"twitter:label1\" content=\"Est. reading time\" \/>\n\t<meta name=\"twitter:data1\" content=\"2 minutes\" \/>\n<script type=\"application\/ld+json\" class=\"yoast-schema-graph\">{\"@context\":\"https:\/\/schema.org\",\"@graph\":[{\"@type\":\"WebPage\",\"@id\":\"https:\/\/luxegel.lv\/lv\/product-lv\/poolside-kakacs\/\",\"url\":\"https:\/\/luxegel.lv\/lv\/product-lv\/poolside-kakacs\/\",\"name\":\"POOLSIDE - KA\u0136ACS (BEZ HEMA) - LUXE GEL PROFESSIONAL\u2122\",\"isPartOf\":{\"@id\":\"https:\/\/luxegel.lv\/lv\/#website\"},\"primaryImageOfPage\":{\"@id\":\"https:\/\/luxegel.lv\/lv\/product-lv\/poolside-kakacs\/#primaryimage\"},\"image\":{\"@id\":\"https:\/\/luxegel.lv\/lv\/product-lv\/poolside-kakacs\/#primaryimage\"},\"thumbnailUrl\":\"https:\/\/luxegel.lv\/wp-content\/uploads\/2025\/07\/POOLSIDE.png.webp\",\"datePublished\":\"2025-07-01T13:49:44+00:00\",\"dateModified\":\"2026-01-22T10:10:08+00:00\",\"breadcrumb\":{\"@id\":\"https:\/\/luxegel.lv\/lv\/product-lv\/poolside-kakacs\/#breadcrumb\"},\"inLanguage\":\"lv-LV\",\"potentialAction\":[{\"@type\":\"ReadAction\",\"target\":[\"https:\/\/luxegel.lv\/lv\/product-lv\/poolside-kakacs\/\"]}]},{\"@type\":\"ImageObject\",\"inLanguage\":\"lv-LV\",\"@id\":\"https:\/\/luxegel.lv\/lv\/product-lv\/poolside-kakacs\/#primaryimage\",\"url\":\"https:\/\/luxegel.lv\/wp-content\/uploads\/2025\/07\/POOLSIDE.png.webp\",\"contentUrl\":\"https:\/\/luxegel.lv\/wp-content\/uploads\/2025\/07\/POOLSIDE.png.webp\",\"width\":750,\"height\":750},{\"@type\":\"BreadcrumbList\",\"@id\":\"https:\/\/luxegel.lv\/lv\/product-lv\/poolside-kakacs\/#breadcrumb\",\"itemListElement\":[{\"@type\":\"ListItem\",\"position\":1,\"name\":\"Galven\u0101\",\"item\":\"https:\/\/luxegel.lv\/lv\/\"},{\"@type\":\"ListItem\",\"position\":2,\"name\":\"Veikals\",\"item\":\"https:\/\/luxegel.lv\/lv\/veikals\/\"},{\"@type\":\"ListItem\",\"position\":3,\"name\":\"POOLSIDE &#8211; KA\u0136ACS (BEZ HEMA)\"}]},{\"@type\":\"WebSite\",\"@id\":\"https:\/\/luxegel.lv\/lv\/#website\",\"url\":\"https:\/\/luxegel.lv\/lv\/\",\"name\":\"LUXE GEL PROFESSIONAL\u2122\",\"description\":\"is a leading nail brand on the European market. Luxe Gel currently stock over 500 products including over 350 shades of gel polish, a complete builder gel system and our famous structure base.\",\"potentialAction\":[{\"@type\":\"SearchAction\",\"target\":{\"@type\":\"EntryPoint\",\"urlTemplate\":\"https:\/\/luxegel.lv\/lv\/?s={search_term_string}\"},\"query-input\":{\"@type\":\"PropertyValueSpecification\",\"valueRequired\":true,\"valueName\":\"search_term_string\"}}],\"inLanguage\":\"lv-LV\"}]}<\/script>\n<!-- \/ Yoast SEO plugin. -->","yoast_head_json":{"title":"POOLSIDE - KA\u0136ACS (BEZ HEMA) - LUXE GEL PROFESSIONAL\u2122","robots":{"index":"index","follow":"follow","max-snippet":"max-snippet:-1","max-image-preview":"max-image-preview:large","max-video-preview":"max-video-preview:-1"},"canonical":"https:\/\/luxegel.lv\/lv\/product-lv\/poolside-kakacs\/","og_locale":"lv_LV","og_type":"article","og_title":"POOLSIDE - KA\u0136ACS (BEZ HEMA) - LUXE GEL PROFESSIONAL\u2122","og_description":"Iemalko \u201cPoolside\u201d svaigumu \u2013 dzestrs tirk\u012bzzils ka\u0137acs g\u0113la lakas tonis ar \u016bdens valdzin\u0101jumu un viegluma saj\u016btu. Iedvesmots no dzirksto\u0161a zil\u0101","og_url":"https:\/\/luxegel.lv\/lv\/product-lv\/poolside-kakacs\/","og_site_name":"LUXE GEL PROFESSIONAL\u2122","article_modified_time":"2026-01-22T10:10:08+00:00","og_image":[{"width":750,"height":750,"url":"https:\/\/luxegel.lv\/wp-content\/uploads\/2025\/07\/POOLSIDE.png.webp","type":"image\/webp"}],"twitter_card":"summary_large_image","twitter_misc":{"Est. reading time":"2 minutes"},"schema":{"@context":"https:\/\/schema.org","@graph":[{"@type":"WebPage","@id":"https:\/\/luxegel.lv\/lv\/product-lv\/poolside-kakacs\/","url":"https:\/\/luxegel.lv\/lv\/product-lv\/poolside-kakacs\/","name":"POOLSIDE - KA\u0136ACS (BEZ HEMA) - LUXE GEL PROFESSIONAL\u2122","isPartOf":{"@id":"https:\/\/luxegel.lv\/lv\/#website"},"primaryImageOfPage":{"@id":"https:\/\/luxegel.lv\/lv\/product-lv\/poolside-kakacs\/#primaryimage"},"image":{"@id":"https:\/\/luxegel.lv\/lv\/product-lv\/poolside-kakacs\/#primaryimage"},"thumbnailUrl":"https:\/\/luxegel.lv\/wp-content\/uploads\/2025\/07\/POOLSIDE.png.webp","datePublished":"2025-07-01T13:49:44+00:00","dateModified":"2026-01-22T10:10:08+00:00","breadcrumb":{"@id":"https:\/\/luxegel.lv\/lv\/product-lv\/poolside-kakacs\/#breadcrumb"},"inLanguage":"lv-LV","potentialAction":[{"@type":"ReadAction","target":["https:\/\/luxegel.lv\/lv\/product-lv\/poolside-kakacs\/"]}]},{"@type":"ImageObject","inLanguage":"lv-LV","@id":"https:\/\/luxegel.lv\/lv\/product-lv\/poolside-kakacs\/#primaryimage","url":"https:\/\/luxegel.lv\/wp-content\/uploads\/2025\/07\/POOLSIDE.png.webp","contentUrl":"https:\/\/luxegel.lv\/wp-content\/uploads\/2025\/07\/POOLSIDE.png.webp","width":750,"height":750},{"@type":"BreadcrumbList","@id":"https:\/\/luxegel.lv\/lv\/product-lv\/poolside-kakacs\/#breadcrumb","itemListElement":[{"@type":"ListItem","position":1,"name":"Galven\u0101","item":"https:\/\/luxegel.lv\/lv\/"},{"@type":"ListItem","position":2,"name":"Veikals","item":"https:\/\/luxegel.lv\/lv\/veikals\/"},{"@type":"ListItem","position":3,"name":"POOLSIDE &#8211; KA\u0136ACS (BEZ HEMA)"}]},{"@type":"WebSite","@id":"https:\/\/luxegel.lv\/lv\/#website","url":"https:\/\/luxegel.lv\/lv\/","name":"LUXE GEL PROFESSIONAL\u2122","description":"is a leading nail brand on the European market. Luxe Gel currently stock over 500 products including over 350 shades of gel polish, a complete builder gel system and our famous structure base.","potentialAction":[{"@type":"SearchAction","target":{"@type":"EntryPoint","urlTemplate":"https:\/\/luxegel.lv\/lv\/?s={search_term_string}"},"query-input":{"@type":"PropertyValueSpecification","valueRequired":true,"valueName":"search_term_string"}}],"inLanguage":"lv-LV"}]}},"_links":{"self":[{"href":"https:\/\/luxegel.lv\/lv\/wp-json\/wp\/v2\/product\/16842","targetHints":{"allow":["GET"]}}],"collection":[{"href":"https:\/\/luxegel.lv\/lv\/wp-json\/wp\/v2\/product"}],"about":[{"href":"https:\/\/luxegel.lv\/lv\/wp-json\/wp\/v2\/types\/product"}],"version-history":[{"count":5,"href":"https:\/\/luxegel.lv\/lv\/wp-json\/wp\/v2\/product\/16842\/revisions"}],"predecessor-version":[{"id":21964,"href":"https:\/\/luxegel.lv\/lv\/wp-json\/wp\/v2\/product\/16842\/revisions\/21964"}],"wp:featuredmedia":[{"embeddable":true,"href":"https:\/\/luxegel.lv\/lv\/wp-json\/wp\/v2\/media\/16845"}],"wp:attachment":[{"href":"https:\/\/luxegel.lv\/lv\/wp-json\/wp\/v2\/media?parent=16842"}],"wp:term":[{"taxonomy":"product_brand","embeddable":true,"href":"https:\/\/luxegel.lv\/lv\/wp-json\/wp\/v2\/product_brand?post=16842"},{"taxonomy":"product_cat","embeddable":true,"href":"https:\/\/luxegel.lv\/lv\/wp-json\/wp\/v2\/product_cat?post=16842"},{"taxonomy":"product_tag","embeddable":true,"href":"https:\/\/luxegel.lv\/lv\/wp-json\/wp\/v2\/product_tag?post=16842"}],"curies":[{"name":"wp","href":"https:\/\/api.w.org\/{rel}","templated":true}]}}