{"id":16760,"date":"2025-07-01T03:59:10","date_gmt":"2025-07-01T03:59:10","guid":{"rendered":"https:\/\/luxegel.lv\/?post_type=product&#038;p=16760"},"modified":"2025-10-24T18:43:18","modified_gmt":"2025-10-24T18:43:18","slug":"skyburst-plushfx","status":"publish","type":"product","link":"https:\/\/luxegel.lv\/lv\/product-lv\/skyburst-plushfx\/","title":{"rendered":"SKYBURST &#8211; PlushFX"},"content":{"rendered":"<p><b>Pacel savu nagu m\u0101kslu n\u0101kamaj\u0101 l\u012bmen\u012b ar PlushFX<\/b><\/p>\n<p>Atkl\u0101j PlushFX \u2013 revolucion\u0101ru, \u012bpa\u0161i maigu p\u016bci\u0146u p\u016bderi, kas rad\u012bts, lai padar\u012btu tavu nagu dizainu v\u0113l izteiksm\u012bg\u0101ku. Uzber to uz neno\u017e\u0101v\u0113tas g\u0113la lakas, lai ieg\u016btu iespaid\u012bgas 3D tekst\u016bras un spilgtus, uzman\u012bbu piesaisto\u0161us efektus. \u0160\u012bs p\u016bci\u0146as pie\u0161\u0137ir manik\u012bram samtainu dimensiju, nodro\u0161inot greznu un p\u0101rsteidzo\u0161u rezult\u0101tu \u2013 gan rado\u0161u, gan izsmalcin\u0101tu.<\/p>\n<p><b>Lieto\u0161anas instrukcija:<\/b><\/p>\n<ol>\n<li>Uzkl\u0101j izv\u0113l\u0113to g\u0113la laku k\u0101 parasti.<\/li>\n<li>Uzkl\u0101j Silk Top Coat, bet neno\u017e\u0101v\u0113.<\/li>\n<li>Maigi uzber PlushFX p\u016bci\u0146as uz mitr\u0101s naga virsmas.<\/li>\n<li>\u017d\u0101v\u0113 LED lamp\u0101 60 sekundes.<\/li>\n<li>Neuzkl\u0101j topa k\u0101rtu virs p\u016bci\u0146\u0101m, lai saglab\u0101tu to maigo, samtaino tekst\u016bru.<\/li>\n<\/ol>\n<p>Neatkar\u012bgi no t\u0101, vai v\u0113lies maigus, elegantus akcentus vai drosm\u012bgus, skulptur\u0101lus dizainus, PlushFX sniedz bezgal\u012bgas rado\u0161as iesp\u0113jas.<\/p>\n<p><b>Galven\u0101s \u012bpa\u0161\u012bbas:<\/b><br \/>\n\u2022 <b>Uzkais\u0101ma uzkl\u0101\u0161ana<\/b> \u2013 vienk\u0101r\u0161a lieto\u0161ana: uzber uz mitras g\u0113la lakas un ieg\u016bsti t\u016bl\u012bt\u0113ju 3D efektu.<br \/>\n\u2022 <b>Samtaini m\u012bkstas p\u016bci\u0146as<\/b> \u2013 grezns un taustei pat\u012bkams rezult\u0101ts.<br \/>\n\u2022 <b>Piel\u0101gojama tekst\u016bra<\/b> \u2013 ide\u0101li gan maigam, gan izteiksm\u012bgam dizainam.<br \/>\n\u2022 <b>Spilgtas kr\u0101sas<\/b> \u2013 pla\u0161a, ko\u0161a un pigment\u0113ta to\u0146u izv\u0113le.<br \/>\n\u2022 <b>Notur\u012bgs rezult\u0101ts<\/b> \u2013 no\u017e\u0101v\u0113tas p\u016bci\u0146as stingri turas uz nagiem bez nepiecie\u0161am\u012bbas uzkl\u0101t topa k\u0101rtu.<br \/>\n\u2022 <b>Ide\u0101ls l\u012bdzeklis m\u0101ksliniecisk\u0101m deta\u013c\u0101m<\/b> \u2013 pie\u0161\u0137ir tekst\u016bru ziediem, abstraktiem dizainiem vai akcentu nagiem.<\/p>\n","protected":false},"excerpt":{"rendered":"<p>Pacel savu nagu m\u0101kslu n\u0101kamaj\u0101 l\u012bmen\u012b ar PlushFX Atkl\u0101j PlushFX \u2013 revolucion\u0101ru, \u012bpa\u0161i maigu p\u016bci\u0146u p\u016bderi, kas rad\u012bts, lai padar\u012btu<\/p>\n","protected":false},"featured_media":16713,"template":"","meta":{"_acf_changed":false,"om_disable_all_campaigns":false},"product_brand":[],"product_cat":[154,469,524],"product_tag":[222,221],"class_list":{"0":"post-16760","1":"product","2":"type-product","3":"status-publish","4":"has-post-thumbnail","6":"product_cat-luxe-gel-professional-lv","7":"product_cat-nagu-dizainam","8":"product_cat-plushfx-2","9":"product_tag-produkti","10":"product_tag-visi-produkti","12":"first","13":"instock","14":"sale","15":"shipping-taxable","16":"purchasable","17":"product-type-simple"},"acf":[],"yoast_head":"<!-- This site is optimized with the Yoast SEO plugin v23.8 - https:\/\/yoast.com\/wordpress\/plugins\/seo\/ -->\n<title>SKYBURST - PlushFX - LUXE GEL PROFESSIONAL\u2122<\/title>\n<meta name=\"robots\" content=\"index, follow, max-snippet:-1, max-image-preview:large, max-video-preview:-1\" \/>\n<link rel=\"canonical\" href=\"https:\/\/luxegel.lv\/lv\/product-lv\/skyburst-plushfx\/\" \/>\n<meta property=\"og:locale\" content=\"lv_LV\" \/>\n<meta property=\"og:type\" content=\"article\" \/>\n<meta property=\"og:title\" content=\"SKYBURST - PlushFX - LUXE GEL PROFESSIONAL\u2122\" \/>\n<meta property=\"og:description\" content=\"Pacel savu nagu m\u0101kslu n\u0101kamaj\u0101 l\u012bmen\u012b ar PlushFX Atkl\u0101j PlushFX \u2013 revolucion\u0101ru, \u012bpa\u0161i maigu p\u016bci\u0146u p\u016bderi, kas rad\u012bts, lai padar\u012btu\" \/>\n<meta property=\"og:url\" content=\"https:\/\/luxegel.lv\/lv\/product-lv\/skyburst-plushfx\/\" \/>\n<meta property=\"og:site_name\" content=\"LUXE GEL PROFESSIONAL\u2122\" \/>\n<meta property=\"article:modified_time\" content=\"2025-10-24T18:43:18+00:00\" \/>\n<meta property=\"og:image\" content=\"https:\/\/luxegel.lv\/wp-content\/uploads\/2025\/07\/skyburst-plush-fx.jpg.webp\" \/>\n\t<meta property=\"og:image:width\" content=\"750\" \/>\n\t<meta property=\"og:image:height\" content=\"750\" \/>\n\t<meta property=\"og:image:type\" content=\"image\/webp\" \/>\n<meta name=\"twitter:card\" content=\"summary_large_image\" \/>\n<meta name=\"twitter:label1\" content=\"Est. reading time\" \/>\n\t<meta name=\"twitter:data1\" content=\"2 minutes\" \/>\n<script type=\"application\/ld+json\" class=\"yoast-schema-graph\">{\"@context\":\"https:\/\/schema.org\",\"@graph\":[{\"@type\":\"WebPage\",\"@id\":\"https:\/\/luxegel.lv\/lv\/product-lv\/skyburst-plushfx\/\",\"url\":\"https:\/\/luxegel.lv\/lv\/product-lv\/skyburst-plushfx\/\",\"name\":\"SKYBURST - PlushFX - LUXE GEL PROFESSIONAL\u2122\",\"isPartOf\":{\"@id\":\"https:\/\/luxegel.lv\/lv\/#website\"},\"primaryImageOfPage\":{\"@id\":\"https:\/\/luxegel.lv\/lv\/product-lv\/skyburst-plushfx\/#primaryimage\"},\"image\":{\"@id\":\"https:\/\/luxegel.lv\/lv\/product-lv\/skyburst-plushfx\/#primaryimage\"},\"thumbnailUrl\":\"https:\/\/luxegel.lv\/wp-content\/uploads\/2025\/07\/skyburst-plush-fx.jpg.webp\",\"datePublished\":\"2025-07-01T03:59:10+00:00\",\"dateModified\":\"2025-10-24T18:43:18+00:00\",\"breadcrumb\":{\"@id\":\"https:\/\/luxegel.lv\/lv\/product-lv\/skyburst-plushfx\/#breadcrumb\"},\"inLanguage\":\"lv-LV\",\"potentialAction\":[{\"@type\":\"ReadAction\",\"target\":[\"https:\/\/luxegel.lv\/lv\/product-lv\/skyburst-plushfx\/\"]}]},{\"@type\":\"ImageObject\",\"inLanguage\":\"lv-LV\",\"@id\":\"https:\/\/luxegel.lv\/lv\/product-lv\/skyburst-plushfx\/#primaryimage\",\"url\":\"https:\/\/luxegel.lv\/wp-content\/uploads\/2025\/07\/skyburst-plush-fx.jpg.webp\",\"contentUrl\":\"https:\/\/luxegel.lv\/wp-content\/uploads\/2025\/07\/skyburst-plush-fx.jpg.webp\",\"width\":750,\"height\":750},{\"@type\":\"BreadcrumbList\",\"@id\":\"https:\/\/luxegel.lv\/lv\/product-lv\/skyburst-plushfx\/#breadcrumb\",\"itemListElement\":[{\"@type\":\"ListItem\",\"position\":1,\"name\":\"Galven\u0101\",\"item\":\"https:\/\/luxegel.lv\/lv\/\"},{\"@type\":\"ListItem\",\"position\":2,\"name\":\"Veikals\",\"item\":\"https:\/\/luxegel.lv\/lv\/veikals\/\"},{\"@type\":\"ListItem\",\"position\":3,\"name\":\"SKYBURST &#8211; PlushFX\"}]},{\"@type\":\"WebSite\",\"@id\":\"https:\/\/luxegel.lv\/lv\/#website\",\"url\":\"https:\/\/luxegel.lv\/lv\/\",\"name\":\"LUXE GEL PROFESSIONAL\u2122\",\"description\":\"is a leading nail brand on the European market. Luxe Gel currently stock over 500 products including over 350 shades of gel polish, a complete builder gel system and our famous structure base.\",\"potentialAction\":[{\"@type\":\"SearchAction\",\"target\":{\"@type\":\"EntryPoint\",\"urlTemplate\":\"https:\/\/luxegel.lv\/lv\/?s={search_term_string}\"},\"query-input\":{\"@type\":\"PropertyValueSpecification\",\"valueRequired\":true,\"valueName\":\"search_term_string\"}}],\"inLanguage\":\"lv-LV\"}]}<\/script>\n<!-- \/ Yoast SEO plugin. -->","yoast_head_json":{"title":"SKYBURST - PlushFX - LUXE GEL PROFESSIONAL\u2122","robots":{"index":"index","follow":"follow","max-snippet":"max-snippet:-1","max-image-preview":"max-image-preview:large","max-video-preview":"max-video-preview:-1"},"canonical":"https:\/\/luxegel.lv\/lv\/product-lv\/skyburst-plushfx\/","og_locale":"lv_LV","og_type":"article","og_title":"SKYBURST - PlushFX - LUXE GEL PROFESSIONAL\u2122","og_description":"Pacel savu nagu m\u0101kslu n\u0101kamaj\u0101 l\u012bmen\u012b ar PlushFX Atkl\u0101j PlushFX \u2013 revolucion\u0101ru, \u012bpa\u0161i maigu p\u016bci\u0146u p\u016bderi, kas rad\u012bts, lai padar\u012btu","og_url":"https:\/\/luxegel.lv\/lv\/product-lv\/skyburst-plushfx\/","og_site_name":"LUXE GEL PROFESSIONAL\u2122","article_modified_time":"2025-10-24T18:43:18+00:00","og_image":[{"width":750,"height":750,"url":"https:\/\/luxegel.lv\/wp-content\/uploads\/2025\/07\/skyburst-plush-fx.jpg.webp","type":"image\/webp"}],"twitter_card":"summary_large_image","twitter_misc":{"Est. reading time":"2 minutes"},"schema":{"@context":"https:\/\/schema.org","@graph":[{"@type":"WebPage","@id":"https:\/\/luxegel.lv\/lv\/product-lv\/skyburst-plushfx\/","url":"https:\/\/luxegel.lv\/lv\/product-lv\/skyburst-plushfx\/","name":"SKYBURST - PlushFX - LUXE GEL PROFESSIONAL\u2122","isPartOf":{"@id":"https:\/\/luxegel.lv\/lv\/#website"},"primaryImageOfPage":{"@id":"https:\/\/luxegel.lv\/lv\/product-lv\/skyburst-plushfx\/#primaryimage"},"image":{"@id":"https:\/\/luxegel.lv\/lv\/product-lv\/skyburst-plushfx\/#primaryimage"},"thumbnailUrl":"https:\/\/luxegel.lv\/wp-content\/uploads\/2025\/07\/skyburst-plush-fx.jpg.webp","datePublished":"2025-07-01T03:59:10+00:00","dateModified":"2025-10-24T18:43:18+00:00","breadcrumb":{"@id":"https:\/\/luxegel.lv\/lv\/product-lv\/skyburst-plushfx\/#breadcrumb"},"inLanguage":"lv-LV","potentialAction":[{"@type":"ReadAction","target":["https:\/\/luxegel.lv\/lv\/product-lv\/skyburst-plushfx\/"]}]},{"@type":"ImageObject","inLanguage":"lv-LV","@id":"https:\/\/luxegel.lv\/lv\/product-lv\/skyburst-plushfx\/#primaryimage","url":"https:\/\/luxegel.lv\/wp-content\/uploads\/2025\/07\/skyburst-plush-fx.jpg.webp","contentUrl":"https:\/\/luxegel.lv\/wp-content\/uploads\/2025\/07\/skyburst-plush-fx.jpg.webp","width":750,"height":750},{"@type":"BreadcrumbList","@id":"https:\/\/luxegel.lv\/lv\/product-lv\/skyburst-plushfx\/#breadcrumb","itemListElement":[{"@type":"ListItem","position":1,"name":"Galven\u0101","item":"https:\/\/luxegel.lv\/lv\/"},{"@type":"ListItem","position":2,"name":"Veikals","item":"https:\/\/luxegel.lv\/lv\/veikals\/"},{"@type":"ListItem","position":3,"name":"SKYBURST &#8211; PlushFX"}]},{"@type":"WebSite","@id":"https:\/\/luxegel.lv\/lv\/#website","url":"https:\/\/luxegel.lv\/lv\/","name":"LUXE GEL PROFESSIONAL\u2122","description":"is a leading nail brand on the European market. Luxe Gel currently stock over 500 products including over 350 shades of gel polish, a complete builder gel system and our famous structure base.","potentialAction":[{"@type":"SearchAction","target":{"@type":"EntryPoint","urlTemplate":"https:\/\/luxegel.lv\/lv\/?s={search_term_string}"},"query-input":{"@type":"PropertyValueSpecification","valueRequired":true,"valueName":"search_term_string"}}],"inLanguage":"lv-LV"}]}},"_links":{"self":[{"href":"https:\/\/luxegel.lv\/lv\/wp-json\/wp\/v2\/product\/16760","targetHints":{"allow":["GET"]}}],"collection":[{"href":"https:\/\/luxegel.lv\/lv\/wp-json\/wp\/v2\/product"}],"about":[{"href":"https:\/\/luxegel.lv\/lv\/wp-json\/wp\/v2\/types\/product"}],"version-history":[{"count":2,"href":"https:\/\/luxegel.lv\/lv\/wp-json\/wp\/v2\/product\/16760\/revisions"}],"predecessor-version":[{"id":16765,"href":"https:\/\/luxegel.lv\/lv\/wp-json\/wp\/v2\/product\/16760\/revisions\/16765"}],"wp:featuredmedia":[{"embeddable":true,"href":"https:\/\/luxegel.lv\/lv\/wp-json\/wp\/v2\/media\/16713"}],"wp:attachment":[{"href":"https:\/\/luxegel.lv\/lv\/wp-json\/wp\/v2\/media?parent=16760"}],"wp:term":[{"taxonomy":"product_brand","embeddable":true,"href":"https:\/\/luxegel.lv\/lv\/wp-json\/wp\/v2\/product_brand?post=16760"},{"taxonomy":"product_cat","embeddable":true,"href":"https:\/\/luxegel.lv\/lv\/wp-json\/wp\/v2\/product_cat?post=16760"},{"taxonomy":"product_tag","embeddable":true,"href":"https:\/\/luxegel.lv\/lv\/wp-json\/wp\/v2\/product_tag?post=16760"}],"curies":[{"name":"wp","href":"https:\/\/api.w.org\/{rel}","templated":true}]}}