{"id":16673,"date":"2025-06-30T12:53:30","date_gmt":"2025-06-30T12:53:30","guid":{"rendered":"https:\/\/luxegel.lv\/?post_type=product&#038;p=16673"},"modified":"2026-04-27T09:17:13","modified_gmt":"2026-04-27T09:17:13","slug":"augsejas-formas-kvadrats-jm25","status":"publish","type":"product","link":"https:\/\/luxegel.lv\/lv\/product-lv\/augsejas-formas-kvadrats-jm25\/","title":{"rendered":"AUG\u0160\u0112J\u0100S FORMAS &#8211; KVADR\u0100TS (JM25)"},"content":{"rendered":"<p><b>Nevainojama nagu model\u0113\u0161ana ar minim\u0101lu piep\u016bli \u2013 perfekti kvadr\u0101tveida pieaudz\u0113jumi<\/b><\/p>\n<p><b>Shape Master <\/b>aug\u0161\u0113j\u0101s formas ir rad\u012btas, lai polig\u0113la un ciet\u0101 g\u0113la uzkl\u0101\u0161ana b\u016btu \u0101tr\u0101ka, t\u012br\u0101ka un prec\u012bz\u0101ka. T\u0101m ir popul\u0101r\u0101 kvadr\u0101tveida forma, kas \u013cauj izveidot salona kvalit\u0101tes pieaudz\u0113tos nagus vai aizpild\u012bt ataugu\u0161o naga da\u013cu da\u017eu min\u016b\u0161u laik\u0101.<\/p>\n<p>Izgatavotas no iztur\u012bga, ta\u010du elast\u012bga materi\u0101la, t\u0101s ir viegli lietojamas, atk\u0101rtoti izmantojamas un piem\u0113rotas gan ies\u0101c\u0113jiem, gan profesion\u0101\u013ciem.<\/p>\n<ul>\n<li><b>\u0100tra pieaudz\u0113\u0161ana un naga ataugu\u0161\u0101s da\u013cas aizpild\u012b\u0161ana<\/b> \u2013 \u0101tri un efekt\u012bvi izveido perfektu kvadr\u0101tveida formas nagu.<\/li>\n<li><b>Atk\u0101rtoti lietojamas<\/b> \u2013 augstas kvalit\u0101tes materi\u0101ls nodro\u0161ina daudzk\u0101rt\u0113ju izmanto\u0161anu.<\/li>\n<li><b>Elast\u012bgas un \u0113rtas<\/b> \u2013 \u0113rti piel\u0101gojas dab\u012bgajai naga formai.<\/li>\n<li><b>Polig\u0113lam un cietajam g\u0113lam <\/b>\u2013 sader\u012bgas ar da\u017e\u0101d\u0101m nagu stiprin\u0101\u0161anas sist\u0113m\u0101m.<\/li>\n<li><b>12 izm\u0113ri<\/b> \u2013 pilns izm\u0113ru kl\u0101sts vis\u0101m nagu form\u0101m.<\/li>\n<li><b>Profesion\u0101ls rezult\u0101ts<\/b> \u2013 ide\u0101la forma un simetrija bez piep\u016bles.<br \/>\n<b><\/b><\/li>\n<\/ul>\n<p><b>120 gab. komplekt\u0101<\/b><\/p>\n","protected":false},"excerpt":{"rendered":"<p>Nevainojama nagu model\u0113\u0161ana ar minim\u0101lu piep\u016bli \u2013 perfekti kvadr\u0101tveida pieaudz\u0113jumi Shape Master aug\u0161\u0113j\u0101s formas ir rad\u012btas, lai polig\u0113la un ciet\u0101<\/p>\n","protected":false},"featured_media":16676,"template":"","meta":{"_acf_changed":false,"om_disable_all_campaigns":false},"product_brand":[],"product_cat":[276,154,527],"product_tag":[222,221],"class_list":{"0":"post-16673","1":"product","2":"type-product","3":"status-publish","4":"has-post-thumbnail","6":"product_cat-drugie-tovary","7":"product_cat-luxe-gel-professional-lv","8":"product_cat-tipsi-formas-paraugi","9":"product_tag-produkti","10":"product_tag-visi-produkti","12":"first","13":"instock","14":"shipping-taxable","15":"purchasable","16":"product-type-simple"},"acf":[],"yoast_head":"<!-- This site is optimized with the Yoast SEO plugin v23.8 - https:\/\/yoast.com\/wordpress\/plugins\/seo\/ -->\n<title>AUG\u0160\u0112J\u0100S FORMAS - KVADR\u0100TS (JM25) - LUXE GEL PROFESSIONAL\u2122<\/title>\n<meta name=\"robots\" content=\"index, follow, max-snippet:-1, max-image-preview:large, max-video-preview:-1\" \/>\n<link rel=\"canonical\" href=\"https:\/\/luxegel.lv\/lv\/product-lv\/augsejas-formas-kvadrats-jm25\/\" \/>\n<meta property=\"og:locale\" content=\"lv_LV\" \/>\n<meta property=\"og:type\" content=\"article\" \/>\n<meta property=\"og:title\" content=\"AUG\u0160\u0112J\u0100S FORMAS - KVADR\u0100TS (JM25) - LUXE GEL PROFESSIONAL\u2122\" \/>\n<meta property=\"og:description\" content=\"Nevainojama nagu model\u0113\u0161ana ar minim\u0101lu piep\u016bli \u2013 perfekti kvadr\u0101tveida pieaudz\u0113jumi Shape Master aug\u0161\u0113j\u0101s formas ir rad\u012btas, lai polig\u0113la un ciet\u0101\" \/>\n<meta property=\"og:url\" content=\"https:\/\/luxegel.lv\/lv\/product-lv\/augsejas-formas-kvadrats-jm25\/\" \/>\n<meta property=\"og:site_name\" content=\"LUXE GEL PROFESSIONAL\u2122\" \/>\n<meta property=\"article:modified_time\" content=\"2026-04-27T09:17:13+00:00\" \/>\n<meta property=\"og:image\" content=\"https:\/\/luxegel.lv\/wp-content\/uploads\/2025\/06\/square-dual-forms-1.png.webp\" \/>\n\t<meta property=\"og:image:width\" content=\"750\" \/>\n\t<meta property=\"og:image:height\" content=\"938\" \/>\n\t<meta property=\"og:image:type\" content=\"image\/webp\" \/>\n<meta name=\"twitter:card\" content=\"summary_large_image\" \/>\n<meta name=\"twitter:label1\" content=\"Est. reading time\" \/>\n\t<meta name=\"twitter:data1\" content=\"1 minute\" \/>\n<script type=\"application\/ld+json\" class=\"yoast-schema-graph\">{\"@context\":\"https:\/\/schema.org\",\"@graph\":[{\"@type\":\"WebPage\",\"@id\":\"https:\/\/luxegel.lv\/lv\/product-lv\/augsejas-formas-kvadrats-jm25\/\",\"url\":\"https:\/\/luxegel.lv\/lv\/product-lv\/augsejas-formas-kvadrats-jm25\/\",\"name\":\"AUG\u0160\u0112J\u0100S FORMAS - KVADR\u0100TS (JM25) - LUXE GEL PROFESSIONAL\u2122\",\"isPartOf\":{\"@id\":\"https:\/\/luxegel.lv\/lv\/#website\"},\"primaryImageOfPage\":{\"@id\":\"https:\/\/luxegel.lv\/lv\/product-lv\/augsejas-formas-kvadrats-jm25\/#primaryimage\"},\"image\":{\"@id\":\"https:\/\/luxegel.lv\/lv\/product-lv\/augsejas-formas-kvadrats-jm25\/#primaryimage\"},\"thumbnailUrl\":\"https:\/\/luxegel.lv\/wp-content\/uploads\/2025\/06\/square-dual-forms-1.png.webp\",\"datePublished\":\"2025-06-30T12:53:30+00:00\",\"dateModified\":\"2026-04-27T09:17:13+00:00\",\"breadcrumb\":{\"@id\":\"https:\/\/luxegel.lv\/lv\/product-lv\/augsejas-formas-kvadrats-jm25\/#breadcrumb\"},\"inLanguage\":\"lv-LV\",\"potentialAction\":[{\"@type\":\"ReadAction\",\"target\":[\"https:\/\/luxegel.lv\/lv\/product-lv\/augsejas-formas-kvadrats-jm25\/\"]}]},{\"@type\":\"ImageObject\",\"inLanguage\":\"lv-LV\",\"@id\":\"https:\/\/luxegel.lv\/lv\/product-lv\/augsejas-formas-kvadrats-jm25\/#primaryimage\",\"url\":\"https:\/\/luxegel.lv\/wp-content\/uploads\/2025\/06\/square-dual-forms-1.png.webp\",\"contentUrl\":\"https:\/\/luxegel.lv\/wp-content\/uploads\/2025\/06\/square-dual-forms-1.png.webp\",\"width\":750,\"height\":938},{\"@type\":\"BreadcrumbList\",\"@id\":\"https:\/\/luxegel.lv\/lv\/product-lv\/augsejas-formas-kvadrats-jm25\/#breadcrumb\",\"itemListElement\":[{\"@type\":\"ListItem\",\"position\":1,\"name\":\"Galven\u0101\",\"item\":\"https:\/\/luxegel.lv\/lv\/\"},{\"@type\":\"ListItem\",\"position\":2,\"name\":\"Veikals\",\"item\":\"https:\/\/luxegel.lv\/lv\/veikals\/\"},{\"@type\":\"ListItem\",\"position\":3,\"name\":\"AUG\u0160\u0112J\u0100S FORMAS &#8211; KVADR\u0100TS (JM25)\"}]},{\"@type\":\"WebSite\",\"@id\":\"https:\/\/luxegel.lv\/lv\/#website\",\"url\":\"https:\/\/luxegel.lv\/lv\/\",\"name\":\"LUXE GEL PROFESSIONAL\u2122\",\"description\":\"is a leading nail brand on the European market. Luxe Gel currently stock over 500 products including over 350 shades of gel polish, a complete builder gel system and our famous structure base.\",\"potentialAction\":[{\"@type\":\"SearchAction\",\"target\":{\"@type\":\"EntryPoint\",\"urlTemplate\":\"https:\/\/luxegel.lv\/lv\/?s={search_term_string}\"},\"query-input\":{\"@type\":\"PropertyValueSpecification\",\"valueRequired\":true,\"valueName\":\"search_term_string\"}}],\"inLanguage\":\"lv-LV\"}]}<\/script>\n<!-- \/ Yoast SEO plugin. -->","yoast_head_json":{"title":"AUG\u0160\u0112J\u0100S FORMAS - KVADR\u0100TS (JM25) - LUXE GEL PROFESSIONAL\u2122","robots":{"index":"index","follow":"follow","max-snippet":"max-snippet:-1","max-image-preview":"max-image-preview:large","max-video-preview":"max-video-preview:-1"},"canonical":"https:\/\/luxegel.lv\/lv\/product-lv\/augsejas-formas-kvadrats-jm25\/","og_locale":"lv_LV","og_type":"article","og_title":"AUG\u0160\u0112J\u0100S FORMAS - KVADR\u0100TS (JM25) - LUXE GEL PROFESSIONAL\u2122","og_description":"Nevainojama nagu model\u0113\u0161ana ar minim\u0101lu piep\u016bli \u2013 perfekti kvadr\u0101tveida pieaudz\u0113jumi Shape Master aug\u0161\u0113j\u0101s formas ir rad\u012btas, lai polig\u0113la un ciet\u0101","og_url":"https:\/\/luxegel.lv\/lv\/product-lv\/augsejas-formas-kvadrats-jm25\/","og_site_name":"LUXE GEL PROFESSIONAL\u2122","article_modified_time":"2026-04-27T09:17:13+00:00","og_image":[{"width":750,"height":938,"url":"https:\/\/luxegel.lv\/wp-content\/uploads\/2025\/06\/square-dual-forms-1.png.webp","type":"image\/webp"}],"twitter_card":"summary_large_image","twitter_misc":{"Est. reading time":"1 minute"},"schema":{"@context":"https:\/\/schema.org","@graph":[{"@type":"WebPage","@id":"https:\/\/luxegel.lv\/lv\/product-lv\/augsejas-formas-kvadrats-jm25\/","url":"https:\/\/luxegel.lv\/lv\/product-lv\/augsejas-formas-kvadrats-jm25\/","name":"AUG\u0160\u0112J\u0100S FORMAS - KVADR\u0100TS (JM25) - LUXE GEL PROFESSIONAL\u2122","isPartOf":{"@id":"https:\/\/luxegel.lv\/lv\/#website"},"primaryImageOfPage":{"@id":"https:\/\/luxegel.lv\/lv\/product-lv\/augsejas-formas-kvadrats-jm25\/#primaryimage"},"image":{"@id":"https:\/\/luxegel.lv\/lv\/product-lv\/augsejas-formas-kvadrats-jm25\/#primaryimage"},"thumbnailUrl":"https:\/\/luxegel.lv\/wp-content\/uploads\/2025\/06\/square-dual-forms-1.png.webp","datePublished":"2025-06-30T12:53:30+00:00","dateModified":"2026-04-27T09:17:13+00:00","breadcrumb":{"@id":"https:\/\/luxegel.lv\/lv\/product-lv\/augsejas-formas-kvadrats-jm25\/#breadcrumb"},"inLanguage":"lv-LV","potentialAction":[{"@type":"ReadAction","target":["https:\/\/luxegel.lv\/lv\/product-lv\/augsejas-formas-kvadrats-jm25\/"]}]},{"@type":"ImageObject","inLanguage":"lv-LV","@id":"https:\/\/luxegel.lv\/lv\/product-lv\/augsejas-formas-kvadrats-jm25\/#primaryimage","url":"https:\/\/luxegel.lv\/wp-content\/uploads\/2025\/06\/square-dual-forms-1.png.webp","contentUrl":"https:\/\/luxegel.lv\/wp-content\/uploads\/2025\/06\/square-dual-forms-1.png.webp","width":750,"height":938},{"@type":"BreadcrumbList","@id":"https:\/\/luxegel.lv\/lv\/product-lv\/augsejas-formas-kvadrats-jm25\/#breadcrumb","itemListElement":[{"@type":"ListItem","position":1,"name":"Galven\u0101","item":"https:\/\/luxegel.lv\/lv\/"},{"@type":"ListItem","position":2,"name":"Veikals","item":"https:\/\/luxegel.lv\/lv\/veikals\/"},{"@type":"ListItem","position":3,"name":"AUG\u0160\u0112J\u0100S FORMAS &#8211; KVADR\u0100TS (JM25)"}]},{"@type":"WebSite","@id":"https:\/\/luxegel.lv\/lv\/#website","url":"https:\/\/luxegel.lv\/lv\/","name":"LUXE GEL PROFESSIONAL\u2122","description":"is a leading nail brand on the European market. Luxe Gel currently stock over 500 products including over 350 shades of gel polish, a complete builder gel system and our famous structure base.","potentialAction":[{"@type":"SearchAction","target":{"@type":"EntryPoint","urlTemplate":"https:\/\/luxegel.lv\/lv\/?s={search_term_string}"},"query-input":{"@type":"PropertyValueSpecification","valueRequired":true,"valueName":"search_term_string"}}],"inLanguage":"lv-LV"}]}},"_links":{"self":[{"href":"https:\/\/luxegel.lv\/lv\/wp-json\/wp\/v2\/product\/16673","targetHints":{"allow":["GET"]}}],"collection":[{"href":"https:\/\/luxegel.lv\/lv\/wp-json\/wp\/v2\/product"}],"about":[{"href":"https:\/\/luxegel.lv\/lv\/wp-json\/wp\/v2\/types\/product"}],"version-history":[{"count":3,"href":"https:\/\/luxegel.lv\/lv\/wp-json\/wp\/v2\/product\/16673\/revisions"}],"predecessor-version":[{"id":16685,"href":"https:\/\/luxegel.lv\/lv\/wp-json\/wp\/v2\/product\/16673\/revisions\/16685"}],"wp:featuredmedia":[{"embeddable":true,"href":"https:\/\/luxegel.lv\/lv\/wp-json\/wp\/v2\/media\/16676"}],"wp:attachment":[{"href":"https:\/\/luxegel.lv\/lv\/wp-json\/wp\/v2\/media?parent=16673"}],"wp:term":[{"taxonomy":"product_brand","embeddable":true,"href":"https:\/\/luxegel.lv\/lv\/wp-json\/wp\/v2\/product_brand?post=16673"},{"taxonomy":"product_cat","embeddable":true,"href":"https:\/\/luxegel.lv\/lv\/wp-json\/wp\/v2\/product_cat?post=16673"},{"taxonomy":"product_tag","embeddable":true,"href":"https:\/\/luxegel.lv\/lv\/wp-json\/wp\/v2\/product_tag?post=16673"}],"curies":[{"name":"wp","href":"https:\/\/api.w.org\/{rel}","templated":true}]}}