{"id":16621,"date":"2025-06-30T11:25:27","date_gmt":"2025-06-30T11:25:27","guid":{"rendered":"https:\/\/luxegel.lv\/?post_type=product&#038;p=16621"},"modified":"2026-02-17T10:10:52","modified_gmt":"2026-02-17T10:10:52","slug":"wedding-day-strukturbaze-bez-hema","status":"publish","type":"product","link":"https:\/\/luxegel.lv\/lv\/product-lv\/wedding-day-strukturbaze-bez-hema\/","title":{"rendered":"WEDDING DAY\u2013 STRUKT\u016aRB\u0100ZE BEZ HEMA"},"content":{"rendered":"<p><strong>NO\u0145EM\u0160ANA NOV\u012aL\u0112JOT<\/strong><\/p>\n<p><b>Sper soli m\u016b\u017e\u012bb\u0101 ar Wedding Day<\/b> \u2013 maigs lavandas-mauve tonis ar izsmalcin\u0101tu p\u0113r\u013cu mirdzumu. K\u0101 m\u0113nessgaisma uz z\u012bda vai sat\u012bna lentes sp\u012bdums \u2013 \u0161is tonis izstaro mieru, ap\u0146em\u0161anos un klusu skaistumu. Klasisks, sentiment\u0101ls un gatavs teikt \u201cj\u0101\u201d \u2013 \u012bsts nagu tonis m\u016b\u017e\u012bgas m\u012blest\u012bbas st\u0101stiem.<\/p>\n<p>#luxegelweddingday<\/p>\n<p><b>Galven\u0101s \u012bpa\u0161\u012bbas:<\/b><\/p>\n<ul>\n<li>Mirdzo\u0161s perlamutra efekts: smalks, daudzdimension\u0101ls sp\u012bdums vizu\u0101lai pievilc\u012bbai<\/li>\n<li>B\u016bv\u0113jo\u0161ais g\u0113ls pudel\u012bt\u0113: ide\u0101li piem\u0113rots dab\u012bgo nagu p\u0101rkl\u0101\u0161anai, pateicoties pa\u0161izl\u012bdzino\u0161ai formulai<\/li>\n<li>Bez HEMA un TPO: izstr\u0101d\u0101ts, lai samazin\u0101tu aler\u0123iju risku un padar\u012btu lieto\u0161anu salon\u0101 dro\u0161\u0101ku<\/li>\n<li>Viegla uzkl\u0101\u0161ana: gluda un kontrol\u0113ta tekst\u016bra prec\u012bzai un \u0101trai darb\u012bbai<\/li>\n<li>Var izmantot k\u0101 pl\u0101nu kr\u0101sas k\u0101rtu<\/li>\n<\/ul>\n<p><b>NEPIECIE\u0160AMS: CLEAR BRUSH-ON BIAB K\u0100 PAMATA K\u0100RTA<\/b><\/p>\n<p><b>PIEZ\u012aME:<\/b> Ja izv\u0113lies \u0161o produktu to\u0146a d\u0113\u013c, nevis t\u0101p\u0113c, ka tas nesatur HEMA, to var kombin\u0113t ar m\u016bsu slaveno caursp\u012bd\u012bgo strukt\u016bras b\u0101zi. Lai nodro\u0161in\u0101tu manik\u012bru piln\u012bb\u0101 bez HEMA, oblig\u0101ti j\u0101izmanto kop\u0101 ar caursp\u012bd\u012bgo b\u0101zi , kas nesatur HEMA.<\/p>\n<p>Ide\u0101li profesion\u0101\u013ciem, kuri v\u0113las pied\u0101v\u0101t stil\u012bgus un efekt\u012bvus b\u016bv\u0113jo\u0161os g\u0113lus, vienlaikus r\u016bp\u0113joties par klientu dro\u0161\u012bbu.<\/p>\n<p><b>Kr\u0101su att\u0113lojums:<\/b><\/p>\n<p>M\u0113s pieliekam maksim\u0101las p\u016bles, lai produktu att\u0113li b\u016btu p\u0113c iesp\u0113jas prec\u012bzi.<span class=\"Apple-converted-space\"> \u00a0<\/span>\u0145emot v\u0113r\u0101, ka elektroniskaj\u0101s ier\u012bc\u0113s ir da\u017e\u0101di kr\u0101su\/iz\u0161\u0137irtsp\u0113jas iestat\u012bjumi, kr\u0101su att\u0113lojums var nedaudz at\u0161\u0137irties no fizisk\u0101 produkta.<\/p>\n","protected":false},"excerpt":{"rendered":"<p>NO\u0145EM\u0160ANA NOV\u012aL\u0112JOT Sper soli m\u016b\u017e\u012bb\u0101 ar Wedding Day \u2013 maigs lavandas-mauve tonis ar izsmalcin\u0101tu p\u0113r\u013cu mirdzumu. K\u0101 m\u0113nessgaisma uz z\u012bda<\/p>\n","protected":false},"featured_media":16624,"template":"","meta":{"_acf_changed":false,"om_disable_all_campaigns":false},"product_brand":[],"product_cat":[551,154,542],"product_tag":[222,221],"class_list":{"0":"post-16621","1":"product","2":"type-product","3":"status-publish","4":"has-post-thumbnail","6":"product_cat-bieza-viskozitate-nonemsana-novilejot","7":"product_cat-luxe-gel-professional-lv","8":"product_cat-strukturbaze-bez-hema","9":"product_tag-produkti","10":"product_tag-visi-produkti","12":"first","13":"instock","14":"sale","15":"shipping-taxable","16":"purchasable","17":"product-type-simple"},"acf":[],"yoast_head":"<!-- This site is optimized with the Yoast SEO plugin v23.8 - https:\/\/yoast.com\/wordpress\/plugins\/seo\/ -->\n<title>WEDDING DAY\u2013 STRUKT\u016aRB\u0100ZE BEZ HEMA - LUXE GEL PROFESSIONAL\u2122<\/title>\n<meta name=\"robots\" content=\"index, follow, max-snippet:-1, max-image-preview:large, max-video-preview:-1\" \/>\n<link rel=\"canonical\" href=\"https:\/\/luxegel.lv\/lv\/product-lv\/wedding-day-strukturbaze-bez-hema\/\" \/>\n<meta property=\"og:locale\" content=\"lv_LV\" \/>\n<meta property=\"og:type\" content=\"article\" \/>\n<meta property=\"og:title\" content=\"WEDDING DAY\u2013 STRUKT\u016aRB\u0100ZE BEZ HEMA - LUXE GEL PROFESSIONAL\u2122\" \/>\n<meta property=\"og:description\" content=\"NO\u0145EM\u0160ANA NOV\u012aL\u0112JOT Sper soli m\u016b\u017e\u012bb\u0101 ar Wedding Day \u2013 maigs lavandas-mauve tonis ar izsmalcin\u0101tu p\u0113r\u013cu mirdzumu. K\u0101 m\u0113nessgaisma uz z\u012bda\" \/>\n<meta property=\"og:url\" content=\"https:\/\/luxegel.lv\/lv\/product-lv\/wedding-day-strukturbaze-bez-hema\/\" \/>\n<meta property=\"og:site_name\" content=\"LUXE GEL PROFESSIONAL\u2122\" \/>\n<meta property=\"article:modified_time\" content=\"2026-02-17T10:10:52+00:00\" \/>\n<meta property=\"og:image\" content=\"https:\/\/luxegel.lv\/wp-content\/uploads\/2025\/06\/WEDDING_DAY.png.webp\" \/>\n\t<meta property=\"og:image:width\" content=\"750\" \/>\n\t<meta property=\"og:image:height\" content=\"750\" \/>\n\t<meta property=\"og:image:type\" content=\"image\/webp\" \/>\n<meta name=\"twitter:card\" content=\"summary_large_image\" \/>\n<meta name=\"twitter:label1\" content=\"Est. reading time\" \/>\n\t<meta name=\"twitter:data1\" content=\"2 minutes\" \/>\n<script type=\"application\/ld+json\" class=\"yoast-schema-graph\">{\"@context\":\"https:\/\/schema.org\",\"@graph\":[{\"@type\":\"WebPage\",\"@id\":\"https:\/\/luxegel.lv\/lv\/product-lv\/wedding-day-strukturbaze-bez-hema\/\",\"url\":\"https:\/\/luxegel.lv\/lv\/product-lv\/wedding-day-strukturbaze-bez-hema\/\",\"name\":\"WEDDING DAY\u2013 STRUKT\u016aRB\u0100ZE BEZ HEMA - LUXE GEL PROFESSIONAL\u2122\",\"isPartOf\":{\"@id\":\"https:\/\/luxegel.lv\/lv\/#website\"},\"primaryImageOfPage\":{\"@id\":\"https:\/\/luxegel.lv\/lv\/product-lv\/wedding-day-strukturbaze-bez-hema\/#primaryimage\"},\"image\":{\"@id\":\"https:\/\/luxegel.lv\/lv\/product-lv\/wedding-day-strukturbaze-bez-hema\/#primaryimage\"},\"thumbnailUrl\":\"https:\/\/luxegel.lv\/wp-content\/uploads\/2025\/06\/WEDDING_DAY.png.webp\",\"datePublished\":\"2025-06-30T11:25:27+00:00\",\"dateModified\":\"2026-02-17T10:10:52+00:00\",\"breadcrumb\":{\"@id\":\"https:\/\/luxegel.lv\/lv\/product-lv\/wedding-day-strukturbaze-bez-hema\/#breadcrumb\"},\"inLanguage\":\"lv-LV\",\"potentialAction\":[{\"@type\":\"ReadAction\",\"target\":[\"https:\/\/luxegel.lv\/lv\/product-lv\/wedding-day-strukturbaze-bez-hema\/\"]}]},{\"@type\":\"ImageObject\",\"inLanguage\":\"lv-LV\",\"@id\":\"https:\/\/luxegel.lv\/lv\/product-lv\/wedding-day-strukturbaze-bez-hema\/#primaryimage\",\"url\":\"https:\/\/luxegel.lv\/wp-content\/uploads\/2025\/06\/WEDDING_DAY.png.webp\",\"contentUrl\":\"https:\/\/luxegel.lv\/wp-content\/uploads\/2025\/06\/WEDDING_DAY.png.webp\",\"width\":750,\"height\":750},{\"@type\":\"BreadcrumbList\",\"@id\":\"https:\/\/luxegel.lv\/lv\/product-lv\/wedding-day-strukturbaze-bez-hema\/#breadcrumb\",\"itemListElement\":[{\"@type\":\"ListItem\",\"position\":1,\"name\":\"Galven\u0101\",\"item\":\"https:\/\/luxegel.lv\/lv\/\"},{\"@type\":\"ListItem\",\"position\":2,\"name\":\"Veikals\",\"item\":\"https:\/\/luxegel.lv\/lv\/veikals\/\"},{\"@type\":\"ListItem\",\"position\":3,\"name\":\"WEDDING DAY\u2013 STRUKT\u016aRB\u0100ZE BEZ HEMA\"}]},{\"@type\":\"WebSite\",\"@id\":\"https:\/\/luxegel.lv\/lv\/#website\",\"url\":\"https:\/\/luxegel.lv\/lv\/\",\"name\":\"LUXE GEL PROFESSIONAL\u2122\",\"description\":\"is a leading nail brand on the European market. Luxe Gel currently stock over 500 products including over 350 shades of gel polish, a complete builder gel system and our famous structure base.\",\"potentialAction\":[{\"@type\":\"SearchAction\",\"target\":{\"@type\":\"EntryPoint\",\"urlTemplate\":\"https:\/\/luxegel.lv\/lv\/?s={search_term_string}\"},\"query-input\":{\"@type\":\"PropertyValueSpecification\",\"valueRequired\":true,\"valueName\":\"search_term_string\"}}],\"inLanguage\":\"lv-LV\"}]}<\/script>\n<!-- \/ Yoast SEO plugin. -->","yoast_head_json":{"title":"WEDDING DAY\u2013 STRUKT\u016aRB\u0100ZE BEZ HEMA - LUXE GEL PROFESSIONAL\u2122","robots":{"index":"index","follow":"follow","max-snippet":"max-snippet:-1","max-image-preview":"max-image-preview:large","max-video-preview":"max-video-preview:-1"},"canonical":"https:\/\/luxegel.lv\/lv\/product-lv\/wedding-day-strukturbaze-bez-hema\/","og_locale":"lv_LV","og_type":"article","og_title":"WEDDING DAY\u2013 STRUKT\u016aRB\u0100ZE BEZ HEMA - LUXE GEL PROFESSIONAL\u2122","og_description":"NO\u0145EM\u0160ANA NOV\u012aL\u0112JOT Sper soli m\u016b\u017e\u012bb\u0101 ar Wedding Day \u2013 maigs lavandas-mauve tonis ar izsmalcin\u0101tu p\u0113r\u013cu mirdzumu. K\u0101 m\u0113nessgaisma uz z\u012bda","og_url":"https:\/\/luxegel.lv\/lv\/product-lv\/wedding-day-strukturbaze-bez-hema\/","og_site_name":"LUXE GEL PROFESSIONAL\u2122","article_modified_time":"2026-02-17T10:10:52+00:00","og_image":[{"width":750,"height":750,"url":"https:\/\/luxegel.lv\/wp-content\/uploads\/2025\/06\/WEDDING_DAY.png.webp","type":"image\/webp"}],"twitter_card":"summary_large_image","twitter_misc":{"Est. reading time":"2 minutes"},"schema":{"@context":"https:\/\/schema.org","@graph":[{"@type":"WebPage","@id":"https:\/\/luxegel.lv\/lv\/product-lv\/wedding-day-strukturbaze-bez-hema\/","url":"https:\/\/luxegel.lv\/lv\/product-lv\/wedding-day-strukturbaze-bez-hema\/","name":"WEDDING DAY\u2013 STRUKT\u016aRB\u0100ZE BEZ HEMA - LUXE GEL PROFESSIONAL\u2122","isPartOf":{"@id":"https:\/\/luxegel.lv\/lv\/#website"},"primaryImageOfPage":{"@id":"https:\/\/luxegel.lv\/lv\/product-lv\/wedding-day-strukturbaze-bez-hema\/#primaryimage"},"image":{"@id":"https:\/\/luxegel.lv\/lv\/product-lv\/wedding-day-strukturbaze-bez-hema\/#primaryimage"},"thumbnailUrl":"https:\/\/luxegel.lv\/wp-content\/uploads\/2025\/06\/WEDDING_DAY.png.webp","datePublished":"2025-06-30T11:25:27+00:00","dateModified":"2026-02-17T10:10:52+00:00","breadcrumb":{"@id":"https:\/\/luxegel.lv\/lv\/product-lv\/wedding-day-strukturbaze-bez-hema\/#breadcrumb"},"inLanguage":"lv-LV","potentialAction":[{"@type":"ReadAction","target":["https:\/\/luxegel.lv\/lv\/product-lv\/wedding-day-strukturbaze-bez-hema\/"]}]},{"@type":"ImageObject","inLanguage":"lv-LV","@id":"https:\/\/luxegel.lv\/lv\/product-lv\/wedding-day-strukturbaze-bez-hema\/#primaryimage","url":"https:\/\/luxegel.lv\/wp-content\/uploads\/2025\/06\/WEDDING_DAY.png.webp","contentUrl":"https:\/\/luxegel.lv\/wp-content\/uploads\/2025\/06\/WEDDING_DAY.png.webp","width":750,"height":750},{"@type":"BreadcrumbList","@id":"https:\/\/luxegel.lv\/lv\/product-lv\/wedding-day-strukturbaze-bez-hema\/#breadcrumb","itemListElement":[{"@type":"ListItem","position":1,"name":"Galven\u0101","item":"https:\/\/luxegel.lv\/lv\/"},{"@type":"ListItem","position":2,"name":"Veikals","item":"https:\/\/luxegel.lv\/lv\/veikals\/"},{"@type":"ListItem","position":3,"name":"WEDDING DAY\u2013 STRUKT\u016aRB\u0100ZE BEZ HEMA"}]},{"@type":"WebSite","@id":"https:\/\/luxegel.lv\/lv\/#website","url":"https:\/\/luxegel.lv\/lv\/","name":"LUXE GEL PROFESSIONAL\u2122","description":"is a leading nail brand on the European market. Luxe Gel currently stock over 500 products including over 350 shades of gel polish, a complete builder gel system and our famous structure base.","potentialAction":[{"@type":"SearchAction","target":{"@type":"EntryPoint","urlTemplate":"https:\/\/luxegel.lv\/lv\/?s={search_term_string}"},"query-input":{"@type":"PropertyValueSpecification","valueRequired":true,"valueName":"search_term_string"}}],"inLanguage":"lv-LV"}]}},"_links":{"self":[{"href":"https:\/\/luxegel.lv\/lv\/wp-json\/wp\/v2\/product\/16621","targetHints":{"allow":["GET"]}}],"collection":[{"href":"https:\/\/luxegel.lv\/lv\/wp-json\/wp\/v2\/product"}],"about":[{"href":"https:\/\/luxegel.lv\/lv\/wp-json\/wp\/v2\/types\/product"}],"version-history":[{"count":5,"href":"https:\/\/luxegel.lv\/lv\/wp-json\/wp\/v2\/product\/16621\/revisions"}],"predecessor-version":[{"id":19811,"href":"https:\/\/luxegel.lv\/lv\/wp-json\/wp\/v2\/product\/16621\/revisions\/19811"}],"wp:featuredmedia":[{"embeddable":true,"href":"https:\/\/luxegel.lv\/lv\/wp-json\/wp\/v2\/media\/16624"}],"wp:attachment":[{"href":"https:\/\/luxegel.lv\/lv\/wp-json\/wp\/v2\/media?parent=16621"}],"wp:term":[{"taxonomy":"product_brand","embeddable":true,"href":"https:\/\/luxegel.lv\/lv\/wp-json\/wp\/v2\/product_brand?post=16621"},{"taxonomy":"product_cat","embeddable":true,"href":"https:\/\/luxegel.lv\/lv\/wp-json\/wp\/v2\/product_cat?post=16621"},{"taxonomy":"product_tag","embeddable":true,"href":"https:\/\/luxegel.lv\/lv\/wp-json\/wp\/v2\/product_tag?post=16621"}],"curies":[{"name":"wp","href":"https:\/\/api.w.org\/{rel}","templated":true}]}}