{"id":16553,"date":"2025-06-20T07:25:37","date_gmt":"2025-06-20T07:25:37","guid":{"rendered":"https:\/\/luxegel.lv\/?post_type=product&#038;p=16553"},"modified":"2025-10-24T18:50:53","modified_gmt":"2025-10-24T18:50:53","slug":"berrylicious-vitrazas-efekta-gela-laku-kolekcija","status":"publish","type":"product","link":"https:\/\/luxegel.lv\/lv\/product-lv\/berrylicious-vitrazas-efekta-gela-laku-kolekcija\/","title":{"rendered":"BERRYLICIOUS \u2013 VITR\u0100\u017dAS EFEKTA (GLASS) G\u0112LA LAKU KOLEKCIJA"},"content":{"rendered":"<p>Palutini savus nagus ar sul\u012bg\u0101m kr\u0101s\u0101m \u2013 iepaz\u012bsties ar <b>Berrylicious kolekciju<\/b>, gardu 10 g\u0113la laku izlasi, ko iedvesmoju\u0161i ko\u0161i aug\u013ci un saldi iev\u0101r\u012bjumi. Katrs tonis ir piepild\u012bts ar caursp\u012bd\u012bgu, sp\u012bd\u012bgu saldumu, radot elpu aizraujo\u0161u stikla vitr\u0101\u017eas efektu, kas izskat\u0101s tikpat vilino\u0161i, cik skan.<\/p>\n<p>No pies\u0101tin\u0101t\u0101 zeme\u0146u iev\u0101r\u012bjuma roz\u0101 to\u0146a l\u012bdz citrona iev\u0101r\u012bjuma dz\u012bv\u012bgajam dzeltenajam tonim un spilgtajam pitaijas aug\u013ca tonim \u2013 \u0161ie caursp\u012bd\u012bgie to\u0146i pie\u0161\u0137ir nagu dizainam rota\u013c\u012bgu, s\u012brupainu mirdzumu, kas ide\u0101li piem\u0113rots vasarai vai jebkur\u0101 br\u012bd\u012b, kad v\u0113lies pievienot saldu akcentu savam stilam.<\/p>\n<p>#luxegelberrylicious<\/p>\n<p><b>Galven\u0101s \u012bpa\u0161\u012bbas:<\/b><\/p>\n<ul>\n<li>Stikla sp\u012bdums \u2013 ultra-sp\u012bd\u012bgs, \u017eelejveida p\u0101rkl\u0101jums, kas atg\u0101dina kr\u0101sainu vitr\u0101\u017eu<\/li>\n<li>Aug\u013cu iedvesmoti to\u0146i \u2013 10 x 15 ml k\u0101rdino\u0161i to\u0146i, nosaukti par godu gar\u0161\u012bgiem iev\u0101r\u012bjumiem un aug\u013ciem<\/li>\n<li>Uzsl\u0101\u0146ojams p\u0101rkl\u0101jums \u2013 var lietot k\u0101 vieglu toni vai kl\u0101t vair\u0101k\u0101m k\u0101rt\u0101m intens\u012bvam efektam<\/li>\n<li>Gluda uzkl\u0101\u0161ana \u2013 pa\u0161izl\u012bdzino\u0161a formula bez burbu\u013ciem<\/li>\n<li>UV\/LED \u2013 saciet\u0113 da\u017e\u0101s sekund\u0113s<\/li>\n<li>Veg\u0101niski, nav test\u0113ti uz dz\u012bvniekiem, videi nekait\u012bgi<\/li>\n<\/ul>\n<p><b>Kr\u0101su att\u0113lojums:<\/b><br \/>\nM\u0113s cen\u0161amies nodro\u0161in\u0101t p\u0113c iesp\u0113jas prec\u012bz\u0101ku kr\u0101su att\u0113lojumu. Kr\u0101sas var nedaudz at\u0161\u0137irties atkar\u012bb\u0101 no ier\u012bces ekr\u0101na iestat\u012bjumiem.<\/p>\n","protected":false},"excerpt":{"rendered":"<p>Palutini savus nagus ar sul\u012bg\u0101m kr\u0101s\u0101m \u2013 iepaz\u012bsties ar Berrylicious kolekciju, gardu 10 g\u0113la laku izlasi, ko iedvesmoju\u0161i ko\u0161i aug\u013ci<\/p>\n","protected":false},"featured_media":16556,"template":"","meta":{"_acf_changed":false,"om_disable_all_campaigns":false},"product_brand":[],"product_cat":[157,246,503,154,501,531],"product_tag":[],"class_list":{"0":"post-16553","1":"product","2":"type-product","3":"status-publish","4":"has-post-thumbnail","6":"product_cat-gela-lakas","7":"product_cat-kolekcijas-un-komplekti","8":"product_cat-koshie-toni","9":"product_cat-luxe-gel-professional-lv","10":"product_cat-visi-toni","11":"product_cat-vitrazas-glass","13":"first","14":"instock","15":"sale","16":"shipping-taxable","17":"purchasable","18":"product-type-simple"},"acf":[],"yoast_head":"<!-- This site is optimized with the Yoast SEO plugin v23.8 - https:\/\/yoast.com\/wordpress\/plugins\/seo\/ -->\n<title>BERRYLICIOUS \u2013 VITR\u0100\u017dAS EFEKTA (GLASS) G\u0112LA LAKU KOLEKCIJA - LUXE GEL PROFESSIONAL\u2122<\/title>\n<meta name=\"robots\" content=\"index, follow, max-snippet:-1, max-image-preview:large, max-video-preview:-1\" \/>\n<link rel=\"canonical\" href=\"https:\/\/luxegel.lv\/lv\/product-lv\/berrylicious-vitrazas-efekta-gela-laku-kolekcija\/\" \/>\n<meta property=\"og:locale\" content=\"lv_LV\" \/>\n<meta property=\"og:type\" content=\"article\" \/>\n<meta property=\"og:title\" content=\"BERRYLICIOUS \u2013 VITR\u0100\u017dAS EFEKTA (GLASS) G\u0112LA LAKU KOLEKCIJA - LUXE GEL PROFESSIONAL\u2122\" \/>\n<meta property=\"og:description\" content=\"Palutini savus nagus ar sul\u012bg\u0101m kr\u0101s\u0101m \u2013 iepaz\u012bsties ar Berrylicious kolekciju, gardu 10 g\u0113la laku izlasi, ko iedvesmoju\u0161i ko\u0161i aug\u013ci\" \/>\n<meta property=\"og:url\" content=\"https:\/\/luxegel.lv\/lv\/product-lv\/berrylicious-vitrazas-efekta-gela-laku-kolekcija\/\" \/>\n<meta property=\"og:site_name\" content=\"LUXE GEL PROFESSIONAL\u2122\" \/>\n<meta property=\"article:modified_time\" content=\"2025-10-24T18:50:53+00:00\" \/>\n<meta property=\"og:image\" content=\"https:\/\/luxegel.lv\/wp-content\/uploads\/2025\/06\/berrylicious-glass-effect-gel-polish-collection.webp\" \/>\n\t<meta property=\"og:image:width\" content=\"750\" \/>\n\t<meta property=\"og:image:height\" content=\"750\" \/>\n\t<meta property=\"og:image:type\" content=\"image\/webp\" \/>\n<meta name=\"twitter:card\" content=\"summary_large_image\" \/>\n<meta name=\"twitter:label1\" content=\"Est. reading time\" \/>\n\t<meta name=\"twitter:data1\" content=\"2 minutes\" \/>\n<script type=\"application\/ld+json\" class=\"yoast-schema-graph\">{\"@context\":\"https:\/\/schema.org\",\"@graph\":[{\"@type\":\"WebPage\",\"@id\":\"https:\/\/luxegel.lv\/lv\/product-lv\/berrylicious-vitrazas-efekta-gela-laku-kolekcija\/\",\"url\":\"https:\/\/luxegel.lv\/lv\/product-lv\/berrylicious-vitrazas-efekta-gela-laku-kolekcija\/\",\"name\":\"BERRYLICIOUS \u2013 VITR\u0100\u017dAS EFEKTA (GLASS) G\u0112LA LAKU KOLEKCIJA - LUXE GEL PROFESSIONAL\u2122\",\"isPartOf\":{\"@id\":\"https:\/\/luxegel.lv\/lv\/#website\"},\"primaryImageOfPage\":{\"@id\":\"https:\/\/luxegel.lv\/lv\/product-lv\/berrylicious-vitrazas-efekta-gela-laku-kolekcija\/#primaryimage\"},\"image\":{\"@id\":\"https:\/\/luxegel.lv\/lv\/product-lv\/berrylicious-vitrazas-efekta-gela-laku-kolekcija\/#primaryimage\"},\"thumbnailUrl\":\"https:\/\/luxegel.lv\/wp-content\/uploads\/2025\/06\/berrylicious-glass-effect-gel-polish-collection.webp\",\"datePublished\":\"2025-06-20T07:25:37+00:00\",\"dateModified\":\"2025-10-24T18:50:53+00:00\",\"breadcrumb\":{\"@id\":\"https:\/\/luxegel.lv\/lv\/product-lv\/berrylicious-vitrazas-efekta-gela-laku-kolekcija\/#breadcrumb\"},\"inLanguage\":\"lv-LV\",\"potentialAction\":[{\"@type\":\"ReadAction\",\"target\":[\"https:\/\/luxegel.lv\/lv\/product-lv\/berrylicious-vitrazas-efekta-gela-laku-kolekcija\/\"]}]},{\"@type\":\"ImageObject\",\"inLanguage\":\"lv-LV\",\"@id\":\"https:\/\/luxegel.lv\/lv\/product-lv\/berrylicious-vitrazas-efekta-gela-laku-kolekcija\/#primaryimage\",\"url\":\"https:\/\/luxegel.lv\/wp-content\/uploads\/2025\/06\/berrylicious-glass-effect-gel-polish-collection.webp\",\"contentUrl\":\"https:\/\/luxegel.lv\/wp-content\/uploads\/2025\/06\/berrylicious-glass-effect-gel-polish-collection.webp\",\"width\":750,\"height\":750},{\"@type\":\"BreadcrumbList\",\"@id\":\"https:\/\/luxegel.lv\/lv\/product-lv\/berrylicious-vitrazas-efekta-gela-laku-kolekcija\/#breadcrumb\",\"itemListElement\":[{\"@type\":\"ListItem\",\"position\":1,\"name\":\"Galven\u0101\",\"item\":\"https:\/\/luxegel.lv\/lv\/\"},{\"@type\":\"ListItem\",\"position\":2,\"name\":\"Veikals\",\"item\":\"https:\/\/luxegel.lv\/lv\/veikals\/\"},{\"@type\":\"ListItem\",\"position\":3,\"name\":\"BERRYLICIOUS \u2013 VITR\u0100\u017dAS EFEKTA (GLASS) G\u0112LA LAKU KOLEKCIJA\"}]},{\"@type\":\"WebSite\",\"@id\":\"https:\/\/luxegel.lv\/lv\/#website\",\"url\":\"https:\/\/luxegel.lv\/lv\/\",\"name\":\"LUXE GEL PROFESSIONAL\u2122\",\"description\":\"is a leading nail brand on the European market. Luxe Gel currently stock over 500 products including over 350 shades of gel polish, a complete builder gel system and our famous structure base.\",\"potentialAction\":[{\"@type\":\"SearchAction\",\"target\":{\"@type\":\"EntryPoint\",\"urlTemplate\":\"https:\/\/luxegel.lv\/lv\/?s={search_term_string}\"},\"query-input\":{\"@type\":\"PropertyValueSpecification\",\"valueRequired\":true,\"valueName\":\"search_term_string\"}}],\"inLanguage\":\"lv-LV\"}]}<\/script>\n<!-- \/ Yoast SEO plugin. -->","yoast_head_json":{"title":"BERRYLICIOUS \u2013 VITR\u0100\u017dAS EFEKTA (GLASS) G\u0112LA LAKU KOLEKCIJA - LUXE GEL PROFESSIONAL\u2122","robots":{"index":"index","follow":"follow","max-snippet":"max-snippet:-1","max-image-preview":"max-image-preview:large","max-video-preview":"max-video-preview:-1"},"canonical":"https:\/\/luxegel.lv\/lv\/product-lv\/berrylicious-vitrazas-efekta-gela-laku-kolekcija\/","og_locale":"lv_LV","og_type":"article","og_title":"BERRYLICIOUS \u2013 VITR\u0100\u017dAS EFEKTA (GLASS) G\u0112LA LAKU KOLEKCIJA - LUXE GEL PROFESSIONAL\u2122","og_description":"Palutini savus nagus ar sul\u012bg\u0101m kr\u0101s\u0101m \u2013 iepaz\u012bsties ar Berrylicious kolekciju, gardu 10 g\u0113la laku izlasi, ko iedvesmoju\u0161i ko\u0161i aug\u013ci","og_url":"https:\/\/luxegel.lv\/lv\/product-lv\/berrylicious-vitrazas-efekta-gela-laku-kolekcija\/","og_site_name":"LUXE GEL PROFESSIONAL\u2122","article_modified_time":"2025-10-24T18:50:53+00:00","og_image":[{"width":750,"height":750,"url":"https:\/\/luxegel.lv\/wp-content\/uploads\/2025\/06\/berrylicious-glass-effect-gel-polish-collection.webp","type":"image\/webp"}],"twitter_card":"summary_large_image","twitter_misc":{"Est. reading time":"2 minutes"},"schema":{"@context":"https:\/\/schema.org","@graph":[{"@type":"WebPage","@id":"https:\/\/luxegel.lv\/lv\/product-lv\/berrylicious-vitrazas-efekta-gela-laku-kolekcija\/","url":"https:\/\/luxegel.lv\/lv\/product-lv\/berrylicious-vitrazas-efekta-gela-laku-kolekcija\/","name":"BERRYLICIOUS \u2013 VITR\u0100\u017dAS EFEKTA (GLASS) G\u0112LA LAKU KOLEKCIJA - LUXE GEL PROFESSIONAL\u2122","isPartOf":{"@id":"https:\/\/luxegel.lv\/lv\/#website"},"primaryImageOfPage":{"@id":"https:\/\/luxegel.lv\/lv\/product-lv\/berrylicious-vitrazas-efekta-gela-laku-kolekcija\/#primaryimage"},"image":{"@id":"https:\/\/luxegel.lv\/lv\/product-lv\/berrylicious-vitrazas-efekta-gela-laku-kolekcija\/#primaryimage"},"thumbnailUrl":"https:\/\/luxegel.lv\/wp-content\/uploads\/2025\/06\/berrylicious-glass-effect-gel-polish-collection.webp","datePublished":"2025-06-20T07:25:37+00:00","dateModified":"2025-10-24T18:50:53+00:00","breadcrumb":{"@id":"https:\/\/luxegel.lv\/lv\/product-lv\/berrylicious-vitrazas-efekta-gela-laku-kolekcija\/#breadcrumb"},"inLanguage":"lv-LV","potentialAction":[{"@type":"ReadAction","target":["https:\/\/luxegel.lv\/lv\/product-lv\/berrylicious-vitrazas-efekta-gela-laku-kolekcija\/"]}]},{"@type":"ImageObject","inLanguage":"lv-LV","@id":"https:\/\/luxegel.lv\/lv\/product-lv\/berrylicious-vitrazas-efekta-gela-laku-kolekcija\/#primaryimage","url":"https:\/\/luxegel.lv\/wp-content\/uploads\/2025\/06\/berrylicious-glass-effect-gel-polish-collection.webp","contentUrl":"https:\/\/luxegel.lv\/wp-content\/uploads\/2025\/06\/berrylicious-glass-effect-gel-polish-collection.webp","width":750,"height":750},{"@type":"BreadcrumbList","@id":"https:\/\/luxegel.lv\/lv\/product-lv\/berrylicious-vitrazas-efekta-gela-laku-kolekcija\/#breadcrumb","itemListElement":[{"@type":"ListItem","position":1,"name":"Galven\u0101","item":"https:\/\/luxegel.lv\/lv\/"},{"@type":"ListItem","position":2,"name":"Veikals","item":"https:\/\/luxegel.lv\/lv\/veikals\/"},{"@type":"ListItem","position":3,"name":"BERRYLICIOUS \u2013 VITR\u0100\u017dAS EFEKTA (GLASS) G\u0112LA LAKU KOLEKCIJA"}]},{"@type":"WebSite","@id":"https:\/\/luxegel.lv\/lv\/#website","url":"https:\/\/luxegel.lv\/lv\/","name":"LUXE GEL PROFESSIONAL\u2122","description":"is a leading nail brand on the European market. Luxe Gel currently stock over 500 products including over 350 shades of gel polish, a complete builder gel system and our famous structure base.","potentialAction":[{"@type":"SearchAction","target":{"@type":"EntryPoint","urlTemplate":"https:\/\/luxegel.lv\/lv\/?s={search_term_string}"},"query-input":{"@type":"PropertyValueSpecification","valueRequired":true,"valueName":"search_term_string"}}],"inLanguage":"lv-LV"}]}},"_links":{"self":[{"href":"https:\/\/luxegel.lv\/lv\/wp-json\/wp\/v2\/product\/16553","targetHints":{"allow":["GET"]}}],"collection":[{"href":"https:\/\/luxegel.lv\/lv\/wp-json\/wp\/v2\/product"}],"about":[{"href":"https:\/\/luxegel.lv\/lv\/wp-json\/wp\/v2\/types\/product"}],"version-history":[{"count":3,"href":"https:\/\/luxegel.lv\/lv\/wp-json\/wp\/v2\/product\/16553\/revisions"}],"predecessor-version":[{"id":16562,"href":"https:\/\/luxegel.lv\/lv\/wp-json\/wp\/v2\/product\/16553\/revisions\/16562"}],"wp:featuredmedia":[{"embeddable":true,"href":"https:\/\/luxegel.lv\/lv\/wp-json\/wp\/v2\/media\/16556"}],"wp:attachment":[{"href":"https:\/\/luxegel.lv\/lv\/wp-json\/wp\/v2\/media?parent=16553"}],"wp:term":[{"taxonomy":"product_brand","embeddable":true,"href":"https:\/\/luxegel.lv\/lv\/wp-json\/wp\/v2\/product_brand?post=16553"},{"taxonomy":"product_cat","embeddable":true,"href":"https:\/\/luxegel.lv\/lv\/wp-json\/wp\/v2\/product_cat?post=16553"},{"taxonomy":"product_tag","embeddable":true,"href":"https:\/\/luxegel.lv\/lv\/wp-json\/wp\/v2\/product_tag?post=16553"}],"curies":[{"name":"wp","href":"https:\/\/api.w.org\/{rel}","templated":true}]}}