{"id":16540,"date":"2025-06-20T06:59:23","date_gmt":"2025-06-20T06:59:23","guid":{"rendered":"https:\/\/luxegel.lv\/?post_type=product&#038;p=16540"},"modified":"2025-10-24T18:50:45","modified_gmt":"2025-10-24T18:50:45","slug":"pool-party-neona-kakacs-gela-laku-kolekcija","status":"publish","type":"product","link":"https:\/\/luxegel.lv\/lv\/product-lv\/pool-party-neona-kakacs-gela-laku-kolekcija\/","title":{"rendered":"POOL PARTY \u2013 NEONA KA\u0136ACS EFEKTA G\u0112LA LAKU KOLEKCIJA"},"content":{"rendered":"<p>Sagatavojies \u0161\u012bs vasaras spilgt\u0101kajam uzn\u0101cienam ar <b>Pool Party kolekciju<\/b> \u2013 dinamisku un paman\u0101mu g\u0113la laku s\u0113riju, kas iem\u016b\u017eina saules pielieto dienu un baseina izpriecu b\u016bt\u012bbu. Iedvesmota no drosm\u012bgajiem, atsvaidzino\u0161ajiem vasaras koktei\u013cu to\u0146iem, katrs kolekcijas tonis ir bag\u0101tin\u0101ts ar neona &#8220;ka\u0137acs\u201d efektu, radot apburo\u0161u, daudzdimension\u0101lu sp\u012bdumu, kas atg\u0101dina saules staru rota\u013cas uz \u016bdens virsmas.<\/p>\n<p>Neatkar\u012bgi no t\u0101, vai sau\u013cojies pie baseina, malko kokteili ar draugiem vai dejo saulriet\u0101 \u2013 <b>Pool Party kolekcij\u0101<\/b> atrad\u012bsi toni katrai noska\u0146ai. Unik\u0101l\u0101, pies\u0101tin\u0101to pigmentu un magn\u0113tisk\u0101 \u201cka\u0137acs\u201d efekta kombin\u0101cija pie\u0161\u0137ir manik\u012bram dzi\u013cumu un kust\u012bbu, padarot katru nagu par \u012bstu stila akcentu.<\/p>\n<p>#luxegelpoolparty<\/p>\n<ul>\n<li><b>Galven\u0101s \u012bpa\u0161\u012bbas:<\/b><\/li>\n<li>Hipnotisks \u201cka\u0137acs\u201d efekts ar bag\u0101t\u012bgu, daudzdimension\u0101lu sp\u012bdumu<\/li>\n<li>Ilgnotur\u012bgs rezult\u0101ts<\/li>\n<li>Viegli uzkl\u0101jams un saciet\u0113 UV\/LED lamp\u0101<\/li>\n<li>Da\u017e\u0101di magn\u0113tiskie efekti<\/li>\n<li>Formula bez 11 toksisk\u0101m viel\u0101m<\/li>\n<li>Izteikts sp\u012bdums<\/li>\n<li>15 ml (0.5 fl.oz.)<\/li>\n<li>100% g\u0113la formula<\/li>\n<li>Bez smar\u017eas, nav test\u0113ts uz dz\u012bvniekiem, videi draudz\u012bgs<\/li>\n<li>Sertific\u0113ts un p\u0101rbaud\u012bts<\/li>\n<li>\u017d\u016bst: UV \u2013 120 sek., LED \u2013 60 sek.<\/li>\n<\/ul>\n<p><strong>VESEL\u012aBAI NEKAIT\u012aGA FORMULA \u2013 NESATUR 11 TOKSISKAS VIELAS:<\/strong><br \/>\nBez formaldeh\u012bda, parab\u0113niem, kampara, dibutilftal\u0101ta, formaldeh\u012bda sve\u0137iem, ksilola, etiltosilam\u012bda, toluola, bisfenola A, sulf\u0101tiem, trifenilfosf\u0101ta.<\/p>\n<p><strong>KR\u0100SU ATT\u0112LOJUMS<\/strong><\/p>\n<p>Tiek dar\u012bts viss iesp\u0113jamais, lai nodro\u0161in\u0101tu, ka visi m\u016bsu produktu att\u0113li ir p\u0113c iesp\u0113jas prec\u012bz\u0101ki. \u0145emot v\u0113r\u0101, ka elektroniskaj\u0101s ier\u012bc\u0113s ir da\u017e\u0101di kr\u0101su\/iz\u0161\u0137irtsp\u0113jas iestat\u012bjumi, kr\u0101su att\u0113lojums var nedaudz at\u0161\u0137irties no fizisk\u0101 produkta.<\/p>\n","protected":false},"excerpt":{"rendered":"<p>Sagatavojies \u0161\u012bs vasaras spilgt\u0101kajam uzn\u0101cienam ar Pool Party kolekciju \u2013 dinamisku un paman\u0101mu g\u0113la laku s\u0113riju, kas iem\u016b\u017eina saules pielieto<\/p>\n","protected":false},"featured_media":16543,"template":"","meta":{"_acf_changed":false,"om_disable_all_campaigns":false},"product_brand":[],"product_cat":[157,534,246,503,154,507,501],"product_tag":[],"class_list":{"0":"post-16540","1":"product","2":"type-product","3":"status-publish","4":"has-post-thumbnail","6":"product_cat-gela-lakas","7":"product_cat-kakacs","8":"product_cat-kolekcijas-un-komplekti","9":"product_cat-koshie-toni","10":"product_cat-luxe-gel-professional-lv","11":"product_cat-toni-ar-gliteriem","12":"product_cat-visi-toni","14":"first","15":"instock","16":"sale","17":"shipping-taxable","18":"purchasable","19":"product-type-simple"},"acf":[],"yoast_head":"<!-- This site is optimized with the Yoast SEO plugin v23.8 - https:\/\/yoast.com\/wordpress\/plugins\/seo\/ -->\n<title>POOL PARTY \u2013 NEONA KA\u0136ACS EFEKTA G\u0112LA LAKU KOLEKCIJA - LUXE GEL PROFESSIONAL\u2122<\/title>\n<meta name=\"robots\" content=\"index, follow, max-snippet:-1, max-image-preview:large, max-video-preview:-1\" \/>\n<link rel=\"canonical\" href=\"https:\/\/luxegel.lv\/lv\/product-lv\/pool-party-neona-kakacs-gela-laku-kolekcija\/\" \/>\n<meta property=\"og:locale\" content=\"lv_LV\" \/>\n<meta property=\"og:type\" content=\"article\" \/>\n<meta property=\"og:title\" content=\"POOL PARTY \u2013 NEONA KA\u0136ACS EFEKTA G\u0112LA LAKU KOLEKCIJA - LUXE GEL PROFESSIONAL\u2122\" \/>\n<meta property=\"og:description\" content=\"Sagatavojies \u0161\u012bs vasaras spilgt\u0101kajam uzn\u0101cienam ar Pool Party kolekciju \u2013 dinamisku un paman\u0101mu g\u0113la laku s\u0113riju, kas iem\u016b\u017eina saules pielieto\" \/>\n<meta property=\"og:url\" content=\"https:\/\/luxegel.lv\/lv\/product-lv\/pool-party-neona-kakacs-gela-laku-kolekcija\/\" \/>\n<meta property=\"og:site_name\" content=\"LUXE GEL PROFESSIONAL\u2122\" \/>\n<meta property=\"article:modified_time\" content=\"2025-10-24T18:50:45+00:00\" \/>\n<meta property=\"og:image\" content=\"https:\/\/luxegel.lv\/wp-content\/uploads\/2025\/06\/pool-party-neon-cat-eye-gel-polish-collection.webp\" \/>\n\t<meta property=\"og:image:width\" content=\"750\" \/>\n\t<meta property=\"og:image:height\" content=\"750\" \/>\n\t<meta property=\"og:image:type\" content=\"image\/webp\" \/>\n<meta name=\"twitter:card\" content=\"summary_large_image\" \/>\n<meta name=\"twitter:label1\" content=\"Est. reading time\" \/>\n\t<meta name=\"twitter:data1\" content=\"2 minutes\" \/>\n<script type=\"application\/ld+json\" class=\"yoast-schema-graph\">{\"@context\":\"https:\/\/schema.org\",\"@graph\":[{\"@type\":\"WebPage\",\"@id\":\"https:\/\/luxegel.lv\/lv\/product-lv\/pool-party-neona-kakacs-gela-laku-kolekcija\/\",\"url\":\"https:\/\/luxegel.lv\/lv\/product-lv\/pool-party-neona-kakacs-gela-laku-kolekcija\/\",\"name\":\"POOL PARTY \u2013 NEONA KA\u0136ACS EFEKTA G\u0112LA LAKU KOLEKCIJA - LUXE GEL PROFESSIONAL\u2122\",\"isPartOf\":{\"@id\":\"https:\/\/luxegel.lv\/lv\/#website\"},\"primaryImageOfPage\":{\"@id\":\"https:\/\/luxegel.lv\/lv\/product-lv\/pool-party-neona-kakacs-gela-laku-kolekcija\/#primaryimage\"},\"image\":{\"@id\":\"https:\/\/luxegel.lv\/lv\/product-lv\/pool-party-neona-kakacs-gela-laku-kolekcija\/#primaryimage\"},\"thumbnailUrl\":\"https:\/\/luxegel.lv\/wp-content\/uploads\/2025\/06\/pool-party-neon-cat-eye-gel-polish-collection.webp\",\"datePublished\":\"2025-06-20T06:59:23+00:00\",\"dateModified\":\"2025-10-24T18:50:45+00:00\",\"breadcrumb\":{\"@id\":\"https:\/\/luxegel.lv\/lv\/product-lv\/pool-party-neona-kakacs-gela-laku-kolekcija\/#breadcrumb\"},\"inLanguage\":\"lv-LV\",\"potentialAction\":[{\"@type\":\"ReadAction\",\"target\":[\"https:\/\/luxegel.lv\/lv\/product-lv\/pool-party-neona-kakacs-gela-laku-kolekcija\/\"]}]},{\"@type\":\"ImageObject\",\"inLanguage\":\"lv-LV\",\"@id\":\"https:\/\/luxegel.lv\/lv\/product-lv\/pool-party-neona-kakacs-gela-laku-kolekcija\/#primaryimage\",\"url\":\"https:\/\/luxegel.lv\/wp-content\/uploads\/2025\/06\/pool-party-neon-cat-eye-gel-polish-collection.webp\",\"contentUrl\":\"https:\/\/luxegel.lv\/wp-content\/uploads\/2025\/06\/pool-party-neon-cat-eye-gel-polish-collection.webp\",\"width\":750,\"height\":750},{\"@type\":\"BreadcrumbList\",\"@id\":\"https:\/\/luxegel.lv\/lv\/product-lv\/pool-party-neona-kakacs-gela-laku-kolekcija\/#breadcrumb\",\"itemListElement\":[{\"@type\":\"ListItem\",\"position\":1,\"name\":\"Galven\u0101\",\"item\":\"https:\/\/luxegel.lv\/lv\/\"},{\"@type\":\"ListItem\",\"position\":2,\"name\":\"Veikals\",\"item\":\"https:\/\/luxegel.lv\/lv\/veikals\/\"},{\"@type\":\"ListItem\",\"position\":3,\"name\":\"POOL PARTY \u2013 NEONA KA\u0136ACS EFEKTA G\u0112LA LAKU KOLEKCIJA\"}]},{\"@type\":\"WebSite\",\"@id\":\"https:\/\/luxegel.lv\/lv\/#website\",\"url\":\"https:\/\/luxegel.lv\/lv\/\",\"name\":\"LUXE GEL PROFESSIONAL\u2122\",\"description\":\"is a leading nail brand on the European market. Luxe Gel currently stock over 500 products including over 350 shades of gel polish, a complete builder gel system and our famous structure base.\",\"potentialAction\":[{\"@type\":\"SearchAction\",\"target\":{\"@type\":\"EntryPoint\",\"urlTemplate\":\"https:\/\/luxegel.lv\/lv\/?s={search_term_string}\"},\"query-input\":{\"@type\":\"PropertyValueSpecification\",\"valueRequired\":true,\"valueName\":\"search_term_string\"}}],\"inLanguage\":\"lv-LV\"}]}<\/script>\n<!-- \/ Yoast SEO plugin. -->","yoast_head_json":{"title":"POOL PARTY \u2013 NEONA KA\u0136ACS EFEKTA G\u0112LA LAKU KOLEKCIJA - LUXE GEL PROFESSIONAL\u2122","robots":{"index":"index","follow":"follow","max-snippet":"max-snippet:-1","max-image-preview":"max-image-preview:large","max-video-preview":"max-video-preview:-1"},"canonical":"https:\/\/luxegel.lv\/lv\/product-lv\/pool-party-neona-kakacs-gela-laku-kolekcija\/","og_locale":"lv_LV","og_type":"article","og_title":"POOL PARTY \u2013 NEONA KA\u0136ACS EFEKTA G\u0112LA LAKU KOLEKCIJA - LUXE GEL PROFESSIONAL\u2122","og_description":"Sagatavojies \u0161\u012bs vasaras spilgt\u0101kajam uzn\u0101cienam ar Pool Party kolekciju \u2013 dinamisku un paman\u0101mu g\u0113la laku s\u0113riju, kas iem\u016b\u017eina saules pielieto","og_url":"https:\/\/luxegel.lv\/lv\/product-lv\/pool-party-neona-kakacs-gela-laku-kolekcija\/","og_site_name":"LUXE GEL PROFESSIONAL\u2122","article_modified_time":"2025-10-24T18:50:45+00:00","og_image":[{"width":750,"height":750,"url":"https:\/\/luxegel.lv\/wp-content\/uploads\/2025\/06\/pool-party-neon-cat-eye-gel-polish-collection.webp","type":"image\/webp"}],"twitter_card":"summary_large_image","twitter_misc":{"Est. reading time":"2 minutes"},"schema":{"@context":"https:\/\/schema.org","@graph":[{"@type":"WebPage","@id":"https:\/\/luxegel.lv\/lv\/product-lv\/pool-party-neona-kakacs-gela-laku-kolekcija\/","url":"https:\/\/luxegel.lv\/lv\/product-lv\/pool-party-neona-kakacs-gela-laku-kolekcija\/","name":"POOL PARTY \u2013 NEONA KA\u0136ACS EFEKTA G\u0112LA LAKU KOLEKCIJA - LUXE GEL PROFESSIONAL\u2122","isPartOf":{"@id":"https:\/\/luxegel.lv\/lv\/#website"},"primaryImageOfPage":{"@id":"https:\/\/luxegel.lv\/lv\/product-lv\/pool-party-neona-kakacs-gela-laku-kolekcija\/#primaryimage"},"image":{"@id":"https:\/\/luxegel.lv\/lv\/product-lv\/pool-party-neona-kakacs-gela-laku-kolekcija\/#primaryimage"},"thumbnailUrl":"https:\/\/luxegel.lv\/wp-content\/uploads\/2025\/06\/pool-party-neon-cat-eye-gel-polish-collection.webp","datePublished":"2025-06-20T06:59:23+00:00","dateModified":"2025-10-24T18:50:45+00:00","breadcrumb":{"@id":"https:\/\/luxegel.lv\/lv\/product-lv\/pool-party-neona-kakacs-gela-laku-kolekcija\/#breadcrumb"},"inLanguage":"lv-LV","potentialAction":[{"@type":"ReadAction","target":["https:\/\/luxegel.lv\/lv\/product-lv\/pool-party-neona-kakacs-gela-laku-kolekcija\/"]}]},{"@type":"ImageObject","inLanguage":"lv-LV","@id":"https:\/\/luxegel.lv\/lv\/product-lv\/pool-party-neona-kakacs-gela-laku-kolekcija\/#primaryimage","url":"https:\/\/luxegel.lv\/wp-content\/uploads\/2025\/06\/pool-party-neon-cat-eye-gel-polish-collection.webp","contentUrl":"https:\/\/luxegel.lv\/wp-content\/uploads\/2025\/06\/pool-party-neon-cat-eye-gel-polish-collection.webp","width":750,"height":750},{"@type":"BreadcrumbList","@id":"https:\/\/luxegel.lv\/lv\/product-lv\/pool-party-neona-kakacs-gela-laku-kolekcija\/#breadcrumb","itemListElement":[{"@type":"ListItem","position":1,"name":"Galven\u0101","item":"https:\/\/luxegel.lv\/lv\/"},{"@type":"ListItem","position":2,"name":"Veikals","item":"https:\/\/luxegel.lv\/lv\/veikals\/"},{"@type":"ListItem","position":3,"name":"POOL PARTY \u2013 NEONA KA\u0136ACS EFEKTA G\u0112LA LAKU KOLEKCIJA"}]},{"@type":"WebSite","@id":"https:\/\/luxegel.lv\/lv\/#website","url":"https:\/\/luxegel.lv\/lv\/","name":"LUXE GEL PROFESSIONAL\u2122","description":"is a leading nail brand on the European market. Luxe Gel currently stock over 500 products including over 350 shades of gel polish, a complete builder gel system and our famous structure base.","potentialAction":[{"@type":"SearchAction","target":{"@type":"EntryPoint","urlTemplate":"https:\/\/luxegel.lv\/lv\/?s={search_term_string}"},"query-input":{"@type":"PropertyValueSpecification","valueRequired":true,"valueName":"search_term_string"}}],"inLanguage":"lv-LV"}]}},"_links":{"self":[{"href":"https:\/\/luxegel.lv\/lv\/wp-json\/wp\/v2\/product\/16540","targetHints":{"allow":["GET"]}}],"collection":[{"href":"https:\/\/luxegel.lv\/lv\/wp-json\/wp\/v2\/product"}],"about":[{"href":"https:\/\/luxegel.lv\/lv\/wp-json\/wp\/v2\/types\/product"}],"version-history":[{"count":4,"href":"https:\/\/luxegel.lv\/lv\/wp-json\/wp\/v2\/product\/16540\/revisions"}],"predecessor-version":[{"id":16775,"href":"https:\/\/luxegel.lv\/lv\/wp-json\/wp\/v2\/product\/16540\/revisions\/16775"}],"wp:featuredmedia":[{"embeddable":true,"href":"https:\/\/luxegel.lv\/lv\/wp-json\/wp\/v2\/media\/16543"}],"wp:attachment":[{"href":"https:\/\/luxegel.lv\/lv\/wp-json\/wp\/v2\/media?parent=16540"}],"wp:term":[{"taxonomy":"product_brand","embeddable":true,"href":"https:\/\/luxegel.lv\/lv\/wp-json\/wp\/v2\/product_brand?post=16540"},{"taxonomy":"product_cat","embeddable":true,"href":"https:\/\/luxegel.lv\/lv\/wp-json\/wp\/v2\/product_cat?post=16540"},{"taxonomy":"product_tag","embeddable":true,"href":"https:\/\/luxegel.lv\/lv\/wp-json\/wp\/v2\/product_tag?post=16540"}],"curies":[{"name":"wp","href":"https:\/\/api.w.org\/{rel}","templated":true}]}}