{"id":16526,"date":"2025-06-20T06:25:51","date_gmt":"2025-06-20T06:25:51","guid":{"rendered":"https:\/\/luxegel.lv\/?post_type=product&#038;p=16526"},"modified":"2025-10-24T18:50:49","modified_gmt":"2025-10-24T18:50:49","slug":"mardi-gras-neon-flash-gaismu-atstarojosi-gela-laku-kolekcija","status":"publish","type":"product","link":"https:\/\/luxegel.lv\/lv\/product-lv\/mardi-gras-neon-flash-gaismu-atstarojosi-gela-laku-kolekcija\/","title":{"rendered":"MARDI GRAS \u2013 GAISMU ATSTAROJO\u0160O NEONA G\u0112LA LAKU KOLEKCIJA (NEON FLASH)"},"content":{"rendered":"<p>Ienirsti pasaul\u0113, kur kr\u0101s\u0101m nav robe\u017eu, mirdzums nekad nez\u016bd un katrs nags st\u0101sta savu sv\u0113tku st\u0101stu.<br \/>\n<strong>Mardi Gras kolekcija<\/strong> \u2013 10 to\u0146u g\u0113la laku l\u012bnija, iedvesmota no \u0145\u016borle\u0101nas ikonisk\u0101 karnev\u0101la nevald\u0101m\u0101s ener\u0123ijas, drosm\u012bg\u0101 stila un spilgt\u0101 skaistuma.<\/p>\n<p>No mirdzo\u0161aj\u0101m p\u0113rl\u0113m, kas tiek mestas m\u0113ness gaism\u0101 par\u0101des laik\u0101, l\u012bdz neona izk\u0101rtn\u0113m, kas apgaismo Burbona ielu \u2014 katrs tonis ir cie\u0146as apliecin\u0101jums Mardi Gras b\u016bt\u012bbai: ritma, dumpinieciskuma un starojo\u0161as pa\u0161izpausmes eksplozijai.<\/p>\n<p><strong>Gaismu atstarojo\u0161i gliteri<\/strong><\/p>\n<p>Katrs tonis satur \u012bpa\u0161i smalkus, gaismu atstarojo\u0161us gliterus, kas spilgt\u0101 apgaismojum\u0101 vai kameras zibspuldz\u0113 uzliesmo ar apburo\u0161u efektu. Tie ir ball\u012b\u0161u nagi, kas mirdz k\u0101 diskobumba uz deju gr\u012bdas.<\/p>\n<p><strong>Ko\u0161i neona pigmenti<\/strong><\/p>\n<p>Izgatavoti uz \u012bstu neona pigmentu b\u0101zes \u2014 \u0161ie to\u0146i ir drosm\u012bgi un spilgti gan dienasgaism\u0101, gan UV apgaismojum\u0101. Neatkar\u012bgi no t\u0101, vai sp\u012bd saule vai mirdz nakts klubu gaismas \u2014 tavi nagi izcelsies jebkur\u0101 vid\u0113.<\/p>\n<p>\u0160\u012b kolekcija ir tiem, kas dz\u012bvo spilgti. neatkar\u012bgi no t\u0101, vai tu dejo uz iel\u0101m, poz\u0113 kameras priek\u0161\u0101 vai vienk\u0101r\u0161i dz\u012bvo ko\u0161i \u2014 Mardi Gras kolekcija ir tava at\u013cauja mirdz\u0113t.<\/p>\n<p>#LUXEGELMARDIGRAS<\/p>\n<p><strong>Produkta inform\u0101cija:<\/strong><\/p>\n<ul>\n<li>11-Free formula \u2013 bez toksisk\u0101m viel\u0101m<\/li>\n<li>15 ml (0.5 fl.oz.)<\/li>\n<li>100% g\u0113la formula<\/li>\n<li>\u013boti pigment\u0113ti, viegli kl\u0101jami to\u0146i<\/li>\n<li>Ilgnotur\u012bgi (3+ ned\u0113\u013cas)<\/li>\n<li>Veg\u0101niski un nav test\u0113ti uz dz\u012bvniekiem<\/li>\n<li>\u0100tra no\u0146em\u0161ana (atmiek\u0161\u0137\u0113jot ar acetonu)<\/li>\n<li>\u017d\u016bst UV (120 sek.) vai LED (60 sek.) gaism\u0101<\/li>\n<\/ul>\n<p><strong>VESEL\u012aBAI NEKAIT\u012aGA FORMULA \u2013 NESATUR 11 TOKSISKAS VIELAS:<\/strong><\/p>\n<p>Bez formaldeh\u012bda, parab\u0113niem, kampara, dibutilftal\u0101ta, formaldeh\u012bda sve\u0137iem, ksilola, etiltosilam\u012bda, toluola, bisfenola A, sulf\u0101tiem, trifenilfosf\u0101ta.<\/p>\n<p><strong>Kr\u0101su att\u0113lojums:\u00a0<\/strong><\/p>\n<p>Tiek dar\u012bts viss iesp\u0113jamais, lai nodro\u0161in\u0101tu, ka visi m\u016bsu produktu att\u0113li ir p\u0113c iesp\u0113jas prec\u012bz\u0101ki. \u0145emot v\u0113r\u0101, ka elektroniskaj\u0101s ier\u012bc\u0113s ir da\u017e\u0101di kr\u0101su\/iz\u0161\u0137irtsp\u0113jas iestat\u012bjumi, kr\u0101su att\u0113lojums var nedaudz at\u0161\u0137irties no fizisk\u0101 produkta.<\/p>\n","protected":false},"excerpt":{"rendered":"<p>Ienirsti pasaul\u0113, kur kr\u0101s\u0101m nav robe\u017eu, mirdzums nekad nez\u016bd un katrs nags st\u0101sta savu sv\u0113tku st\u0101stu. Mardi Gras kolekcija \u2013<\/p>\n","protected":false},"featured_media":16529,"template":"","meta":{"_acf_changed":false,"om_disable_all_campaigns":false},"product_brand":[],"product_cat":[515,157,246,503,154,507,501],"product_tag":[],"class_list":{"0":"post-16526","1":"product","2":"type-product","3":"status-publish","4":"has-post-thumbnail","6":"product_cat-gaismu-atstarojoshie-toni-flash","7":"product_cat-gela-lakas","8":"product_cat-kolekcijas-un-komplekti","9":"product_cat-koshie-toni","10":"product_cat-luxe-gel-professional-lv","11":"product_cat-toni-ar-gliteriem","12":"product_cat-visi-toni","14":"first","15":"instock","16":"sale","17":"shipping-taxable","18":"purchasable","19":"product-type-simple"},"acf":[],"yoast_head":"<!-- This site is optimized with the Yoast SEO plugin v23.8 - https:\/\/yoast.com\/wordpress\/plugins\/seo\/ -->\n<title>MARDI GRAS \u2013 GAISMU ATSTAROJO\u0160O NEONA G\u0112LA LAKU KOLEKCIJA (NEON FLASH) - LUXE GEL PROFESSIONAL\u2122<\/title>\n<meta name=\"robots\" content=\"index, follow, max-snippet:-1, max-image-preview:large, max-video-preview:-1\" \/>\n<link rel=\"canonical\" href=\"https:\/\/luxegel.lv\/lv\/product-lv\/mardi-gras-neon-flash-gaismu-atstarojosi-gela-laku-kolekcija\/\" \/>\n<meta property=\"og:locale\" content=\"lv_LV\" \/>\n<meta property=\"og:type\" content=\"article\" \/>\n<meta property=\"og:title\" content=\"MARDI GRAS \u2013 GAISMU ATSTAROJO\u0160O NEONA G\u0112LA LAKU KOLEKCIJA (NEON FLASH) - LUXE GEL PROFESSIONAL\u2122\" \/>\n<meta property=\"og:description\" content=\"Ienirsti pasaul\u0113, kur kr\u0101s\u0101m nav robe\u017eu, mirdzums nekad nez\u016bd un katrs nags st\u0101sta savu sv\u0113tku st\u0101stu. Mardi Gras kolekcija \u2013\" \/>\n<meta property=\"og:url\" content=\"https:\/\/luxegel.lv\/lv\/product-lv\/mardi-gras-neon-flash-gaismu-atstarojosi-gela-laku-kolekcija\/\" \/>\n<meta property=\"og:site_name\" content=\"LUXE GEL PROFESSIONAL\u2122\" \/>\n<meta property=\"article:modified_time\" content=\"2025-10-24T18:50:49+00:00\" \/>\n<meta property=\"og:image\" content=\"https:\/\/luxegel.lv\/wp-content\/uploads\/2025\/06\/mardi-gras-neon-flash-light-reflective-gel-polish-collection.webp\" \/>\n\t<meta property=\"og:image:width\" content=\"750\" \/>\n\t<meta property=\"og:image:height\" content=\"750\" \/>\n\t<meta property=\"og:image:type\" content=\"image\/webp\" \/>\n<meta name=\"twitter:card\" content=\"summary_large_image\" \/>\n<meta name=\"twitter:label1\" content=\"Est. reading time\" \/>\n\t<meta name=\"twitter:data1\" content=\"2 minutes\" \/>\n<script type=\"application\/ld+json\" class=\"yoast-schema-graph\">{\"@context\":\"https:\/\/schema.org\",\"@graph\":[{\"@type\":\"WebPage\",\"@id\":\"https:\/\/luxegel.lv\/lv\/product-lv\/mardi-gras-neon-flash-gaismu-atstarojosi-gela-laku-kolekcija\/\",\"url\":\"https:\/\/luxegel.lv\/lv\/product-lv\/mardi-gras-neon-flash-gaismu-atstarojosi-gela-laku-kolekcija\/\",\"name\":\"MARDI GRAS \u2013 GAISMU ATSTAROJO\u0160O NEONA G\u0112LA LAKU KOLEKCIJA (NEON FLASH) - LUXE GEL PROFESSIONAL\u2122\",\"isPartOf\":{\"@id\":\"https:\/\/luxegel.lv\/lv\/#website\"},\"primaryImageOfPage\":{\"@id\":\"https:\/\/luxegel.lv\/lv\/product-lv\/mardi-gras-neon-flash-gaismu-atstarojosi-gela-laku-kolekcija\/#primaryimage\"},\"image\":{\"@id\":\"https:\/\/luxegel.lv\/lv\/product-lv\/mardi-gras-neon-flash-gaismu-atstarojosi-gela-laku-kolekcija\/#primaryimage\"},\"thumbnailUrl\":\"https:\/\/luxegel.lv\/wp-content\/uploads\/2025\/06\/mardi-gras-neon-flash-light-reflective-gel-polish-collection.webp\",\"datePublished\":\"2025-06-20T06:25:51+00:00\",\"dateModified\":\"2025-10-24T18:50:49+00:00\",\"breadcrumb\":{\"@id\":\"https:\/\/luxegel.lv\/lv\/product-lv\/mardi-gras-neon-flash-gaismu-atstarojosi-gela-laku-kolekcija\/#breadcrumb\"},\"inLanguage\":\"lv-LV\",\"potentialAction\":[{\"@type\":\"ReadAction\",\"target\":[\"https:\/\/luxegel.lv\/lv\/product-lv\/mardi-gras-neon-flash-gaismu-atstarojosi-gela-laku-kolekcija\/\"]}]},{\"@type\":\"ImageObject\",\"inLanguage\":\"lv-LV\",\"@id\":\"https:\/\/luxegel.lv\/lv\/product-lv\/mardi-gras-neon-flash-gaismu-atstarojosi-gela-laku-kolekcija\/#primaryimage\",\"url\":\"https:\/\/luxegel.lv\/wp-content\/uploads\/2025\/06\/mardi-gras-neon-flash-light-reflective-gel-polish-collection.webp\",\"contentUrl\":\"https:\/\/luxegel.lv\/wp-content\/uploads\/2025\/06\/mardi-gras-neon-flash-light-reflective-gel-polish-collection.webp\",\"width\":750,\"height\":750},{\"@type\":\"BreadcrumbList\",\"@id\":\"https:\/\/luxegel.lv\/lv\/product-lv\/mardi-gras-neon-flash-gaismu-atstarojosi-gela-laku-kolekcija\/#breadcrumb\",\"itemListElement\":[{\"@type\":\"ListItem\",\"position\":1,\"name\":\"Galven\u0101\",\"item\":\"https:\/\/luxegel.lv\/lv\/\"},{\"@type\":\"ListItem\",\"position\":2,\"name\":\"Veikals\",\"item\":\"https:\/\/luxegel.lv\/lv\/veikals\/\"},{\"@type\":\"ListItem\",\"position\":3,\"name\":\"MARDI GRAS \u2013 GAISMU ATSTAROJO\u0160O NEONA G\u0112LA LAKU KOLEKCIJA (NEON FLASH)\"}]},{\"@type\":\"WebSite\",\"@id\":\"https:\/\/luxegel.lv\/lv\/#website\",\"url\":\"https:\/\/luxegel.lv\/lv\/\",\"name\":\"LUXE GEL PROFESSIONAL\u2122\",\"description\":\"is a leading nail brand on the European market. Luxe Gel currently stock over 500 products including over 350 shades of gel polish, a complete builder gel system and our famous structure base.\",\"potentialAction\":[{\"@type\":\"SearchAction\",\"target\":{\"@type\":\"EntryPoint\",\"urlTemplate\":\"https:\/\/luxegel.lv\/lv\/?s={search_term_string}\"},\"query-input\":{\"@type\":\"PropertyValueSpecification\",\"valueRequired\":true,\"valueName\":\"search_term_string\"}}],\"inLanguage\":\"lv-LV\"}]}<\/script>\n<!-- \/ Yoast SEO plugin. -->","yoast_head_json":{"title":"MARDI GRAS \u2013 GAISMU ATSTAROJO\u0160O NEONA G\u0112LA LAKU KOLEKCIJA (NEON FLASH) - LUXE GEL PROFESSIONAL\u2122","robots":{"index":"index","follow":"follow","max-snippet":"max-snippet:-1","max-image-preview":"max-image-preview:large","max-video-preview":"max-video-preview:-1"},"canonical":"https:\/\/luxegel.lv\/lv\/product-lv\/mardi-gras-neon-flash-gaismu-atstarojosi-gela-laku-kolekcija\/","og_locale":"lv_LV","og_type":"article","og_title":"MARDI GRAS \u2013 GAISMU ATSTAROJO\u0160O NEONA G\u0112LA LAKU KOLEKCIJA (NEON FLASH) - LUXE GEL PROFESSIONAL\u2122","og_description":"Ienirsti pasaul\u0113, kur kr\u0101s\u0101m nav robe\u017eu, mirdzums nekad nez\u016bd un katrs nags st\u0101sta savu sv\u0113tku st\u0101stu. Mardi Gras kolekcija \u2013","og_url":"https:\/\/luxegel.lv\/lv\/product-lv\/mardi-gras-neon-flash-gaismu-atstarojosi-gela-laku-kolekcija\/","og_site_name":"LUXE GEL PROFESSIONAL\u2122","article_modified_time":"2025-10-24T18:50:49+00:00","og_image":[{"width":750,"height":750,"url":"https:\/\/luxegel.lv\/wp-content\/uploads\/2025\/06\/mardi-gras-neon-flash-light-reflective-gel-polish-collection.webp","type":"image\/webp"}],"twitter_card":"summary_large_image","twitter_misc":{"Est. reading time":"2 minutes"},"schema":{"@context":"https:\/\/schema.org","@graph":[{"@type":"WebPage","@id":"https:\/\/luxegel.lv\/lv\/product-lv\/mardi-gras-neon-flash-gaismu-atstarojosi-gela-laku-kolekcija\/","url":"https:\/\/luxegel.lv\/lv\/product-lv\/mardi-gras-neon-flash-gaismu-atstarojosi-gela-laku-kolekcija\/","name":"MARDI GRAS \u2013 GAISMU ATSTAROJO\u0160O NEONA G\u0112LA LAKU KOLEKCIJA (NEON FLASH) - LUXE GEL PROFESSIONAL\u2122","isPartOf":{"@id":"https:\/\/luxegel.lv\/lv\/#website"},"primaryImageOfPage":{"@id":"https:\/\/luxegel.lv\/lv\/product-lv\/mardi-gras-neon-flash-gaismu-atstarojosi-gela-laku-kolekcija\/#primaryimage"},"image":{"@id":"https:\/\/luxegel.lv\/lv\/product-lv\/mardi-gras-neon-flash-gaismu-atstarojosi-gela-laku-kolekcija\/#primaryimage"},"thumbnailUrl":"https:\/\/luxegel.lv\/wp-content\/uploads\/2025\/06\/mardi-gras-neon-flash-light-reflective-gel-polish-collection.webp","datePublished":"2025-06-20T06:25:51+00:00","dateModified":"2025-10-24T18:50:49+00:00","breadcrumb":{"@id":"https:\/\/luxegel.lv\/lv\/product-lv\/mardi-gras-neon-flash-gaismu-atstarojosi-gela-laku-kolekcija\/#breadcrumb"},"inLanguage":"lv-LV","potentialAction":[{"@type":"ReadAction","target":["https:\/\/luxegel.lv\/lv\/product-lv\/mardi-gras-neon-flash-gaismu-atstarojosi-gela-laku-kolekcija\/"]}]},{"@type":"ImageObject","inLanguage":"lv-LV","@id":"https:\/\/luxegel.lv\/lv\/product-lv\/mardi-gras-neon-flash-gaismu-atstarojosi-gela-laku-kolekcija\/#primaryimage","url":"https:\/\/luxegel.lv\/wp-content\/uploads\/2025\/06\/mardi-gras-neon-flash-light-reflective-gel-polish-collection.webp","contentUrl":"https:\/\/luxegel.lv\/wp-content\/uploads\/2025\/06\/mardi-gras-neon-flash-light-reflective-gel-polish-collection.webp","width":750,"height":750},{"@type":"BreadcrumbList","@id":"https:\/\/luxegel.lv\/lv\/product-lv\/mardi-gras-neon-flash-gaismu-atstarojosi-gela-laku-kolekcija\/#breadcrumb","itemListElement":[{"@type":"ListItem","position":1,"name":"Galven\u0101","item":"https:\/\/luxegel.lv\/lv\/"},{"@type":"ListItem","position":2,"name":"Veikals","item":"https:\/\/luxegel.lv\/lv\/veikals\/"},{"@type":"ListItem","position":3,"name":"MARDI GRAS \u2013 GAISMU ATSTAROJO\u0160O NEONA G\u0112LA LAKU KOLEKCIJA (NEON FLASH)"}]},{"@type":"WebSite","@id":"https:\/\/luxegel.lv\/lv\/#website","url":"https:\/\/luxegel.lv\/lv\/","name":"LUXE GEL PROFESSIONAL\u2122","description":"is a leading nail brand on the European market. Luxe Gel currently stock over 500 products including over 350 shades of gel polish, a complete builder gel system and our famous structure base.","potentialAction":[{"@type":"SearchAction","target":{"@type":"EntryPoint","urlTemplate":"https:\/\/luxegel.lv\/lv\/?s={search_term_string}"},"query-input":{"@type":"PropertyValueSpecification","valueRequired":true,"valueName":"search_term_string"}}],"inLanguage":"lv-LV"}]}},"_links":{"self":[{"href":"https:\/\/luxegel.lv\/lv\/wp-json\/wp\/v2\/product\/16526","targetHints":{"allow":["GET"]}}],"collection":[{"href":"https:\/\/luxegel.lv\/lv\/wp-json\/wp\/v2\/product"}],"about":[{"href":"https:\/\/luxegel.lv\/lv\/wp-json\/wp\/v2\/types\/product"}],"version-history":[{"count":3,"href":"https:\/\/luxegel.lv\/lv\/wp-json\/wp\/v2\/product\/16526\/revisions"}],"predecessor-version":[{"id":16535,"href":"https:\/\/luxegel.lv\/lv\/wp-json\/wp\/v2\/product\/16526\/revisions\/16535"}],"wp:featuredmedia":[{"embeddable":true,"href":"https:\/\/luxegel.lv\/lv\/wp-json\/wp\/v2\/media\/16529"}],"wp:attachment":[{"href":"https:\/\/luxegel.lv\/lv\/wp-json\/wp\/v2\/media?parent=16526"}],"wp:term":[{"taxonomy":"product_brand","embeddable":true,"href":"https:\/\/luxegel.lv\/lv\/wp-json\/wp\/v2\/product_brand?post=16526"},{"taxonomy":"product_cat","embeddable":true,"href":"https:\/\/luxegel.lv\/lv\/wp-json\/wp\/v2\/product_cat?post=16526"},{"taxonomy":"product_tag","embeddable":true,"href":"https:\/\/luxegel.lv\/lv\/wp-json\/wp\/v2\/product_tag?post=16526"}],"curies":[{"name":"wp","href":"https:\/\/api.w.org\/{rel}","templated":true}]}}