{"id":16421,"date":"2025-06-17T06:28:36","date_gmt":"2025-06-17T06:28:36","guid":{"rendered":"https:\/\/luxegel.lv\/?post_type=product&#038;p=16421"},"modified":"2026-02-04T12:38:10","modified_gmt":"2026-02-04T12:38:10","slug":"lunar-glaze-hroma-efekta-puderis-nagiem-ivory-dreams","status":"publish","type":"product","link":"https:\/\/luxegel.lv\/lv\/product-lv\/lunar-glaze-hroma-efekta-puderis-nagiem-ivory-dreams\/","title":{"rendered":"LUNAR GLAZE HROMA EFEKTA P\u016aDERIS NAGIEM \u2013 IVORY DREAMS"},"content":{"rendered":"<p>Iegrimsti jaun\u0101 starojuma dimensij\u0101 ar <b>Lunar Glaze<\/b> hroma efekta p\u016bderi nagiem \u2013 debesu iedvesmotu kolekciju nagu dizainiem, kas pie\u0161\u0137ir izsmalcin\u0101tu, izteikta sp\u012bduma glaz\u016bras efektu ar maigu, mirdzo\u0161u hroma p\u0101rkl\u0101jumu. \u0160o hroma p\u016bderu efekts uz nagiem atg\u0101din\u0101tu m\u0113ness gaismas sp\u012bdumu uz \u016bdens virsmas, p\u0101rkl\u0101jot nagus ar \u0113terisku gaismas pl\u012bvuru un radot maigu, bet hipnotiz\u0113jo\u0161u sp\u012bdumu, kas main\u0101s katr\u0101 kust\u012bb\u0101. P\u016bdera z\u012bdain\u0101, \u012bpa\u0161i smalk\u0101 tekst\u016bra viegli kl\u0101jas uz naga, atst\u0101jot gludu, caursp\u012bd\u012bgu hroma sl\u0101ni \u2013 ide\u0101lu pamata kr\u0101su izcel\u0161anai vai vieglu, daudzdimension\u0101lu efektu rad\u012b\u0161anai.<\/p>\n<p><b>Lunar Glaze<\/b> pied\u0101v\u0101 izsmalcin\u0101tu klasisk\u0101 hroma interpret\u0101ciju \u2014 maz\u0101k met\u0101liska efekta, vair\u0101k ma\u0123ijas. Perfekti piem\u0113rots smalki mirdzo\u0161iem dizainiem, glaz\u0113tam efektam vai sl\u0101\u0146o\u0161anai virs g\u0113la lakas, lai rad\u012btu piel\u0101gotu mirdzo\u0161u izskatu \u2013 \u0161is hroma p\u016bderis p\u0101rv\u0113r\u0161 manik\u012bru maig\u0101 sap\u0146u ainav\u0101.<\/p>\n","protected":false},"excerpt":{"rendered":"<p>Iegrimsti jaun\u0101 starojuma dimensij\u0101 ar Lunar Glaze hroma efekta p\u016bderi nagiem \u2013 debesu iedvesmotu kolekciju nagu dizainiem, kas pie\u0161\u0137ir izsmalcin\u0101tu,<\/p>\n","protected":false},"featured_media":16427,"template":"","meta":{"_acf_changed":false},"product_brand":[],"product_cat":[437,154,469],"product_tag":[438,222,221],"class_list":{"0":"post-16421","1":"product","2":"type-product","3":"status-publish","4":"has-post-thumbnail","6":"product_cat-hroma-efekta-puderis-nagiem","7":"product_cat-luxe-gel-professional-lv","8":"product_cat-nagu-dizainam","9":"product_tag-chrome-powder-lv","10":"product_tag-produkti","11":"product_tag-visi-produkti","13":"first","14":"instock","15":"sale","16":"shipping-taxable","17":"purchasable","18":"product-type-simple"},"acf":[],"yoast_head":"<!-- This site is optimized with the Yoast SEO plugin v23.8 - https:\/\/yoast.com\/wordpress\/plugins\/seo\/ -->\n<title>LUNAR GLAZE HROMA EFEKTA P\u016aDERIS NAGIEM \u2013 IVORY DREAMS - LUXE GEL PROFESSIONAL\u2122<\/title>\n<meta name=\"robots\" content=\"index, follow, max-snippet:-1, max-image-preview:large, max-video-preview:-1\" \/>\n<link rel=\"canonical\" href=\"https:\/\/luxegel.lv\/lv\/product-lv\/lunar-glaze-hroma-efekta-puderis-nagiem-ivory-dreams\/\" \/>\n<meta property=\"og:locale\" content=\"lv_LV\" \/>\n<meta property=\"og:type\" content=\"article\" \/>\n<meta property=\"og:title\" content=\"LUNAR GLAZE HROMA EFEKTA P\u016aDERIS NAGIEM \u2013 IVORY DREAMS - LUXE GEL PROFESSIONAL\u2122\" \/>\n<meta property=\"og:description\" content=\"Iegrimsti jaun\u0101 starojuma dimensij\u0101 ar Lunar Glaze hroma efekta p\u016bderi nagiem \u2013 debesu iedvesmotu kolekciju nagu dizainiem, kas pie\u0161\u0137ir izsmalcin\u0101tu,\" \/>\n<meta property=\"og:url\" content=\"https:\/\/luxegel.lv\/lv\/product-lv\/lunar-glaze-hroma-efekta-puderis-nagiem-ivory-dreams\/\" \/>\n<meta property=\"og:site_name\" content=\"LUXE GEL PROFESSIONAL\u2122\" \/>\n<meta property=\"article:modified_time\" content=\"2026-02-04T12:38:10+00:00\" \/>\n<meta property=\"og:image\" content=\"https:\/\/luxegel.lv\/wp-content\/uploads\/2025\/06\/lunar-glaze-chrome-powder-ivory-dreams.jpg.webp\" \/>\n\t<meta property=\"og:image:width\" content=\"502\" \/>\n\t<meta property=\"og:image:height\" content=\"502\" \/>\n\t<meta property=\"og:image:type\" content=\"image\/webp\" \/>\n<meta name=\"twitter:card\" content=\"summary_large_image\" \/>\n<meta name=\"twitter:label1\" content=\"Est. reading time\" \/>\n\t<meta name=\"twitter:data1\" content=\"1 minute\" \/>\n<script type=\"application\/ld+json\" class=\"yoast-schema-graph\">{\"@context\":\"https:\/\/schema.org\",\"@graph\":[{\"@type\":\"WebPage\",\"@id\":\"https:\/\/luxegel.lv\/lv\/product-lv\/lunar-glaze-hroma-efekta-puderis-nagiem-ivory-dreams\/\",\"url\":\"https:\/\/luxegel.lv\/lv\/product-lv\/lunar-glaze-hroma-efekta-puderis-nagiem-ivory-dreams\/\",\"name\":\"LUNAR GLAZE HROMA EFEKTA P\u016aDERIS NAGIEM \u2013 IVORY DREAMS - LUXE GEL PROFESSIONAL\u2122\",\"isPartOf\":{\"@id\":\"https:\/\/luxegel.lv\/lv\/#website\"},\"primaryImageOfPage\":{\"@id\":\"https:\/\/luxegel.lv\/lv\/product-lv\/lunar-glaze-hroma-efekta-puderis-nagiem-ivory-dreams\/#primaryimage\"},\"image\":{\"@id\":\"https:\/\/luxegel.lv\/lv\/product-lv\/lunar-glaze-hroma-efekta-puderis-nagiem-ivory-dreams\/#primaryimage\"},\"thumbnailUrl\":\"https:\/\/luxegel.lv\/wp-content\/uploads\/2025\/06\/lunar-glaze-chrome-powder-ivory-dreams.jpg.webp\",\"datePublished\":\"2025-06-17T06:28:36+00:00\",\"dateModified\":\"2026-02-04T12:38:10+00:00\",\"breadcrumb\":{\"@id\":\"https:\/\/luxegel.lv\/lv\/product-lv\/lunar-glaze-hroma-efekta-puderis-nagiem-ivory-dreams\/#breadcrumb\"},\"inLanguage\":\"lv-LV\",\"potentialAction\":[{\"@type\":\"ReadAction\",\"target\":[\"https:\/\/luxegel.lv\/lv\/product-lv\/lunar-glaze-hroma-efekta-puderis-nagiem-ivory-dreams\/\"]}]},{\"@type\":\"ImageObject\",\"inLanguage\":\"lv-LV\",\"@id\":\"https:\/\/luxegel.lv\/lv\/product-lv\/lunar-glaze-hroma-efekta-puderis-nagiem-ivory-dreams\/#primaryimage\",\"url\":\"https:\/\/luxegel.lv\/wp-content\/uploads\/2025\/06\/lunar-glaze-chrome-powder-ivory-dreams.jpg.webp\",\"contentUrl\":\"https:\/\/luxegel.lv\/wp-content\/uploads\/2025\/06\/lunar-glaze-chrome-powder-ivory-dreams.jpg.webp\",\"width\":502,\"height\":502},{\"@type\":\"BreadcrumbList\",\"@id\":\"https:\/\/luxegel.lv\/lv\/product-lv\/lunar-glaze-hroma-efekta-puderis-nagiem-ivory-dreams\/#breadcrumb\",\"itemListElement\":[{\"@type\":\"ListItem\",\"position\":1,\"name\":\"Galven\u0101\",\"item\":\"https:\/\/luxegel.lv\/lv\/\"},{\"@type\":\"ListItem\",\"position\":2,\"name\":\"Veikals\",\"item\":\"https:\/\/luxegel.lv\/lv\/veikals\/\"},{\"@type\":\"ListItem\",\"position\":3,\"name\":\"LUNAR GLAZE HROMA EFEKTA P\u016aDERIS NAGIEM \u2013 IVORY DREAMS\"}]},{\"@type\":\"WebSite\",\"@id\":\"https:\/\/luxegel.lv\/lv\/#website\",\"url\":\"https:\/\/luxegel.lv\/lv\/\",\"name\":\"LUXE GEL PROFESSIONAL\u2122\",\"description\":\"is a leading nail brand on the European market. Luxe Gel currently stock over 500 products including over 350 shades of gel polish, a complete builder gel system and our famous structure base.\",\"potentialAction\":[{\"@type\":\"SearchAction\",\"target\":{\"@type\":\"EntryPoint\",\"urlTemplate\":\"https:\/\/luxegel.lv\/lv\/?s={search_term_string}\"},\"query-input\":{\"@type\":\"PropertyValueSpecification\",\"valueRequired\":true,\"valueName\":\"search_term_string\"}}],\"inLanguage\":\"lv-LV\"}]}<\/script>\n<!-- \/ Yoast SEO plugin. -->","yoast_head_json":{"title":"LUNAR GLAZE HROMA EFEKTA P\u016aDERIS NAGIEM \u2013 IVORY DREAMS - LUXE GEL PROFESSIONAL\u2122","robots":{"index":"index","follow":"follow","max-snippet":"max-snippet:-1","max-image-preview":"max-image-preview:large","max-video-preview":"max-video-preview:-1"},"canonical":"https:\/\/luxegel.lv\/lv\/product-lv\/lunar-glaze-hroma-efekta-puderis-nagiem-ivory-dreams\/","og_locale":"lv_LV","og_type":"article","og_title":"LUNAR GLAZE HROMA EFEKTA P\u016aDERIS NAGIEM \u2013 IVORY DREAMS - LUXE GEL PROFESSIONAL\u2122","og_description":"Iegrimsti jaun\u0101 starojuma dimensij\u0101 ar Lunar Glaze hroma efekta p\u016bderi nagiem \u2013 debesu iedvesmotu kolekciju nagu dizainiem, kas pie\u0161\u0137ir izsmalcin\u0101tu,","og_url":"https:\/\/luxegel.lv\/lv\/product-lv\/lunar-glaze-hroma-efekta-puderis-nagiem-ivory-dreams\/","og_site_name":"LUXE GEL PROFESSIONAL\u2122","article_modified_time":"2026-02-04T12:38:10+00:00","og_image":[{"width":502,"height":502,"url":"https:\/\/luxegel.lv\/wp-content\/uploads\/2025\/06\/lunar-glaze-chrome-powder-ivory-dreams.jpg.webp","type":"image\/webp"}],"twitter_card":"summary_large_image","twitter_misc":{"Est. reading time":"1 minute"},"schema":{"@context":"https:\/\/schema.org","@graph":[{"@type":"WebPage","@id":"https:\/\/luxegel.lv\/lv\/product-lv\/lunar-glaze-hroma-efekta-puderis-nagiem-ivory-dreams\/","url":"https:\/\/luxegel.lv\/lv\/product-lv\/lunar-glaze-hroma-efekta-puderis-nagiem-ivory-dreams\/","name":"LUNAR GLAZE HROMA EFEKTA P\u016aDERIS NAGIEM \u2013 IVORY DREAMS - LUXE GEL PROFESSIONAL\u2122","isPartOf":{"@id":"https:\/\/luxegel.lv\/lv\/#website"},"primaryImageOfPage":{"@id":"https:\/\/luxegel.lv\/lv\/product-lv\/lunar-glaze-hroma-efekta-puderis-nagiem-ivory-dreams\/#primaryimage"},"image":{"@id":"https:\/\/luxegel.lv\/lv\/product-lv\/lunar-glaze-hroma-efekta-puderis-nagiem-ivory-dreams\/#primaryimage"},"thumbnailUrl":"https:\/\/luxegel.lv\/wp-content\/uploads\/2025\/06\/lunar-glaze-chrome-powder-ivory-dreams.jpg.webp","datePublished":"2025-06-17T06:28:36+00:00","dateModified":"2026-02-04T12:38:10+00:00","breadcrumb":{"@id":"https:\/\/luxegel.lv\/lv\/product-lv\/lunar-glaze-hroma-efekta-puderis-nagiem-ivory-dreams\/#breadcrumb"},"inLanguage":"lv-LV","potentialAction":[{"@type":"ReadAction","target":["https:\/\/luxegel.lv\/lv\/product-lv\/lunar-glaze-hroma-efekta-puderis-nagiem-ivory-dreams\/"]}]},{"@type":"ImageObject","inLanguage":"lv-LV","@id":"https:\/\/luxegel.lv\/lv\/product-lv\/lunar-glaze-hroma-efekta-puderis-nagiem-ivory-dreams\/#primaryimage","url":"https:\/\/luxegel.lv\/wp-content\/uploads\/2025\/06\/lunar-glaze-chrome-powder-ivory-dreams.jpg.webp","contentUrl":"https:\/\/luxegel.lv\/wp-content\/uploads\/2025\/06\/lunar-glaze-chrome-powder-ivory-dreams.jpg.webp","width":502,"height":502},{"@type":"BreadcrumbList","@id":"https:\/\/luxegel.lv\/lv\/product-lv\/lunar-glaze-hroma-efekta-puderis-nagiem-ivory-dreams\/#breadcrumb","itemListElement":[{"@type":"ListItem","position":1,"name":"Galven\u0101","item":"https:\/\/luxegel.lv\/lv\/"},{"@type":"ListItem","position":2,"name":"Veikals","item":"https:\/\/luxegel.lv\/lv\/veikals\/"},{"@type":"ListItem","position":3,"name":"LUNAR GLAZE HROMA EFEKTA P\u016aDERIS NAGIEM \u2013 IVORY DREAMS"}]},{"@type":"WebSite","@id":"https:\/\/luxegel.lv\/lv\/#website","url":"https:\/\/luxegel.lv\/lv\/","name":"LUXE GEL PROFESSIONAL\u2122","description":"is a leading nail brand on the European market. Luxe Gel currently stock over 500 products including over 350 shades of gel polish, a complete builder gel system and our famous structure base.","potentialAction":[{"@type":"SearchAction","target":{"@type":"EntryPoint","urlTemplate":"https:\/\/luxegel.lv\/lv\/?s={search_term_string}"},"query-input":{"@type":"PropertyValueSpecification","valueRequired":true,"valueName":"search_term_string"}}],"inLanguage":"lv-LV"}]}},"_links":{"self":[{"href":"https:\/\/luxegel.lv\/lv\/wp-json\/wp\/v2\/product\/16421","targetHints":{"allow":["GET"]}}],"collection":[{"href":"https:\/\/luxegel.lv\/lv\/wp-json\/wp\/v2\/product"}],"about":[{"href":"https:\/\/luxegel.lv\/lv\/wp-json\/wp\/v2\/types\/product"}],"version-history":[{"count":3,"href":"https:\/\/luxegel.lv\/lv\/wp-json\/wp\/v2\/product\/16421\/revisions"}],"predecessor-version":[{"id":16439,"href":"https:\/\/luxegel.lv\/lv\/wp-json\/wp\/v2\/product\/16421\/revisions\/16439"}],"wp:featuredmedia":[{"embeddable":true,"href":"https:\/\/luxegel.lv\/lv\/wp-json\/wp\/v2\/media\/16427"}],"wp:attachment":[{"href":"https:\/\/luxegel.lv\/lv\/wp-json\/wp\/v2\/media?parent=16421"}],"wp:term":[{"taxonomy":"product_brand","embeddable":true,"href":"https:\/\/luxegel.lv\/lv\/wp-json\/wp\/v2\/product_brand?post=16421"},{"taxonomy":"product_cat","embeddable":true,"href":"https:\/\/luxegel.lv\/lv\/wp-json\/wp\/v2\/product_cat?post=16421"},{"taxonomy":"product_tag","embeddable":true,"href":"https:\/\/luxegel.lv\/lv\/wp-json\/wp\/v2\/product_tag?post=16421"}],"curies":[{"name":"wp","href":"https:\/\/api.w.org\/{rel}","templated":true}]}}