{"id":16374,"date":"2025-06-16T14:50:39","date_gmt":"2025-06-16T14:50:39","guid":{"rendered":"https:\/\/luxegel.lv\/?post_type=product&#038;p=16374"},"modified":"2025-10-24T18:51:12","modified_gmt":"2025-10-24T18:51:12","slug":"hroma-efekta-puderis-nagiem-vogue-pink","status":"publish","type":"product","link":"https:\/\/luxegel.lv\/lv\/product-lv\/hroma-efekta-puderis-nagiem-vogue-pink\/","title":{"rendered":"ICONIC HROMA EFEKTA P\u016aDERIS NAGIEM &#8211; VOGUE PINK"},"content":{"rendered":"<p><b>Iepaz\u012bsties \u2013 Iconic Hroma Efekta P\u016bderis Nagiem<\/b> \u2014 revolucion\u0101rs spilgtu kr\u0101su un \u0161\u0137idr\u0101 met\u0101la sp\u012bduma apvienojums, kas pacels tavu nagu m\u0101kslu jaun\u0101 l\u012bmen\u012b. \u0160is sp\u012bd\u012bgais, spogu\u013ca efekta p\u016bderis nodro\u0161ina bag\u0101t\u012bgu, atstarojo\u0161u hroma efektu, kas mirdz pie katras kust\u012bbas. \u012apa\u0161i smalks un viegli uzkl\u0101jams \u2013 piem\u0113rots gan pilna p\u0101rkl\u0101juma met\u0101liskam izskatam, gan smalkiem akcentiem.<\/p>\n<p>Intens\u012bv\u0101s kr\u0101sas \u013cauj rad\u012bt unik\u0101lus efektus. Uzkl\u0101j uz da\u017e\u0101du kr\u0101su g\u0113la b\u0101z\u0113m, lai main\u012btu to\u0146us un izveidotu dizainus, kas ir tikpat neatk\u0101rtojami k\u0101 tavs stils.<\/p>\n<p>Lieliski piem\u0113rots gan spilgtiem akcentiem, gan smalku deta\u013cu izcel\u0161anai \u2013 <b>Iconic Hroma Efekta P\u016bderis Nagiem<\/b> p\u0101rv\u0113r\u0161 jebkuru nagu dizainu \u012bst\u0101 m\u0101kslas darb\u0101. Tas nav parasts hroma p\u016bderis\u2014 tas ir <b>ikonisks<\/b>.<\/p>\n<p>Lai izveidotu nevainojamu b\u0101zi izol\u0113tiem dizainiem, izmanto m\u016bsu mat\u0113to virsk\u0101rtu <b>Velvet Matte No-Wipe Top Coat<\/b>!<\/p>\n","protected":false},"excerpt":{"rendered":"<p>Iepaz\u012bsties \u2013 Iconic Hroma Efekta P\u016bderis Nagiem \u2014 revolucion\u0101rs spilgtu kr\u0101su un \u0161\u0137idr\u0101 met\u0101la sp\u012bduma apvienojums, kas pacels tavu nagu<\/p>\n","protected":false},"featured_media":16377,"template":"","meta":{"_acf_changed":false},"product_brand":[],"product_cat":[437,154,469],"product_tag":[438,222,221],"class_list":{"0":"post-16374","1":"product","2":"type-product","3":"status-publish","4":"has-post-thumbnail","6":"product_cat-hroma-efekta-puderis-nagiem","7":"product_cat-luxe-gel-professional-lv","8":"product_cat-nagu-dizainam","9":"product_tag-chrome-powder-lv","10":"product_tag-produkti","11":"product_tag-visi-produkti","13":"first","14":"instock","15":"sale","16":"shipping-taxable","17":"purchasable","18":"product-type-simple"},"acf":[],"yoast_head":"<!-- This site is optimized with the Yoast SEO plugin v23.8 - https:\/\/yoast.com\/wordpress\/plugins\/seo\/ -->\n<title>ICONIC HROMA EFEKTA P\u016aDERIS NAGIEM - VOGUE PINK - LUXE GEL PROFESSIONAL\u2122<\/title>\n<meta name=\"robots\" content=\"index, follow, max-snippet:-1, max-image-preview:large, max-video-preview:-1\" \/>\n<link rel=\"canonical\" href=\"https:\/\/luxegel.lv\/lv\/product-lv\/hroma-efekta-puderis-nagiem-vogue-pink\/\" \/>\n<meta property=\"og:locale\" content=\"lv_LV\" \/>\n<meta property=\"og:type\" content=\"article\" \/>\n<meta property=\"og:title\" content=\"ICONIC HROMA EFEKTA P\u016aDERIS NAGIEM - VOGUE PINK - LUXE GEL PROFESSIONAL\u2122\" \/>\n<meta property=\"og:description\" content=\"Iepaz\u012bsties \u2013 Iconic Hroma Efekta P\u016bderis Nagiem \u2014 revolucion\u0101rs spilgtu kr\u0101su un \u0161\u0137idr\u0101 met\u0101la sp\u012bduma apvienojums, kas pacels tavu nagu\" \/>\n<meta property=\"og:url\" content=\"https:\/\/luxegel.lv\/lv\/product-lv\/hroma-efekta-puderis-nagiem-vogue-pink\/\" \/>\n<meta property=\"og:site_name\" content=\"LUXE GEL PROFESSIONAL\u2122\" \/>\n<meta property=\"article:modified_time\" content=\"2025-10-24T18:51:12+00:00\" \/>\n<meta property=\"og:image\" content=\"https:\/\/luxegel.lv\/wp-content\/uploads\/2025\/06\/iconic-chrome-powder-vogue-pink.jpg.webp\" \/>\n\t<meta property=\"og:image:width\" content=\"750\" \/>\n\t<meta property=\"og:image:height\" content=\"1288\" \/>\n\t<meta property=\"og:image:type\" content=\"image\/webp\" \/>\n<meta name=\"twitter:card\" content=\"summary_large_image\" \/>\n<meta name=\"twitter:label1\" content=\"Est. reading time\" \/>\n\t<meta name=\"twitter:data1\" content=\"1 minute\" \/>\n<script type=\"application\/ld+json\" class=\"yoast-schema-graph\">{\"@context\":\"https:\/\/schema.org\",\"@graph\":[{\"@type\":\"WebPage\",\"@id\":\"https:\/\/luxegel.lv\/lv\/product-lv\/hroma-efekta-puderis-nagiem-vogue-pink\/\",\"url\":\"https:\/\/luxegel.lv\/lv\/product-lv\/hroma-efekta-puderis-nagiem-vogue-pink\/\",\"name\":\"ICONIC HROMA EFEKTA P\u016aDERIS NAGIEM - VOGUE PINK - LUXE GEL PROFESSIONAL\u2122\",\"isPartOf\":{\"@id\":\"https:\/\/luxegel.lv\/lv\/#website\"},\"primaryImageOfPage\":{\"@id\":\"https:\/\/luxegel.lv\/lv\/product-lv\/hroma-efekta-puderis-nagiem-vogue-pink\/#primaryimage\"},\"image\":{\"@id\":\"https:\/\/luxegel.lv\/lv\/product-lv\/hroma-efekta-puderis-nagiem-vogue-pink\/#primaryimage\"},\"thumbnailUrl\":\"https:\/\/luxegel.lv\/wp-content\/uploads\/2025\/06\/iconic-chrome-powder-vogue-pink.jpg.webp\",\"datePublished\":\"2025-06-16T14:50:39+00:00\",\"dateModified\":\"2025-10-24T18:51:12+00:00\",\"breadcrumb\":{\"@id\":\"https:\/\/luxegel.lv\/lv\/product-lv\/hroma-efekta-puderis-nagiem-vogue-pink\/#breadcrumb\"},\"inLanguage\":\"lv-LV\",\"potentialAction\":[{\"@type\":\"ReadAction\",\"target\":[\"https:\/\/luxegel.lv\/lv\/product-lv\/hroma-efekta-puderis-nagiem-vogue-pink\/\"]}]},{\"@type\":\"ImageObject\",\"inLanguage\":\"lv-LV\",\"@id\":\"https:\/\/luxegel.lv\/lv\/product-lv\/hroma-efekta-puderis-nagiem-vogue-pink\/#primaryimage\",\"url\":\"https:\/\/luxegel.lv\/wp-content\/uploads\/2025\/06\/iconic-chrome-powder-vogue-pink.jpg.webp\",\"contentUrl\":\"https:\/\/luxegel.lv\/wp-content\/uploads\/2025\/06\/iconic-chrome-powder-vogue-pink.jpg.webp\",\"width\":750,\"height\":1288},{\"@type\":\"BreadcrumbList\",\"@id\":\"https:\/\/luxegel.lv\/lv\/product-lv\/hroma-efekta-puderis-nagiem-vogue-pink\/#breadcrumb\",\"itemListElement\":[{\"@type\":\"ListItem\",\"position\":1,\"name\":\"Galven\u0101\",\"item\":\"https:\/\/luxegel.lv\/lv\/\"},{\"@type\":\"ListItem\",\"position\":2,\"name\":\"Veikals\",\"item\":\"https:\/\/luxegel.lv\/lv\/veikals\/\"},{\"@type\":\"ListItem\",\"position\":3,\"name\":\"ICONIC HROMA EFEKTA P\u016aDERIS NAGIEM &#8211; VOGUE PINK\"}]},{\"@type\":\"WebSite\",\"@id\":\"https:\/\/luxegel.lv\/lv\/#website\",\"url\":\"https:\/\/luxegel.lv\/lv\/\",\"name\":\"LUXE GEL PROFESSIONAL\u2122\",\"description\":\"is a leading nail brand on the European market. Luxe Gel currently stock over 500 products including over 350 shades of gel polish, a complete builder gel system and our famous structure base.\",\"potentialAction\":[{\"@type\":\"SearchAction\",\"target\":{\"@type\":\"EntryPoint\",\"urlTemplate\":\"https:\/\/luxegel.lv\/lv\/?s={search_term_string}\"},\"query-input\":{\"@type\":\"PropertyValueSpecification\",\"valueRequired\":true,\"valueName\":\"search_term_string\"}}],\"inLanguage\":\"lv-LV\"}]}<\/script>\n<!-- \/ Yoast SEO plugin. -->","yoast_head_json":{"title":"ICONIC HROMA EFEKTA P\u016aDERIS NAGIEM - VOGUE PINK - LUXE GEL PROFESSIONAL\u2122","robots":{"index":"index","follow":"follow","max-snippet":"max-snippet:-1","max-image-preview":"max-image-preview:large","max-video-preview":"max-video-preview:-1"},"canonical":"https:\/\/luxegel.lv\/lv\/product-lv\/hroma-efekta-puderis-nagiem-vogue-pink\/","og_locale":"lv_LV","og_type":"article","og_title":"ICONIC HROMA EFEKTA P\u016aDERIS NAGIEM - VOGUE PINK - LUXE GEL PROFESSIONAL\u2122","og_description":"Iepaz\u012bsties \u2013 Iconic Hroma Efekta P\u016bderis Nagiem \u2014 revolucion\u0101rs spilgtu kr\u0101su un \u0161\u0137idr\u0101 met\u0101la sp\u012bduma apvienojums, kas pacels tavu nagu","og_url":"https:\/\/luxegel.lv\/lv\/product-lv\/hroma-efekta-puderis-nagiem-vogue-pink\/","og_site_name":"LUXE GEL PROFESSIONAL\u2122","article_modified_time":"2025-10-24T18:51:12+00:00","og_image":[{"width":750,"height":1288,"url":"https:\/\/luxegel.lv\/wp-content\/uploads\/2025\/06\/iconic-chrome-powder-vogue-pink.jpg.webp","type":"image\/webp"}],"twitter_card":"summary_large_image","twitter_misc":{"Est. reading time":"1 minute"},"schema":{"@context":"https:\/\/schema.org","@graph":[{"@type":"WebPage","@id":"https:\/\/luxegel.lv\/lv\/product-lv\/hroma-efekta-puderis-nagiem-vogue-pink\/","url":"https:\/\/luxegel.lv\/lv\/product-lv\/hroma-efekta-puderis-nagiem-vogue-pink\/","name":"ICONIC HROMA EFEKTA P\u016aDERIS NAGIEM - VOGUE PINK - LUXE GEL PROFESSIONAL\u2122","isPartOf":{"@id":"https:\/\/luxegel.lv\/lv\/#website"},"primaryImageOfPage":{"@id":"https:\/\/luxegel.lv\/lv\/product-lv\/hroma-efekta-puderis-nagiem-vogue-pink\/#primaryimage"},"image":{"@id":"https:\/\/luxegel.lv\/lv\/product-lv\/hroma-efekta-puderis-nagiem-vogue-pink\/#primaryimage"},"thumbnailUrl":"https:\/\/luxegel.lv\/wp-content\/uploads\/2025\/06\/iconic-chrome-powder-vogue-pink.jpg.webp","datePublished":"2025-06-16T14:50:39+00:00","dateModified":"2025-10-24T18:51:12+00:00","breadcrumb":{"@id":"https:\/\/luxegel.lv\/lv\/product-lv\/hroma-efekta-puderis-nagiem-vogue-pink\/#breadcrumb"},"inLanguage":"lv-LV","potentialAction":[{"@type":"ReadAction","target":["https:\/\/luxegel.lv\/lv\/product-lv\/hroma-efekta-puderis-nagiem-vogue-pink\/"]}]},{"@type":"ImageObject","inLanguage":"lv-LV","@id":"https:\/\/luxegel.lv\/lv\/product-lv\/hroma-efekta-puderis-nagiem-vogue-pink\/#primaryimage","url":"https:\/\/luxegel.lv\/wp-content\/uploads\/2025\/06\/iconic-chrome-powder-vogue-pink.jpg.webp","contentUrl":"https:\/\/luxegel.lv\/wp-content\/uploads\/2025\/06\/iconic-chrome-powder-vogue-pink.jpg.webp","width":750,"height":1288},{"@type":"BreadcrumbList","@id":"https:\/\/luxegel.lv\/lv\/product-lv\/hroma-efekta-puderis-nagiem-vogue-pink\/#breadcrumb","itemListElement":[{"@type":"ListItem","position":1,"name":"Galven\u0101","item":"https:\/\/luxegel.lv\/lv\/"},{"@type":"ListItem","position":2,"name":"Veikals","item":"https:\/\/luxegel.lv\/lv\/veikals\/"},{"@type":"ListItem","position":3,"name":"ICONIC HROMA EFEKTA P\u016aDERIS NAGIEM &#8211; VOGUE PINK"}]},{"@type":"WebSite","@id":"https:\/\/luxegel.lv\/lv\/#website","url":"https:\/\/luxegel.lv\/lv\/","name":"LUXE GEL PROFESSIONAL\u2122","description":"is a leading nail brand on the European market. Luxe Gel currently stock over 500 products including over 350 shades of gel polish, a complete builder gel system and our famous structure base.","potentialAction":[{"@type":"SearchAction","target":{"@type":"EntryPoint","urlTemplate":"https:\/\/luxegel.lv\/lv\/?s={search_term_string}"},"query-input":{"@type":"PropertyValueSpecification","valueRequired":true,"valueName":"search_term_string"}}],"inLanguage":"lv-LV"}]}},"_links":{"self":[{"href":"https:\/\/luxegel.lv\/lv\/wp-json\/wp\/v2\/product\/16374","targetHints":{"allow":["GET"]}}],"collection":[{"href":"https:\/\/luxegel.lv\/lv\/wp-json\/wp\/v2\/product"}],"about":[{"href":"https:\/\/luxegel.lv\/lv\/wp-json\/wp\/v2\/types\/product"}],"version-history":[{"count":3,"href":"https:\/\/luxegel.lv\/lv\/wp-json\/wp\/v2\/product\/16374\/revisions"}],"predecessor-version":[{"id":17255,"href":"https:\/\/luxegel.lv\/lv\/wp-json\/wp\/v2\/product\/16374\/revisions\/17255"}],"wp:featuredmedia":[{"embeddable":true,"href":"https:\/\/luxegel.lv\/lv\/wp-json\/wp\/v2\/media\/16377"}],"wp:attachment":[{"href":"https:\/\/luxegel.lv\/lv\/wp-json\/wp\/v2\/media?parent=16374"}],"wp:term":[{"taxonomy":"product_brand","embeddable":true,"href":"https:\/\/luxegel.lv\/lv\/wp-json\/wp\/v2\/product_brand?post=16374"},{"taxonomy":"product_cat","embeddable":true,"href":"https:\/\/luxegel.lv\/lv\/wp-json\/wp\/v2\/product_cat?post=16374"},{"taxonomy":"product_tag","embeddable":true,"href":"https:\/\/luxegel.lv\/lv\/wp-json\/wp\/v2\/product_tag?post=16374"}],"curies":[{"name":"wp","href":"https:\/\/api.w.org\/{rel}","templated":true}]}}