{"id":15947,"date":"2025-05-28T13:40:22","date_gmt":"2025-05-28T13:40:22","guid":{"rendered":"https:\/\/luxegel.lv\/?post_type=product&#038;p=15947"},"modified":"2026-04-27T09:18:33","modified_gmt":"2026-04-27T09:18:33","slug":"artiflex-3d-art-gel-bez-lipiga-slana","status":"publish","type":"product","link":"https:\/\/luxegel.lv\/lv\/product-lv\/artiflex-3d-art-gel-bez-lipiga-slana\/","title":{"rendered":"ARTIFLEX 3D ART GEL &#8211; bez lip\u012bg\u0101 sl\u0101\u0146a"},"content":{"rendered":"<p><b>Gatava pacelt nagu dizainu n\u0101kamaj\u0101 l\u012bmen\u012b?<\/b><br \/>\nIepaz\u012bsties ar m\u016bsu jauno 3D Art Gel \u2014 ide\u0101lu pal\u012bgu satrieco\u0161u nagu dizainu rad\u012b\u0161anai! Neatkar\u012bgi no t\u0101, vai veido smalku ziedu m\u0101kslu vai drosm\u012bgus abstraktus rakstus, \u0161is g\u0113ls nodro\u0161ina precizit\u0101ti un atst\u0101j iespaidu.<\/p>\n<p>Formul\u0101 nav lip\u012bg\u0101 sl\u0101\u0146a \u2014 p\u0113c no\u017e\u0101v\u0113\u0161anas var uzreiz uzkl\u0101t hroma p\u016bderi. Piem\u0113rots gan profesion\u0101\u013ciem, gan entuziastiem.<\/p>\n<p><b>\u013bauj va\u013cu savam rado\u0161umam 3D form\u0101t\u0101!<\/b><br \/>\n8g<br \/>\n<em><strong>#LUXEGEL3DARTIFLEX<\/strong><\/em><\/p>\n<p><b>NEKAIT\u012aGS VESEL\u012aBAI<\/b><\/p>\n<p><b>11-FREE FORMULA<\/b><br \/>\nBez formaldeh\u012bda, parab\u0113niem, kampara, dibutilftal\u0101ta, formaldeh\u012bda sve\u0137iem, ksilola, etiltosilam\u012bda, toluola, bisfenola A, sulf\u0101tiem, trifenilfosf\u0101ta.<\/p>\n<p><b>Kr\u0101su att\u0113lojums:<\/b><br \/>\nM\u0113s cen\u0161amies nodro\u0161in\u0101t, lai m\u016bsu produktu att\u0113li atspogu\u013cotu to re\u0101lo izskatu p\u0113c iesp\u0113jas prec\u012bz\u0101k. Tom\u0113r, atkar\u012bb\u0101 no j\u016bsu ier\u012bces ekr\u0101na iestat\u012bjumiem, kr\u0101sas var nedaudz at\u0161\u0137irties no faktisk\u0101 produkta.<\/p>\n","protected":false},"excerpt":{"rendered":"<p>Gatava pacelt nagu dizainu n\u0101kamaj\u0101 l\u012bmen\u012b? Iepaz\u012bsties ar m\u016bsu jauno 3D Art Gel \u2014 ide\u0101lu pal\u012bgu satrieco\u0161u nagu dizainu rad\u012b\u0161anai!<\/p>\n","protected":false},"featured_media":15950,"template":"","meta":{"_acf_changed":false,"om_disable_all_campaigns":false},"product_brand":[],"product_cat":[472,154,469],"product_tag":[438,222,221],"class_list":{"0":"post-15947","1":"product","2":"type-product","3":"status-publish","4":"has-post-thumbnail","6":"product_cat-3d-gels","7":"product_cat-luxe-gel-professional-lv","8":"product_cat-nagu-dizainam","9":"product_tag-chrome-powder-lv","10":"product_tag-produkti","11":"product_tag-visi-produkti","13":"first","14":"instock","15":"sale","16":"shipping-taxable","17":"purchasable","18":"product-type-simple"},"acf":[],"yoast_head":"<!-- This site is optimized with the Yoast SEO plugin v23.8 - https:\/\/yoast.com\/wordpress\/plugins\/seo\/ -->\n<title>ARTIFLEX 3D ART GEL - bez lip\u012bg\u0101 sl\u0101\u0146a - LUXE GEL PROFESSIONAL\u2122<\/title>\n<meta name=\"robots\" content=\"index, follow, max-snippet:-1, max-image-preview:large, max-video-preview:-1\" \/>\n<link rel=\"canonical\" href=\"https:\/\/luxegel.lv\/lv\/product-lv\/artiflex-3d-art-gel-bez-lipiga-slana\/\" \/>\n<meta property=\"og:locale\" content=\"lv_LV\" \/>\n<meta property=\"og:type\" content=\"article\" \/>\n<meta property=\"og:title\" content=\"ARTIFLEX 3D ART GEL - bez lip\u012bg\u0101 sl\u0101\u0146a - LUXE GEL PROFESSIONAL\u2122\" \/>\n<meta property=\"og:description\" content=\"Gatava pacelt nagu dizainu n\u0101kamaj\u0101 l\u012bmen\u012b? Iepaz\u012bsties ar m\u016bsu jauno 3D Art Gel \u2014 ide\u0101lu pal\u012bgu satrieco\u0161u nagu dizainu rad\u012b\u0161anai!\" \/>\n<meta property=\"og:url\" content=\"https:\/\/luxegel.lv\/lv\/product-lv\/artiflex-3d-art-gel-bez-lipiga-slana\/\" \/>\n<meta property=\"og:site_name\" content=\"LUXE GEL PROFESSIONAL\u2122\" \/>\n<meta property=\"article:modified_time\" content=\"2026-04-27T09:18:33+00:00\" \/>\n<meta property=\"og:image\" content=\"https:\/\/luxegel.lv\/wp-content\/uploads\/2025\/05\/artiflex-3d-art-gel-1.jpg.webp\" \/>\n\t<meta property=\"og:image:width\" content=\"750\" \/>\n\t<meta property=\"og:image:height\" content=\"1309\" \/>\n\t<meta property=\"og:image:type\" content=\"image\/webp\" \/>\n<meta name=\"twitter:card\" content=\"summary_large_image\" \/>\n<meta name=\"twitter:label1\" content=\"Est. reading time\" \/>\n\t<meta name=\"twitter:data1\" content=\"1 minute\" \/>\n<script type=\"application\/ld+json\" class=\"yoast-schema-graph\">{\"@context\":\"https:\/\/schema.org\",\"@graph\":[{\"@type\":\"WebPage\",\"@id\":\"https:\/\/luxegel.lv\/lv\/product-lv\/artiflex-3d-art-gel-bez-lipiga-slana\/\",\"url\":\"https:\/\/luxegel.lv\/lv\/product-lv\/artiflex-3d-art-gel-bez-lipiga-slana\/\",\"name\":\"ARTIFLEX 3D ART GEL - bez lip\u012bg\u0101 sl\u0101\u0146a - LUXE GEL PROFESSIONAL\u2122\",\"isPartOf\":{\"@id\":\"https:\/\/luxegel.lv\/lv\/#website\"},\"primaryImageOfPage\":{\"@id\":\"https:\/\/luxegel.lv\/lv\/product-lv\/artiflex-3d-art-gel-bez-lipiga-slana\/#primaryimage\"},\"image\":{\"@id\":\"https:\/\/luxegel.lv\/lv\/product-lv\/artiflex-3d-art-gel-bez-lipiga-slana\/#primaryimage\"},\"thumbnailUrl\":\"https:\/\/luxegel.lv\/wp-content\/uploads\/2025\/05\/artiflex-3d-art-gel-1.jpg.webp\",\"datePublished\":\"2025-05-28T13:40:22+00:00\",\"dateModified\":\"2026-04-27T09:18:33+00:00\",\"breadcrumb\":{\"@id\":\"https:\/\/luxegel.lv\/lv\/product-lv\/artiflex-3d-art-gel-bez-lipiga-slana\/#breadcrumb\"},\"inLanguage\":\"lv-LV\",\"potentialAction\":[{\"@type\":\"ReadAction\",\"target\":[\"https:\/\/luxegel.lv\/lv\/product-lv\/artiflex-3d-art-gel-bez-lipiga-slana\/\"]}]},{\"@type\":\"ImageObject\",\"inLanguage\":\"lv-LV\",\"@id\":\"https:\/\/luxegel.lv\/lv\/product-lv\/artiflex-3d-art-gel-bez-lipiga-slana\/#primaryimage\",\"url\":\"https:\/\/luxegel.lv\/wp-content\/uploads\/2025\/05\/artiflex-3d-art-gel-1.jpg.webp\",\"contentUrl\":\"https:\/\/luxegel.lv\/wp-content\/uploads\/2025\/05\/artiflex-3d-art-gel-1.jpg.webp\",\"width\":750,\"height\":1309},{\"@type\":\"BreadcrumbList\",\"@id\":\"https:\/\/luxegel.lv\/lv\/product-lv\/artiflex-3d-art-gel-bez-lipiga-slana\/#breadcrumb\",\"itemListElement\":[{\"@type\":\"ListItem\",\"position\":1,\"name\":\"Galven\u0101\",\"item\":\"https:\/\/luxegel.lv\/lv\/\"},{\"@type\":\"ListItem\",\"position\":2,\"name\":\"Veikals\",\"item\":\"https:\/\/luxegel.lv\/lv\/veikals\/\"},{\"@type\":\"ListItem\",\"position\":3,\"name\":\"ARTIFLEX 3D ART GEL &#8211; bez lip\u012bg\u0101 sl\u0101\u0146a\"}]},{\"@type\":\"WebSite\",\"@id\":\"https:\/\/luxegel.lv\/lv\/#website\",\"url\":\"https:\/\/luxegel.lv\/lv\/\",\"name\":\"LUXE GEL PROFESSIONAL\u2122\",\"description\":\"is a leading nail brand on the European market. Luxe Gel currently stock over 500 products including over 350 shades of gel polish, a complete builder gel system and our famous structure base.\",\"potentialAction\":[{\"@type\":\"SearchAction\",\"target\":{\"@type\":\"EntryPoint\",\"urlTemplate\":\"https:\/\/luxegel.lv\/lv\/?s={search_term_string}\"},\"query-input\":{\"@type\":\"PropertyValueSpecification\",\"valueRequired\":true,\"valueName\":\"search_term_string\"}}],\"inLanguage\":\"lv-LV\"}]}<\/script>\n<!-- \/ Yoast SEO plugin. -->","yoast_head_json":{"title":"ARTIFLEX 3D ART GEL - bez lip\u012bg\u0101 sl\u0101\u0146a - LUXE GEL PROFESSIONAL\u2122","robots":{"index":"index","follow":"follow","max-snippet":"max-snippet:-1","max-image-preview":"max-image-preview:large","max-video-preview":"max-video-preview:-1"},"canonical":"https:\/\/luxegel.lv\/lv\/product-lv\/artiflex-3d-art-gel-bez-lipiga-slana\/","og_locale":"lv_LV","og_type":"article","og_title":"ARTIFLEX 3D ART GEL - bez lip\u012bg\u0101 sl\u0101\u0146a - LUXE GEL PROFESSIONAL\u2122","og_description":"Gatava pacelt nagu dizainu n\u0101kamaj\u0101 l\u012bmen\u012b? Iepaz\u012bsties ar m\u016bsu jauno 3D Art Gel \u2014 ide\u0101lu pal\u012bgu satrieco\u0161u nagu dizainu rad\u012b\u0161anai!","og_url":"https:\/\/luxegel.lv\/lv\/product-lv\/artiflex-3d-art-gel-bez-lipiga-slana\/","og_site_name":"LUXE GEL PROFESSIONAL\u2122","article_modified_time":"2026-04-27T09:18:33+00:00","og_image":[{"width":750,"height":1309,"url":"https:\/\/luxegel.lv\/wp-content\/uploads\/2025\/05\/artiflex-3d-art-gel-1.jpg.webp","type":"image\/webp"}],"twitter_card":"summary_large_image","twitter_misc":{"Est. reading time":"1 minute"},"schema":{"@context":"https:\/\/schema.org","@graph":[{"@type":"WebPage","@id":"https:\/\/luxegel.lv\/lv\/product-lv\/artiflex-3d-art-gel-bez-lipiga-slana\/","url":"https:\/\/luxegel.lv\/lv\/product-lv\/artiflex-3d-art-gel-bez-lipiga-slana\/","name":"ARTIFLEX 3D ART GEL - bez lip\u012bg\u0101 sl\u0101\u0146a - LUXE GEL PROFESSIONAL\u2122","isPartOf":{"@id":"https:\/\/luxegel.lv\/lv\/#website"},"primaryImageOfPage":{"@id":"https:\/\/luxegel.lv\/lv\/product-lv\/artiflex-3d-art-gel-bez-lipiga-slana\/#primaryimage"},"image":{"@id":"https:\/\/luxegel.lv\/lv\/product-lv\/artiflex-3d-art-gel-bez-lipiga-slana\/#primaryimage"},"thumbnailUrl":"https:\/\/luxegel.lv\/wp-content\/uploads\/2025\/05\/artiflex-3d-art-gel-1.jpg.webp","datePublished":"2025-05-28T13:40:22+00:00","dateModified":"2026-04-27T09:18:33+00:00","breadcrumb":{"@id":"https:\/\/luxegel.lv\/lv\/product-lv\/artiflex-3d-art-gel-bez-lipiga-slana\/#breadcrumb"},"inLanguage":"lv-LV","potentialAction":[{"@type":"ReadAction","target":["https:\/\/luxegel.lv\/lv\/product-lv\/artiflex-3d-art-gel-bez-lipiga-slana\/"]}]},{"@type":"ImageObject","inLanguage":"lv-LV","@id":"https:\/\/luxegel.lv\/lv\/product-lv\/artiflex-3d-art-gel-bez-lipiga-slana\/#primaryimage","url":"https:\/\/luxegel.lv\/wp-content\/uploads\/2025\/05\/artiflex-3d-art-gel-1.jpg.webp","contentUrl":"https:\/\/luxegel.lv\/wp-content\/uploads\/2025\/05\/artiflex-3d-art-gel-1.jpg.webp","width":750,"height":1309},{"@type":"BreadcrumbList","@id":"https:\/\/luxegel.lv\/lv\/product-lv\/artiflex-3d-art-gel-bez-lipiga-slana\/#breadcrumb","itemListElement":[{"@type":"ListItem","position":1,"name":"Galven\u0101","item":"https:\/\/luxegel.lv\/lv\/"},{"@type":"ListItem","position":2,"name":"Veikals","item":"https:\/\/luxegel.lv\/lv\/veikals\/"},{"@type":"ListItem","position":3,"name":"ARTIFLEX 3D ART GEL &#8211; bez lip\u012bg\u0101 sl\u0101\u0146a"}]},{"@type":"WebSite","@id":"https:\/\/luxegel.lv\/lv\/#website","url":"https:\/\/luxegel.lv\/lv\/","name":"LUXE GEL PROFESSIONAL\u2122","description":"is a leading nail brand on the European market. Luxe Gel currently stock over 500 products including over 350 shades of gel polish, a complete builder gel system and our famous structure base.","potentialAction":[{"@type":"SearchAction","target":{"@type":"EntryPoint","urlTemplate":"https:\/\/luxegel.lv\/lv\/?s={search_term_string}"},"query-input":{"@type":"PropertyValueSpecification","valueRequired":true,"valueName":"search_term_string"}}],"inLanguage":"lv-LV"}]}},"_links":{"self":[{"href":"https:\/\/luxegel.lv\/lv\/wp-json\/wp\/v2\/product\/15947","targetHints":{"allow":["GET"]}}],"collection":[{"href":"https:\/\/luxegel.lv\/lv\/wp-json\/wp\/v2\/product"}],"about":[{"href":"https:\/\/luxegel.lv\/lv\/wp-json\/wp\/v2\/types\/product"}],"version-history":[{"count":4,"href":"https:\/\/luxegel.lv\/lv\/wp-json\/wp\/v2\/product\/15947\/revisions"}],"predecessor-version":[{"id":15969,"href":"https:\/\/luxegel.lv\/lv\/wp-json\/wp\/v2\/product\/15947\/revisions\/15969"}],"wp:featuredmedia":[{"embeddable":true,"href":"https:\/\/luxegel.lv\/lv\/wp-json\/wp\/v2\/media\/15950"}],"wp:attachment":[{"href":"https:\/\/luxegel.lv\/lv\/wp-json\/wp\/v2\/media?parent=15947"}],"wp:term":[{"taxonomy":"product_brand","embeddable":true,"href":"https:\/\/luxegel.lv\/lv\/wp-json\/wp\/v2\/product_brand?post=15947"},{"taxonomy":"product_cat","embeddable":true,"href":"https:\/\/luxegel.lv\/lv\/wp-json\/wp\/v2\/product_cat?post=15947"},{"taxonomy":"product_tag","embeddable":true,"href":"https:\/\/luxegel.lv\/lv\/wp-json\/wp\/v2\/product_tag?post=15947"}],"curies":[{"name":"wp","href":"https:\/\/api.w.org\/{rel}","templated":true}]}}