{"id":15845,"date":"2025-05-22T11:57:08","date_gmt":"2025-05-22T11:57:08","guid":{"rendered":"https:\/\/luxegel.lv\/?post_type=product&#038;p=15845"},"modified":"2025-10-25T00:00:11","modified_gmt":"2025-10-25T00:00:11","slug":"clear-caurspidigs-poligels","status":"publish","type":"product","link":"https:\/\/luxegel.lv\/lv\/product-lv\/clear-caurspidigs-poligels\/","title":{"rendered":"CLEAR \u2013 CAURSP\u012aD\u012aGS \u2013 POLIG\u0112LS"},"content":{"rendered":"<p><strong><em>#luxegelpoligel #luxegelclear<\/em><\/strong><\/p>\n<p>Beidzot tas ir atpaka\u013c&#8230; <b>POLIG\u0112LS!!!<\/b> Viens no m\u016bsu piepras\u012bt\u0101kajiem produktiem \u2013 Polig\u0113ls ir lab\u0101kais apvienojums no div\u0101m pasaul\u0113m. Tas ir akrila un ciet\u0101 g\u0113la hibr\u012bds \u2013 elast\u012bg\u0101ks par akrilu, iztur\u012bg\u0101ks par cieto g\u0113lu un viegl\u0101ks par abiem.<\/p>\n<p>Polig\u0113ls ir revolucion\u0101rs produkts, ko var izmantot gan dab\u012bgo nagu p\u0101rkl\u0101\u0161anai, gan nagu pieaudz\u0113\u0161anai.<br \/>\nPolig\u0113lu ir viegli lietot. Tas nav pa\u0161izl\u012bdzino\u0161s \u2013 paliek tur, kur to novieto, bet nesaciet\u0113, kam\u0113r to neno\u017e\u0101v\u0113 LED vai UV lamp\u0101. Polimeriz\u0101cijas laiks \u2013 60 sekundes LED lamp\u0101 vai 2 min\u016btes UV lamp\u0101. P\u0113c saciet\u0113\u0161anas nav lip\u012bg\u0101 sl\u0101\u0146a.<\/p>\n<p>G\u0113la lakas var uzkl\u0101t virs polig\u0113la vai ar\u012b t\u0101s var sajaukt ar polig\u0113lu, lai rad\u012btu v\u0113lamo dizainu. Iesp\u0113jas ir bezgal\u012bgas \u2013 \u013caujiet va\u013cu savai izt\u0113lei!<\/p>\n<p><strong>Polig\u0113la priek\u0161roc\u012bbas:<\/strong><\/p>\n<ul>\n<li>Unik\u0101la formula \u2013 \u201cViss lab\u0101kais vien\u0101 produkt\u0101\u201d<\/li>\n<li>Bez monom\u0113riem<\/li>\n<li>Nesatur HEMA \/ TPO<\/li>\n<li>Elast\u012bg\u0101ks, iztur\u012bg\u0101ks un viegl\u0101ks par akrilu vai cieto g\u0113lu<\/li>\n<li>Viegli lietojams<\/li>\n<li>Neierobe\u017eots darba laiks \u2013 str\u0101d\u0101jiet sav\u0101 temp\u0101!<\/li>\n<li>Nav pa\u0161izl\u012bdzino\u0161s<\/li>\n<li>Lieliska sa\u0137ere \u2013 bez atsl\u0101\u0146o\u0161an\u0101s<\/li>\n<li>Bez dedzino\u0161as saj\u016btas polimeriz\u0101cijas laik\u0101<\/li>\n<li>Bez smar\u017eas<\/li>\n<li>Ekonomisks, bez izniekota materi\u0101la<\/li>\n<li>Ilgnotur\u012bgs \u2013 3+ ned\u0113\u013cas<\/li>\n<\/ul>\n","protected":false},"excerpt":{"rendered":"<p>#luxegelpoligel #luxegelclear Beidzot tas ir atpaka\u013c&#8230; POLIG\u0112LS!!! Viens no m\u016bsu piepras\u012bt\u0101kajiem produktiem \u2013 Polig\u0113ls ir lab\u0101kais apvienojums no div\u0101m pasaul\u0113m.<\/p>\n","protected":false},"featured_media":15758,"template":"","meta":{"_acf_changed":false},"product_brand":[],"product_cat":[154,444,487],"product_tag":[239,452,222,221],"class_list":{"0":"post-15845","1":"product","2":"type-product","3":"status-publish","4":"has-post-thumbnail","6":"product_cat-luxe-gel-professional-lv","7":"product_cat-poligels","8":"product_cat-stiprinasanai-un-pieaudzesanai","9":"product_tag-clear-lv","10":"product_tag-poligel-2","11":"product_tag-produkti","12":"product_tag-visi-produkti","14":"first","15":"instock","16":"shipping-taxable","17":"purchasable","18":"product-type-simple"},"acf":[],"yoast_head":"<!-- This site is optimized with the Yoast SEO plugin v23.8 - https:\/\/yoast.com\/wordpress\/plugins\/seo\/ -->\n<title>CLEAR \u2013 CAURSP\u012aD\u012aGS \u2013 POLIG\u0112LS - LUXE GEL PROFESSIONAL\u2122<\/title>\n<meta name=\"robots\" content=\"index, follow, max-snippet:-1, max-image-preview:large, max-video-preview:-1\" \/>\n<link rel=\"canonical\" href=\"https:\/\/luxegel.lv\/lv\/product-lv\/clear-caurspidigs-poligels\/\" \/>\n<meta property=\"og:locale\" content=\"lv_LV\" \/>\n<meta property=\"og:type\" content=\"article\" \/>\n<meta property=\"og:title\" content=\"CLEAR \u2013 CAURSP\u012aD\u012aGS \u2013 POLIG\u0112LS - LUXE GEL PROFESSIONAL\u2122\" \/>\n<meta property=\"og:description\" content=\"#luxegelpoligel #luxegelclear Beidzot tas ir atpaka\u013c&#8230; POLIG\u0112LS!!! Viens no m\u016bsu piepras\u012bt\u0101kajiem produktiem \u2013 Polig\u0113ls ir lab\u0101kais apvienojums no div\u0101m pasaul\u0113m.\" \/>\n<meta property=\"og:url\" content=\"https:\/\/luxegel.lv\/lv\/product-lv\/clear-caurspidigs-poligels\/\" \/>\n<meta property=\"og:site_name\" content=\"LUXE GEL PROFESSIONAL\u2122\" \/>\n<meta property=\"article:modified_time\" content=\"2025-10-25T00:00:11+00:00\" \/>\n<meta property=\"og:image\" content=\"https:\/\/luxegel.lv\/wp-content\/uploads\/2025\/05\/luxegel-poligel-clear.jpeg\" \/>\n\t<meta property=\"og:image:width\" content=\"1600\" \/>\n\t<meta property=\"og:image:height\" content=\"1600\" \/>\n\t<meta property=\"og:image:type\" content=\"image\/jpeg\" \/>\n<meta name=\"twitter:card\" content=\"summary_large_image\" \/>\n<meta name=\"twitter:label1\" content=\"Est. reading time\" \/>\n\t<meta name=\"twitter:data1\" content=\"2 minutes\" \/>\n<script type=\"application\/ld+json\" class=\"yoast-schema-graph\">{\"@context\":\"https:\/\/schema.org\",\"@graph\":[{\"@type\":\"WebPage\",\"@id\":\"https:\/\/luxegel.lv\/lv\/product-lv\/clear-caurspidigs-poligels\/\",\"url\":\"https:\/\/luxegel.lv\/lv\/product-lv\/clear-caurspidigs-poligels\/\",\"name\":\"CLEAR \u2013 CAURSP\u012aD\u012aGS \u2013 POLIG\u0112LS - LUXE GEL PROFESSIONAL\u2122\",\"isPartOf\":{\"@id\":\"https:\/\/luxegel.lv\/lv\/#website\"},\"primaryImageOfPage\":{\"@id\":\"https:\/\/luxegel.lv\/lv\/product-lv\/clear-caurspidigs-poligels\/#primaryimage\"},\"image\":{\"@id\":\"https:\/\/luxegel.lv\/lv\/product-lv\/clear-caurspidigs-poligels\/#primaryimage\"},\"thumbnailUrl\":\"https:\/\/luxegel.lv\/wp-content\/uploads\/2025\/05\/luxegel-poligel-clear.jpeg\",\"datePublished\":\"2025-05-22T11:57:08+00:00\",\"dateModified\":\"2025-10-25T00:00:11+00:00\",\"breadcrumb\":{\"@id\":\"https:\/\/luxegel.lv\/lv\/product-lv\/clear-caurspidigs-poligels\/#breadcrumb\"},\"inLanguage\":\"lv-LV\",\"potentialAction\":[{\"@type\":\"ReadAction\",\"target\":[\"https:\/\/luxegel.lv\/lv\/product-lv\/clear-caurspidigs-poligels\/\"]}]},{\"@type\":\"ImageObject\",\"inLanguage\":\"lv-LV\",\"@id\":\"https:\/\/luxegel.lv\/lv\/product-lv\/clear-caurspidigs-poligels\/#primaryimage\",\"url\":\"https:\/\/luxegel.lv\/wp-content\/uploads\/2025\/05\/luxegel-poligel-clear.jpeg\",\"contentUrl\":\"https:\/\/luxegel.lv\/wp-content\/uploads\/2025\/05\/luxegel-poligel-clear.jpeg\",\"width\":1600,\"height\":1600},{\"@type\":\"BreadcrumbList\",\"@id\":\"https:\/\/luxegel.lv\/lv\/product-lv\/clear-caurspidigs-poligels\/#breadcrumb\",\"itemListElement\":[{\"@type\":\"ListItem\",\"position\":1,\"name\":\"Galven\u0101\",\"item\":\"https:\/\/luxegel.lv\/lv\/\"},{\"@type\":\"ListItem\",\"position\":2,\"name\":\"Veikals\",\"item\":\"https:\/\/luxegel.lv\/lv\/veikals\/\"},{\"@type\":\"ListItem\",\"position\":3,\"name\":\"CLEAR \u2013 CAURSP\u012aD\u012aGS \u2013 POLIG\u0112LS\"}]},{\"@type\":\"WebSite\",\"@id\":\"https:\/\/luxegel.lv\/lv\/#website\",\"url\":\"https:\/\/luxegel.lv\/lv\/\",\"name\":\"LUXE GEL PROFESSIONAL\u2122\",\"description\":\"is a leading nail brand on the European market. Luxe Gel currently stock over 500 products including over 350 shades of gel polish, a complete builder gel system and our famous structure base.\",\"potentialAction\":[{\"@type\":\"SearchAction\",\"target\":{\"@type\":\"EntryPoint\",\"urlTemplate\":\"https:\/\/luxegel.lv\/lv\/?s={search_term_string}\"},\"query-input\":{\"@type\":\"PropertyValueSpecification\",\"valueRequired\":true,\"valueName\":\"search_term_string\"}}],\"inLanguage\":\"lv-LV\"}]}<\/script>\n<!-- \/ Yoast SEO plugin. -->","yoast_head_json":{"title":"CLEAR \u2013 CAURSP\u012aD\u012aGS \u2013 POLIG\u0112LS - LUXE GEL PROFESSIONAL\u2122","robots":{"index":"index","follow":"follow","max-snippet":"max-snippet:-1","max-image-preview":"max-image-preview:large","max-video-preview":"max-video-preview:-1"},"canonical":"https:\/\/luxegel.lv\/lv\/product-lv\/clear-caurspidigs-poligels\/","og_locale":"lv_LV","og_type":"article","og_title":"CLEAR \u2013 CAURSP\u012aD\u012aGS \u2013 POLIG\u0112LS - LUXE GEL PROFESSIONAL\u2122","og_description":"#luxegelpoligel #luxegelclear Beidzot tas ir atpaka\u013c&#8230; POLIG\u0112LS!!! Viens no m\u016bsu piepras\u012bt\u0101kajiem produktiem \u2013 Polig\u0113ls ir lab\u0101kais apvienojums no div\u0101m pasaul\u0113m.","og_url":"https:\/\/luxegel.lv\/lv\/product-lv\/clear-caurspidigs-poligels\/","og_site_name":"LUXE GEL PROFESSIONAL\u2122","article_modified_time":"2025-10-25T00:00:11+00:00","og_image":[{"width":1600,"height":1600,"url":"https:\/\/luxegel.lv\/wp-content\/uploads\/2025\/05\/luxegel-poligel-clear.jpeg","type":"image\/jpeg"}],"twitter_card":"summary_large_image","twitter_misc":{"Est. reading time":"2 minutes"},"schema":{"@context":"https:\/\/schema.org","@graph":[{"@type":"WebPage","@id":"https:\/\/luxegel.lv\/lv\/product-lv\/clear-caurspidigs-poligels\/","url":"https:\/\/luxegel.lv\/lv\/product-lv\/clear-caurspidigs-poligels\/","name":"CLEAR \u2013 CAURSP\u012aD\u012aGS \u2013 POLIG\u0112LS - LUXE GEL PROFESSIONAL\u2122","isPartOf":{"@id":"https:\/\/luxegel.lv\/lv\/#website"},"primaryImageOfPage":{"@id":"https:\/\/luxegel.lv\/lv\/product-lv\/clear-caurspidigs-poligels\/#primaryimage"},"image":{"@id":"https:\/\/luxegel.lv\/lv\/product-lv\/clear-caurspidigs-poligels\/#primaryimage"},"thumbnailUrl":"https:\/\/luxegel.lv\/wp-content\/uploads\/2025\/05\/luxegel-poligel-clear.jpeg","datePublished":"2025-05-22T11:57:08+00:00","dateModified":"2025-10-25T00:00:11+00:00","breadcrumb":{"@id":"https:\/\/luxegel.lv\/lv\/product-lv\/clear-caurspidigs-poligels\/#breadcrumb"},"inLanguage":"lv-LV","potentialAction":[{"@type":"ReadAction","target":["https:\/\/luxegel.lv\/lv\/product-lv\/clear-caurspidigs-poligels\/"]}]},{"@type":"ImageObject","inLanguage":"lv-LV","@id":"https:\/\/luxegel.lv\/lv\/product-lv\/clear-caurspidigs-poligels\/#primaryimage","url":"https:\/\/luxegel.lv\/wp-content\/uploads\/2025\/05\/luxegel-poligel-clear.jpeg","contentUrl":"https:\/\/luxegel.lv\/wp-content\/uploads\/2025\/05\/luxegel-poligel-clear.jpeg","width":1600,"height":1600},{"@type":"BreadcrumbList","@id":"https:\/\/luxegel.lv\/lv\/product-lv\/clear-caurspidigs-poligels\/#breadcrumb","itemListElement":[{"@type":"ListItem","position":1,"name":"Galven\u0101","item":"https:\/\/luxegel.lv\/lv\/"},{"@type":"ListItem","position":2,"name":"Veikals","item":"https:\/\/luxegel.lv\/lv\/veikals\/"},{"@type":"ListItem","position":3,"name":"CLEAR \u2013 CAURSP\u012aD\u012aGS \u2013 POLIG\u0112LS"}]},{"@type":"WebSite","@id":"https:\/\/luxegel.lv\/lv\/#website","url":"https:\/\/luxegel.lv\/lv\/","name":"LUXE GEL PROFESSIONAL\u2122","description":"is a leading nail brand on the European market. Luxe Gel currently stock over 500 products including over 350 shades of gel polish, a complete builder gel system and our famous structure base.","potentialAction":[{"@type":"SearchAction","target":{"@type":"EntryPoint","urlTemplate":"https:\/\/luxegel.lv\/lv\/?s={search_term_string}"},"query-input":{"@type":"PropertyValueSpecification","valueRequired":true,"valueName":"search_term_string"}}],"inLanguage":"lv-LV"}]}},"_links":{"self":[{"href":"https:\/\/luxegel.lv\/lv\/wp-json\/wp\/v2\/product\/15845","targetHints":{"allow":["GET"]}}],"collection":[{"href":"https:\/\/luxegel.lv\/lv\/wp-json\/wp\/v2\/product"}],"about":[{"href":"https:\/\/luxegel.lv\/lv\/wp-json\/wp\/v2\/types\/product"}],"version-history":[{"count":2,"href":"https:\/\/luxegel.lv\/lv\/wp-json\/wp\/v2\/product\/15845\/revisions"}],"predecessor-version":[{"id":15850,"href":"https:\/\/luxegel.lv\/lv\/wp-json\/wp\/v2\/product\/15845\/revisions\/15850"}],"wp:featuredmedia":[{"embeddable":true,"href":"https:\/\/luxegel.lv\/lv\/wp-json\/wp\/v2\/media\/15758"}],"wp:attachment":[{"href":"https:\/\/luxegel.lv\/lv\/wp-json\/wp\/v2\/media?parent=15845"}],"wp:term":[{"taxonomy":"product_brand","embeddable":true,"href":"https:\/\/luxegel.lv\/lv\/wp-json\/wp\/v2\/product_brand?post=15845"},{"taxonomy":"product_cat","embeddable":true,"href":"https:\/\/luxegel.lv\/lv\/wp-json\/wp\/v2\/product_cat?post=15845"},{"taxonomy":"product_tag","embeddable":true,"href":"https:\/\/luxegel.lv\/lv\/wp-json\/wp\/v2\/product_tag?post=15845"}],"curies":[{"name":"wp","href":"https:\/\/api.w.org\/{rel}","templated":true}]}}