{"id":15135,"date":"2025-01-31T12:07:53","date_gmt":"2025-01-31T12:07:53","guid":{"rendered":"https:\/\/luxegel.lv\/?post_type=product&#038;p=15135"},"modified":"2025-10-24T18:52:23","modified_gmt":"2025-10-24T18:52:23","slug":"sheer-sophistication-kolekcija-copy-2","status":"publish","type":"product","link":"https:\/\/luxegel.lv\/lv\/product-lv\/sheer-sophistication-kolekcija-copy-2\/","title":{"rendered":"OCEAN REVERIE G\u0112LA LAKU KOLEKCIJA"},"content":{"rendered":"<p><em><strong>JAUNUMS! Ocean Reverie Kolekcija ir \u0161eit! <\/strong><\/em><\/p>\n<p>Iegremd\u0113jieties mirdzo\u0161u vi\u013c\u0146u, dzi\u013cj\u016bras nosl\u0113pumu un sap\u0146ainu oke\u0101na to\u0146u pasaul\u0113. \u0160\u012b satrieco\u0161\u0101 g\u0113la laku kolekcija ir iedvesmojusies no burv\u012bg\u0101 j\u016bras skaistuma, pie\u0161\u0137irot nagiem eleganci un burv\u012bbu. \u2728 <em><strong>Seashell<\/strong> <\/em>\u2013 Maigs, maigs tonis, tik d\u0101rgs k\u0101 p\u0113rles.. <em><strong>Lobster<\/strong><\/em> \u2013 Drosm\u012bgs sarkans, k\u0101 ugun\u012bgs kora\u013c\u013cu zem vi\u013c\u0146iem.. <em><strong>Blue Shark<\/strong><\/em> \u2013 Mirdzo\u0161i zili pel\u0113ks, tverot nakts j\u016bras nosl\u0113pumain\u012bbu.. <em><strong>Sea Urchin<\/strong><\/em> \u2013 Bag\u0101t\u012bgs violets mirdzums, nosl\u0113pumains k\u0101 dzi\u013c\u016bdens br\u012bnumi.<\/p>\n<p><em><strong>\u013baujiet saviem nagiem st\u0101st\u012bt st\u0101stu par j\u016bru!<\/strong> <\/em><\/p>\n","protected":false},"excerpt":{"rendered":"<p>JAUNUMS! Ocean Reverie Kolekcija ir \u0161eit! Iegremd\u0113jieties mirdzo\u0161u vi\u013c\u0146u, dzi\u013cj\u016bras nosl\u0113pumu un sap\u0146ainu oke\u0101na to\u0146u pasaul\u0113. \u0160\u012b satrieco\u0161\u0101 g\u0113la laku<\/p>\n","protected":false},"featured_media":15138,"template":"","meta":{"_acf_changed":false,"om_disable_all_campaigns":false},"product_brand":[],"product_cat":[246,154],"product_tag":[],"class_list":{"0":"post-15135","1":"product","2":"type-product","3":"status-publish","4":"has-post-thumbnail","6":"product_cat-kolekcijas-un-komplekti","7":"product_cat-luxe-gel-professional-lv","9":"first","10":"outofstock","11":"sale","12":"shipping-taxable","13":"purchasable","14":"product-type-simple"},"acf":[],"yoast_head":"<!-- This site is optimized with the Yoast SEO plugin v23.8 - https:\/\/yoast.com\/wordpress\/plugins\/seo\/ -->\n<title>OCEAN REVERIE G\u0112LA LAKU KOLEKCIJA - LUXE GEL PROFESSIONAL\u2122<\/title>\n<meta name=\"robots\" content=\"index, follow, max-snippet:-1, max-image-preview:large, max-video-preview:-1\" \/>\n<link rel=\"canonical\" href=\"https:\/\/luxegel.lv\/lv\/product-lv\/sheer-sophistication-kolekcija-copy-2\/\" \/>\n<meta property=\"og:locale\" content=\"lv_LV\" \/>\n<meta property=\"og:type\" content=\"article\" \/>\n<meta property=\"og:title\" content=\"OCEAN REVERIE G\u0112LA LAKU KOLEKCIJA - LUXE GEL PROFESSIONAL\u2122\" \/>\n<meta property=\"og:description\" content=\"JAUNUMS! Ocean Reverie Kolekcija ir \u0161eit! Iegremd\u0113jieties mirdzo\u0161u vi\u013c\u0146u, dzi\u013cj\u016bras nosl\u0113pumu un sap\u0146ainu oke\u0101na to\u0146u pasaul\u0113. \u0160\u012b satrieco\u0161\u0101 g\u0113la laku\" \/>\n<meta property=\"og:url\" content=\"https:\/\/luxegel.lv\/lv\/product-lv\/sheer-sophistication-kolekcija-copy-2\/\" \/>\n<meta property=\"og:site_name\" content=\"LUXE GEL PROFESSIONAL\u2122\" \/>\n<meta property=\"article:modified_time\" content=\"2025-10-24T18:52:23+00:00\" \/>\n<meta property=\"og:image\" content=\"https:\/\/luxegel.lv\/wp-content\/uploads\/2025\/01\/FullSizeRender_ed03e8b9-b2fd-4f5c-9e2a-d1f686c5f449.webp\" \/>\n\t<meta property=\"og:image:width\" content=\"1100\" \/>\n\t<meta property=\"og:image:height\" content=\"1256\" \/>\n\t<meta property=\"og:image:type\" content=\"image\/webp\" \/>\n<meta name=\"twitter:card\" content=\"summary_large_image\" \/>\n<meta name=\"twitter:label1\" content=\"Est. reading time\" \/>\n\t<meta name=\"twitter:data1\" content=\"1 minute\" \/>\n<script type=\"application\/ld+json\" class=\"yoast-schema-graph\">{\"@context\":\"https:\/\/schema.org\",\"@graph\":[{\"@type\":\"WebPage\",\"@id\":\"https:\/\/luxegel.lv\/lv\/product-lv\/sheer-sophistication-kolekcija-copy-2\/\",\"url\":\"https:\/\/luxegel.lv\/lv\/product-lv\/sheer-sophistication-kolekcija-copy-2\/\",\"name\":\"OCEAN REVERIE G\u0112LA LAKU KOLEKCIJA - LUXE GEL PROFESSIONAL\u2122\",\"isPartOf\":{\"@id\":\"https:\/\/luxegel.lv\/lv\/#website\"},\"primaryImageOfPage\":{\"@id\":\"https:\/\/luxegel.lv\/lv\/product-lv\/sheer-sophistication-kolekcija-copy-2\/#primaryimage\"},\"image\":{\"@id\":\"https:\/\/luxegel.lv\/lv\/product-lv\/sheer-sophistication-kolekcija-copy-2\/#primaryimage\"},\"thumbnailUrl\":\"https:\/\/luxegel.lv\/wp-content\/uploads\/2025\/01\/FullSizeRender_ed03e8b9-b2fd-4f5c-9e2a-d1f686c5f449.webp\",\"datePublished\":\"2025-01-31T12:07:53+00:00\",\"dateModified\":\"2025-10-24T18:52:23+00:00\",\"breadcrumb\":{\"@id\":\"https:\/\/luxegel.lv\/lv\/product-lv\/sheer-sophistication-kolekcija-copy-2\/#breadcrumb\"},\"inLanguage\":\"lv-LV\",\"potentialAction\":[{\"@type\":\"ReadAction\",\"target\":[\"https:\/\/luxegel.lv\/lv\/product-lv\/sheer-sophistication-kolekcija-copy-2\/\"]}]},{\"@type\":\"ImageObject\",\"inLanguage\":\"lv-LV\",\"@id\":\"https:\/\/luxegel.lv\/lv\/product-lv\/sheer-sophistication-kolekcija-copy-2\/#primaryimage\",\"url\":\"https:\/\/luxegel.lv\/wp-content\/uploads\/2025\/01\/FullSizeRender_ed03e8b9-b2fd-4f5c-9e2a-d1f686c5f449.webp\",\"contentUrl\":\"https:\/\/luxegel.lv\/wp-content\/uploads\/2025\/01\/FullSizeRender_ed03e8b9-b2fd-4f5c-9e2a-d1f686c5f449.webp\",\"width\":1100,\"height\":1256},{\"@type\":\"BreadcrumbList\",\"@id\":\"https:\/\/luxegel.lv\/lv\/product-lv\/sheer-sophistication-kolekcija-copy-2\/#breadcrumb\",\"itemListElement\":[{\"@type\":\"ListItem\",\"position\":1,\"name\":\"Galven\u0101\",\"item\":\"https:\/\/luxegel.lv\/lv\/\"},{\"@type\":\"ListItem\",\"position\":2,\"name\":\"Veikals\",\"item\":\"https:\/\/luxegel.lv\/lv\/veikals\/\"},{\"@type\":\"ListItem\",\"position\":3,\"name\":\"OCEAN REVERIE G\u0112LA LAKU KOLEKCIJA\"}]},{\"@type\":\"WebSite\",\"@id\":\"https:\/\/luxegel.lv\/lv\/#website\",\"url\":\"https:\/\/luxegel.lv\/lv\/\",\"name\":\"LUXE GEL PROFESSIONAL\u2122\",\"description\":\"is a leading nail brand on the European market. Luxe Gel currently stock over 500 products including over 350 shades of gel polish, a complete builder gel system and our famous structure base.\",\"potentialAction\":[{\"@type\":\"SearchAction\",\"target\":{\"@type\":\"EntryPoint\",\"urlTemplate\":\"https:\/\/luxegel.lv\/lv\/?s={search_term_string}\"},\"query-input\":{\"@type\":\"PropertyValueSpecification\",\"valueRequired\":true,\"valueName\":\"search_term_string\"}}],\"inLanguage\":\"lv-LV\"}]}<\/script>\n<!-- \/ Yoast SEO plugin. -->","yoast_head_json":{"title":"OCEAN REVERIE G\u0112LA LAKU KOLEKCIJA - LUXE GEL PROFESSIONAL\u2122","robots":{"index":"index","follow":"follow","max-snippet":"max-snippet:-1","max-image-preview":"max-image-preview:large","max-video-preview":"max-video-preview:-1"},"canonical":"https:\/\/luxegel.lv\/lv\/product-lv\/sheer-sophistication-kolekcija-copy-2\/","og_locale":"lv_LV","og_type":"article","og_title":"OCEAN REVERIE G\u0112LA LAKU KOLEKCIJA - LUXE GEL PROFESSIONAL\u2122","og_description":"JAUNUMS! Ocean Reverie Kolekcija ir \u0161eit! Iegremd\u0113jieties mirdzo\u0161u vi\u013c\u0146u, dzi\u013cj\u016bras nosl\u0113pumu un sap\u0146ainu oke\u0101na to\u0146u pasaul\u0113. \u0160\u012b satrieco\u0161\u0101 g\u0113la laku","og_url":"https:\/\/luxegel.lv\/lv\/product-lv\/sheer-sophistication-kolekcija-copy-2\/","og_site_name":"LUXE GEL PROFESSIONAL\u2122","article_modified_time":"2025-10-24T18:52:23+00:00","og_image":[{"width":1100,"height":1256,"url":"https:\/\/luxegel.lv\/wp-content\/uploads\/2025\/01\/FullSizeRender_ed03e8b9-b2fd-4f5c-9e2a-d1f686c5f449.webp","type":"image\/webp"}],"twitter_card":"summary_large_image","twitter_misc":{"Est. reading time":"1 minute"},"schema":{"@context":"https:\/\/schema.org","@graph":[{"@type":"WebPage","@id":"https:\/\/luxegel.lv\/lv\/product-lv\/sheer-sophistication-kolekcija-copy-2\/","url":"https:\/\/luxegel.lv\/lv\/product-lv\/sheer-sophistication-kolekcija-copy-2\/","name":"OCEAN REVERIE G\u0112LA LAKU KOLEKCIJA - LUXE GEL PROFESSIONAL\u2122","isPartOf":{"@id":"https:\/\/luxegel.lv\/lv\/#website"},"primaryImageOfPage":{"@id":"https:\/\/luxegel.lv\/lv\/product-lv\/sheer-sophistication-kolekcija-copy-2\/#primaryimage"},"image":{"@id":"https:\/\/luxegel.lv\/lv\/product-lv\/sheer-sophistication-kolekcija-copy-2\/#primaryimage"},"thumbnailUrl":"https:\/\/luxegel.lv\/wp-content\/uploads\/2025\/01\/FullSizeRender_ed03e8b9-b2fd-4f5c-9e2a-d1f686c5f449.webp","datePublished":"2025-01-31T12:07:53+00:00","dateModified":"2025-10-24T18:52:23+00:00","breadcrumb":{"@id":"https:\/\/luxegel.lv\/lv\/product-lv\/sheer-sophistication-kolekcija-copy-2\/#breadcrumb"},"inLanguage":"lv-LV","potentialAction":[{"@type":"ReadAction","target":["https:\/\/luxegel.lv\/lv\/product-lv\/sheer-sophistication-kolekcija-copy-2\/"]}]},{"@type":"ImageObject","inLanguage":"lv-LV","@id":"https:\/\/luxegel.lv\/lv\/product-lv\/sheer-sophistication-kolekcija-copy-2\/#primaryimage","url":"https:\/\/luxegel.lv\/wp-content\/uploads\/2025\/01\/FullSizeRender_ed03e8b9-b2fd-4f5c-9e2a-d1f686c5f449.webp","contentUrl":"https:\/\/luxegel.lv\/wp-content\/uploads\/2025\/01\/FullSizeRender_ed03e8b9-b2fd-4f5c-9e2a-d1f686c5f449.webp","width":1100,"height":1256},{"@type":"BreadcrumbList","@id":"https:\/\/luxegel.lv\/lv\/product-lv\/sheer-sophistication-kolekcija-copy-2\/#breadcrumb","itemListElement":[{"@type":"ListItem","position":1,"name":"Galven\u0101","item":"https:\/\/luxegel.lv\/lv\/"},{"@type":"ListItem","position":2,"name":"Veikals","item":"https:\/\/luxegel.lv\/lv\/veikals\/"},{"@type":"ListItem","position":3,"name":"OCEAN REVERIE G\u0112LA LAKU KOLEKCIJA"}]},{"@type":"WebSite","@id":"https:\/\/luxegel.lv\/lv\/#website","url":"https:\/\/luxegel.lv\/lv\/","name":"LUXE GEL PROFESSIONAL\u2122","description":"is a leading nail brand on the European market. Luxe Gel currently stock over 500 products including over 350 shades of gel polish, a complete builder gel system and our famous structure base.","potentialAction":[{"@type":"SearchAction","target":{"@type":"EntryPoint","urlTemplate":"https:\/\/luxegel.lv\/lv\/?s={search_term_string}"},"query-input":{"@type":"PropertyValueSpecification","valueRequired":true,"valueName":"search_term_string"}}],"inLanguage":"lv-LV"}]}},"_links":{"self":[{"href":"https:\/\/luxegel.lv\/lv\/wp-json\/wp\/v2\/product\/15135","targetHints":{"allow":["GET"]}}],"collection":[{"href":"https:\/\/luxegel.lv\/lv\/wp-json\/wp\/v2\/product"}],"about":[{"href":"https:\/\/luxegel.lv\/lv\/wp-json\/wp\/v2\/types\/product"}],"version-history":[{"count":1,"href":"https:\/\/luxegel.lv\/lv\/wp-json\/wp\/v2\/product\/15135\/revisions"}],"predecessor-version":[{"id":15167,"href":"https:\/\/luxegel.lv\/lv\/wp-json\/wp\/v2\/product\/15135\/revisions\/15167"}],"wp:featuredmedia":[{"embeddable":true,"href":"https:\/\/luxegel.lv\/lv\/wp-json\/wp\/v2\/media\/15138"}],"wp:attachment":[{"href":"https:\/\/luxegel.lv\/lv\/wp-json\/wp\/v2\/media?parent=15135"}],"wp:term":[{"taxonomy":"product_brand","embeddable":true,"href":"https:\/\/luxegel.lv\/lv\/wp-json\/wp\/v2\/product_brand?post=15135"},{"taxonomy":"product_cat","embeddable":true,"href":"https:\/\/luxegel.lv\/lv\/wp-json\/wp\/v2\/product_cat?post=15135"},{"taxonomy":"product_tag","embeddable":true,"href":"https:\/\/luxegel.lv\/lv\/wp-json\/wp\/v2\/product_tag?post=15135"}],"curies":[{"name":"wp","href":"https:\/\/api.w.org\/{rel}","templated":true}]}}