{"id":14558,"date":"2025-01-03T10:38:32","date_gmt":"2025-01-03T10:38:32","guid":{"rendered":"https:\/\/luxegel.lv\/?post_type=product&#038;p=14558"},"modified":"2025-10-24T18:52:26","modified_gmt":"2025-10-24T18:52:26","slug":"luxe-hroma-pulveris-elsa-copy-2","status":"publish","type":"product","link":"https:\/\/luxegel.lv\/lv\/product-lv\/luxe-hroma-pulveris-elsa-copy-2\/","title":{"rendered":"LUXE HROMA PULVERIS &#8211; TIANA"},"content":{"rendered":"<p>P\u0101rsteidzo\u0161s jaunais Luxe Chrome pulveris, kas j\u016bs atst\u0101s bez v\u0101rdiem! Viens no pirmajiem un kvalitat\u012bv\u0101kajiem hroma p\u016bderiem, ko izmanto daudzi nagu speci\u0101listi un nagu saloni. Izmantojiet jauno Luxe Chrome pulveri, lai rad\u012btu \u013coti piepras\u012btos \u012bsti spogu\u013chrom\u0113tos nagus!  <\/p>\n<p><em><strong>Unik\u0101ls hroma p\u016bderis, ko var p\u0101rv\u0113rst ka\u0137a acu efekt\u0101! Viss, kas jums j\u0101dara, ir j\u0101sajauc hroma pulveris ar 2in1 b\u0101zes p\u0101rkl\u0101jumu un j\u0101izmanto magn\u0113ts, lai rad\u012btu skaistu ka\u0137a acu efektu. <\/strong><\/em><\/p>\n<p>J\u0101izmanto virs topu bez lip\u012bga sl\u0101\u0146a un j\u0101aizl\u012bm\u0113 ar topu<\/p>\n<p><strong>#luxegelchrometiana<\/strong><\/p>\n<ul>\n<li>Premium birsto\u0161s pulveris hroms<\/li>\n<li>\u013boti pigment\u0113tas kr\u0101sas<\/li>\n<li>Papildu ka\u0137a acu efekts<\/li>\n<li>Netoksisks<\/li>\n<li>Bezmaksas aplikators<\/li>\n<li>Neiz\u0161\u013caksto\u0161s konteineris<\/li>\n<li>0.4g<\/li>\n<\/ul>\n","protected":false},"excerpt":{"rendered":"<p>P\u0101rsteidzo\u0161s jaunais Luxe Chrome pulveris, kas j\u016bs atst\u0101s bez v\u0101rdiem! Viens no pirmajiem un kvalitat\u012bv\u0101kajiem hroma p\u016bderiem, ko izmanto daudzi<\/p>\n","protected":false},"featured_media":14561,"template":"","meta":{"_acf_changed":false},"product_brand":[],"product_cat":[437,154,469],"product_tag":[438,222,221],"class_list":{"0":"post-14558","1":"product","2":"type-product","3":"status-publish","4":"has-post-thumbnail","6":"product_cat-hroma-efekta-puderis-nagiem","7":"product_cat-luxe-gel-professional-lv","8":"product_cat-nagu-dizainam","9":"product_tag-chrome-powder-lv","10":"product_tag-produkti","11":"product_tag-visi-produkti","13":"first","14":"instock","15":"sale","16":"shipping-taxable","17":"purchasable","18":"product-type-simple"},"acf":[],"yoast_head":"<!-- This site is optimized with the Yoast SEO plugin v23.8 - https:\/\/yoast.com\/wordpress\/plugins\/seo\/ -->\n<title>LUXE HROMA PULVERIS - TIANA - LUXE GEL PROFESSIONAL\u2122<\/title>\n<meta name=\"robots\" content=\"index, follow, max-snippet:-1, max-image-preview:large, max-video-preview:-1\" \/>\n<link rel=\"canonical\" href=\"https:\/\/luxegel.lv\/lv\/product-lv\/luxe-hroma-pulveris-elsa-copy-2\/\" \/>\n<meta property=\"og:locale\" content=\"lv_LV\" \/>\n<meta property=\"og:type\" content=\"article\" \/>\n<meta property=\"og:title\" content=\"LUXE HROMA PULVERIS - TIANA - LUXE GEL PROFESSIONAL\u2122\" \/>\n<meta property=\"og:description\" content=\"P\u0101rsteidzo\u0161s jaunais Luxe Chrome pulveris, kas j\u016bs atst\u0101s bez v\u0101rdiem! Viens no pirmajiem un kvalitat\u012bv\u0101kajiem hroma p\u016bderiem, ko izmanto daudzi\" \/>\n<meta property=\"og:url\" content=\"https:\/\/luxegel.lv\/lv\/product-lv\/luxe-hroma-pulveris-elsa-copy-2\/\" \/>\n<meta property=\"og:site_name\" content=\"LUXE GEL PROFESSIONAL\u2122\" \/>\n<meta property=\"article:modified_time\" content=\"2025-10-24T18:52:26+00:00\" \/>\n<meta property=\"og:image\" content=\"https:\/\/luxegel.lv\/wp-content\/uploads\/2025\/01\/Tiana.jpg\" \/>\n\t<meta property=\"og:image:width\" content=\"1024\" \/>\n\t<meta property=\"og:image:height\" content=\"1024\" \/>\n\t<meta property=\"og:image:type\" content=\"image\/jpeg\" \/>\n<meta name=\"twitter:card\" content=\"summary_large_image\" \/>\n<meta name=\"twitter:label1\" content=\"Est. reading time\" \/>\n\t<meta name=\"twitter:data1\" content=\"1 minute\" \/>\n<script type=\"application\/ld+json\" class=\"yoast-schema-graph\">{\"@context\":\"https:\/\/schema.org\",\"@graph\":[{\"@type\":\"WebPage\",\"@id\":\"https:\/\/luxegel.lv\/lv\/product-lv\/luxe-hroma-pulveris-elsa-copy-2\/\",\"url\":\"https:\/\/luxegel.lv\/lv\/product-lv\/luxe-hroma-pulveris-elsa-copy-2\/\",\"name\":\"LUXE HROMA PULVERIS - TIANA - LUXE GEL PROFESSIONAL\u2122\",\"isPartOf\":{\"@id\":\"https:\/\/luxegel.lv\/lv\/#website\"},\"primaryImageOfPage\":{\"@id\":\"https:\/\/luxegel.lv\/lv\/product-lv\/luxe-hroma-pulveris-elsa-copy-2\/#primaryimage\"},\"image\":{\"@id\":\"https:\/\/luxegel.lv\/lv\/product-lv\/luxe-hroma-pulveris-elsa-copy-2\/#primaryimage\"},\"thumbnailUrl\":\"https:\/\/luxegel.lv\/wp-content\/uploads\/2025\/01\/Tiana.jpg\",\"datePublished\":\"2025-01-03T10:38:32+00:00\",\"dateModified\":\"2025-10-24T18:52:26+00:00\",\"breadcrumb\":{\"@id\":\"https:\/\/luxegel.lv\/lv\/product-lv\/luxe-hroma-pulveris-elsa-copy-2\/#breadcrumb\"},\"inLanguage\":\"lv-LV\",\"potentialAction\":[{\"@type\":\"ReadAction\",\"target\":[\"https:\/\/luxegel.lv\/lv\/product-lv\/luxe-hroma-pulveris-elsa-copy-2\/\"]}]},{\"@type\":\"ImageObject\",\"inLanguage\":\"lv-LV\",\"@id\":\"https:\/\/luxegel.lv\/lv\/product-lv\/luxe-hroma-pulveris-elsa-copy-2\/#primaryimage\",\"url\":\"https:\/\/luxegel.lv\/wp-content\/uploads\/2025\/01\/Tiana.jpg\",\"contentUrl\":\"https:\/\/luxegel.lv\/wp-content\/uploads\/2025\/01\/Tiana.jpg\",\"width\":1024,\"height\":1024},{\"@type\":\"BreadcrumbList\",\"@id\":\"https:\/\/luxegel.lv\/lv\/product-lv\/luxe-hroma-pulveris-elsa-copy-2\/#breadcrumb\",\"itemListElement\":[{\"@type\":\"ListItem\",\"position\":1,\"name\":\"Galven\u0101\",\"item\":\"https:\/\/luxegel.lv\/lv\/\"},{\"@type\":\"ListItem\",\"position\":2,\"name\":\"Veikals\",\"item\":\"https:\/\/luxegel.lv\/lv\/veikals\/\"},{\"@type\":\"ListItem\",\"position\":3,\"name\":\"LUXE HROMA PULVERIS &#8211; TIANA\"}]},{\"@type\":\"WebSite\",\"@id\":\"https:\/\/luxegel.lv\/lv\/#website\",\"url\":\"https:\/\/luxegel.lv\/lv\/\",\"name\":\"LUXE GEL PROFESSIONAL\u2122\",\"description\":\"is a leading nail brand on the European market. Luxe Gel currently stock over 500 products including over 350 shades of gel polish, a complete builder gel system and our famous structure base.\",\"potentialAction\":[{\"@type\":\"SearchAction\",\"target\":{\"@type\":\"EntryPoint\",\"urlTemplate\":\"https:\/\/luxegel.lv\/lv\/?s={search_term_string}\"},\"query-input\":{\"@type\":\"PropertyValueSpecification\",\"valueRequired\":true,\"valueName\":\"search_term_string\"}}],\"inLanguage\":\"lv-LV\"}]}<\/script>\n<!-- \/ Yoast SEO plugin. -->","yoast_head_json":{"title":"LUXE HROMA PULVERIS - TIANA - LUXE GEL PROFESSIONAL\u2122","robots":{"index":"index","follow":"follow","max-snippet":"max-snippet:-1","max-image-preview":"max-image-preview:large","max-video-preview":"max-video-preview:-1"},"canonical":"https:\/\/luxegel.lv\/lv\/product-lv\/luxe-hroma-pulveris-elsa-copy-2\/","og_locale":"lv_LV","og_type":"article","og_title":"LUXE HROMA PULVERIS - TIANA - LUXE GEL PROFESSIONAL\u2122","og_description":"P\u0101rsteidzo\u0161s jaunais Luxe Chrome pulveris, kas j\u016bs atst\u0101s bez v\u0101rdiem! Viens no pirmajiem un kvalitat\u012bv\u0101kajiem hroma p\u016bderiem, ko izmanto daudzi","og_url":"https:\/\/luxegel.lv\/lv\/product-lv\/luxe-hroma-pulveris-elsa-copy-2\/","og_site_name":"LUXE GEL PROFESSIONAL\u2122","article_modified_time":"2025-10-24T18:52:26+00:00","og_image":[{"width":1024,"height":1024,"url":"https:\/\/luxegel.lv\/wp-content\/uploads\/2025\/01\/Tiana.jpg","type":"image\/jpeg"}],"twitter_card":"summary_large_image","twitter_misc":{"Est. reading time":"1 minute"},"schema":{"@context":"https:\/\/schema.org","@graph":[{"@type":"WebPage","@id":"https:\/\/luxegel.lv\/lv\/product-lv\/luxe-hroma-pulveris-elsa-copy-2\/","url":"https:\/\/luxegel.lv\/lv\/product-lv\/luxe-hroma-pulveris-elsa-copy-2\/","name":"LUXE HROMA PULVERIS - TIANA - LUXE GEL PROFESSIONAL\u2122","isPartOf":{"@id":"https:\/\/luxegel.lv\/lv\/#website"},"primaryImageOfPage":{"@id":"https:\/\/luxegel.lv\/lv\/product-lv\/luxe-hroma-pulveris-elsa-copy-2\/#primaryimage"},"image":{"@id":"https:\/\/luxegel.lv\/lv\/product-lv\/luxe-hroma-pulveris-elsa-copy-2\/#primaryimage"},"thumbnailUrl":"https:\/\/luxegel.lv\/wp-content\/uploads\/2025\/01\/Tiana.jpg","datePublished":"2025-01-03T10:38:32+00:00","dateModified":"2025-10-24T18:52:26+00:00","breadcrumb":{"@id":"https:\/\/luxegel.lv\/lv\/product-lv\/luxe-hroma-pulveris-elsa-copy-2\/#breadcrumb"},"inLanguage":"lv-LV","potentialAction":[{"@type":"ReadAction","target":["https:\/\/luxegel.lv\/lv\/product-lv\/luxe-hroma-pulveris-elsa-copy-2\/"]}]},{"@type":"ImageObject","inLanguage":"lv-LV","@id":"https:\/\/luxegel.lv\/lv\/product-lv\/luxe-hroma-pulveris-elsa-copy-2\/#primaryimage","url":"https:\/\/luxegel.lv\/wp-content\/uploads\/2025\/01\/Tiana.jpg","contentUrl":"https:\/\/luxegel.lv\/wp-content\/uploads\/2025\/01\/Tiana.jpg","width":1024,"height":1024},{"@type":"BreadcrumbList","@id":"https:\/\/luxegel.lv\/lv\/product-lv\/luxe-hroma-pulveris-elsa-copy-2\/#breadcrumb","itemListElement":[{"@type":"ListItem","position":1,"name":"Galven\u0101","item":"https:\/\/luxegel.lv\/lv\/"},{"@type":"ListItem","position":2,"name":"Veikals","item":"https:\/\/luxegel.lv\/lv\/veikals\/"},{"@type":"ListItem","position":3,"name":"LUXE HROMA PULVERIS &#8211; TIANA"}]},{"@type":"WebSite","@id":"https:\/\/luxegel.lv\/lv\/#website","url":"https:\/\/luxegel.lv\/lv\/","name":"LUXE GEL PROFESSIONAL\u2122","description":"is a leading nail brand on the European market. Luxe Gel currently stock over 500 products including over 350 shades of gel polish, a complete builder gel system and our famous structure base.","potentialAction":[{"@type":"SearchAction","target":{"@type":"EntryPoint","urlTemplate":"https:\/\/luxegel.lv\/lv\/?s={search_term_string}"},"query-input":{"@type":"PropertyValueSpecification","valueRequired":true,"valueName":"search_term_string"}}],"inLanguage":"lv-LV"}]}},"_links":{"self":[{"href":"https:\/\/luxegel.lv\/lv\/wp-json\/wp\/v2\/product\/14558","targetHints":{"allow":["GET"]}}],"collection":[{"href":"https:\/\/luxegel.lv\/lv\/wp-json\/wp\/v2\/product"}],"about":[{"href":"https:\/\/luxegel.lv\/lv\/wp-json\/wp\/v2\/types\/product"}],"version-history":[{"count":3,"href":"https:\/\/luxegel.lv\/lv\/wp-json\/wp\/v2\/product\/14558\/revisions"}],"predecessor-version":[{"id":14567,"href":"https:\/\/luxegel.lv\/lv\/wp-json\/wp\/v2\/product\/14558\/revisions\/14567"}],"wp:featuredmedia":[{"embeddable":true,"href":"https:\/\/luxegel.lv\/lv\/wp-json\/wp\/v2\/media\/14561"}],"wp:attachment":[{"href":"https:\/\/luxegel.lv\/lv\/wp-json\/wp\/v2\/media?parent=14558"}],"wp:term":[{"taxonomy":"product_brand","embeddable":true,"href":"https:\/\/luxegel.lv\/lv\/wp-json\/wp\/v2\/product_brand?post=14558"},{"taxonomy":"product_cat","embeddable":true,"href":"https:\/\/luxegel.lv\/lv\/wp-json\/wp\/v2\/product_cat?post=14558"},{"taxonomy":"product_tag","embeddable":true,"href":"https:\/\/luxegel.lv\/lv\/wp-json\/wp\/v2\/product_tag?post=14558"}],"curies":[{"name":"wp","href":"https:\/\/api.w.org\/{rel}","templated":true}]}}