{"id":14372,"date":"2024-12-09T09:49:47","date_gmt":"2024-12-09T09:49:47","guid":{"rendered":"https:\/\/luxegel.lv\/?post_type=product&#038;p=14372"},"modified":"2025-09-10T08:33:30","modified_gmt":"2025-09-10T08:33:30","slug":"svetku-sezonas-kolekcija","status":"publish","type":"product","link":"https:\/\/luxegel.lv\/lv\/product-lv\/svetku-sezonas-kolekcija\/","title":{"rendered":"SV\u0112TKU SEZONAS KOLEKCIJA"},"content":{"rendered":"<p><em><strong>M\u016bsu \u012bpa\u0161i atlas\u012btais 10 kr\u0101\u0161\u0146o g\u0113la lakas kr\u0101su komplekts, katra 4 ml, ir izstr\u0101d\u0101ts, lai pie\u0161\u0137irtu neticamu mirdzumu un eleganci j\u016bsu sv\u0113tku nagu dizainam. Ar mirdzo\u0161iem to\u0146iem, grezn\u0101m tekst\u016br\u0101m un nebeidzamu iedvesmu \u013caujiet saviem nagiem mirdz\u0113t visu sezonu. <\/strong><\/em><\/p>\n<p>Desmit lab\u0101k\u0101s izv\u0113les no m\u016bsu piln\u0101 g\u0113la laku kl\u0101sta \u0161aj\u0101 sezon\u0101. Ide\u0101ls komplekts, kas pal\u012bdz\u0113s jums izdz\u012bvot visus sv\u0113tku komplektus.<\/p>\n<p><strong><em>#luxegelfestiveseason<\/em><\/strong><\/p>\n<ul>\n<li>11-FREE formula \u2013 bez toksisk\u0101m viel\u0101m.<\/li>\n<li>Izteikts sp\u012bdums.<\/li>\n<li>15ML (0.5fl.oz)<\/li>\n<li>100% g\u0113la formula.<\/li>\n<li>\u013boti pigment\u0113ta<\/li>\n<li>Piln\u012bgs p\u0101rkl\u0101jums ar vienu sl\u0101ni.<\/li>\n<li><span style=\"font-family: -apple-system, BlinkMacSystemFont, 'San Francisco', 'Segoe UI', Roboto, 'Helvetica Neue', sans-serif; font-size: 0.875rem;\">Z\u012bdaina tekst\u016bra, bez izpl\u016b\u0161anas.<\/span><\/li>\n<li>Vair\u0101k nek\u0101 20 dienu notur\u012bba.<\/li>\n<li><span style=\"font-family: -apple-system, BlinkMacSystemFont, 'San Francisco', 'Segoe UI', Roboto, 'Helvetica Neue', sans-serif; font-size: 0.875rem;\">Odourless, Cruelty-free &amp; Eco-friendly.<\/span><\/li>\n<li><span style=\"font-family: -apple-system, BlinkMacSystemFont, 'San Francisco', 'Segoe UI', Roboto, 'Helvetica Neue', sans-serif; font-size: 0.875rem;\">Piln\u012bb\u0101 sertific\u0113ta un p\u0101rbaud\u012bta.<\/span><\/li>\n<li><span style=\"font-family: -apple-system, BlinkMacSystemFont, 'San Francisco', 'Segoe UI', Roboto, 'Helvetica Neue', sans-serif; font-size: 0.875rem;\">\u017d\u016bst UV\/LED lamp\u0101 &#8211; 120 sek. UV vai 60 sek. LED.<\/span><\/li>\n<li><span style=\"font-family: -apple-system, BlinkMacSystemFont, 'San Francisco', 'Segoe UI', Roboto, 'Helvetica Neue', sans-serif; font-size: 0.875rem;\">Supergluda oti\u0146a.<\/span><\/li>\n<li>Viegli uzkl\u0101jama, bez sabiez\u0113jumiem, \u0161\u0137el\u0161an\u0101s vai izsm\u0113r\u0113\u0161an\u0101s.<\/li>\n<\/ul>\n<div id=\"shopify-section-template--20615746978069__48eb4292-5c99-4d26-b941-c8d92cf3e482\" class=\"shopify-section index-section\">\n<div class=\"section--divider\">\n<div class=\"text-center page-width page-width--narrow\">\n<div class=\"theme-block\">\n<div class=\"rte\">\n<p><strong>VESEL\u012aGAS SAST\u0100VDA\u013bAS<\/strong><\/p>\n<p><strong>11 TOXIC FREE<\/strong><\/p>\n<p>Formaldehyde ,Paraben,Camphor ,Dibutyl Phthalate,Formaldehyde ,Xylene,Ethyl Tosylamide,Toluene ,BisphenolA,Sulfates,Triphenyl Phoshate.<\/p>\n<\/div>\n<\/div>\n<\/div>\n<\/div>\n<\/div>\n<p><strong>Kr\u0101su att\u0113lojums:<\/strong><\/p>\n<p>M\u0113s pieliekam maksim\u0101las p\u016bles, lai produktu att\u0113li b\u016btu p\u0113c iesp\u0113jas prec\u012bzi. \u0145emot v\u0113r\u0101, ka elektroniskaj\u0101s ier\u012bc\u0113s ir da\u017e\u0101di kr\u0101su\/iz\u0161\u0137irtsp\u0113jas iestat\u012bjumi, kr\u0101su att\u0113lojums var nedaudz at\u0161\u0137irties no fizisk\u0101 produkta.<\/p>\n","protected":false},"excerpt":{"rendered":"<p>M\u016bsu \u012bpa\u0161i atlas\u012btais 10 kr\u0101\u0161\u0146o g\u0113la lakas kr\u0101su komplekts, katra 4 ml, ir izstr\u0101d\u0101ts, lai pie\u0161\u0137irtu neticamu mirdzumu un eleganci<\/p>\n","protected":false},"featured_media":14375,"template":"","meta":{"_acf_changed":false},"product_brand":[],"product_cat":[246,154],"product_tag":[264,221],"class_list":{"0":"post-14372","1":"product","2":"type-product","3":"status-publish","4":"has-post-thumbnail","6":"product_cat-kolekcijas-un-komplekti","7":"product_cat-luxe-gel-professional-lv","8":"product_tag-kolekcijas","9":"product_tag-visi-produkti","11":"first","12":"instock","13":"shipping-taxable","14":"purchasable","15":"product-type-simple"},"acf":[],"yoast_head":"<!-- This site is optimized with the Yoast SEO plugin v23.8 - https:\/\/yoast.com\/wordpress\/plugins\/seo\/ -->\n<title>SV\u0112TKU SEZONAS KOLEKCIJA - LUXE GEL PROFESSIONAL\u2122<\/title>\n<meta name=\"robots\" content=\"index, follow, max-snippet:-1, max-image-preview:large, max-video-preview:-1\" \/>\n<link rel=\"canonical\" href=\"https:\/\/luxegel.lv\/lv\/product-lv\/svetku-sezonas-kolekcija\/\" \/>\n<meta property=\"og:locale\" content=\"lv_LV\" \/>\n<meta property=\"og:type\" content=\"article\" \/>\n<meta property=\"og:title\" content=\"SV\u0112TKU SEZONAS KOLEKCIJA - LUXE GEL PROFESSIONAL\u2122\" \/>\n<meta property=\"og:description\" content=\"M\u016bsu \u012bpa\u0161i atlas\u012btais 10 kr\u0101\u0161\u0146o g\u0113la lakas kr\u0101su komplekts, katra 4 ml, ir izstr\u0101d\u0101ts, lai pie\u0161\u0137irtu neticamu mirdzumu un eleganci\" \/>\n<meta property=\"og:url\" content=\"https:\/\/luxegel.lv\/lv\/product-lv\/svetku-sezonas-kolekcija\/\" \/>\n<meta property=\"og:site_name\" content=\"LUXE GEL PROFESSIONAL\u2122\" \/>\n<meta property=\"article:modified_time\" content=\"2025-09-10T08:33:30+00:00\" \/>\n<meta property=\"og:image\" content=\"https:\/\/luxegel.lv\/wp-content\/uploads\/2024\/12\/cirkles.webp\" \/>\n\t<meta property=\"og:image:width\" content=\"2100\" \/>\n\t<meta property=\"og:image:height\" content=\"826\" \/>\n\t<meta property=\"og:image:type\" content=\"image\/webp\" \/>\n<meta name=\"twitter:card\" content=\"summary_large_image\" \/>\n<meta name=\"twitter:label1\" content=\"Est. reading time\" \/>\n\t<meta name=\"twitter:data1\" content=\"2 minutes\" \/>\n<script type=\"application\/ld+json\" class=\"yoast-schema-graph\">{\"@context\":\"https:\/\/schema.org\",\"@graph\":[{\"@type\":\"WebPage\",\"@id\":\"https:\/\/luxegel.lv\/lv\/product-lv\/svetku-sezonas-kolekcija\/\",\"url\":\"https:\/\/luxegel.lv\/lv\/product-lv\/svetku-sezonas-kolekcija\/\",\"name\":\"SV\u0112TKU SEZONAS KOLEKCIJA - LUXE GEL PROFESSIONAL\u2122\",\"isPartOf\":{\"@id\":\"https:\/\/luxegel.lv\/lv\/#website\"},\"primaryImageOfPage\":{\"@id\":\"https:\/\/luxegel.lv\/lv\/product-lv\/svetku-sezonas-kolekcija\/#primaryimage\"},\"image\":{\"@id\":\"https:\/\/luxegel.lv\/lv\/product-lv\/svetku-sezonas-kolekcija\/#primaryimage\"},\"thumbnailUrl\":\"https:\/\/luxegel.lv\/wp-content\/uploads\/2024\/12\/cirkles.webp\",\"datePublished\":\"2024-12-09T09:49:47+00:00\",\"dateModified\":\"2025-09-10T08:33:30+00:00\",\"breadcrumb\":{\"@id\":\"https:\/\/luxegel.lv\/lv\/product-lv\/svetku-sezonas-kolekcija\/#breadcrumb\"},\"inLanguage\":\"lv-LV\",\"potentialAction\":[{\"@type\":\"ReadAction\",\"target\":[\"https:\/\/luxegel.lv\/lv\/product-lv\/svetku-sezonas-kolekcija\/\"]}]},{\"@type\":\"ImageObject\",\"inLanguage\":\"lv-LV\",\"@id\":\"https:\/\/luxegel.lv\/lv\/product-lv\/svetku-sezonas-kolekcija\/#primaryimage\",\"url\":\"https:\/\/luxegel.lv\/wp-content\/uploads\/2024\/12\/cirkles.webp\",\"contentUrl\":\"https:\/\/luxegel.lv\/wp-content\/uploads\/2024\/12\/cirkles.webp\",\"width\":2100,\"height\":826},{\"@type\":\"BreadcrumbList\",\"@id\":\"https:\/\/luxegel.lv\/lv\/product-lv\/svetku-sezonas-kolekcija\/#breadcrumb\",\"itemListElement\":[{\"@type\":\"ListItem\",\"position\":1,\"name\":\"Galven\u0101\",\"item\":\"https:\/\/luxegel.lv\/lv\/\"},{\"@type\":\"ListItem\",\"position\":2,\"name\":\"Veikals\",\"item\":\"https:\/\/luxegel.lv\/lv\/veikals\/\"},{\"@type\":\"ListItem\",\"position\":3,\"name\":\"SV\u0112TKU SEZONAS KOLEKCIJA\"}]},{\"@type\":\"WebSite\",\"@id\":\"https:\/\/luxegel.lv\/lv\/#website\",\"url\":\"https:\/\/luxegel.lv\/lv\/\",\"name\":\"LUXE GEL PROFESSIONAL\u2122\",\"description\":\"is a leading nail brand on the European market. Luxe Gel currently stock over 500 products including over 350 shades of gel polish, a complete builder gel system and our famous structure base.\",\"potentialAction\":[{\"@type\":\"SearchAction\",\"target\":{\"@type\":\"EntryPoint\",\"urlTemplate\":\"https:\/\/luxegel.lv\/lv\/?s={search_term_string}\"},\"query-input\":{\"@type\":\"PropertyValueSpecification\",\"valueRequired\":true,\"valueName\":\"search_term_string\"}}],\"inLanguage\":\"lv-LV\"}]}<\/script>\n<!-- \/ Yoast SEO plugin. -->","yoast_head_json":{"title":"SV\u0112TKU SEZONAS KOLEKCIJA - LUXE GEL PROFESSIONAL\u2122","robots":{"index":"index","follow":"follow","max-snippet":"max-snippet:-1","max-image-preview":"max-image-preview:large","max-video-preview":"max-video-preview:-1"},"canonical":"https:\/\/luxegel.lv\/lv\/product-lv\/svetku-sezonas-kolekcija\/","og_locale":"lv_LV","og_type":"article","og_title":"SV\u0112TKU SEZONAS KOLEKCIJA - LUXE GEL PROFESSIONAL\u2122","og_description":"M\u016bsu \u012bpa\u0161i atlas\u012btais 10 kr\u0101\u0161\u0146o g\u0113la lakas kr\u0101su komplekts, katra 4 ml, ir izstr\u0101d\u0101ts, lai pie\u0161\u0137irtu neticamu mirdzumu un eleganci","og_url":"https:\/\/luxegel.lv\/lv\/product-lv\/svetku-sezonas-kolekcija\/","og_site_name":"LUXE GEL PROFESSIONAL\u2122","article_modified_time":"2025-09-10T08:33:30+00:00","og_image":[{"width":2100,"height":826,"url":"https:\/\/luxegel.lv\/wp-content\/uploads\/2024\/12\/cirkles.webp","type":"image\/webp"}],"twitter_card":"summary_large_image","twitter_misc":{"Est. reading time":"2 minutes"},"schema":{"@context":"https:\/\/schema.org","@graph":[{"@type":"WebPage","@id":"https:\/\/luxegel.lv\/lv\/product-lv\/svetku-sezonas-kolekcija\/","url":"https:\/\/luxegel.lv\/lv\/product-lv\/svetku-sezonas-kolekcija\/","name":"SV\u0112TKU SEZONAS KOLEKCIJA - LUXE GEL PROFESSIONAL\u2122","isPartOf":{"@id":"https:\/\/luxegel.lv\/lv\/#website"},"primaryImageOfPage":{"@id":"https:\/\/luxegel.lv\/lv\/product-lv\/svetku-sezonas-kolekcija\/#primaryimage"},"image":{"@id":"https:\/\/luxegel.lv\/lv\/product-lv\/svetku-sezonas-kolekcija\/#primaryimage"},"thumbnailUrl":"https:\/\/luxegel.lv\/wp-content\/uploads\/2024\/12\/cirkles.webp","datePublished":"2024-12-09T09:49:47+00:00","dateModified":"2025-09-10T08:33:30+00:00","breadcrumb":{"@id":"https:\/\/luxegel.lv\/lv\/product-lv\/svetku-sezonas-kolekcija\/#breadcrumb"},"inLanguage":"lv-LV","potentialAction":[{"@type":"ReadAction","target":["https:\/\/luxegel.lv\/lv\/product-lv\/svetku-sezonas-kolekcija\/"]}]},{"@type":"ImageObject","inLanguage":"lv-LV","@id":"https:\/\/luxegel.lv\/lv\/product-lv\/svetku-sezonas-kolekcija\/#primaryimage","url":"https:\/\/luxegel.lv\/wp-content\/uploads\/2024\/12\/cirkles.webp","contentUrl":"https:\/\/luxegel.lv\/wp-content\/uploads\/2024\/12\/cirkles.webp","width":2100,"height":826},{"@type":"BreadcrumbList","@id":"https:\/\/luxegel.lv\/lv\/product-lv\/svetku-sezonas-kolekcija\/#breadcrumb","itemListElement":[{"@type":"ListItem","position":1,"name":"Galven\u0101","item":"https:\/\/luxegel.lv\/lv\/"},{"@type":"ListItem","position":2,"name":"Veikals","item":"https:\/\/luxegel.lv\/lv\/veikals\/"},{"@type":"ListItem","position":3,"name":"SV\u0112TKU SEZONAS KOLEKCIJA"}]},{"@type":"WebSite","@id":"https:\/\/luxegel.lv\/lv\/#website","url":"https:\/\/luxegel.lv\/lv\/","name":"LUXE GEL PROFESSIONAL\u2122","description":"is a leading nail brand on the European market. Luxe Gel currently stock over 500 products including over 350 shades of gel polish, a complete builder gel system and our famous structure base.","potentialAction":[{"@type":"SearchAction","target":{"@type":"EntryPoint","urlTemplate":"https:\/\/luxegel.lv\/lv\/?s={search_term_string}"},"query-input":{"@type":"PropertyValueSpecification","valueRequired":true,"valueName":"search_term_string"}}],"inLanguage":"lv-LV"}]}},"_links":{"self":[{"href":"https:\/\/luxegel.lv\/lv\/wp-json\/wp\/v2\/product\/14372","targetHints":{"allow":["GET"]}}],"collection":[{"href":"https:\/\/luxegel.lv\/lv\/wp-json\/wp\/v2\/product"}],"about":[{"href":"https:\/\/luxegel.lv\/lv\/wp-json\/wp\/v2\/types\/product"}],"version-history":[{"count":3,"href":"https:\/\/luxegel.lv\/lv\/wp-json\/wp\/v2\/product\/14372\/revisions"}],"predecessor-version":[{"id":14416,"href":"https:\/\/luxegel.lv\/lv\/wp-json\/wp\/v2\/product\/14372\/revisions\/14416"}],"wp:featuredmedia":[{"embeddable":true,"href":"https:\/\/luxegel.lv\/lv\/wp-json\/wp\/v2\/media\/14375"}],"wp:attachment":[{"href":"https:\/\/luxegel.lv\/lv\/wp-json\/wp\/v2\/media?parent=14372"}],"wp:term":[{"taxonomy":"product_brand","embeddable":true,"href":"https:\/\/luxegel.lv\/lv\/wp-json\/wp\/v2\/product_brand?post=14372"},{"taxonomy":"product_cat","embeddable":true,"href":"https:\/\/luxegel.lv\/lv\/wp-json\/wp\/v2\/product_cat?post=14372"},{"taxonomy":"product_tag","embeddable":true,"href":"https:\/\/luxegel.lv\/lv\/wp-json\/wp\/v2\/product_tag?post=14372"}],"curies":[{"name":"wp","href":"https:\/\/api.w.org\/{rel}","templated":true}]}}