{"id":14325,"date":"2024-12-05T09:21:25","date_gmt":"2024-12-05T09:21:25","guid":{"rendered":"https:\/\/luxegel.lv\/?post_type=product&#038;p=14325"},"modified":"2026-04-29T06:24:02","modified_gmt":"2026-04-29T06:24:02","slug":"krasu-paraugu-gramata-copy","status":"publish","type":"product","link":"https:\/\/luxegel.lv\/lv\/product-lv\/krasu-paraugu-gramata-copy\/","title":{"rendered":"CIMDI PEARLY ROSE &#8211; S size"},"content":{"rendered":"<div id=\"shopify-section-template--23694573175117__main\" class=\"shopify-section section--product-page\">\n<div class=\"product-page--root\" data-product-id=\"9864962048333-template--23694573175117__main\" data-section-id=\"template--23694573175117__main\" data-section-type=\"product_page\" data-container-width=\"4\" data-spacing-above=\"true\" data-spacing-below=\"true\" data-text-alignment=\"left\">\n<div class=\"product-page--wrapper\">\n<form id=\"product_form_9864962048333\" class=\"product-page--form\" accept-charset=\"UTF-8\" action=\"https:\/\/luxegel.com\/cart\/add\" enctype=\"multipart\/form-data\" method=\"post\">\n<div class=\"product-page--block\" data-product-block=\"\" data-block-type=\"description\" data-fit-together=\"false\">\n<div class=\"product-page--description\" data-item=\"rte-content\">\n<p><strong>NITRILA CIMDI BEZ PULVERA <\/strong><\/p>\n<p>Izbaudiet jaunu aizsardz\u012bbas un stila standartu ar Luxe Gel Professional Pearly Rose nitrila cimdiem. Izgatavoti no nitrila bez lateksa ar hlor\u0113tu p\u0101rkl\u0101jumu, \u0161ie cimdi nodro\u0161ina vieglu valk\u0101\u0161anu un nep\u0101rsp\u0113jamu komfortu. \u0160ie medic\u012bnisk\u0101s kvalit\u0101tes cimdi, kas paredz\u0113ti zob\u0101rstniec\u012bbas, vesel\u012bbas apr\u016bpes, p\u012brsinga\/tetov\u0113\u0161anas, matu un skaistumkop\u0161anas nozaru profesion\u0101\u013ciem, ir univers\u0101ls risin\u0101jums da\u017e\u0101diem pielietojumiem.<\/p>\n<ul>\n<li>Latex-Free Nitrile<\/li>\n<li>Powder-Free<\/li>\n<li>Chemical-Resistant<\/li>\n<li>Textured Grip<\/li>\n<li>Touchscreen Compatible<\/li>\n<li>AQL: 1.5<\/li>\n<\/ul>\n<p>Daudzums 100 gab. kast\u0113<\/p>\n<\/div>\n<\/div>\n<div class=\"product-page--block\" data-product-block=\"\" data-block-type=\"social-sharing\" data-fit-together=\"false\">\n<div class=\"social-icons--root\" data-type=\"share\" data-align=\"left\" data-mobile-align=\"left\">\n<div class=\"social-icons--items\"><\/div>\n<\/div>\n<\/div>\n<div class=\"product-page--block\" data-product-block=\"\" data-block-type=\"collapsible-row\" data-fit-together=\"true\">\n<div class=\"collapsible-row--wrapper\">\n<p><button class=\"collapsible-row--toggle\" tabindex=\"0\" aria-expanded=\"false\"><label class=\"collapsible-row--heading\" for=\"template--23694573175117__main--collapsible-row--13\" data-item=\"accent-text\">Pieteik\u0161an\u0101s rokasgr\u0101mata<\/label><\/button><\/p>\n<div class=\"collapsible-row--content-wrapper\" data-transition-item=\"viewport\" data-transition-type=\"fade-in\" data-transition-trigger=\"custom\" data-transition-active=\"false\">\n<div id=\"template--23694573175117__main--collapsible-row--13\" class=\"collapsible-row--content\" data-item=\"rte-content\">\n<p>&nbsp;<\/p>\n<p>&nbsp;<\/p>\n<p>&nbsp;<\/p>\n<\/div>\n<\/div>\n<\/div>\n<\/div>\n<div class=\"product-page--block\" data-product-block=\"\" data-block-type=\"collapsible-row\" data-fit-together=\"true\">\n<div class=\"collapsible-row--wrapper\"><button class=\"collapsible-row--toggle\" aria-expanded=\"false\"><label class=\"collapsible-row--heading\" for=\"template--23694573175117__main--collapsible-row--14\" data-item=\"accent-text\">Produkta sast\u0101vda\u013cas<\/label><\/button><\/div>\n<\/div>\n<\/form>\n<div data-product-id=\"9864962048333\" data-location=\"main\"><\/div>\n<\/div>\n<\/div>\n<\/div>\n<div id=\"shopify-section-template--23694573175117__related-products\" class=\"shopify-section section--related-products\">\n<div class=\"related-products--wrapper\" data-container=\"section\">\n<div class=\"related-products--header\" data-container=\"block\"><\/div>\n<\/div>\n<\/div>\n","protected":false},"excerpt":{"rendered":"<p>NITRILA CIMDI BEZ PULVERA Izbaudiet jaunu aizsardz\u012bbas un stila standartu ar Luxe Gel Professional Pearly Rose nitrila cimdiem. Izgatavoti no<\/p>\n","protected":false},"featured_media":14328,"template":"","meta":{"_acf_changed":false,"om_disable_all_campaigns":false},"product_brand":[],"product_cat":[276,154,481],"product_tag":[222,221],"class_list":{"0":"post-14325","1":"product","2":"type-product","3":"status-publish","4":"has-post-thumbnail","6":"product_cat-drugie-tovary","7":"product_cat-luxe-gel-professional-lv","8":"product_cat-nagu-sagatavosana-un-apstrade","9":"product_tag-produkti","10":"product_tag-visi-produkti","12":"first","13":"instock","14":"shipping-taxable","15":"purchasable","16":"product-type-simple"},"acf":[],"yoast_head":"<!-- This site is optimized with the Yoast SEO plugin v23.8 - https:\/\/yoast.com\/wordpress\/plugins\/seo\/ -->\n<title>CIMDI PEARLY ROSE - S size - LUXE GEL PROFESSIONAL\u2122<\/title>\n<meta name=\"robots\" content=\"index, follow, max-snippet:-1, max-image-preview:large, max-video-preview:-1\" \/>\n<link rel=\"canonical\" href=\"https:\/\/luxegel.lv\/lv\/product-lv\/krasu-paraugu-gramata-copy\/\" \/>\n<meta property=\"og:locale\" content=\"lv_LV\" \/>\n<meta property=\"og:type\" content=\"article\" \/>\n<meta property=\"og:title\" content=\"CIMDI PEARLY ROSE - S size - LUXE GEL PROFESSIONAL\u2122\" \/>\n<meta property=\"og:description\" content=\"NITRILA CIMDI BEZ PULVERA Izbaudiet jaunu aizsardz\u012bbas un stila standartu ar Luxe Gel Professional Pearly Rose nitrila cimdiem. Izgatavoti no\" \/>\n<meta property=\"og:url\" content=\"https:\/\/luxegel.lv\/lv\/product-lv\/krasu-paraugu-gramata-copy\/\" \/>\n<meta property=\"og:site_name\" content=\"LUXE GEL PROFESSIONAL\u2122\" \/>\n<meta property=\"article:modified_time\" content=\"2026-04-29T06:24:02+00:00\" \/>\n<meta property=\"og:image\" content=\"https:\/\/luxegel.lv\/wp-content\/uploads\/2024\/12\/gloves-scaled.webp\" \/>\n\t<meta property=\"og:image:width\" content=\"1707\" \/>\n\t<meta property=\"og:image:height\" content=\"2560\" \/>\n\t<meta property=\"og:image:type\" content=\"image\/webp\" \/>\n<meta name=\"twitter:card\" content=\"summary_large_image\" \/>\n<meta name=\"twitter:label1\" content=\"Est. reading time\" \/>\n\t<meta name=\"twitter:data1\" content=\"1 minute\" \/>\n<script type=\"application\/ld+json\" class=\"yoast-schema-graph\">{\"@context\":\"https:\/\/schema.org\",\"@graph\":[{\"@type\":\"WebPage\",\"@id\":\"https:\/\/luxegel.lv\/lv\/product-lv\/krasu-paraugu-gramata-copy\/\",\"url\":\"https:\/\/luxegel.lv\/lv\/product-lv\/krasu-paraugu-gramata-copy\/\",\"name\":\"CIMDI PEARLY ROSE - S size - LUXE GEL PROFESSIONAL\u2122\",\"isPartOf\":{\"@id\":\"https:\/\/luxegel.lv\/lv\/#website\"},\"primaryImageOfPage\":{\"@id\":\"https:\/\/luxegel.lv\/lv\/product-lv\/krasu-paraugu-gramata-copy\/#primaryimage\"},\"image\":{\"@id\":\"https:\/\/luxegel.lv\/lv\/product-lv\/krasu-paraugu-gramata-copy\/#primaryimage\"},\"thumbnailUrl\":\"https:\/\/luxegel.lv\/wp-content\/uploads\/2024\/12\/gloves-scaled.webp\",\"datePublished\":\"2024-12-05T09:21:25+00:00\",\"dateModified\":\"2026-04-29T06:24:02+00:00\",\"breadcrumb\":{\"@id\":\"https:\/\/luxegel.lv\/lv\/product-lv\/krasu-paraugu-gramata-copy\/#breadcrumb\"},\"inLanguage\":\"lv-LV\",\"potentialAction\":[{\"@type\":\"ReadAction\",\"target\":[\"https:\/\/luxegel.lv\/lv\/product-lv\/krasu-paraugu-gramata-copy\/\"]}]},{\"@type\":\"ImageObject\",\"inLanguage\":\"lv-LV\",\"@id\":\"https:\/\/luxegel.lv\/lv\/product-lv\/krasu-paraugu-gramata-copy\/#primaryimage\",\"url\":\"https:\/\/luxegel.lv\/wp-content\/uploads\/2024\/12\/gloves-scaled.webp\",\"contentUrl\":\"https:\/\/luxegel.lv\/wp-content\/uploads\/2024\/12\/gloves-scaled.webp\",\"width\":1707,\"height\":2560},{\"@type\":\"BreadcrumbList\",\"@id\":\"https:\/\/luxegel.lv\/lv\/product-lv\/krasu-paraugu-gramata-copy\/#breadcrumb\",\"itemListElement\":[{\"@type\":\"ListItem\",\"position\":1,\"name\":\"Galven\u0101\",\"item\":\"https:\/\/luxegel.lv\/lv\/\"},{\"@type\":\"ListItem\",\"position\":2,\"name\":\"Veikals\",\"item\":\"https:\/\/luxegel.lv\/lv\/veikals\/\"},{\"@type\":\"ListItem\",\"position\":3,\"name\":\"CIMDI PEARLY ROSE &#8211; S size\"}]},{\"@type\":\"WebSite\",\"@id\":\"https:\/\/luxegel.lv\/lv\/#website\",\"url\":\"https:\/\/luxegel.lv\/lv\/\",\"name\":\"LUXE GEL PROFESSIONAL\u2122\",\"description\":\"is a leading nail brand on the European market. Luxe Gel currently stock over 500 products including over 350 shades of gel polish, a complete builder gel system and our famous structure base.\",\"potentialAction\":[{\"@type\":\"SearchAction\",\"target\":{\"@type\":\"EntryPoint\",\"urlTemplate\":\"https:\/\/luxegel.lv\/lv\/?s={search_term_string}\"},\"query-input\":{\"@type\":\"PropertyValueSpecification\",\"valueRequired\":true,\"valueName\":\"search_term_string\"}}],\"inLanguage\":\"lv-LV\"}]}<\/script>\n<!-- \/ Yoast SEO plugin. -->","yoast_head_json":{"title":"CIMDI PEARLY ROSE - S size - LUXE GEL PROFESSIONAL\u2122","robots":{"index":"index","follow":"follow","max-snippet":"max-snippet:-1","max-image-preview":"max-image-preview:large","max-video-preview":"max-video-preview:-1"},"canonical":"https:\/\/luxegel.lv\/lv\/product-lv\/krasu-paraugu-gramata-copy\/","og_locale":"lv_LV","og_type":"article","og_title":"CIMDI PEARLY ROSE - S size - LUXE GEL PROFESSIONAL\u2122","og_description":"NITRILA CIMDI BEZ PULVERA Izbaudiet jaunu aizsardz\u012bbas un stila standartu ar Luxe Gel Professional Pearly Rose nitrila cimdiem. Izgatavoti no","og_url":"https:\/\/luxegel.lv\/lv\/product-lv\/krasu-paraugu-gramata-copy\/","og_site_name":"LUXE GEL PROFESSIONAL\u2122","article_modified_time":"2026-04-29T06:24:02+00:00","og_image":[{"width":1707,"height":2560,"url":"https:\/\/luxegel.lv\/wp-content\/uploads\/2024\/12\/gloves-scaled.webp","type":"image\/webp"}],"twitter_card":"summary_large_image","twitter_misc":{"Est. reading time":"1 minute"},"schema":{"@context":"https:\/\/schema.org","@graph":[{"@type":"WebPage","@id":"https:\/\/luxegel.lv\/lv\/product-lv\/krasu-paraugu-gramata-copy\/","url":"https:\/\/luxegel.lv\/lv\/product-lv\/krasu-paraugu-gramata-copy\/","name":"CIMDI PEARLY ROSE - S size - LUXE GEL PROFESSIONAL\u2122","isPartOf":{"@id":"https:\/\/luxegel.lv\/lv\/#website"},"primaryImageOfPage":{"@id":"https:\/\/luxegel.lv\/lv\/product-lv\/krasu-paraugu-gramata-copy\/#primaryimage"},"image":{"@id":"https:\/\/luxegel.lv\/lv\/product-lv\/krasu-paraugu-gramata-copy\/#primaryimage"},"thumbnailUrl":"https:\/\/luxegel.lv\/wp-content\/uploads\/2024\/12\/gloves-scaled.webp","datePublished":"2024-12-05T09:21:25+00:00","dateModified":"2026-04-29T06:24:02+00:00","breadcrumb":{"@id":"https:\/\/luxegel.lv\/lv\/product-lv\/krasu-paraugu-gramata-copy\/#breadcrumb"},"inLanguage":"lv-LV","potentialAction":[{"@type":"ReadAction","target":["https:\/\/luxegel.lv\/lv\/product-lv\/krasu-paraugu-gramata-copy\/"]}]},{"@type":"ImageObject","inLanguage":"lv-LV","@id":"https:\/\/luxegel.lv\/lv\/product-lv\/krasu-paraugu-gramata-copy\/#primaryimage","url":"https:\/\/luxegel.lv\/wp-content\/uploads\/2024\/12\/gloves-scaled.webp","contentUrl":"https:\/\/luxegel.lv\/wp-content\/uploads\/2024\/12\/gloves-scaled.webp","width":1707,"height":2560},{"@type":"BreadcrumbList","@id":"https:\/\/luxegel.lv\/lv\/product-lv\/krasu-paraugu-gramata-copy\/#breadcrumb","itemListElement":[{"@type":"ListItem","position":1,"name":"Galven\u0101","item":"https:\/\/luxegel.lv\/lv\/"},{"@type":"ListItem","position":2,"name":"Veikals","item":"https:\/\/luxegel.lv\/lv\/veikals\/"},{"@type":"ListItem","position":3,"name":"CIMDI PEARLY ROSE &#8211; S size"}]},{"@type":"WebSite","@id":"https:\/\/luxegel.lv\/lv\/#website","url":"https:\/\/luxegel.lv\/lv\/","name":"LUXE GEL PROFESSIONAL\u2122","description":"is a leading nail brand on the European market. Luxe Gel currently stock over 500 products including over 350 shades of gel polish, a complete builder gel system and our famous structure base.","potentialAction":[{"@type":"SearchAction","target":{"@type":"EntryPoint","urlTemplate":"https:\/\/luxegel.lv\/lv\/?s={search_term_string}"},"query-input":{"@type":"PropertyValueSpecification","valueRequired":true,"valueName":"search_term_string"}}],"inLanguage":"lv-LV"}]}},"_links":{"self":[{"href":"https:\/\/luxegel.lv\/lv\/wp-json\/wp\/v2\/product\/14325","targetHints":{"allow":["GET"]}}],"collection":[{"href":"https:\/\/luxegel.lv\/lv\/wp-json\/wp\/v2\/product"}],"about":[{"href":"https:\/\/luxegel.lv\/lv\/wp-json\/wp\/v2\/types\/product"}],"version-history":[{"count":2,"href":"https:\/\/luxegel.lv\/lv\/wp-json\/wp\/v2\/product\/14325\/revisions"}],"predecessor-version":[{"id":14340,"href":"https:\/\/luxegel.lv\/lv\/wp-json\/wp\/v2\/product\/14325\/revisions\/14340"}],"wp:featuredmedia":[{"embeddable":true,"href":"https:\/\/luxegel.lv\/lv\/wp-json\/wp\/v2\/media\/14328"}],"wp:attachment":[{"href":"https:\/\/luxegel.lv\/lv\/wp-json\/wp\/v2\/media?parent=14325"}],"wp:term":[{"taxonomy":"product_brand","embeddable":true,"href":"https:\/\/luxegel.lv\/lv\/wp-json\/wp\/v2\/product_brand?post=14325"},{"taxonomy":"product_cat","embeddable":true,"href":"https:\/\/luxegel.lv\/lv\/wp-json\/wp\/v2\/product_cat?post=14325"},{"taxonomy":"product_tag","embeddable":true,"href":"https:\/\/luxegel.lv\/lv\/wp-json\/wp\/v2\/product_tag?post=14325"}],"curies":[{"name":"wp","href":"https:\/\/api.w.org\/{rel}","templated":true}]}}