{"id":14139,"date":"2024-11-13T08:07:46","date_gmt":"2024-11-13T08:07:46","guid":{"rendered":"https:\/\/luxegel.lv\/?post_type=product&#038;p=14139"},"modified":"2025-12-15T09:45:35","modified_gmt":"2025-12-15T09:45:35","slug":"mini-frezes-uzgalis-copy","status":"publish","type":"product","link":"https:\/\/luxegel.lv\/lv\/product-lv\/mini-frezes-uzgalis-copy\/","title":{"rendered":"MINI UZGALI NO SMIL\u0160PAP\u012aRA &#8211; FINE"},"content":{"rendered":"<p>Izm\u0113\u0123iniet piln\u012bgi jauno <span style=\"text-decoration: underline;\">&#8220;mini&#8221; sl\u012bp\u0113\u0161anas lenti<\/span>, kas ir piem\u0113rota m\u016bsu mini serde\u0146iem.<\/p>\n<ul>\n<li>240 grit<\/li>\n<li>Ide\u0101li piem\u0113rots dab\u012bg\u0101s naga pl\u0101ksn\u012btes sagatavo\u0161anai<\/li>\n<li>Apstr\u0101d\u0101ts ar l\u012bdzekli pret aizs\u0113r\u0113\u0161anu<\/li>\n<li>Piestiprin\u0101ts ap mucu, izmantojot videi draudz\u012bgu l\u012bmi<\/li>\n<li>Paredz\u0113ts tikai vienreiz\u0113jai lieto\u0161anai (1 klientam)<\/li>\n<li>N\u0101k 100 kast\u012bt\u0113<\/li>\n<li>Ieteicams \u0101trums:<strong> 4 &#8211;<\/strong><strong> 5 apgr.\/min<\/strong><\/li>\n<\/ul>\n<p><em><strong>Mini fr\u0113zes uzgalis<\/strong><\/em> tiek p\u0101rdots atsevi\u0161\u0137i L\u016bdzu, \u0146emiet v\u0113r\u0101: tie der\u0113s tikai m\u016bsu <em><strong>(Mini Mandrel)<\/strong><\/em><\/p>\n<p><strong> <\/strong>tas<em><strong> <\/strong><\/em>3.1mm galvas izmers. Tie neder\u0113s parast\u0101 izmer\u0101 serdei <\/p>\n","protected":false},"excerpt":{"rendered":"<p>Izm\u0113\u0123iniet piln\u012bgi jauno &#8220;mini&#8221; sl\u012bp\u0113\u0161anas lenti, kas ir piem\u0113rota m\u016bsu mini serde\u0146iem. 240 grit Ide\u0101li piem\u0113rots dab\u012bg\u0101s naga pl\u0101ksn\u012btes sagatavo\u0161anai<\/p>\n","protected":false},"featured_media":14142,"template":"","meta":{"_acf_changed":false,"om_disable_all_campaigns":false},"product_brand":[],"product_cat":[334,154],"product_tag":[],"class_list":{"0":"post-14139","1":"product","2":"type-product","3":"status-publish","4":"has-post-thumbnail","6":"product_cat-efile-bits-lv","7":"product_cat-luxe-gel-professional-lv","9":"first","10":"instock","11":"sale","12":"shipping-taxable","13":"purchasable","14":"product-type-simple"},"acf":[],"yoast_head":"<!-- This site is optimized with the Yoast SEO plugin v23.8 - https:\/\/yoast.com\/wordpress\/plugins\/seo\/ -->\n<title>MINI UZGALI NO SMIL\u0160PAP\u012aRA - FINE - LUXE GEL PROFESSIONAL\u2122<\/title>\n<meta name=\"robots\" content=\"index, follow, max-snippet:-1, max-image-preview:large, max-video-preview:-1\" \/>\n<link rel=\"canonical\" href=\"https:\/\/luxegel.lv\/lv\/product-lv\/mini-frezes-uzgalis-copy\/\" \/>\n<meta property=\"og:locale\" content=\"lv_LV\" \/>\n<meta property=\"og:type\" content=\"article\" \/>\n<meta property=\"og:title\" content=\"MINI UZGALI NO SMIL\u0160PAP\u012aRA - FINE - LUXE GEL PROFESSIONAL\u2122\" \/>\n<meta property=\"og:description\" content=\"Izm\u0113\u0123iniet piln\u012bgi jauno &#8220;mini&#8221; sl\u012bp\u0113\u0161anas lenti, kas ir piem\u0113rota m\u016bsu mini serde\u0146iem. 240 grit Ide\u0101li piem\u0113rots dab\u012bg\u0101s naga pl\u0101ksn\u012btes sagatavo\u0161anai\" \/>\n<meta property=\"og:url\" content=\"https:\/\/luxegel.lv\/lv\/product-lv\/mini-frezes-uzgalis-copy\/\" \/>\n<meta property=\"og:site_name\" content=\"LUXE GEL PROFESSIONAL\u2122\" \/>\n<meta property=\"article:modified_time\" content=\"2025-12-15T09:45:35+00:00\" \/>\n<meta property=\"og:image\" content=\"https:\/\/luxegel.lv\/wp-content\/uploads\/2024\/11\/fine-1.webp\" \/>\n\t<meta property=\"og:image:width\" content=\"2100\" \/>\n\t<meta property=\"og:image:height\" content=\"2100\" \/>\n\t<meta property=\"og:image:type\" content=\"image\/webp\" \/>\n<meta name=\"twitter:card\" content=\"summary_large_image\" \/>\n<meta name=\"twitter:label1\" content=\"Est. reading time\" \/>\n\t<meta name=\"twitter:data1\" content=\"1 minute\" \/>\n<script type=\"application\/ld+json\" class=\"yoast-schema-graph\">{\"@context\":\"https:\/\/schema.org\",\"@graph\":[{\"@type\":\"WebPage\",\"@id\":\"https:\/\/luxegel.lv\/lv\/product-lv\/mini-frezes-uzgalis-copy\/\",\"url\":\"https:\/\/luxegel.lv\/lv\/product-lv\/mini-frezes-uzgalis-copy\/\",\"name\":\"MINI UZGALI NO SMIL\u0160PAP\u012aRA - FINE - LUXE GEL PROFESSIONAL\u2122\",\"isPartOf\":{\"@id\":\"https:\/\/luxegel.lv\/lv\/#website\"},\"primaryImageOfPage\":{\"@id\":\"https:\/\/luxegel.lv\/lv\/product-lv\/mini-frezes-uzgalis-copy\/#primaryimage\"},\"image\":{\"@id\":\"https:\/\/luxegel.lv\/lv\/product-lv\/mini-frezes-uzgalis-copy\/#primaryimage\"},\"thumbnailUrl\":\"https:\/\/luxegel.lv\/wp-content\/uploads\/2024\/11\/fine-1.webp\",\"datePublished\":\"2024-11-13T08:07:46+00:00\",\"dateModified\":\"2025-12-15T09:45:35+00:00\",\"breadcrumb\":{\"@id\":\"https:\/\/luxegel.lv\/lv\/product-lv\/mini-frezes-uzgalis-copy\/#breadcrumb\"},\"inLanguage\":\"lv-LV\",\"potentialAction\":[{\"@type\":\"ReadAction\",\"target\":[\"https:\/\/luxegel.lv\/lv\/product-lv\/mini-frezes-uzgalis-copy\/\"]}]},{\"@type\":\"ImageObject\",\"inLanguage\":\"lv-LV\",\"@id\":\"https:\/\/luxegel.lv\/lv\/product-lv\/mini-frezes-uzgalis-copy\/#primaryimage\",\"url\":\"https:\/\/luxegel.lv\/wp-content\/uploads\/2024\/11\/fine-1.webp\",\"contentUrl\":\"https:\/\/luxegel.lv\/wp-content\/uploads\/2024\/11\/fine-1.webp\",\"width\":2100,\"height\":2100},{\"@type\":\"BreadcrumbList\",\"@id\":\"https:\/\/luxegel.lv\/lv\/product-lv\/mini-frezes-uzgalis-copy\/#breadcrumb\",\"itemListElement\":[{\"@type\":\"ListItem\",\"position\":1,\"name\":\"Galven\u0101\",\"item\":\"https:\/\/luxegel.lv\/lv\/\"},{\"@type\":\"ListItem\",\"position\":2,\"name\":\"Veikals\",\"item\":\"https:\/\/luxegel.lv\/lv\/veikals\/\"},{\"@type\":\"ListItem\",\"position\":3,\"name\":\"MINI UZGALI NO SMIL\u0160PAP\u012aRA &#8211; FINE\"}]},{\"@type\":\"WebSite\",\"@id\":\"https:\/\/luxegel.lv\/lv\/#website\",\"url\":\"https:\/\/luxegel.lv\/lv\/\",\"name\":\"LUXE GEL PROFESSIONAL\u2122\",\"description\":\"is a leading nail brand on the European market. Luxe Gel currently stock over 500 products including over 350 shades of gel polish, a complete builder gel system and our famous structure base.\",\"potentialAction\":[{\"@type\":\"SearchAction\",\"target\":{\"@type\":\"EntryPoint\",\"urlTemplate\":\"https:\/\/luxegel.lv\/lv\/?s={search_term_string}\"},\"query-input\":{\"@type\":\"PropertyValueSpecification\",\"valueRequired\":true,\"valueName\":\"search_term_string\"}}],\"inLanguage\":\"lv-LV\"}]}<\/script>\n<!-- \/ Yoast SEO plugin. -->","yoast_head_json":{"title":"MINI UZGALI NO SMIL\u0160PAP\u012aRA - FINE - LUXE GEL PROFESSIONAL\u2122","robots":{"index":"index","follow":"follow","max-snippet":"max-snippet:-1","max-image-preview":"max-image-preview:large","max-video-preview":"max-video-preview:-1"},"canonical":"https:\/\/luxegel.lv\/lv\/product-lv\/mini-frezes-uzgalis-copy\/","og_locale":"lv_LV","og_type":"article","og_title":"MINI UZGALI NO SMIL\u0160PAP\u012aRA - FINE - LUXE GEL PROFESSIONAL\u2122","og_description":"Izm\u0113\u0123iniet piln\u012bgi jauno &#8220;mini&#8221; sl\u012bp\u0113\u0161anas lenti, kas ir piem\u0113rota m\u016bsu mini serde\u0146iem. 240 grit Ide\u0101li piem\u0113rots dab\u012bg\u0101s naga pl\u0101ksn\u012btes sagatavo\u0161anai","og_url":"https:\/\/luxegel.lv\/lv\/product-lv\/mini-frezes-uzgalis-copy\/","og_site_name":"LUXE GEL PROFESSIONAL\u2122","article_modified_time":"2025-12-15T09:45:35+00:00","og_image":[{"width":2100,"height":2100,"url":"https:\/\/luxegel.lv\/wp-content\/uploads\/2024\/11\/fine-1.webp","type":"image\/webp"}],"twitter_card":"summary_large_image","twitter_misc":{"Est. reading time":"1 minute"},"schema":{"@context":"https:\/\/schema.org","@graph":[{"@type":"WebPage","@id":"https:\/\/luxegel.lv\/lv\/product-lv\/mini-frezes-uzgalis-copy\/","url":"https:\/\/luxegel.lv\/lv\/product-lv\/mini-frezes-uzgalis-copy\/","name":"MINI UZGALI NO SMIL\u0160PAP\u012aRA - FINE - LUXE GEL PROFESSIONAL\u2122","isPartOf":{"@id":"https:\/\/luxegel.lv\/lv\/#website"},"primaryImageOfPage":{"@id":"https:\/\/luxegel.lv\/lv\/product-lv\/mini-frezes-uzgalis-copy\/#primaryimage"},"image":{"@id":"https:\/\/luxegel.lv\/lv\/product-lv\/mini-frezes-uzgalis-copy\/#primaryimage"},"thumbnailUrl":"https:\/\/luxegel.lv\/wp-content\/uploads\/2024\/11\/fine-1.webp","datePublished":"2024-11-13T08:07:46+00:00","dateModified":"2025-12-15T09:45:35+00:00","breadcrumb":{"@id":"https:\/\/luxegel.lv\/lv\/product-lv\/mini-frezes-uzgalis-copy\/#breadcrumb"},"inLanguage":"lv-LV","potentialAction":[{"@type":"ReadAction","target":["https:\/\/luxegel.lv\/lv\/product-lv\/mini-frezes-uzgalis-copy\/"]}]},{"@type":"ImageObject","inLanguage":"lv-LV","@id":"https:\/\/luxegel.lv\/lv\/product-lv\/mini-frezes-uzgalis-copy\/#primaryimage","url":"https:\/\/luxegel.lv\/wp-content\/uploads\/2024\/11\/fine-1.webp","contentUrl":"https:\/\/luxegel.lv\/wp-content\/uploads\/2024\/11\/fine-1.webp","width":2100,"height":2100},{"@type":"BreadcrumbList","@id":"https:\/\/luxegel.lv\/lv\/product-lv\/mini-frezes-uzgalis-copy\/#breadcrumb","itemListElement":[{"@type":"ListItem","position":1,"name":"Galven\u0101","item":"https:\/\/luxegel.lv\/lv\/"},{"@type":"ListItem","position":2,"name":"Veikals","item":"https:\/\/luxegel.lv\/lv\/veikals\/"},{"@type":"ListItem","position":3,"name":"MINI UZGALI NO SMIL\u0160PAP\u012aRA &#8211; FINE"}]},{"@type":"WebSite","@id":"https:\/\/luxegel.lv\/lv\/#website","url":"https:\/\/luxegel.lv\/lv\/","name":"LUXE GEL PROFESSIONAL\u2122","description":"is a leading nail brand on the European market. Luxe Gel currently stock over 500 products including over 350 shades of gel polish, a complete builder gel system and our famous structure base.","potentialAction":[{"@type":"SearchAction","target":{"@type":"EntryPoint","urlTemplate":"https:\/\/luxegel.lv\/lv\/?s={search_term_string}"},"query-input":{"@type":"PropertyValueSpecification","valueRequired":true,"valueName":"search_term_string"}}],"inLanguage":"lv-LV"}]}},"_links":{"self":[{"href":"https:\/\/luxegel.lv\/lv\/wp-json\/wp\/v2\/product\/14139","targetHints":{"allow":["GET"]}}],"collection":[{"href":"https:\/\/luxegel.lv\/lv\/wp-json\/wp\/v2\/product"}],"about":[{"href":"https:\/\/luxegel.lv\/lv\/wp-json\/wp\/v2\/types\/product"}],"version-history":[{"count":0,"href":"https:\/\/luxegel.lv\/lv\/wp-json\/wp\/v2\/product\/14139\/revisions"}],"wp:featuredmedia":[{"embeddable":true,"href":"https:\/\/luxegel.lv\/lv\/wp-json\/wp\/v2\/media\/14142"}],"wp:attachment":[{"href":"https:\/\/luxegel.lv\/lv\/wp-json\/wp\/v2\/media?parent=14139"}],"wp:term":[{"taxonomy":"product_brand","embeddable":true,"href":"https:\/\/luxegel.lv\/lv\/wp-json\/wp\/v2\/product_brand?post=14139"},{"taxonomy":"product_cat","embeddable":true,"href":"https:\/\/luxegel.lv\/lv\/wp-json\/wp\/v2\/product_cat?post=14139"},{"taxonomy":"product_tag","embeddable":true,"href":"https:\/\/luxegel.lv\/lv\/wp-json\/wp\/v2\/product_tag?post=14139"}],"curies":[{"name":"wp","href":"https:\/\/api.w.org\/{rel}","templated":true}]}}