{"id":14108,"date":"2024-11-12T09:17:27","date_gmt":"2024-11-12T09:17:27","guid":{"rendered":"https:\/\/luxegel.lv\/?post_type=product&#038;p=14108"},"modified":"2026-02-20T09:49:17","modified_gmt":"2026-02-20T09:49:17","slug":"kolekcija-back-to-the-90s-copy","status":"publish","type":"product","link":"https:\/\/luxegel.lv\/lv\/product-lv\/kolekcija-back-to-the-90s-copy\/","title":{"rendered":"TRIAL KIT"},"content":{"rendered":"<p><strong>ATKL\u0100JIET LUKSUZ\u012aBU KATR\u0100 PILIEN\u0100!<br \/>\nV\u0113laties pam\u0113\u0123in\u0101t Luxe Gel Professional produktus? Nezin\u0101t, ar ko s\u0101kt? <\/strong><br \/>\n<strong>Ieg\u016bstiet visu jauno TRIAL KIT komplekti ar lab\u0101kajiem produktiem un atlaidi <\/strong><\/p>\n<p>Komplekt\u0101 ietilpst:<\/p>\n<ul>\n<li>Extra Shine Tops 4ml<\/li>\n<li>Lolly Pink stukt\u016brb\u0101ze 4ml<\/li>\n<li>Clear stukt\u016brb\u0101ze 4ml<\/li>\n<li>2in1 B\u0101ze 4ml<\/li>\n<li>Merlin g\u0113la laka 4ml<\/li>\n<li>French White g\u0113la laka 4ml<\/li>\n<li>Black Rock g\u0113la laka 4ml<\/li>\n<li>Steel (Diamond) g\u0113la laka 4ml<\/li>\n<li>Blossom (art gel) b\u0101ze 4ml<\/li>\n<li>Matte tops 4ml<\/li>\n<\/ul>\n<p>Nevilcinieties ar l\u0113muma pie\u0146em\u0161anu&#8230; M\u0113s to izdar\u012bj\u0101m j\u016bsu viet\u0101!<\/p>\n","protected":false},"excerpt":{"rendered":"<p>ATKL\u0100JIET LUKSUZ\u012aBU KATR\u0100 PILIEN\u0100! V\u0113laties pam\u0113\u0123in\u0101t Luxe Gel Professional produktus? Nezin\u0101t, ar ko s\u0101kt? Ieg\u016bstiet visu jauno TRIAL KIT komplekti<\/p>\n","protected":false},"featured_media":14105,"template":"","meta":{"_acf_changed":false},"product_brand":[],"product_cat":[246,154],"product_tag":[264,221],"class_list":{"0":"post-14108","1":"product","2":"type-product","3":"status-publish","4":"has-post-thumbnail","6":"product_cat-kolekcijas-un-komplekti","7":"product_cat-luxe-gel-professional-lv","8":"product_tag-kolekcijas","9":"product_tag-visi-produkti","11":"first","12":"instock","13":"sale","14":"shipping-taxable","15":"purchasable","16":"product-type-simple"},"acf":[],"yoast_head":"<!-- This site is optimized with the Yoast SEO plugin v23.8 - https:\/\/yoast.com\/wordpress\/plugins\/seo\/ -->\n<title>TRIAL KIT - LUXE GEL PROFESSIONAL\u2122<\/title>\n<meta name=\"robots\" content=\"index, follow, max-snippet:-1, max-image-preview:large, max-video-preview:-1\" \/>\n<link rel=\"canonical\" href=\"https:\/\/luxegel.lv\/lv\/product-lv\/kolekcija-back-to-the-90s-copy\/\" \/>\n<meta property=\"og:locale\" content=\"lv_LV\" \/>\n<meta property=\"og:type\" content=\"article\" \/>\n<meta property=\"og:title\" content=\"TRIAL KIT - LUXE GEL PROFESSIONAL\u2122\" \/>\n<meta property=\"og:description\" content=\"ATKL\u0100JIET LUKSUZ\u012aBU KATR\u0100 PILIEN\u0100! V\u0113laties pam\u0113\u0123in\u0101t Luxe Gel Professional produktus? Nezin\u0101t, ar ko s\u0101kt? Ieg\u016bstiet visu jauno TRIAL KIT komplekti\" \/>\n<meta property=\"og:url\" content=\"https:\/\/luxegel.lv\/lv\/product-lv\/kolekcija-back-to-the-90s-copy\/\" \/>\n<meta property=\"og:site_name\" content=\"LUXE GEL PROFESSIONAL\u2122\" \/>\n<meta property=\"article:modified_time\" content=\"2026-02-20T09:49:17+00:00\" \/>\n<meta property=\"og:image\" content=\"https:\/\/luxegel.lv\/wp-content\/uploads\/2024\/11\/ekshfd-lshe.webp\" \/>\n\t<meta property=\"og:image:width\" content=\"1290\" \/>\n\t<meta property=\"og:image:height\" content=\"1292\" \/>\n\t<meta property=\"og:image:type\" content=\"image\/webp\" \/>\n<meta name=\"twitter:card\" content=\"summary_large_image\" \/>\n<meta name=\"twitter:label1\" content=\"Est. reading time\" \/>\n\t<meta name=\"twitter:data1\" content=\"1 minute\" \/>\n<script type=\"application\/ld+json\" class=\"yoast-schema-graph\">{\"@context\":\"https:\/\/schema.org\",\"@graph\":[{\"@type\":\"WebPage\",\"@id\":\"https:\/\/luxegel.lv\/lv\/product-lv\/kolekcija-back-to-the-90s-copy\/\",\"url\":\"https:\/\/luxegel.lv\/lv\/product-lv\/kolekcija-back-to-the-90s-copy\/\",\"name\":\"TRIAL KIT - LUXE GEL PROFESSIONAL\u2122\",\"isPartOf\":{\"@id\":\"https:\/\/luxegel.lv\/lv\/#website\"},\"primaryImageOfPage\":{\"@id\":\"https:\/\/luxegel.lv\/lv\/product-lv\/kolekcija-back-to-the-90s-copy\/#primaryimage\"},\"image\":{\"@id\":\"https:\/\/luxegel.lv\/lv\/product-lv\/kolekcija-back-to-the-90s-copy\/#primaryimage\"},\"thumbnailUrl\":\"https:\/\/luxegel.lv\/wp-content\/uploads\/2024\/11\/ekshfd-lshe.webp\",\"datePublished\":\"2024-11-12T09:17:27+00:00\",\"dateModified\":\"2026-02-20T09:49:17+00:00\",\"breadcrumb\":{\"@id\":\"https:\/\/luxegel.lv\/lv\/product-lv\/kolekcija-back-to-the-90s-copy\/#breadcrumb\"},\"inLanguage\":\"lv-LV\",\"potentialAction\":[{\"@type\":\"ReadAction\",\"target\":[\"https:\/\/luxegel.lv\/lv\/product-lv\/kolekcija-back-to-the-90s-copy\/\"]}]},{\"@type\":\"ImageObject\",\"inLanguage\":\"lv-LV\",\"@id\":\"https:\/\/luxegel.lv\/lv\/product-lv\/kolekcija-back-to-the-90s-copy\/#primaryimage\",\"url\":\"https:\/\/luxegel.lv\/wp-content\/uploads\/2024\/11\/ekshfd-lshe.webp\",\"contentUrl\":\"https:\/\/luxegel.lv\/wp-content\/uploads\/2024\/11\/ekshfd-lshe.webp\",\"width\":1290,\"height\":1292},{\"@type\":\"BreadcrumbList\",\"@id\":\"https:\/\/luxegel.lv\/lv\/product-lv\/kolekcija-back-to-the-90s-copy\/#breadcrumb\",\"itemListElement\":[{\"@type\":\"ListItem\",\"position\":1,\"name\":\"Galven\u0101\",\"item\":\"https:\/\/luxegel.lv\/lv\/\"},{\"@type\":\"ListItem\",\"position\":2,\"name\":\"Veikals\",\"item\":\"https:\/\/luxegel.lv\/lv\/veikals\/\"},{\"@type\":\"ListItem\",\"position\":3,\"name\":\"TRIAL KIT\"}]},{\"@type\":\"WebSite\",\"@id\":\"https:\/\/luxegel.lv\/lv\/#website\",\"url\":\"https:\/\/luxegel.lv\/lv\/\",\"name\":\"LUXE GEL PROFESSIONAL\u2122\",\"description\":\"is a leading nail brand on the European market. Luxe Gel currently stock over 500 products including over 350 shades of gel polish, a complete builder gel system and our famous structure base.\",\"potentialAction\":[{\"@type\":\"SearchAction\",\"target\":{\"@type\":\"EntryPoint\",\"urlTemplate\":\"https:\/\/luxegel.lv\/lv\/?s={search_term_string}\"},\"query-input\":{\"@type\":\"PropertyValueSpecification\",\"valueRequired\":true,\"valueName\":\"search_term_string\"}}],\"inLanguage\":\"lv-LV\"}]}<\/script>\n<!-- \/ Yoast SEO plugin. -->","yoast_head_json":{"title":"TRIAL KIT - LUXE GEL PROFESSIONAL\u2122","robots":{"index":"index","follow":"follow","max-snippet":"max-snippet:-1","max-image-preview":"max-image-preview:large","max-video-preview":"max-video-preview:-1"},"canonical":"https:\/\/luxegel.lv\/lv\/product-lv\/kolekcija-back-to-the-90s-copy\/","og_locale":"lv_LV","og_type":"article","og_title":"TRIAL KIT - LUXE GEL PROFESSIONAL\u2122","og_description":"ATKL\u0100JIET LUKSUZ\u012aBU KATR\u0100 PILIEN\u0100! V\u0113laties pam\u0113\u0123in\u0101t Luxe Gel Professional produktus? Nezin\u0101t, ar ko s\u0101kt? Ieg\u016bstiet visu jauno TRIAL KIT komplekti","og_url":"https:\/\/luxegel.lv\/lv\/product-lv\/kolekcija-back-to-the-90s-copy\/","og_site_name":"LUXE GEL PROFESSIONAL\u2122","article_modified_time":"2026-02-20T09:49:17+00:00","og_image":[{"width":1290,"height":1292,"url":"https:\/\/luxegel.lv\/wp-content\/uploads\/2024\/11\/ekshfd-lshe.webp","type":"image\/webp"}],"twitter_card":"summary_large_image","twitter_misc":{"Est. reading time":"1 minute"},"schema":{"@context":"https:\/\/schema.org","@graph":[{"@type":"WebPage","@id":"https:\/\/luxegel.lv\/lv\/product-lv\/kolekcija-back-to-the-90s-copy\/","url":"https:\/\/luxegel.lv\/lv\/product-lv\/kolekcija-back-to-the-90s-copy\/","name":"TRIAL KIT - LUXE GEL PROFESSIONAL\u2122","isPartOf":{"@id":"https:\/\/luxegel.lv\/lv\/#website"},"primaryImageOfPage":{"@id":"https:\/\/luxegel.lv\/lv\/product-lv\/kolekcija-back-to-the-90s-copy\/#primaryimage"},"image":{"@id":"https:\/\/luxegel.lv\/lv\/product-lv\/kolekcija-back-to-the-90s-copy\/#primaryimage"},"thumbnailUrl":"https:\/\/luxegel.lv\/wp-content\/uploads\/2024\/11\/ekshfd-lshe.webp","datePublished":"2024-11-12T09:17:27+00:00","dateModified":"2026-02-20T09:49:17+00:00","breadcrumb":{"@id":"https:\/\/luxegel.lv\/lv\/product-lv\/kolekcija-back-to-the-90s-copy\/#breadcrumb"},"inLanguage":"lv-LV","potentialAction":[{"@type":"ReadAction","target":["https:\/\/luxegel.lv\/lv\/product-lv\/kolekcija-back-to-the-90s-copy\/"]}]},{"@type":"ImageObject","inLanguage":"lv-LV","@id":"https:\/\/luxegel.lv\/lv\/product-lv\/kolekcija-back-to-the-90s-copy\/#primaryimage","url":"https:\/\/luxegel.lv\/wp-content\/uploads\/2024\/11\/ekshfd-lshe.webp","contentUrl":"https:\/\/luxegel.lv\/wp-content\/uploads\/2024\/11\/ekshfd-lshe.webp","width":1290,"height":1292},{"@type":"BreadcrumbList","@id":"https:\/\/luxegel.lv\/lv\/product-lv\/kolekcija-back-to-the-90s-copy\/#breadcrumb","itemListElement":[{"@type":"ListItem","position":1,"name":"Galven\u0101","item":"https:\/\/luxegel.lv\/lv\/"},{"@type":"ListItem","position":2,"name":"Veikals","item":"https:\/\/luxegel.lv\/lv\/veikals\/"},{"@type":"ListItem","position":3,"name":"TRIAL KIT"}]},{"@type":"WebSite","@id":"https:\/\/luxegel.lv\/lv\/#website","url":"https:\/\/luxegel.lv\/lv\/","name":"LUXE GEL PROFESSIONAL\u2122","description":"is a leading nail brand on the European market. Luxe Gel currently stock over 500 products including over 350 shades of gel polish, a complete builder gel system and our famous structure base.","potentialAction":[{"@type":"SearchAction","target":{"@type":"EntryPoint","urlTemplate":"https:\/\/luxegel.lv\/lv\/?s={search_term_string}"},"query-input":{"@type":"PropertyValueSpecification","valueRequired":true,"valueName":"search_term_string"}}],"inLanguage":"lv-LV"}]}},"_links":{"self":[{"href":"https:\/\/luxegel.lv\/lv\/wp-json\/wp\/v2\/product\/14108","targetHints":{"allow":["GET"]}}],"collection":[{"href":"https:\/\/luxegel.lv\/lv\/wp-json\/wp\/v2\/product"}],"about":[{"href":"https:\/\/luxegel.lv\/lv\/wp-json\/wp\/v2\/types\/product"}],"version-history":[{"count":0,"href":"https:\/\/luxegel.lv\/lv\/wp-json\/wp\/v2\/product\/14108\/revisions"}],"wp:featuredmedia":[{"embeddable":true,"href":"https:\/\/luxegel.lv\/lv\/wp-json\/wp\/v2\/media\/14105"}],"wp:attachment":[{"href":"https:\/\/luxegel.lv\/lv\/wp-json\/wp\/v2\/media?parent=14108"}],"wp:term":[{"taxonomy":"product_brand","embeddable":true,"href":"https:\/\/luxegel.lv\/lv\/wp-json\/wp\/v2\/product_brand?post=14108"},{"taxonomy":"product_cat","embeddable":true,"href":"https:\/\/luxegel.lv\/lv\/wp-json\/wp\/v2\/product_cat?post=14108"},{"taxonomy":"product_tag","embeddable":true,"href":"https:\/\/luxegel.lv\/lv\/wp-json\/wp\/v2\/product_tag?post=14108"}],"curies":[{"name":"wp","href":"https:\/\/api.w.org\/{rel}","templated":true}]}}