{"id":14054,"date":"2024-11-12T08:09:02","date_gmt":"2024-11-12T08:09:02","guid":{"rendered":"https:\/\/luxegel.lv\/?post_type=product&#038;p=14054"},"modified":"2026-02-04T12:24:27","modified_gmt":"2026-02-04T12:24:27","slug":"souffle-strukturbaze-bez-hema","status":"publish","type":"product","link":"https:\/\/luxegel.lv\/lv\/product-lv\/souffle-strukturbaze-bez-hema\/","title":{"rendered":"SOUFFL\u00c9 &#8211; STRUKT\u016aRB\u0100ZE BEZ HEMA"},"content":{"rendered":"<p><strong>NO\u0145EM\u0160ANA NOV\u012aL\u0112JOT<\/strong><\/p>\n<p><strong><em>\u0160\u012b ir m\u016bsu jaun\u0101 l\u012bnija kas ir piem\u0113rota aler\u0123ij\u0101m un nesatur Hema. T\u0101pat k\u0101 m\u016bsu visas strukt\u016brb\u0101zes, ar\u012b b\u0101zes no jaunas kolekcijas sp\u0113c\u012bgas un iztur\u012bgas, un tagad t\u0101s ir viegli uzkl\u0101t ar otu pudel\u0113. <\/em><\/strong><\/p>\n<p><strong>VAJADZ\u012aBAS: CAURSP\u012aD\u012aGA B\u0100ZE K\u0100 B\u0100ZES SL\u0100NIS<\/strong><br \/>\nPIEZ\u012aME: J\u016bs varat to izmantot kop\u0101 ar m\u016bsu slaveno caursp\u012bd\u012bgo strukt\u016bras b\u0101zi, ja izv\u0113laties \u0161o produktu kr\u0101sas, nevis bezh\u0113ma \u012bpa\u0161\u012bbu d\u0113\u013c. Atcerieties, ka, izmantojot \u0161o produktu tikai kop\u0101 ar Hema free caursp\u012bd\u012bgo strukt\u016bru k\u0101 b\u0101zi, tas nesatur Hema.<\/p>\n<p><em><strong>#luxegelsouffle<\/strong><\/em><\/p>\n<ul>\n<li>BEZ Hema<\/li>\n<li>Di-Hema Free<\/li>\n<li>TMPA<\/li>\n<li>IBOA<\/li>\n<li>TPO<\/li>\n<li>100% g\u0113la formula;<\/li>\n<li>Use Clear Brush on Builder in a Bottle as a base<\/li>\n<li>Bieza konsistence<\/li>\n<li>Pa\u0161izl\u012bdzino\u0161s<\/li>\n<li>iztur\u012bgi nagi 3+ ned\u0113\u013cu garum\u0101;<\/li>\n<li>materi\u0101ls ne\u0161\u0137e\u013cas un neatsl\u0101\u0146ojas no dab\u012bg\u0101 naga;<\/li>\n<li>Var atk\u0101rtoti uzpild\u012bt<\/li>\n<li>stiprina dab\u012bgos nagus, var izmantot \u012bsu nagu pieaudz\u0113\u0161anai;<\/li>\n<li>\u017e\u016bst UV\/LED lamp\u0101 (120 sekundes UV lamp\u0101, 60 sekundes \u2013 LED)<\/li>\n<li>15ml\/ 0,5oz<\/li>\n<\/ul>\n","protected":false},"excerpt":{"rendered":"<p>NO\u0145EM\u0160ANA NOV\u012aL\u0112JOT \u0160\u012b ir m\u016bsu jaun\u0101 l\u012bnija kas ir piem\u0113rota aler\u0123ij\u0101m un nesatur Hema. T\u0101pat k\u0101 m\u016bsu visas strukt\u016brb\u0101zes, ar\u012b<\/p>\n","protected":false},"featured_media":14060,"template":"","meta":{"_acf_changed":false},"product_brand":[],"product_cat":[154,551,542],"product_tag":[222,221],"class_list":{"0":"post-14054","1":"product","2":"type-product","3":"status-publish","4":"has-post-thumbnail","6":"product_cat-luxe-gel-professional-lv","7":"product_cat-bieza-viskozitate-nonemsana-novilejot","8":"product_cat-strukturbaze-bez-hema","9":"product_tag-produkti","10":"product_tag-visi-produkti","12":"first","13":"instock","14":"sale","15":"shipping-taxable","16":"purchasable","17":"product-type-simple"},"acf":[],"yoast_head":"<!-- This site is optimized with the Yoast SEO plugin v23.8 - https:\/\/yoast.com\/wordpress\/plugins\/seo\/ -->\n<title>SOUFFL\u00c9 - STRUKT\u016aRB\u0100ZE BEZ HEMA - LUXE GEL PROFESSIONAL\u2122<\/title>\n<meta name=\"robots\" content=\"index, follow, max-snippet:-1, max-image-preview:large, max-video-preview:-1\" \/>\n<link rel=\"canonical\" href=\"https:\/\/luxegel.lv\/lv\/product-lv\/souffle-strukturbaze-bez-hema\/\" \/>\n<meta property=\"og:locale\" content=\"lv_LV\" \/>\n<meta property=\"og:type\" content=\"article\" \/>\n<meta property=\"og:title\" content=\"SOUFFL\u00c9 - STRUKT\u016aRB\u0100ZE BEZ HEMA - LUXE GEL PROFESSIONAL\u2122\" \/>\n<meta property=\"og:description\" content=\"NO\u0145EM\u0160ANA NOV\u012aL\u0112JOT \u0160\u012b ir m\u016bsu jaun\u0101 l\u012bnija kas ir piem\u0113rota aler\u0123ij\u0101m un nesatur Hema. T\u0101pat k\u0101 m\u016bsu visas strukt\u016brb\u0101zes, ar\u012b\" \/>\n<meta property=\"og:url\" content=\"https:\/\/luxegel.lv\/lv\/product-lv\/souffle-strukturbaze-bez-hema\/\" \/>\n<meta property=\"og:site_name\" content=\"LUXE GEL PROFESSIONAL\u2122\" \/>\n<meta property=\"article:modified_time\" content=\"2026-02-04T12:24:27+00:00\" \/>\n<meta property=\"og:image\" content=\"https:\/\/luxegel.lv\/wp-content\/uploads\/2024\/11\/soufflenb.webp\" \/>\n\t<meta property=\"og:image:width\" content=\"800\" \/>\n\t<meta property=\"og:image:height\" content=\"800\" \/>\n\t<meta property=\"og:image:type\" content=\"image\/webp\" \/>\n<meta name=\"twitter:card\" content=\"summary_large_image\" \/>\n<meta name=\"twitter:label1\" content=\"Est. reading time\" \/>\n\t<meta name=\"twitter:data1\" content=\"1 minute\" \/>\n<script type=\"application\/ld+json\" class=\"yoast-schema-graph\">{\"@context\":\"https:\/\/schema.org\",\"@graph\":[{\"@type\":\"WebPage\",\"@id\":\"https:\/\/luxegel.lv\/lv\/product-lv\/souffle-strukturbaze-bez-hema\/\",\"url\":\"https:\/\/luxegel.lv\/lv\/product-lv\/souffle-strukturbaze-bez-hema\/\",\"name\":\"SOUFFL\u00c9 - STRUKT\u016aRB\u0100ZE BEZ HEMA - LUXE GEL PROFESSIONAL\u2122\",\"isPartOf\":{\"@id\":\"https:\/\/luxegel.lv\/lv\/#website\"},\"primaryImageOfPage\":{\"@id\":\"https:\/\/luxegel.lv\/lv\/product-lv\/souffle-strukturbaze-bez-hema\/#primaryimage\"},\"image\":{\"@id\":\"https:\/\/luxegel.lv\/lv\/product-lv\/souffle-strukturbaze-bez-hema\/#primaryimage\"},\"thumbnailUrl\":\"https:\/\/luxegel.lv\/wp-content\/uploads\/2024\/11\/soufflenb.webp\",\"datePublished\":\"2024-11-12T08:09:02+00:00\",\"dateModified\":\"2026-02-04T12:24:27+00:00\",\"breadcrumb\":{\"@id\":\"https:\/\/luxegel.lv\/lv\/product-lv\/souffle-strukturbaze-bez-hema\/#breadcrumb\"},\"inLanguage\":\"lv-LV\",\"potentialAction\":[{\"@type\":\"ReadAction\",\"target\":[\"https:\/\/luxegel.lv\/lv\/product-lv\/souffle-strukturbaze-bez-hema\/\"]}]},{\"@type\":\"ImageObject\",\"inLanguage\":\"lv-LV\",\"@id\":\"https:\/\/luxegel.lv\/lv\/product-lv\/souffle-strukturbaze-bez-hema\/#primaryimage\",\"url\":\"https:\/\/luxegel.lv\/wp-content\/uploads\/2024\/11\/soufflenb.webp\",\"contentUrl\":\"https:\/\/luxegel.lv\/wp-content\/uploads\/2024\/11\/soufflenb.webp\",\"width\":800,\"height\":800},{\"@type\":\"BreadcrumbList\",\"@id\":\"https:\/\/luxegel.lv\/lv\/product-lv\/souffle-strukturbaze-bez-hema\/#breadcrumb\",\"itemListElement\":[{\"@type\":\"ListItem\",\"position\":1,\"name\":\"Galven\u0101\",\"item\":\"https:\/\/luxegel.lv\/lv\/\"},{\"@type\":\"ListItem\",\"position\":2,\"name\":\"Veikals\",\"item\":\"https:\/\/luxegel.lv\/lv\/veikals\/\"},{\"@type\":\"ListItem\",\"position\":3,\"name\":\"SOUFFL\u00c9 &#8211; STRUKT\u016aRB\u0100ZE BEZ HEMA\"}]},{\"@type\":\"WebSite\",\"@id\":\"https:\/\/luxegel.lv\/lv\/#website\",\"url\":\"https:\/\/luxegel.lv\/lv\/\",\"name\":\"LUXE GEL PROFESSIONAL\u2122\",\"description\":\"is a leading nail brand on the European market. Luxe Gel currently stock over 500 products including over 350 shades of gel polish, a complete builder gel system and our famous structure base.\",\"potentialAction\":[{\"@type\":\"SearchAction\",\"target\":{\"@type\":\"EntryPoint\",\"urlTemplate\":\"https:\/\/luxegel.lv\/lv\/?s={search_term_string}\"},\"query-input\":{\"@type\":\"PropertyValueSpecification\",\"valueRequired\":true,\"valueName\":\"search_term_string\"}}],\"inLanguage\":\"lv-LV\"}]}<\/script>\n<!-- \/ Yoast SEO plugin. -->","yoast_head_json":{"title":"SOUFFL\u00c9 - STRUKT\u016aRB\u0100ZE BEZ HEMA - LUXE GEL PROFESSIONAL\u2122","robots":{"index":"index","follow":"follow","max-snippet":"max-snippet:-1","max-image-preview":"max-image-preview:large","max-video-preview":"max-video-preview:-1"},"canonical":"https:\/\/luxegel.lv\/lv\/product-lv\/souffle-strukturbaze-bez-hema\/","og_locale":"lv_LV","og_type":"article","og_title":"SOUFFL\u00c9 - STRUKT\u016aRB\u0100ZE BEZ HEMA - LUXE GEL PROFESSIONAL\u2122","og_description":"NO\u0145EM\u0160ANA NOV\u012aL\u0112JOT \u0160\u012b ir m\u016bsu jaun\u0101 l\u012bnija kas ir piem\u0113rota aler\u0123ij\u0101m un nesatur Hema. T\u0101pat k\u0101 m\u016bsu visas strukt\u016brb\u0101zes, ar\u012b","og_url":"https:\/\/luxegel.lv\/lv\/product-lv\/souffle-strukturbaze-bez-hema\/","og_site_name":"LUXE GEL PROFESSIONAL\u2122","article_modified_time":"2026-02-04T12:24:27+00:00","og_image":[{"width":800,"height":800,"url":"https:\/\/luxegel.lv\/wp-content\/uploads\/2024\/11\/soufflenb.webp","type":"image\/webp"}],"twitter_card":"summary_large_image","twitter_misc":{"Est. reading time":"1 minute"},"schema":{"@context":"https:\/\/schema.org","@graph":[{"@type":"WebPage","@id":"https:\/\/luxegel.lv\/lv\/product-lv\/souffle-strukturbaze-bez-hema\/","url":"https:\/\/luxegel.lv\/lv\/product-lv\/souffle-strukturbaze-bez-hema\/","name":"SOUFFL\u00c9 - STRUKT\u016aRB\u0100ZE BEZ HEMA - LUXE GEL PROFESSIONAL\u2122","isPartOf":{"@id":"https:\/\/luxegel.lv\/lv\/#website"},"primaryImageOfPage":{"@id":"https:\/\/luxegel.lv\/lv\/product-lv\/souffle-strukturbaze-bez-hema\/#primaryimage"},"image":{"@id":"https:\/\/luxegel.lv\/lv\/product-lv\/souffle-strukturbaze-bez-hema\/#primaryimage"},"thumbnailUrl":"https:\/\/luxegel.lv\/wp-content\/uploads\/2024\/11\/soufflenb.webp","datePublished":"2024-11-12T08:09:02+00:00","dateModified":"2026-02-04T12:24:27+00:00","breadcrumb":{"@id":"https:\/\/luxegel.lv\/lv\/product-lv\/souffle-strukturbaze-bez-hema\/#breadcrumb"},"inLanguage":"lv-LV","potentialAction":[{"@type":"ReadAction","target":["https:\/\/luxegel.lv\/lv\/product-lv\/souffle-strukturbaze-bez-hema\/"]}]},{"@type":"ImageObject","inLanguage":"lv-LV","@id":"https:\/\/luxegel.lv\/lv\/product-lv\/souffle-strukturbaze-bez-hema\/#primaryimage","url":"https:\/\/luxegel.lv\/wp-content\/uploads\/2024\/11\/soufflenb.webp","contentUrl":"https:\/\/luxegel.lv\/wp-content\/uploads\/2024\/11\/soufflenb.webp","width":800,"height":800},{"@type":"BreadcrumbList","@id":"https:\/\/luxegel.lv\/lv\/product-lv\/souffle-strukturbaze-bez-hema\/#breadcrumb","itemListElement":[{"@type":"ListItem","position":1,"name":"Galven\u0101","item":"https:\/\/luxegel.lv\/lv\/"},{"@type":"ListItem","position":2,"name":"Veikals","item":"https:\/\/luxegel.lv\/lv\/veikals\/"},{"@type":"ListItem","position":3,"name":"SOUFFL\u00c9 &#8211; STRUKT\u016aRB\u0100ZE BEZ HEMA"}]},{"@type":"WebSite","@id":"https:\/\/luxegel.lv\/lv\/#website","url":"https:\/\/luxegel.lv\/lv\/","name":"LUXE GEL PROFESSIONAL\u2122","description":"is a leading nail brand on the European market. Luxe Gel currently stock over 500 products including over 350 shades of gel polish, a complete builder gel system and our famous structure base.","potentialAction":[{"@type":"SearchAction","target":{"@type":"EntryPoint","urlTemplate":"https:\/\/luxegel.lv\/lv\/?s={search_term_string}"},"query-input":{"@type":"PropertyValueSpecification","valueRequired":true,"valueName":"search_term_string"}}],"inLanguage":"lv-LV"}]}},"_links":{"self":[{"href":"https:\/\/luxegel.lv\/lv\/wp-json\/wp\/v2\/product\/14054","targetHints":{"allow":["GET"]}}],"collection":[{"href":"https:\/\/luxegel.lv\/lv\/wp-json\/wp\/v2\/product"}],"about":[{"href":"https:\/\/luxegel.lv\/lv\/wp-json\/wp\/v2\/types\/product"}],"version-history":[{"count":2,"href":"https:\/\/luxegel.lv\/lv\/wp-json\/wp\/v2\/product\/14054\/revisions"}],"predecessor-version":[{"id":19835,"href":"https:\/\/luxegel.lv\/lv\/wp-json\/wp\/v2\/product\/14054\/revisions\/19835"}],"wp:featuredmedia":[{"embeddable":true,"href":"https:\/\/luxegel.lv\/lv\/wp-json\/wp\/v2\/media\/14060"}],"wp:attachment":[{"href":"https:\/\/luxegel.lv\/lv\/wp-json\/wp\/v2\/media?parent=14054"}],"wp:term":[{"taxonomy":"product_brand","embeddable":true,"href":"https:\/\/luxegel.lv\/lv\/wp-json\/wp\/v2\/product_brand?post=14054"},{"taxonomy":"product_cat","embeddable":true,"href":"https:\/\/luxegel.lv\/lv\/wp-json\/wp\/v2\/product_cat?post=14054"},{"taxonomy":"product_tag","embeddable":true,"href":"https:\/\/luxegel.lv\/lv\/wp-json\/wp\/v2\/product_tag?post=14054"}],"curies":[{"name":"wp","href":"https:\/\/api.w.org\/{rel}","templated":true}]}}