{"id":14031,"date":"2024-11-11T13:11:47","date_gmt":"2024-11-11T13:11:47","guid":{"rendered":"https:\/\/luxegel.lv\/?post_type=product&#038;p=14031"},"modified":"2025-12-15T10:03:26","modified_gmt":"2025-12-15T10:03:26","slug":"clear-strukturbaze-copy","status":"publish","type":"product","link":"https:\/\/luxegel.lv\/lv\/product-lv\/clear-strukturbaze-copy\/","title":{"rendered":"CLEAR- CAURSP\u012aD\u012aGA STUKT\u016aRB\u0100ZE AR OTI\u0145U PUDEL\u0112 &#8211; NESATUR HEMA"},"content":{"rendered":"<p><strong>NO\u0145EM\u0160ANA NOV\u012aL\u0112JOT<\/strong><\/p>\n<p>Caursp\u012bd\u012bga strukturb\u0101ze ar oti\u0146u pudel\u0113 &#8211; pamats m\u016bsu 4 jaunajiem to\u0146iem. \u0160\u012b ir HEMA nesaturo\u0161a b\u0101ze, kas uzkl\u0101jama zem HEMA nesaturo\u0161iem veido\u0161anas g\u0113liem pudel\u012bt\u0113. Tas ir b\u016btisks solis, lai pan\u0101ktu ilgnotur\u012bgus nagus.<\/p>\n<ul>\n<li>BEZ Hema<\/li>\n<li>Di-Hema Free<\/li>\n<li>TMPA<\/li>\n<li>IBOA<\/li>\n<li>TPO<\/li>\n<li>100% g\u0113la formula;<\/li>\n<li>Use Clear Brush on Builder in a Bottle as a base<\/li>\n<li>Bieza konsistence<\/li>\n<li>Pa\u0161izl\u012bdzino\u0161s<\/li>\n<li>iztur\u012bgi nagi 3+ ned\u0113\u013cu garum\u0101;<\/li>\n<li>materi\u0101ls ne\u0161\u0137e\u013cas un neatsl\u0101\u0146ojas no dab\u012bg\u0101 naga;<\/li>\n<li>Var atk\u0101rtoti uzpild\u012bt<\/li>\n<li>stiprina dab\u012bgos nagus, var izmantot \u012bsu nagu pieaudz\u0113\u0161anai;<\/li>\n<li>\u017e\u016bst UV\/LED lamp\u0101 (120 sekundes UV lamp\u0101, 60 sekundes \u2013 LED)<\/li>\n<li>15ml\/ 0,5oz<\/li>\n<\/ul>\n","protected":false},"excerpt":{"rendered":"<p>NO\u0145EM\u0160ANA NOV\u012aL\u0112JOT Caursp\u012bd\u012bga strukturb\u0101ze ar oti\u0146u pudel\u0113 &#8211; pamats m\u016bsu 4 jaunajiem to\u0146iem. \u0160\u012b ir HEMA nesaturo\u0161a b\u0101ze, kas uzkl\u0101jama<\/p>\n","protected":false},"featured_media":3540,"template":"","meta":{"_acf_changed":false,"om_disable_all_campaigns":false},"product_brand":[],"product_cat":[484,154,487],"product_tag":[222,221],"class_list":{"0":"post-14031","1":"product","2":"type-product","3":"status-publish","4":"has-post-thumbnail","6":"product_cat-brush-on-biab-bez-hema-un-tpo","7":"product_cat-luxe-gel-professional-lv","8":"product_cat-stiprinasanai-un-pieaudzesanai","9":"product_tag-produkti","10":"product_tag-visi-produkti","12":"first","13":"outofstock","14":"sale","15":"shipping-taxable","16":"purchasable","17":"product-type-simple"},"acf":[],"yoast_head":"<!-- This site is optimized with the Yoast SEO plugin v23.8 - https:\/\/yoast.com\/wordpress\/plugins\/seo\/ -->\n<title>CLEAR- CAURSP\u012aD\u012aGA STUKT\u016aRB\u0100ZE AR OTI\u0145U PUDEL\u0112 - NESATUR HEMA - LUXE GEL PROFESSIONAL\u2122<\/title>\n<meta name=\"robots\" content=\"index, follow, max-snippet:-1, max-image-preview:large, max-video-preview:-1\" \/>\n<link rel=\"canonical\" href=\"https:\/\/luxegel.lv\/lv\/product-lv\/clear-strukturbaze-copy\/\" \/>\n<meta property=\"og:locale\" content=\"lv_LV\" \/>\n<meta property=\"og:type\" content=\"article\" \/>\n<meta property=\"og:title\" content=\"CLEAR- CAURSP\u012aD\u012aGA STUKT\u016aRB\u0100ZE AR OTI\u0145U PUDEL\u0112 - NESATUR HEMA - LUXE GEL PROFESSIONAL\u2122\" \/>\n<meta property=\"og:description\" content=\"NO\u0145EM\u0160ANA NOV\u012aL\u0112JOT Caursp\u012bd\u012bga strukturb\u0101ze ar oti\u0146u pudel\u0113 &#8211; pamats m\u016bsu 4 jaunajiem to\u0146iem. \u0160\u012b ir HEMA nesaturo\u0161a b\u0101ze, kas uzkl\u0101jama\" \/>\n<meta property=\"og:url\" content=\"https:\/\/luxegel.lv\/lv\/product-lv\/clear-strukturbaze-copy\/\" \/>\n<meta property=\"og:site_name\" content=\"LUXE GEL PROFESSIONAL\u2122\" \/>\n<meta property=\"article:modified_time\" content=\"2025-12-15T10:03:26+00:00\" \/>\n<meta property=\"og:image\" content=\"https:\/\/luxegel.lv\/wp-content\/uploads\/2024\/01\/Clear.png\" \/>\n\t<meta property=\"og:image:width\" content=\"800\" \/>\n\t<meta property=\"og:image:height\" content=\"800\" \/>\n\t<meta property=\"og:image:type\" content=\"image\/png\" \/>\n<meta name=\"twitter:card\" content=\"summary_large_image\" \/>\n<meta name=\"twitter:label1\" content=\"Est. reading time\" \/>\n\t<meta name=\"twitter:data1\" content=\"1 minute\" \/>\n<script type=\"application\/ld+json\" class=\"yoast-schema-graph\">{\"@context\":\"https:\/\/schema.org\",\"@graph\":[{\"@type\":\"WebPage\",\"@id\":\"https:\/\/luxegel.lv\/lv\/product-lv\/clear-strukturbaze-copy\/\",\"url\":\"https:\/\/luxegel.lv\/lv\/product-lv\/clear-strukturbaze-copy\/\",\"name\":\"CLEAR- CAURSP\u012aD\u012aGA STUKT\u016aRB\u0100ZE AR OTI\u0145U PUDEL\u0112 - NESATUR HEMA - LUXE GEL PROFESSIONAL\u2122\",\"isPartOf\":{\"@id\":\"https:\/\/luxegel.lv\/lv\/#website\"},\"primaryImageOfPage\":{\"@id\":\"https:\/\/luxegel.lv\/lv\/product-lv\/clear-strukturbaze-copy\/#primaryimage\"},\"image\":{\"@id\":\"https:\/\/luxegel.lv\/lv\/product-lv\/clear-strukturbaze-copy\/#primaryimage\"},\"thumbnailUrl\":\"https:\/\/luxegel.lv\/wp-content\/uploads\/2024\/01\/Clear.png\",\"datePublished\":\"2024-11-11T13:11:47+00:00\",\"dateModified\":\"2025-12-15T10:03:26+00:00\",\"breadcrumb\":{\"@id\":\"https:\/\/luxegel.lv\/lv\/product-lv\/clear-strukturbaze-copy\/#breadcrumb\"},\"inLanguage\":\"lv-LV\",\"potentialAction\":[{\"@type\":\"ReadAction\",\"target\":[\"https:\/\/luxegel.lv\/lv\/product-lv\/clear-strukturbaze-copy\/\"]}]},{\"@type\":\"ImageObject\",\"inLanguage\":\"lv-LV\",\"@id\":\"https:\/\/luxegel.lv\/lv\/product-lv\/clear-strukturbaze-copy\/#primaryimage\",\"url\":\"https:\/\/luxegel.lv\/wp-content\/uploads\/2024\/01\/Clear.png\",\"contentUrl\":\"https:\/\/luxegel.lv\/wp-content\/uploads\/2024\/01\/Clear.png\",\"width\":800,\"height\":800},{\"@type\":\"BreadcrumbList\",\"@id\":\"https:\/\/luxegel.lv\/lv\/product-lv\/clear-strukturbaze-copy\/#breadcrumb\",\"itemListElement\":[{\"@type\":\"ListItem\",\"position\":1,\"name\":\"Galven\u0101\",\"item\":\"https:\/\/luxegel.lv\/lv\/\"},{\"@type\":\"ListItem\",\"position\":2,\"name\":\"Veikals\",\"item\":\"https:\/\/luxegel.lv\/lv\/veikals\/\"},{\"@type\":\"ListItem\",\"position\":3,\"name\":\"CLEAR- CAURSP\u012aD\u012aGA STUKT\u016aRB\u0100ZE AR OTI\u0145U PUDEL\u0112 &#8211; NESATUR HEMA\"}]},{\"@type\":\"WebSite\",\"@id\":\"https:\/\/luxegel.lv\/lv\/#website\",\"url\":\"https:\/\/luxegel.lv\/lv\/\",\"name\":\"LUXE GEL PROFESSIONAL\u2122\",\"description\":\"is a leading nail brand on the European market. Luxe Gel currently stock over 500 products including over 350 shades of gel polish, a complete builder gel system and our famous structure base.\",\"potentialAction\":[{\"@type\":\"SearchAction\",\"target\":{\"@type\":\"EntryPoint\",\"urlTemplate\":\"https:\/\/luxegel.lv\/lv\/?s={search_term_string}\"},\"query-input\":{\"@type\":\"PropertyValueSpecification\",\"valueRequired\":true,\"valueName\":\"search_term_string\"}}],\"inLanguage\":\"lv-LV\"}]}<\/script>\n<!-- \/ Yoast SEO plugin. -->","yoast_head_json":{"title":"CLEAR- CAURSP\u012aD\u012aGA STUKT\u016aRB\u0100ZE AR OTI\u0145U PUDEL\u0112 - NESATUR HEMA - LUXE GEL PROFESSIONAL\u2122","robots":{"index":"index","follow":"follow","max-snippet":"max-snippet:-1","max-image-preview":"max-image-preview:large","max-video-preview":"max-video-preview:-1"},"canonical":"https:\/\/luxegel.lv\/lv\/product-lv\/clear-strukturbaze-copy\/","og_locale":"lv_LV","og_type":"article","og_title":"CLEAR- CAURSP\u012aD\u012aGA STUKT\u016aRB\u0100ZE AR OTI\u0145U PUDEL\u0112 - NESATUR HEMA - LUXE GEL PROFESSIONAL\u2122","og_description":"NO\u0145EM\u0160ANA NOV\u012aL\u0112JOT Caursp\u012bd\u012bga strukturb\u0101ze ar oti\u0146u pudel\u0113 &#8211; pamats m\u016bsu 4 jaunajiem to\u0146iem. \u0160\u012b ir HEMA nesaturo\u0161a b\u0101ze, kas uzkl\u0101jama","og_url":"https:\/\/luxegel.lv\/lv\/product-lv\/clear-strukturbaze-copy\/","og_site_name":"LUXE GEL PROFESSIONAL\u2122","article_modified_time":"2025-12-15T10:03:26+00:00","og_image":[{"width":800,"height":800,"url":"https:\/\/luxegel.lv\/wp-content\/uploads\/2024\/01\/Clear.png","type":"image\/png"}],"twitter_card":"summary_large_image","twitter_misc":{"Est. reading time":"1 minute"},"schema":{"@context":"https:\/\/schema.org","@graph":[{"@type":"WebPage","@id":"https:\/\/luxegel.lv\/lv\/product-lv\/clear-strukturbaze-copy\/","url":"https:\/\/luxegel.lv\/lv\/product-lv\/clear-strukturbaze-copy\/","name":"CLEAR- CAURSP\u012aD\u012aGA STUKT\u016aRB\u0100ZE AR OTI\u0145U PUDEL\u0112 - NESATUR HEMA - LUXE GEL PROFESSIONAL\u2122","isPartOf":{"@id":"https:\/\/luxegel.lv\/lv\/#website"},"primaryImageOfPage":{"@id":"https:\/\/luxegel.lv\/lv\/product-lv\/clear-strukturbaze-copy\/#primaryimage"},"image":{"@id":"https:\/\/luxegel.lv\/lv\/product-lv\/clear-strukturbaze-copy\/#primaryimage"},"thumbnailUrl":"https:\/\/luxegel.lv\/wp-content\/uploads\/2024\/01\/Clear.png","datePublished":"2024-11-11T13:11:47+00:00","dateModified":"2025-12-15T10:03:26+00:00","breadcrumb":{"@id":"https:\/\/luxegel.lv\/lv\/product-lv\/clear-strukturbaze-copy\/#breadcrumb"},"inLanguage":"lv-LV","potentialAction":[{"@type":"ReadAction","target":["https:\/\/luxegel.lv\/lv\/product-lv\/clear-strukturbaze-copy\/"]}]},{"@type":"ImageObject","inLanguage":"lv-LV","@id":"https:\/\/luxegel.lv\/lv\/product-lv\/clear-strukturbaze-copy\/#primaryimage","url":"https:\/\/luxegel.lv\/wp-content\/uploads\/2024\/01\/Clear.png","contentUrl":"https:\/\/luxegel.lv\/wp-content\/uploads\/2024\/01\/Clear.png","width":800,"height":800},{"@type":"BreadcrumbList","@id":"https:\/\/luxegel.lv\/lv\/product-lv\/clear-strukturbaze-copy\/#breadcrumb","itemListElement":[{"@type":"ListItem","position":1,"name":"Galven\u0101","item":"https:\/\/luxegel.lv\/lv\/"},{"@type":"ListItem","position":2,"name":"Veikals","item":"https:\/\/luxegel.lv\/lv\/veikals\/"},{"@type":"ListItem","position":3,"name":"CLEAR- CAURSP\u012aD\u012aGA STUKT\u016aRB\u0100ZE AR OTI\u0145U PUDEL\u0112 &#8211; NESATUR HEMA"}]},{"@type":"WebSite","@id":"https:\/\/luxegel.lv\/lv\/#website","url":"https:\/\/luxegel.lv\/lv\/","name":"LUXE GEL PROFESSIONAL\u2122","description":"is a leading nail brand on the European market. Luxe Gel currently stock over 500 products including over 350 shades of gel polish, a complete builder gel system and our famous structure base.","potentialAction":[{"@type":"SearchAction","target":{"@type":"EntryPoint","urlTemplate":"https:\/\/luxegel.lv\/lv\/?s={search_term_string}"},"query-input":{"@type":"PropertyValueSpecification","valueRequired":true,"valueName":"search_term_string"}}],"inLanguage":"lv-LV"}]}},"_links":{"self":[{"href":"https:\/\/luxegel.lv\/lv\/wp-json\/wp\/v2\/product\/14031","targetHints":{"allow":["GET"]}}],"collection":[{"href":"https:\/\/luxegel.lv\/lv\/wp-json\/wp\/v2\/product"}],"about":[{"href":"https:\/\/luxegel.lv\/lv\/wp-json\/wp\/v2\/types\/product"}],"version-history":[{"count":2,"href":"https:\/\/luxegel.lv\/lv\/wp-json\/wp\/v2\/product\/14031\/revisions"}],"predecessor-version":[{"id":19832,"href":"https:\/\/luxegel.lv\/lv\/wp-json\/wp\/v2\/product\/14031\/revisions\/19832"}],"wp:featuredmedia":[{"embeddable":true,"href":"https:\/\/luxegel.lv\/lv\/wp-json\/wp\/v2\/media\/3540"}],"wp:attachment":[{"href":"https:\/\/luxegel.lv\/lv\/wp-json\/wp\/v2\/media?parent=14031"}],"wp:term":[{"taxonomy":"product_brand","embeddable":true,"href":"https:\/\/luxegel.lv\/lv\/wp-json\/wp\/v2\/product_brand?post=14031"},{"taxonomy":"product_cat","embeddable":true,"href":"https:\/\/luxegel.lv\/lv\/wp-json\/wp\/v2\/product_cat?post=14031"},{"taxonomy":"product_tag","embeddable":true,"href":"https:\/\/luxegel.lv\/lv\/wp-json\/wp\/v2\/product_tag?post=14031"}],"curies":[{"name":"wp","href":"https:\/\/api.w.org\/{rel}","templated":true}]}}