{"id":13892,"date":"2024-10-21T17:39:33","date_gmt":"2024-10-21T17:39:33","guid":{"rendered":"https:\/\/luxegel.lv\/?post_type=product&#038;p=13892"},"modified":"2025-10-24T18:53:07","modified_gmt":"2025-10-24T18:53:07","slug":"sheer-sophistication-kolekcija-copy","status":"publish","type":"product","link":"https:\/\/luxegel.lv\/lv\/product-lv\/sheer-sophistication-kolekcija-copy\/","title":{"rendered":"SERENE SCENERY COLLECTION &#8211; HEMA FREE"},"content":{"rendered":"<p>Iegremd\u0113jieties skaist\u0101 un krauk\u0161\u0137\u012bg\u0101 rudens dien\u0101, ko raksturo siltas br\u016bnganas, za\u013cas un s\u0101rtas kr\u0101sas. \u0160\u012b kolekcija sniedz jums prieku, ko sniedz \u0101r\u0101, redzot skaistos sakuras kokus rudens omul\u012bbas seg\u0101, ko ieskauj sul\u012bga za\u013cuma un savva\u013cas ziedu ieskauti, radot perfektu fonu introspekcijai un mieram. <\/p>\n<ul>\n<li>Sakura<\/li>\n<li>Serenity<\/li>\n<li>Twinkle<\/li>\n<li>Meadow<\/li>\n<li>Fern<\/li>\n<li>Willow<\/li>\n<li>Wildflower<\/li>\n<li>Hillside<\/li>\n<li>Wood<\/li>\n<li>Bark<\/li>\n<\/ul>\n<p>#luxegelserenescenery<\/p>\n<ul>\n<li>Hema Free<\/li>\n<li>Di-Hema Free<\/li>\n<li>TMPA<\/li>\n<li>IBOA<\/li>\n<li>TPO<\/li>\n<li>Izteikts sp\u012bdums.<\/li>\n<li>15ML (0.5fl.oz)<\/li>\n<li>100% g\u0113la formula.<\/li>\n<li>\u013boti pigment\u0113ta<\/li>\n<li>Piln\u012bgs p\u0101rkl\u0101jums ar vienu sl\u0101ni.<\/li>\n<li>Z\u012bdaina tekst\u016bra, bez izpl\u016b\u0161anas.<\/li>\n<li>Vair\u0101k nek\u0101 20 dienu notur\u012bba.<\/li>\n<li>Bez smar\u017eas, nav test\u0113ta uz dz\u012bvniekiem un videi draudz\u012bga.<\/li>\n<li>Piln\u012bb\u0101 sertific\u0113ta un p\u0101rbaud\u012bta.<\/li>\n<li>\u017d\u016bst UV\/LED lamp\u0101 &#8211; 120 sek. UV vai 60 sek. LED.<\/li>\n<li>Supergluda oti\u0146a.<\/li>\n<li>Viegli uzkl\u0101jama, bez sabiez\u0113jumiem, \u0161\u0137el\u0161an\u0101s vai izsm\u0113r\u0113\u0161an\u0101s.<\/li>\n<\/ul>\n<p><strong>NEKAIT\u012aGAS SAST\u0100VDA\u013bAS<\/strong><\/p>\n<p><strong>11-FREE formula \u2013 nesatur toksiskas vielas:<\/strong><\/p>\n<p>formaldeh\u012bdu, parab\u0113nus, kamparu, dibutilftal\u0101tu, formaldeh\u012bda sve\u0137us, ksilolu, etiltozilam\u012bdu, toluolu, bisfenolu A, sulf\u0101tus, trifenilfos\u0101tu.<\/p>\n<p>Colour Representation:<br \/>\nEvery effort is made to ensure that all our product imagery is as accurate as possible. \u0145emot v\u0113r\u0101, ka elektroniskaj\u0101s ier\u012bc\u0113s ir da\u017e\u0101di kr\u0101su\/iz\u0161\u0137irtsp\u0113jas iestat\u012bjumi, kr\u0101su att\u0113lojums var nedaudz at\u0161\u0137irties no fizisk\u0101 produkta.<\/p>\n","protected":false},"excerpt":{"rendered":"<p>Iegremd\u0113jieties skaist\u0101 un krauk\u0161\u0137\u012bg\u0101 rudens dien\u0101, ko raksturo siltas br\u016bnganas, za\u013cas un s\u0101rtas kr\u0101sas. \u0160\u012b kolekcija sniedz jums prieku, ko<\/p>\n","protected":false},"featured_media":13895,"template":"","meta":{"_acf_changed":false,"om_disable_all_campaigns":false},"product_brand":[],"product_cat":[509,246,154,511,513,501],"product_tag":[],"class_list":{"0":"post-13892","1":"product","2":"type-product","3":"status-publish","4":"has-post-thumbnail","6":"product_cat-bez-hema","7":"product_cat-kolekcijas-un-komplekti","8":"product_cat-luxe-gel-professional-lv","9":"product_cat-neitralie-toni","10":"product_cat-pasteltoni","11":"product_cat-visi-toni","13":"first","14":"instock","15":"sale","16":"shipping-taxable","17":"purchasable","18":"product-type-simple"},"acf":[],"yoast_head":"<!-- This site is optimized with the Yoast SEO plugin v23.8 - https:\/\/yoast.com\/wordpress\/plugins\/seo\/ -->\n<title>SERENE SCENERY COLLECTION - HEMA FREE - LUXE GEL PROFESSIONAL\u2122<\/title>\n<meta name=\"robots\" content=\"index, follow, max-snippet:-1, max-image-preview:large, max-video-preview:-1\" \/>\n<link rel=\"canonical\" href=\"https:\/\/luxegel.lv\/lv\/product-lv\/sheer-sophistication-kolekcija-copy\/\" \/>\n<meta property=\"og:locale\" content=\"lv_LV\" \/>\n<meta property=\"og:type\" content=\"article\" \/>\n<meta property=\"og:title\" content=\"SERENE SCENERY COLLECTION - HEMA FREE - LUXE GEL PROFESSIONAL\u2122\" \/>\n<meta property=\"og:description\" content=\"Iegremd\u0113jieties skaist\u0101 un krauk\u0161\u0137\u012bg\u0101 rudens dien\u0101, ko raksturo siltas br\u016bnganas, za\u013cas un s\u0101rtas kr\u0101sas. \u0160\u012b kolekcija sniedz jums prieku, ko\" \/>\n<meta property=\"og:url\" content=\"https:\/\/luxegel.lv\/lv\/product-lv\/sheer-sophistication-kolekcija-copy\/\" \/>\n<meta property=\"og:site_name\" content=\"LUXE GEL PROFESSIONAL\u2122\" \/>\n<meta property=\"article:modified_time\" content=\"2025-10-24T18:53:07+00:00\" \/>\n<meta property=\"og:image\" content=\"https:\/\/luxegel.lv\/wp-content\/uploads\/2024\/10\/serene_scenery_collection-scaled.webp\" \/>\n\t<meta property=\"og:image:width\" content=\"2560\" \/>\n\t<meta property=\"og:image:height\" content=\"2560\" \/>\n\t<meta property=\"og:image:type\" content=\"image\/webp\" \/>\n<meta name=\"twitter:card\" content=\"summary_large_image\" \/>\n<meta name=\"twitter:label1\" content=\"Est. reading time\" \/>\n\t<meta name=\"twitter:data1\" content=\"1 minute\" \/>\n<script type=\"application\/ld+json\" class=\"yoast-schema-graph\">{\"@context\":\"https:\/\/schema.org\",\"@graph\":[{\"@type\":\"WebPage\",\"@id\":\"https:\/\/luxegel.lv\/lv\/product-lv\/sheer-sophistication-kolekcija-copy\/\",\"url\":\"https:\/\/luxegel.lv\/lv\/product-lv\/sheer-sophistication-kolekcija-copy\/\",\"name\":\"SERENE SCENERY COLLECTION - HEMA FREE - LUXE GEL PROFESSIONAL\u2122\",\"isPartOf\":{\"@id\":\"https:\/\/luxegel.lv\/lv\/#website\"},\"primaryImageOfPage\":{\"@id\":\"https:\/\/luxegel.lv\/lv\/product-lv\/sheer-sophistication-kolekcija-copy\/#primaryimage\"},\"image\":{\"@id\":\"https:\/\/luxegel.lv\/lv\/product-lv\/sheer-sophistication-kolekcija-copy\/#primaryimage\"},\"thumbnailUrl\":\"https:\/\/luxegel.lv\/wp-content\/uploads\/2024\/10\/serene_scenery_collection-scaled.webp\",\"datePublished\":\"2024-10-21T17:39:33+00:00\",\"dateModified\":\"2025-10-24T18:53:07+00:00\",\"breadcrumb\":{\"@id\":\"https:\/\/luxegel.lv\/lv\/product-lv\/sheer-sophistication-kolekcija-copy\/#breadcrumb\"},\"inLanguage\":\"lv-LV\",\"potentialAction\":[{\"@type\":\"ReadAction\",\"target\":[\"https:\/\/luxegel.lv\/lv\/product-lv\/sheer-sophistication-kolekcija-copy\/\"]}]},{\"@type\":\"ImageObject\",\"inLanguage\":\"lv-LV\",\"@id\":\"https:\/\/luxegel.lv\/lv\/product-lv\/sheer-sophistication-kolekcija-copy\/#primaryimage\",\"url\":\"https:\/\/luxegel.lv\/wp-content\/uploads\/2024\/10\/serene_scenery_collection-scaled.webp\",\"contentUrl\":\"https:\/\/luxegel.lv\/wp-content\/uploads\/2024\/10\/serene_scenery_collection-scaled.webp\",\"width\":2560,\"height\":2560},{\"@type\":\"BreadcrumbList\",\"@id\":\"https:\/\/luxegel.lv\/lv\/product-lv\/sheer-sophistication-kolekcija-copy\/#breadcrumb\",\"itemListElement\":[{\"@type\":\"ListItem\",\"position\":1,\"name\":\"Galven\u0101\",\"item\":\"https:\/\/luxegel.lv\/lv\/\"},{\"@type\":\"ListItem\",\"position\":2,\"name\":\"Veikals\",\"item\":\"https:\/\/luxegel.lv\/lv\/veikals\/\"},{\"@type\":\"ListItem\",\"position\":3,\"name\":\"SERENE SCENERY COLLECTION &#8211; HEMA FREE\"}]},{\"@type\":\"WebSite\",\"@id\":\"https:\/\/luxegel.lv\/lv\/#website\",\"url\":\"https:\/\/luxegel.lv\/lv\/\",\"name\":\"LUXE GEL PROFESSIONAL\u2122\",\"description\":\"is a leading nail brand on the European market. Luxe Gel currently stock over 500 products including over 350 shades of gel polish, a complete builder gel system and our famous structure base.\",\"potentialAction\":[{\"@type\":\"SearchAction\",\"target\":{\"@type\":\"EntryPoint\",\"urlTemplate\":\"https:\/\/luxegel.lv\/lv\/?s={search_term_string}\"},\"query-input\":{\"@type\":\"PropertyValueSpecification\",\"valueRequired\":true,\"valueName\":\"search_term_string\"}}],\"inLanguage\":\"lv-LV\"}]}<\/script>\n<!-- \/ Yoast SEO plugin. -->","yoast_head_json":{"title":"SERENE SCENERY COLLECTION - HEMA FREE - LUXE GEL PROFESSIONAL\u2122","robots":{"index":"index","follow":"follow","max-snippet":"max-snippet:-1","max-image-preview":"max-image-preview:large","max-video-preview":"max-video-preview:-1"},"canonical":"https:\/\/luxegel.lv\/lv\/product-lv\/sheer-sophistication-kolekcija-copy\/","og_locale":"lv_LV","og_type":"article","og_title":"SERENE SCENERY COLLECTION - HEMA FREE - LUXE GEL PROFESSIONAL\u2122","og_description":"Iegremd\u0113jieties skaist\u0101 un krauk\u0161\u0137\u012bg\u0101 rudens dien\u0101, ko raksturo siltas br\u016bnganas, za\u013cas un s\u0101rtas kr\u0101sas. \u0160\u012b kolekcija sniedz jums prieku, ko","og_url":"https:\/\/luxegel.lv\/lv\/product-lv\/sheer-sophistication-kolekcija-copy\/","og_site_name":"LUXE GEL PROFESSIONAL\u2122","article_modified_time":"2025-10-24T18:53:07+00:00","og_image":[{"width":2560,"height":2560,"url":"https:\/\/luxegel.lv\/wp-content\/uploads\/2024\/10\/serene_scenery_collection-scaled.webp","type":"image\/webp"}],"twitter_card":"summary_large_image","twitter_misc":{"Est. reading time":"1 minute"},"schema":{"@context":"https:\/\/schema.org","@graph":[{"@type":"WebPage","@id":"https:\/\/luxegel.lv\/lv\/product-lv\/sheer-sophistication-kolekcija-copy\/","url":"https:\/\/luxegel.lv\/lv\/product-lv\/sheer-sophistication-kolekcija-copy\/","name":"SERENE SCENERY COLLECTION - HEMA FREE - LUXE GEL PROFESSIONAL\u2122","isPartOf":{"@id":"https:\/\/luxegel.lv\/lv\/#website"},"primaryImageOfPage":{"@id":"https:\/\/luxegel.lv\/lv\/product-lv\/sheer-sophistication-kolekcija-copy\/#primaryimage"},"image":{"@id":"https:\/\/luxegel.lv\/lv\/product-lv\/sheer-sophistication-kolekcija-copy\/#primaryimage"},"thumbnailUrl":"https:\/\/luxegel.lv\/wp-content\/uploads\/2024\/10\/serene_scenery_collection-scaled.webp","datePublished":"2024-10-21T17:39:33+00:00","dateModified":"2025-10-24T18:53:07+00:00","breadcrumb":{"@id":"https:\/\/luxegel.lv\/lv\/product-lv\/sheer-sophistication-kolekcija-copy\/#breadcrumb"},"inLanguage":"lv-LV","potentialAction":[{"@type":"ReadAction","target":["https:\/\/luxegel.lv\/lv\/product-lv\/sheer-sophistication-kolekcija-copy\/"]}]},{"@type":"ImageObject","inLanguage":"lv-LV","@id":"https:\/\/luxegel.lv\/lv\/product-lv\/sheer-sophistication-kolekcija-copy\/#primaryimage","url":"https:\/\/luxegel.lv\/wp-content\/uploads\/2024\/10\/serene_scenery_collection-scaled.webp","contentUrl":"https:\/\/luxegel.lv\/wp-content\/uploads\/2024\/10\/serene_scenery_collection-scaled.webp","width":2560,"height":2560},{"@type":"BreadcrumbList","@id":"https:\/\/luxegel.lv\/lv\/product-lv\/sheer-sophistication-kolekcija-copy\/#breadcrumb","itemListElement":[{"@type":"ListItem","position":1,"name":"Galven\u0101","item":"https:\/\/luxegel.lv\/lv\/"},{"@type":"ListItem","position":2,"name":"Veikals","item":"https:\/\/luxegel.lv\/lv\/veikals\/"},{"@type":"ListItem","position":3,"name":"SERENE SCENERY COLLECTION &#8211; HEMA FREE"}]},{"@type":"WebSite","@id":"https:\/\/luxegel.lv\/lv\/#website","url":"https:\/\/luxegel.lv\/lv\/","name":"LUXE GEL PROFESSIONAL\u2122","description":"is a leading nail brand on the European market. Luxe Gel currently stock over 500 products including over 350 shades of gel polish, a complete builder gel system and our famous structure base.","potentialAction":[{"@type":"SearchAction","target":{"@type":"EntryPoint","urlTemplate":"https:\/\/luxegel.lv\/lv\/?s={search_term_string}"},"query-input":{"@type":"PropertyValueSpecification","valueRequired":true,"valueName":"search_term_string"}}],"inLanguage":"lv-LV"}]}},"_links":{"self":[{"href":"https:\/\/luxegel.lv\/lv\/wp-json\/wp\/v2\/product\/13892","targetHints":{"allow":["GET"]}}],"collection":[{"href":"https:\/\/luxegel.lv\/lv\/wp-json\/wp\/v2\/product"}],"about":[{"href":"https:\/\/luxegel.lv\/lv\/wp-json\/wp\/v2\/types\/product"}],"version-history":[{"count":0,"href":"https:\/\/luxegel.lv\/lv\/wp-json\/wp\/v2\/product\/13892\/revisions"}],"wp:featuredmedia":[{"embeddable":true,"href":"https:\/\/luxegel.lv\/lv\/wp-json\/wp\/v2\/media\/13895"}],"wp:attachment":[{"href":"https:\/\/luxegel.lv\/lv\/wp-json\/wp\/v2\/media?parent=13892"}],"wp:term":[{"taxonomy":"product_brand","embeddable":true,"href":"https:\/\/luxegel.lv\/lv\/wp-json\/wp\/v2\/product_brand?post=13892"},{"taxonomy":"product_cat","embeddable":true,"href":"https:\/\/luxegel.lv\/lv\/wp-json\/wp\/v2\/product_cat?post=13892"},{"taxonomy":"product_tag","embeddable":true,"href":"https:\/\/luxegel.lv\/lv\/wp-json\/wp\/v2\/product_tag?post=13892"}],"curies":[{"name":"wp","href":"https:\/\/api.w.org\/{rel}","templated":true}]}}