{"id":13793,"date":"2024-10-18T09:55:51","date_gmt":"2024-10-18T09:55:51","guid":{"rendered":"https:\/\/luxegel.lv\/?post_type=product&#038;p=13793"},"modified":"2026-04-27T09:24:37","modified_gmt":"2026-04-27T09:24:37","slug":"twinkle-hema-free-copy-copy-copy","status":"publish","type":"product","link":"https:\/\/luxegel.lv\/lv\/product-lv\/twinkle-hema-free-copy-copy-copy\/","title":{"rendered":"Wood-Hema Free"},"content":{"rendered":"<p><em><strong>Pateicoties siltajiem apak\u0161to\u0146iem, \u201cWood\u201d tonis d\u0101v\u0101 to silto saj\u016btu, kas rodas, s\u0113\u017eot pie dego\u0161as uguns aukstos vakaros. Iegrimstiet dejojo\u0161o liesmu skaistum\u0101. <\/strong><\/em><\/p>\n<p><strong><em>#luxegelwood<\/em><\/strong><\/p>\n<p><strong>Hema<\/strong><br \/>\n<strong>Free<\/strong><br \/>\n<strong>Di-Hema<\/strong><br \/>\n<strong>Free<\/strong><br \/>\n<strong>TMPAIBOATPO<\/strong><\/p>\n<ul>\n<li dir=\"auto\">Izteikts sp\u012bdums.<\/li>\n<li dir=\"auto\">15ML (0.5fl.oz)<\/li>\n<li dir=\"auto\">100% g\u0113la formula.<\/li>\n<li dir=\"auto\">\u013boti pigment\u0113ta<\/li>\n<li dir=\"auto\">Piln\u012bgs p\u0101rkl\u0101jums ar vienu sl\u0101ni.<\/li>\n<li dir=\"auto\">Z\u012bdaina tekst\u016bra, bez izpl\u016b\u0161anas.<\/li>\n<li dir=\"auto\">Vair\u0101k nek\u0101 20 dienu notur\u012bba.<\/li>\n<li dir=\"auto\">Bez smar\u017eas, nav test\u0113ta uz dz\u012bvniekiem un videi draudz\u012bga.<\/li>\n<li dir=\"auto\">Piln\u012bb\u0101 sertific\u0113ta un p\u0101rbaud\u012bta.<\/li>\n<li dir=\"auto\">\u017d\u016bst UV\/LED lamp\u0101 &#8211; 120 sek. UV vai 60 sek. LED.<\/li>\n<li dir=\"auto\">Supergluda oti\u0146a.<\/li>\n<li dir=\"auto\">Viegli uzkl\u0101jama, bez sabiez\u0113jumiem, \u0161\u0137el\u0161an\u0101s vai izsm\u0113r\u0113\u0161an\u0101s.<\/li>\n<\/ul>\n<div dir=\"auto\">NEKAIT\u012aGAS SAST\u0100VDA\u013bAS<\/div>\n<div dir=\"auto\"><\/div>\n<div dir=\"auto\">11-FREE formula \u2013 nesatur toksiskas vielas:<\/div>\n<div dir=\"auto\"><\/div>\n<div dir=\"auto\">formaldeh\u012bdu, parab\u0113nus, kamparu, dibutilftal\u0101tu, formaldeh\u012bda sve\u0137us, ksilolu, etiltozilam\u012bdu, toluolu, bisfenolu A, sulf\u0101tus, trifenilfos\u0101tu.<\/div>\n<div dir=\"auto\"><\/div>\n<div dir=\"auto\"><strong>Kr\u0101su att\u0113lojums:<\/strong><\/div>\n<div dir=\"auto\">M\u0113s pieliekam maksim\u0101las p\u016bles, lai produktu att\u0113li b\u016btu p\u0113c iesp\u0113jas prec\u012bzi. \u0145emot v\u0113r\u0101, ka elektroniskaj\u0101s ier\u012bc\u0113s ir da\u017e\u0101di kr\u0101su\/iz\u0161\u0137irtsp\u0113jas iestat\u012bjumi, kr\u0101su att\u0113lojums var nedaudz at\u0161\u0137irties no fizisk\u0101 produkta.<\/div>\n","protected":false},"excerpt":{"rendered":"<p>Pateicoties siltajiem apak\u0161to\u0146iem, \u201cWood\u201d tonis d\u0101v\u0101 to silto saj\u016btu, kas rodas, s\u0113\u017eot pie dego\u0161as uguns aukstos vakaros. Iegrimstiet dejojo\u0161o liesmu<\/p>\n","protected":false},"featured_media":13797,"template":"","meta":{"_acf_changed":false,"om_disable_all_campaigns":false},"product_brand":[],"product_cat":[509,157,154,501],"product_tag":[344],"class_list":{"0":"post-13793","1":"product","2":"type-product","3":"status-publish","4":"has-post-thumbnail","6":"product_cat-bez-hema","7":"product_cat-gela-lakas","8":"product_cat-luxe-gel-professional-lv","9":"product_cat-visi-toni","10":"product_tag-bruns","12":"first","13":"instock","14":"sale","15":"shipping-taxable","16":"purchasable","17":"product-type-simple"},"acf":[],"yoast_head":"<!-- This site is optimized with the Yoast SEO plugin v23.8 - https:\/\/yoast.com\/wordpress\/plugins\/seo\/ -->\n<title>Wood-Hema Free - LUXE GEL PROFESSIONAL\u2122<\/title>\n<meta name=\"robots\" content=\"index, follow, max-snippet:-1, max-image-preview:large, max-video-preview:-1\" \/>\n<link rel=\"canonical\" href=\"https:\/\/luxegel.lv\/lv\/product-lv\/twinkle-hema-free-copy-copy-copy\/\" \/>\n<meta property=\"og:locale\" content=\"lv_LV\" \/>\n<meta property=\"og:type\" content=\"article\" \/>\n<meta property=\"og:title\" content=\"Wood-Hema Free - LUXE GEL PROFESSIONAL\u2122\" \/>\n<meta property=\"og:description\" content=\"Pateicoties siltajiem apak\u0161to\u0146iem, \u201cWood\u201d tonis d\u0101v\u0101 to silto saj\u016btu, kas rodas, s\u0113\u017eot pie dego\u0161as uguns aukstos vakaros. Iegrimstiet dejojo\u0161o liesmu\" \/>\n<meta property=\"og:url\" content=\"https:\/\/luxegel.lv\/lv\/product-lv\/twinkle-hema-free-copy-copy-copy\/\" \/>\n<meta property=\"og:site_name\" content=\"LUXE GEL PROFESSIONAL\u2122\" \/>\n<meta property=\"article:modified_time\" content=\"2026-04-27T09:24:37+00:00\" \/>\n<meta property=\"og:image\" content=\"https:\/\/luxegel.lv\/wp-content\/uploads\/2024\/10\/wood-nb.png\" \/>\n\t<meta property=\"og:image:width\" content=\"800\" \/>\n\t<meta property=\"og:image:height\" content=\"800\" \/>\n\t<meta property=\"og:image:type\" content=\"image\/png\" \/>\n<meta name=\"twitter:card\" content=\"summary_large_image\" \/>\n<meta name=\"twitter:label1\" content=\"Est. reading time\" \/>\n\t<meta name=\"twitter:data1\" content=\"1 minute\" \/>\n<script type=\"application\/ld+json\" class=\"yoast-schema-graph\">{\"@context\":\"https:\/\/schema.org\",\"@graph\":[{\"@type\":\"WebPage\",\"@id\":\"https:\/\/luxegel.lv\/lv\/product-lv\/twinkle-hema-free-copy-copy-copy\/\",\"url\":\"https:\/\/luxegel.lv\/lv\/product-lv\/twinkle-hema-free-copy-copy-copy\/\",\"name\":\"Wood-Hema Free - LUXE GEL PROFESSIONAL\u2122\",\"isPartOf\":{\"@id\":\"https:\/\/luxegel.lv\/lv\/#website\"},\"primaryImageOfPage\":{\"@id\":\"https:\/\/luxegel.lv\/lv\/product-lv\/twinkle-hema-free-copy-copy-copy\/#primaryimage\"},\"image\":{\"@id\":\"https:\/\/luxegel.lv\/lv\/product-lv\/twinkle-hema-free-copy-copy-copy\/#primaryimage\"},\"thumbnailUrl\":\"https:\/\/luxegel.lv\/wp-content\/uploads\/2024\/10\/wood-nb.png\",\"datePublished\":\"2024-10-18T09:55:51+00:00\",\"dateModified\":\"2026-04-27T09:24:37+00:00\",\"breadcrumb\":{\"@id\":\"https:\/\/luxegel.lv\/lv\/product-lv\/twinkle-hema-free-copy-copy-copy\/#breadcrumb\"},\"inLanguage\":\"lv-LV\",\"potentialAction\":[{\"@type\":\"ReadAction\",\"target\":[\"https:\/\/luxegel.lv\/lv\/product-lv\/twinkle-hema-free-copy-copy-copy\/\"]}]},{\"@type\":\"ImageObject\",\"inLanguage\":\"lv-LV\",\"@id\":\"https:\/\/luxegel.lv\/lv\/product-lv\/twinkle-hema-free-copy-copy-copy\/#primaryimage\",\"url\":\"https:\/\/luxegel.lv\/wp-content\/uploads\/2024\/10\/wood-nb.png\",\"contentUrl\":\"https:\/\/luxegel.lv\/wp-content\/uploads\/2024\/10\/wood-nb.png\",\"width\":800,\"height\":800},{\"@type\":\"BreadcrumbList\",\"@id\":\"https:\/\/luxegel.lv\/lv\/product-lv\/twinkle-hema-free-copy-copy-copy\/#breadcrumb\",\"itemListElement\":[{\"@type\":\"ListItem\",\"position\":1,\"name\":\"Galven\u0101\",\"item\":\"https:\/\/luxegel.lv\/lv\/\"},{\"@type\":\"ListItem\",\"position\":2,\"name\":\"Veikals\",\"item\":\"https:\/\/luxegel.lv\/lv\/veikals\/\"},{\"@type\":\"ListItem\",\"position\":3,\"name\":\"Wood-Hema Free\"}]},{\"@type\":\"WebSite\",\"@id\":\"https:\/\/luxegel.lv\/lv\/#website\",\"url\":\"https:\/\/luxegel.lv\/lv\/\",\"name\":\"LUXE GEL PROFESSIONAL\u2122\",\"description\":\"is a leading nail brand on the European market. Luxe Gel currently stock over 500 products including over 350 shades of gel polish, a complete builder gel system and our famous structure base.\",\"potentialAction\":[{\"@type\":\"SearchAction\",\"target\":{\"@type\":\"EntryPoint\",\"urlTemplate\":\"https:\/\/luxegel.lv\/lv\/?s={search_term_string}\"},\"query-input\":{\"@type\":\"PropertyValueSpecification\",\"valueRequired\":true,\"valueName\":\"search_term_string\"}}],\"inLanguage\":\"lv-LV\"}]}<\/script>\n<!-- \/ Yoast SEO plugin. -->","yoast_head_json":{"title":"Wood-Hema Free - LUXE GEL PROFESSIONAL\u2122","robots":{"index":"index","follow":"follow","max-snippet":"max-snippet:-1","max-image-preview":"max-image-preview:large","max-video-preview":"max-video-preview:-1"},"canonical":"https:\/\/luxegel.lv\/lv\/product-lv\/twinkle-hema-free-copy-copy-copy\/","og_locale":"lv_LV","og_type":"article","og_title":"Wood-Hema Free - LUXE GEL PROFESSIONAL\u2122","og_description":"Pateicoties siltajiem apak\u0161to\u0146iem, \u201cWood\u201d tonis d\u0101v\u0101 to silto saj\u016btu, kas rodas, s\u0113\u017eot pie dego\u0161as uguns aukstos vakaros. Iegrimstiet dejojo\u0161o liesmu","og_url":"https:\/\/luxegel.lv\/lv\/product-lv\/twinkle-hema-free-copy-copy-copy\/","og_site_name":"LUXE GEL PROFESSIONAL\u2122","article_modified_time":"2026-04-27T09:24:37+00:00","og_image":[{"width":800,"height":800,"url":"https:\/\/luxegel.lv\/wp-content\/uploads\/2024\/10\/wood-nb.png","type":"image\/png"}],"twitter_card":"summary_large_image","twitter_misc":{"Est. reading time":"1 minute"},"schema":{"@context":"https:\/\/schema.org","@graph":[{"@type":"WebPage","@id":"https:\/\/luxegel.lv\/lv\/product-lv\/twinkle-hema-free-copy-copy-copy\/","url":"https:\/\/luxegel.lv\/lv\/product-lv\/twinkle-hema-free-copy-copy-copy\/","name":"Wood-Hema Free - LUXE GEL PROFESSIONAL\u2122","isPartOf":{"@id":"https:\/\/luxegel.lv\/lv\/#website"},"primaryImageOfPage":{"@id":"https:\/\/luxegel.lv\/lv\/product-lv\/twinkle-hema-free-copy-copy-copy\/#primaryimage"},"image":{"@id":"https:\/\/luxegel.lv\/lv\/product-lv\/twinkle-hema-free-copy-copy-copy\/#primaryimage"},"thumbnailUrl":"https:\/\/luxegel.lv\/wp-content\/uploads\/2024\/10\/wood-nb.png","datePublished":"2024-10-18T09:55:51+00:00","dateModified":"2026-04-27T09:24:37+00:00","breadcrumb":{"@id":"https:\/\/luxegel.lv\/lv\/product-lv\/twinkle-hema-free-copy-copy-copy\/#breadcrumb"},"inLanguage":"lv-LV","potentialAction":[{"@type":"ReadAction","target":["https:\/\/luxegel.lv\/lv\/product-lv\/twinkle-hema-free-copy-copy-copy\/"]}]},{"@type":"ImageObject","inLanguage":"lv-LV","@id":"https:\/\/luxegel.lv\/lv\/product-lv\/twinkle-hema-free-copy-copy-copy\/#primaryimage","url":"https:\/\/luxegel.lv\/wp-content\/uploads\/2024\/10\/wood-nb.png","contentUrl":"https:\/\/luxegel.lv\/wp-content\/uploads\/2024\/10\/wood-nb.png","width":800,"height":800},{"@type":"BreadcrumbList","@id":"https:\/\/luxegel.lv\/lv\/product-lv\/twinkle-hema-free-copy-copy-copy\/#breadcrumb","itemListElement":[{"@type":"ListItem","position":1,"name":"Galven\u0101","item":"https:\/\/luxegel.lv\/lv\/"},{"@type":"ListItem","position":2,"name":"Veikals","item":"https:\/\/luxegel.lv\/lv\/veikals\/"},{"@type":"ListItem","position":3,"name":"Wood-Hema Free"}]},{"@type":"WebSite","@id":"https:\/\/luxegel.lv\/lv\/#website","url":"https:\/\/luxegel.lv\/lv\/","name":"LUXE GEL PROFESSIONAL\u2122","description":"is a leading nail brand on the European market. Luxe Gel currently stock over 500 products including over 350 shades of gel polish, a complete builder gel system and our famous structure base.","potentialAction":[{"@type":"SearchAction","target":{"@type":"EntryPoint","urlTemplate":"https:\/\/luxegel.lv\/lv\/?s={search_term_string}"},"query-input":{"@type":"PropertyValueSpecification","valueRequired":true,"valueName":"search_term_string"}}],"inLanguage":"lv-LV"}]}},"_links":{"self":[{"href":"https:\/\/luxegel.lv\/lv\/wp-json\/wp\/v2\/product\/13793","targetHints":{"allow":["GET"]}}],"collection":[{"href":"https:\/\/luxegel.lv\/lv\/wp-json\/wp\/v2\/product"}],"about":[{"href":"https:\/\/luxegel.lv\/lv\/wp-json\/wp\/v2\/types\/product"}],"version-history":[{"count":0,"href":"https:\/\/luxegel.lv\/lv\/wp-json\/wp\/v2\/product\/13793\/revisions"}],"wp:featuredmedia":[{"embeddable":true,"href":"https:\/\/luxegel.lv\/lv\/wp-json\/wp\/v2\/media\/13797"}],"wp:attachment":[{"href":"https:\/\/luxegel.lv\/lv\/wp-json\/wp\/v2\/media?parent=13793"}],"wp:term":[{"taxonomy":"product_brand","embeddable":true,"href":"https:\/\/luxegel.lv\/lv\/wp-json\/wp\/v2\/product_brand?post=13793"},{"taxonomy":"product_cat","embeddable":true,"href":"https:\/\/luxegel.lv\/lv\/wp-json\/wp\/v2\/product_cat?post=13793"},{"taxonomy":"product_tag","embeddable":true,"href":"https:\/\/luxegel.lv\/lv\/wp-json\/wp\/v2\/product_tag?post=13793"}],"curies":[{"name":"wp","href":"https:\/\/api.w.org\/{rel}","templated":true}]}}