{"id":13735,"date":"2024-10-18T08:58:54","date_gmt":"2024-10-18T08:58:54","guid":{"rendered":"https:\/\/luxegel.lv\/?post_type=product&#038;p=13735"},"modified":"2025-10-24T18:53:15","modified_gmt":"2025-10-24T18:53:15","slug":"twinkle-hema-free-copy-4","status":"publish","type":"product","link":"https:\/\/luxegel.lv\/lv\/product-lv\/twinkle-hema-free-copy-4\/","title":{"rendered":"Meadow-Hema Free"},"content":{"rendered":"<p><em><strong><br \/>K\u0101 kl\u012bstot pa p\u013cavu un redzot rasas pilienus z\u0101les galos \u2013 \u201cMeadow\u201d kr\u0101sa ir ide\u0101ls gai\u0161s, v\u0113ss za\u013cais tonis. \u0160is tonis ir ide\u0101ls papildin\u0101jums \u0161aj\u0101 gadalaik\u0101. <\/strong><\/em><\/p>\n<p><strong><em>#luxegelmeadow<\/em><\/strong><\/p>\n<p><strong>Hema<\/strong><br \/>\n<strong>Free<\/strong><br \/>\n<strong>Di-Hema<\/strong><br \/>\n<strong>Free<\/strong><br \/>\n<strong>TMPAIBOATPO<\/strong><\/p>\n<ul>\n<li dir=\"auto\">Izteikts sp\u012bdums.<\/li>\n<li dir=\"auto\">15ML (0.5fl.oz)<\/li>\n<li dir=\"auto\">100% g\u0113la formula.<\/li>\n<li dir=\"auto\">\u013boti pigment\u0113ta<\/li>\n<li dir=\"auto\">Piln\u012bgs p\u0101rkl\u0101jums ar vienu sl\u0101ni.<\/li>\n<li dir=\"auto\">Z\u012bdaina tekst\u016bra, bez izpl\u016b\u0161anas.<\/li>\n<li dir=\"auto\">Vair\u0101k nek\u0101 20 dienu notur\u012bba.<\/li>\n<li dir=\"auto\">Bez smar\u017eas, nav test\u0113ta uz dz\u012bvniekiem un videi draudz\u012bga.<\/li>\n<li dir=\"auto\">Piln\u012bb\u0101 sertific\u0113ta un p\u0101rbaud\u012bta.<\/li>\n<li dir=\"auto\">\u017d\u016bst UV\/LED lamp\u0101 &#8211; 120 sek. UV vai 60 sek. LED.<\/li>\n<li dir=\"auto\">Supergluda oti\u0146a.<\/li>\n<li dir=\"auto\">Viegli uzkl\u0101jama, bez sabiez\u0113jumiem, \u0161\u0137el\u0161an\u0101s vai izsm\u0113r\u0113\u0161an\u0101s.<\/li>\n<\/ul>\n<div dir=\"auto\">NEKAIT\u012aGAS SAST\u0100VDA\u013bAS<\/div>\n<div dir=\"auto\"><\/div>\n<div dir=\"auto\">11-FREE formula \u2013 nesatur toksiskas vielas:<\/div>\n<div dir=\"auto\"><\/div>\n<div dir=\"auto\">formaldeh\u012bdu, parab\u0113nus, kamparu, dibutilftal\u0101tu, formaldeh\u012bda sve\u0137us, ksilolu, etiltozilam\u012bdu, toluolu, bisfenolu A, sulf\u0101tus, trifenilfos\u0101tu.<\/div>\n<div dir=\"auto\"><\/div>\n<div dir=\"auto\"><strong>Kr\u0101su att\u0113lojums:<\/strong><\/div>\n<div dir=\"auto\">M\u0113s pieliekam maksim\u0101las p\u016bles, lai produktu att\u0113li b\u016btu p\u0113c iesp\u0113jas prec\u012bzi. \u0145emot v\u0113r\u0101, ka elektroniskaj\u0101s ier\u012bc\u0113s ir da\u017e\u0101di kr\u0101su\/iz\u0161\u0137irtsp\u0113jas iestat\u012bjumi, kr\u0101su att\u0113lojums var nedaudz at\u0161\u0137irties no fizisk\u0101 produkta.<\/div>\n","protected":false},"excerpt":{"rendered":"<p>K\u0101 kl\u012bstot pa p\u013cavu un redzot rasas pilienus z\u0101les galos \u2013 \u201cMeadow\u201d kr\u0101sa ir ide\u0101ls gai\u0161s, v\u0113ss za\u013cais tonis. \u0160is<\/p>\n","protected":false},"featured_media":13739,"template":"","meta":{"_acf_changed":false,"om_disable_all_campaigns":false},"product_brand":[],"product_cat":[509,157,154,513,501],"product_tag":[210],"class_list":{"0":"post-13735","1":"product","2":"type-product","3":"status-publish","4":"has-post-thumbnail","6":"product_cat-bez-hema","7":"product_cat-gela-lakas","8":"product_cat-luxe-gel-professional-lv","9":"product_cat-pasteltoni","10":"product_cat-visi-toni","11":"product_tag-green-lv","13":"first","14":"instock","15":"sale","16":"shipping-taxable","17":"purchasable","18":"product-type-simple"},"acf":[],"yoast_head":"<!-- This site is optimized with the Yoast SEO plugin v23.8 - https:\/\/yoast.com\/wordpress\/plugins\/seo\/ -->\n<title>Meadow-Hema Free - LUXE GEL PROFESSIONAL\u2122<\/title>\n<meta name=\"robots\" content=\"index, follow, max-snippet:-1, max-image-preview:large, max-video-preview:-1\" \/>\n<link rel=\"canonical\" href=\"https:\/\/luxegel.lv\/lv\/product-lv\/twinkle-hema-free-copy-4\/\" \/>\n<meta property=\"og:locale\" content=\"lv_LV\" \/>\n<meta property=\"og:type\" content=\"article\" \/>\n<meta property=\"og:title\" content=\"Meadow-Hema Free - LUXE GEL PROFESSIONAL\u2122\" \/>\n<meta property=\"og:description\" content=\"K\u0101 kl\u012bstot pa p\u013cavu un redzot rasas pilienus z\u0101les galos \u2013 \u201cMeadow\u201d kr\u0101sa ir ide\u0101ls gai\u0161s, v\u0113ss za\u013cais tonis. \u0160is\" \/>\n<meta property=\"og:url\" content=\"https:\/\/luxegel.lv\/lv\/product-lv\/twinkle-hema-free-copy-4\/\" \/>\n<meta property=\"og:site_name\" content=\"LUXE GEL PROFESSIONAL\u2122\" \/>\n<meta property=\"article:modified_time\" content=\"2025-10-24T18:53:15+00:00\" \/>\n<meta property=\"og:image\" content=\"https:\/\/luxegel.lv\/wp-content\/uploads\/2024\/10\/meadow-nb.png\" \/>\n\t<meta property=\"og:image:width\" content=\"800\" \/>\n\t<meta property=\"og:image:height\" content=\"800\" \/>\n\t<meta property=\"og:image:type\" content=\"image\/png\" \/>\n<meta name=\"twitter:card\" content=\"summary_large_image\" \/>\n<meta name=\"twitter:label1\" content=\"Est. reading time\" \/>\n\t<meta name=\"twitter:data1\" content=\"1 minute\" \/>\n<script type=\"application\/ld+json\" class=\"yoast-schema-graph\">{\"@context\":\"https:\/\/schema.org\",\"@graph\":[{\"@type\":\"WebPage\",\"@id\":\"https:\/\/luxegel.lv\/lv\/product-lv\/twinkle-hema-free-copy-4\/\",\"url\":\"https:\/\/luxegel.lv\/lv\/product-lv\/twinkle-hema-free-copy-4\/\",\"name\":\"Meadow-Hema Free - LUXE GEL PROFESSIONAL\u2122\",\"isPartOf\":{\"@id\":\"https:\/\/luxegel.lv\/lv\/#website\"},\"primaryImageOfPage\":{\"@id\":\"https:\/\/luxegel.lv\/lv\/product-lv\/twinkle-hema-free-copy-4\/#primaryimage\"},\"image\":{\"@id\":\"https:\/\/luxegel.lv\/lv\/product-lv\/twinkle-hema-free-copy-4\/#primaryimage\"},\"thumbnailUrl\":\"https:\/\/luxegel.lv\/wp-content\/uploads\/2024\/10\/meadow-nb.png\",\"datePublished\":\"2024-10-18T08:58:54+00:00\",\"dateModified\":\"2025-10-24T18:53:15+00:00\",\"breadcrumb\":{\"@id\":\"https:\/\/luxegel.lv\/lv\/product-lv\/twinkle-hema-free-copy-4\/#breadcrumb\"},\"inLanguage\":\"lv-LV\",\"potentialAction\":[{\"@type\":\"ReadAction\",\"target\":[\"https:\/\/luxegel.lv\/lv\/product-lv\/twinkle-hema-free-copy-4\/\"]}]},{\"@type\":\"ImageObject\",\"inLanguage\":\"lv-LV\",\"@id\":\"https:\/\/luxegel.lv\/lv\/product-lv\/twinkle-hema-free-copy-4\/#primaryimage\",\"url\":\"https:\/\/luxegel.lv\/wp-content\/uploads\/2024\/10\/meadow-nb.png\",\"contentUrl\":\"https:\/\/luxegel.lv\/wp-content\/uploads\/2024\/10\/meadow-nb.png\",\"width\":800,\"height\":800},{\"@type\":\"BreadcrumbList\",\"@id\":\"https:\/\/luxegel.lv\/lv\/product-lv\/twinkle-hema-free-copy-4\/#breadcrumb\",\"itemListElement\":[{\"@type\":\"ListItem\",\"position\":1,\"name\":\"Galven\u0101\",\"item\":\"https:\/\/luxegel.lv\/lv\/\"},{\"@type\":\"ListItem\",\"position\":2,\"name\":\"Veikals\",\"item\":\"https:\/\/luxegel.lv\/lv\/veikals\/\"},{\"@type\":\"ListItem\",\"position\":3,\"name\":\"Meadow-Hema Free\"}]},{\"@type\":\"WebSite\",\"@id\":\"https:\/\/luxegel.lv\/lv\/#website\",\"url\":\"https:\/\/luxegel.lv\/lv\/\",\"name\":\"LUXE GEL PROFESSIONAL\u2122\",\"description\":\"is a leading nail brand on the European market. Luxe Gel currently stock over 500 products including over 350 shades of gel polish, a complete builder gel system and our famous structure base.\",\"potentialAction\":[{\"@type\":\"SearchAction\",\"target\":{\"@type\":\"EntryPoint\",\"urlTemplate\":\"https:\/\/luxegel.lv\/lv\/?s={search_term_string}\"},\"query-input\":{\"@type\":\"PropertyValueSpecification\",\"valueRequired\":true,\"valueName\":\"search_term_string\"}}],\"inLanguage\":\"lv-LV\"}]}<\/script>\n<!-- \/ Yoast SEO plugin. -->","yoast_head_json":{"title":"Meadow-Hema Free - LUXE GEL PROFESSIONAL\u2122","robots":{"index":"index","follow":"follow","max-snippet":"max-snippet:-1","max-image-preview":"max-image-preview:large","max-video-preview":"max-video-preview:-1"},"canonical":"https:\/\/luxegel.lv\/lv\/product-lv\/twinkle-hema-free-copy-4\/","og_locale":"lv_LV","og_type":"article","og_title":"Meadow-Hema Free - LUXE GEL PROFESSIONAL\u2122","og_description":"K\u0101 kl\u012bstot pa p\u013cavu un redzot rasas pilienus z\u0101les galos \u2013 \u201cMeadow\u201d kr\u0101sa ir ide\u0101ls gai\u0161s, v\u0113ss za\u013cais tonis. \u0160is","og_url":"https:\/\/luxegel.lv\/lv\/product-lv\/twinkle-hema-free-copy-4\/","og_site_name":"LUXE GEL PROFESSIONAL\u2122","article_modified_time":"2025-10-24T18:53:15+00:00","og_image":[{"width":800,"height":800,"url":"https:\/\/luxegel.lv\/wp-content\/uploads\/2024\/10\/meadow-nb.png","type":"image\/png"}],"twitter_card":"summary_large_image","twitter_misc":{"Est. reading time":"1 minute"},"schema":{"@context":"https:\/\/schema.org","@graph":[{"@type":"WebPage","@id":"https:\/\/luxegel.lv\/lv\/product-lv\/twinkle-hema-free-copy-4\/","url":"https:\/\/luxegel.lv\/lv\/product-lv\/twinkle-hema-free-copy-4\/","name":"Meadow-Hema Free - LUXE GEL PROFESSIONAL\u2122","isPartOf":{"@id":"https:\/\/luxegel.lv\/lv\/#website"},"primaryImageOfPage":{"@id":"https:\/\/luxegel.lv\/lv\/product-lv\/twinkle-hema-free-copy-4\/#primaryimage"},"image":{"@id":"https:\/\/luxegel.lv\/lv\/product-lv\/twinkle-hema-free-copy-4\/#primaryimage"},"thumbnailUrl":"https:\/\/luxegel.lv\/wp-content\/uploads\/2024\/10\/meadow-nb.png","datePublished":"2024-10-18T08:58:54+00:00","dateModified":"2025-10-24T18:53:15+00:00","breadcrumb":{"@id":"https:\/\/luxegel.lv\/lv\/product-lv\/twinkle-hema-free-copy-4\/#breadcrumb"},"inLanguage":"lv-LV","potentialAction":[{"@type":"ReadAction","target":["https:\/\/luxegel.lv\/lv\/product-lv\/twinkle-hema-free-copy-4\/"]}]},{"@type":"ImageObject","inLanguage":"lv-LV","@id":"https:\/\/luxegel.lv\/lv\/product-lv\/twinkle-hema-free-copy-4\/#primaryimage","url":"https:\/\/luxegel.lv\/wp-content\/uploads\/2024\/10\/meadow-nb.png","contentUrl":"https:\/\/luxegel.lv\/wp-content\/uploads\/2024\/10\/meadow-nb.png","width":800,"height":800},{"@type":"BreadcrumbList","@id":"https:\/\/luxegel.lv\/lv\/product-lv\/twinkle-hema-free-copy-4\/#breadcrumb","itemListElement":[{"@type":"ListItem","position":1,"name":"Galven\u0101","item":"https:\/\/luxegel.lv\/lv\/"},{"@type":"ListItem","position":2,"name":"Veikals","item":"https:\/\/luxegel.lv\/lv\/veikals\/"},{"@type":"ListItem","position":3,"name":"Meadow-Hema Free"}]},{"@type":"WebSite","@id":"https:\/\/luxegel.lv\/lv\/#website","url":"https:\/\/luxegel.lv\/lv\/","name":"LUXE GEL PROFESSIONAL\u2122","description":"is a leading nail brand on the European market. Luxe Gel currently stock over 500 products including over 350 shades of gel polish, a complete builder gel system and our famous structure base.","potentialAction":[{"@type":"SearchAction","target":{"@type":"EntryPoint","urlTemplate":"https:\/\/luxegel.lv\/lv\/?s={search_term_string}"},"query-input":{"@type":"PropertyValueSpecification","valueRequired":true,"valueName":"search_term_string"}}],"inLanguage":"lv-LV"}]}},"_links":{"self":[{"href":"https:\/\/luxegel.lv\/lv\/wp-json\/wp\/v2\/product\/13735","targetHints":{"allow":["GET"]}}],"collection":[{"href":"https:\/\/luxegel.lv\/lv\/wp-json\/wp\/v2\/product"}],"about":[{"href":"https:\/\/luxegel.lv\/lv\/wp-json\/wp\/v2\/types\/product"}],"version-history":[{"count":0,"href":"https:\/\/luxegel.lv\/lv\/wp-json\/wp\/v2\/product\/13735\/revisions"}],"wp:featuredmedia":[{"embeddable":true,"href":"https:\/\/luxegel.lv\/lv\/wp-json\/wp\/v2\/media\/13739"}],"wp:attachment":[{"href":"https:\/\/luxegel.lv\/lv\/wp-json\/wp\/v2\/media?parent=13735"}],"wp:term":[{"taxonomy":"product_brand","embeddable":true,"href":"https:\/\/luxegel.lv\/lv\/wp-json\/wp\/v2\/product_brand?post=13735"},{"taxonomy":"product_cat","embeddable":true,"href":"https:\/\/luxegel.lv\/lv\/wp-json\/wp\/v2\/product_cat?post=13735"},{"taxonomy":"product_tag","embeddable":true,"href":"https:\/\/luxegel.lv\/lv\/wp-json\/wp\/v2\/product_tag?post=13735"}],"curies":[{"name":"wp","href":"https:\/\/api.w.org\/{rel}","templated":true}]}}