{"id":13724,"date":"2024-10-18T08:48:52","date_gmt":"2024-10-18T08:48:52","guid":{"rendered":"https:\/\/luxegel.lv\/?post_type=product&#038;p=13724"},"modified":"2026-01-07T10:13:22","modified_gmt":"2026-01-07T10:13:22","slug":"twinkle-hema-free-copy-3","status":"publish","type":"product","link":"https:\/\/luxegel.lv\/lv\/product-lv\/twinkle-hema-free-copy-3\/","title":{"rendered":"Serenity-Hema Free"},"content":{"rendered":"<p><em><strong>T\u0101 viegl\u0101 un mier\u012bg\u0101 saj\u016bta, kas rodas agr\u0101 rudens r\u012bt\u0101. T\u0101 saj\u016bta, ka pastaiga pa m\u0101ko\u0146iem dr\u016bm\u0101 dien\u0101, ir tas, kas jums ir nepiecie\u0161ams. \u201cSerenity\u201d ir ide\u0101ls roz\u0101 tonis, kuru izv\u0113l\u0113ties. J\u016bsu perfekt\u0101s neitr\u0101l\u0101s roz\u0101 kr\u0101sas maigais tonis.  <\/strong><\/em><\/p>\n<p><strong><em>#luxegelserenity<\/em><\/strong><\/p>\n<p><strong>Hema<\/strong><br \/>\n<strong>Free<\/strong><br \/>\n<strong>Di-Hema<\/strong><br \/>\n<strong>Free<\/strong><br \/>\n<strong>TMPAIBOATPO<\/strong><\/p>\n<ul>\n<li dir=\"auto\">Izteikts sp\u012bdums.<\/li>\n<li dir=\"auto\">15ML (0.5fl.oz)<\/li>\n<li dir=\"auto\">100% g\u0113la formula.<\/li>\n<li dir=\"auto\">\u013boti pigment\u0113ta<\/li>\n<li dir=\"auto\">Piln\u012bgs p\u0101rkl\u0101jums ar vienu sl\u0101ni.<\/li>\n<li dir=\"auto\">Z\u012bdaina tekst\u016bra, bez izpl\u016b\u0161anas.<\/li>\n<li dir=\"auto\">Vair\u0101k nek\u0101 20 dienu notur\u012bba.<\/li>\n<li dir=\"auto\">Bez smar\u017eas, nav test\u0113ta uz dz\u012bvniekiem un videi draudz\u012bga.<\/li>\n<li dir=\"auto\">Piln\u012bb\u0101 sertific\u0113ta un p\u0101rbaud\u012bta.<\/li>\n<li dir=\"auto\">\u017d\u016bst UV\/LED lamp\u0101 &#8211; 120 sek. UV vai 60 sek. LED.<\/li>\n<li dir=\"auto\">Supergluda oti\u0146a.<\/li>\n<li dir=\"auto\">Viegli uzkl\u0101jama, bez sabiez\u0113jumiem, \u0161\u0137el\u0161an\u0101s vai izsm\u0113r\u0113\u0161an\u0101s.<\/li>\n<\/ul>\n<div dir=\"auto\">NEKAIT\u012aGAS SAST\u0100VDA\u013bAS<\/div>\n<div dir=\"auto\"><\/div>\n<div dir=\"auto\">11-FREE formula \u2013 nesatur toksiskas vielas:<\/div>\n<div dir=\"auto\"><\/div>\n<div dir=\"auto\">formaldeh\u012bdu, parab\u0113nus, kamparu, dibutilftal\u0101tu, formaldeh\u012bda sve\u0137us, ksilolu, etiltozilam\u012bdu, toluolu, bisfenolu A, sulf\u0101tus, trifenilfos\u0101tu.<\/div>\n<div dir=\"auto\"><\/div>\n<div dir=\"auto\"><strong>Kr\u0101su att\u0113lojums:<\/strong><\/div>\n<div dir=\"auto\">M\u0113s pieliekam maksim\u0101las p\u016bles, lai produktu att\u0113li b\u016btu p\u0113c iesp\u0113jas prec\u012bzi. \u0145emot v\u0113r\u0101, ka elektroniskaj\u0101s ier\u012bc\u0113s ir da\u017e\u0101di kr\u0101su\/iz\u0161\u0137irtsp\u0113jas iestat\u012bjumi, kr\u0101su att\u0113lojums var nedaudz at\u0161\u0137irties no fizisk\u0101 produkta.<\/div>\n","protected":false},"excerpt":{"rendered":"<p>T\u0101 viegl\u0101 un mier\u012bg\u0101 saj\u016bta, kas rodas agr\u0101 rudens r\u012bt\u0101. T\u0101 saj\u016bta, ka pastaiga pa m\u0101ko\u0146iem dr\u016bm\u0101 dien\u0101, ir tas,<\/p>\n","protected":false},"featured_media":13729,"template":"","meta":{"_acf_changed":false,"om_disable_all_campaigns":false},"product_brand":[],"product_cat":[509,157,154,513,501],"product_tag":[174,182],"class_list":{"0":"post-13724","1":"product","2":"type-product","3":"status-publish","4":"has-post-thumbnail","6":"product_cat-bez-hema","7":"product_cat-gela-lakas","8":"product_cat-luxe-gel-professional-lv","9":"product_cat-pasteltoni","10":"product_cat-visi-toni","11":"product_tag-pink-lv","12":"product_tag-rose-lv","14":"first","15":"instock","16":"sale","17":"shipping-taxable","18":"purchasable","19":"product-type-simple"},"acf":[],"yoast_head":"<!-- This site is optimized with the Yoast SEO plugin v23.8 - https:\/\/yoast.com\/wordpress\/plugins\/seo\/ -->\n<title>Serenity-Hema Free - LUXE GEL PROFESSIONAL\u2122<\/title>\n<meta name=\"robots\" content=\"index, follow, max-snippet:-1, max-image-preview:large, max-video-preview:-1\" \/>\n<link rel=\"canonical\" href=\"https:\/\/luxegel.lv\/lv\/product-lv\/twinkle-hema-free-copy-3\/\" \/>\n<meta property=\"og:locale\" content=\"lv_LV\" \/>\n<meta property=\"og:type\" content=\"article\" \/>\n<meta property=\"og:title\" content=\"Serenity-Hema Free - LUXE GEL PROFESSIONAL\u2122\" \/>\n<meta property=\"og:description\" content=\"T\u0101 viegl\u0101 un mier\u012bg\u0101 saj\u016bta, kas rodas agr\u0101 rudens r\u012bt\u0101. T\u0101 saj\u016bta, ka pastaiga pa m\u0101ko\u0146iem dr\u016bm\u0101 dien\u0101, ir tas,\" \/>\n<meta property=\"og:url\" content=\"https:\/\/luxegel.lv\/lv\/product-lv\/twinkle-hema-free-copy-3\/\" \/>\n<meta property=\"og:site_name\" content=\"LUXE GEL PROFESSIONAL\u2122\" \/>\n<meta property=\"article:modified_time\" content=\"2026-01-07T10:13:22+00:00\" \/>\n<meta property=\"og:image\" content=\"https:\/\/luxegel.lv\/wp-content\/uploads\/2024\/10\/serenity-nb.png\" \/>\n\t<meta property=\"og:image:width\" content=\"800\" \/>\n\t<meta property=\"og:image:height\" content=\"800\" \/>\n\t<meta property=\"og:image:type\" content=\"image\/png\" \/>\n<meta name=\"twitter:card\" content=\"summary_large_image\" \/>\n<meta name=\"twitter:label1\" content=\"Est. reading time\" \/>\n\t<meta name=\"twitter:data1\" content=\"1 minute\" \/>\n<script type=\"application\/ld+json\" class=\"yoast-schema-graph\">{\"@context\":\"https:\/\/schema.org\",\"@graph\":[{\"@type\":\"WebPage\",\"@id\":\"https:\/\/luxegel.lv\/lv\/product-lv\/twinkle-hema-free-copy-3\/\",\"url\":\"https:\/\/luxegel.lv\/lv\/product-lv\/twinkle-hema-free-copy-3\/\",\"name\":\"Serenity-Hema Free - LUXE GEL PROFESSIONAL\u2122\",\"isPartOf\":{\"@id\":\"https:\/\/luxegel.lv\/lv\/#website\"},\"primaryImageOfPage\":{\"@id\":\"https:\/\/luxegel.lv\/lv\/product-lv\/twinkle-hema-free-copy-3\/#primaryimage\"},\"image\":{\"@id\":\"https:\/\/luxegel.lv\/lv\/product-lv\/twinkle-hema-free-copy-3\/#primaryimage\"},\"thumbnailUrl\":\"https:\/\/luxegel.lv\/wp-content\/uploads\/2024\/10\/serenity-nb.png\",\"datePublished\":\"2024-10-18T08:48:52+00:00\",\"dateModified\":\"2026-01-07T10:13:22+00:00\",\"breadcrumb\":{\"@id\":\"https:\/\/luxegel.lv\/lv\/product-lv\/twinkle-hema-free-copy-3\/#breadcrumb\"},\"inLanguage\":\"lv-LV\",\"potentialAction\":[{\"@type\":\"ReadAction\",\"target\":[\"https:\/\/luxegel.lv\/lv\/product-lv\/twinkle-hema-free-copy-3\/\"]}]},{\"@type\":\"ImageObject\",\"inLanguage\":\"lv-LV\",\"@id\":\"https:\/\/luxegel.lv\/lv\/product-lv\/twinkle-hema-free-copy-3\/#primaryimage\",\"url\":\"https:\/\/luxegel.lv\/wp-content\/uploads\/2024\/10\/serenity-nb.png\",\"contentUrl\":\"https:\/\/luxegel.lv\/wp-content\/uploads\/2024\/10\/serenity-nb.png\",\"width\":800,\"height\":800},{\"@type\":\"BreadcrumbList\",\"@id\":\"https:\/\/luxegel.lv\/lv\/product-lv\/twinkle-hema-free-copy-3\/#breadcrumb\",\"itemListElement\":[{\"@type\":\"ListItem\",\"position\":1,\"name\":\"Galven\u0101\",\"item\":\"https:\/\/luxegel.lv\/lv\/\"},{\"@type\":\"ListItem\",\"position\":2,\"name\":\"Veikals\",\"item\":\"https:\/\/luxegel.lv\/lv\/veikals\/\"},{\"@type\":\"ListItem\",\"position\":3,\"name\":\"Serenity-Hema Free\"}]},{\"@type\":\"WebSite\",\"@id\":\"https:\/\/luxegel.lv\/lv\/#website\",\"url\":\"https:\/\/luxegel.lv\/lv\/\",\"name\":\"LUXE GEL PROFESSIONAL\u2122\",\"description\":\"is a leading nail brand on the European market. Luxe Gel currently stock over 500 products including over 350 shades of gel polish, a complete builder gel system and our famous structure base.\",\"potentialAction\":[{\"@type\":\"SearchAction\",\"target\":{\"@type\":\"EntryPoint\",\"urlTemplate\":\"https:\/\/luxegel.lv\/lv\/?s={search_term_string}\"},\"query-input\":{\"@type\":\"PropertyValueSpecification\",\"valueRequired\":true,\"valueName\":\"search_term_string\"}}],\"inLanguage\":\"lv-LV\"}]}<\/script>\n<!-- \/ Yoast SEO plugin. -->","yoast_head_json":{"title":"Serenity-Hema Free - LUXE GEL PROFESSIONAL\u2122","robots":{"index":"index","follow":"follow","max-snippet":"max-snippet:-1","max-image-preview":"max-image-preview:large","max-video-preview":"max-video-preview:-1"},"canonical":"https:\/\/luxegel.lv\/lv\/product-lv\/twinkle-hema-free-copy-3\/","og_locale":"lv_LV","og_type":"article","og_title":"Serenity-Hema Free - LUXE GEL PROFESSIONAL\u2122","og_description":"T\u0101 viegl\u0101 un mier\u012bg\u0101 saj\u016bta, kas rodas agr\u0101 rudens r\u012bt\u0101. T\u0101 saj\u016bta, ka pastaiga pa m\u0101ko\u0146iem dr\u016bm\u0101 dien\u0101, ir tas,","og_url":"https:\/\/luxegel.lv\/lv\/product-lv\/twinkle-hema-free-copy-3\/","og_site_name":"LUXE GEL PROFESSIONAL\u2122","article_modified_time":"2026-01-07T10:13:22+00:00","og_image":[{"width":800,"height":800,"url":"https:\/\/luxegel.lv\/wp-content\/uploads\/2024\/10\/serenity-nb.png","type":"image\/png"}],"twitter_card":"summary_large_image","twitter_misc":{"Est. reading time":"1 minute"},"schema":{"@context":"https:\/\/schema.org","@graph":[{"@type":"WebPage","@id":"https:\/\/luxegel.lv\/lv\/product-lv\/twinkle-hema-free-copy-3\/","url":"https:\/\/luxegel.lv\/lv\/product-lv\/twinkle-hema-free-copy-3\/","name":"Serenity-Hema Free - LUXE GEL PROFESSIONAL\u2122","isPartOf":{"@id":"https:\/\/luxegel.lv\/lv\/#website"},"primaryImageOfPage":{"@id":"https:\/\/luxegel.lv\/lv\/product-lv\/twinkle-hema-free-copy-3\/#primaryimage"},"image":{"@id":"https:\/\/luxegel.lv\/lv\/product-lv\/twinkle-hema-free-copy-3\/#primaryimage"},"thumbnailUrl":"https:\/\/luxegel.lv\/wp-content\/uploads\/2024\/10\/serenity-nb.png","datePublished":"2024-10-18T08:48:52+00:00","dateModified":"2026-01-07T10:13:22+00:00","breadcrumb":{"@id":"https:\/\/luxegel.lv\/lv\/product-lv\/twinkle-hema-free-copy-3\/#breadcrumb"},"inLanguage":"lv-LV","potentialAction":[{"@type":"ReadAction","target":["https:\/\/luxegel.lv\/lv\/product-lv\/twinkle-hema-free-copy-3\/"]}]},{"@type":"ImageObject","inLanguage":"lv-LV","@id":"https:\/\/luxegel.lv\/lv\/product-lv\/twinkle-hema-free-copy-3\/#primaryimage","url":"https:\/\/luxegel.lv\/wp-content\/uploads\/2024\/10\/serenity-nb.png","contentUrl":"https:\/\/luxegel.lv\/wp-content\/uploads\/2024\/10\/serenity-nb.png","width":800,"height":800},{"@type":"BreadcrumbList","@id":"https:\/\/luxegel.lv\/lv\/product-lv\/twinkle-hema-free-copy-3\/#breadcrumb","itemListElement":[{"@type":"ListItem","position":1,"name":"Galven\u0101","item":"https:\/\/luxegel.lv\/lv\/"},{"@type":"ListItem","position":2,"name":"Veikals","item":"https:\/\/luxegel.lv\/lv\/veikals\/"},{"@type":"ListItem","position":3,"name":"Serenity-Hema Free"}]},{"@type":"WebSite","@id":"https:\/\/luxegel.lv\/lv\/#website","url":"https:\/\/luxegel.lv\/lv\/","name":"LUXE GEL PROFESSIONAL\u2122","description":"is a leading nail brand on the European market. Luxe Gel currently stock over 500 products including over 350 shades of gel polish, a complete builder gel system and our famous structure base.","potentialAction":[{"@type":"SearchAction","target":{"@type":"EntryPoint","urlTemplate":"https:\/\/luxegel.lv\/lv\/?s={search_term_string}"},"query-input":{"@type":"PropertyValueSpecification","valueRequired":true,"valueName":"search_term_string"}}],"inLanguage":"lv-LV"}]}},"_links":{"self":[{"href":"https:\/\/luxegel.lv\/lv\/wp-json\/wp\/v2\/product\/13724","targetHints":{"allow":["GET"]}}],"collection":[{"href":"https:\/\/luxegel.lv\/lv\/wp-json\/wp\/v2\/product"}],"about":[{"href":"https:\/\/luxegel.lv\/lv\/wp-json\/wp\/v2\/types\/product"}],"version-history":[{"count":0,"href":"https:\/\/luxegel.lv\/lv\/wp-json\/wp\/v2\/product\/13724\/revisions"}],"wp:featuredmedia":[{"embeddable":true,"href":"https:\/\/luxegel.lv\/lv\/wp-json\/wp\/v2\/media\/13729"}],"wp:attachment":[{"href":"https:\/\/luxegel.lv\/lv\/wp-json\/wp\/v2\/media?parent=13724"}],"wp:term":[{"taxonomy":"product_brand","embeddable":true,"href":"https:\/\/luxegel.lv\/lv\/wp-json\/wp\/v2\/product_brand?post=13724"},{"taxonomy":"product_cat","embeddable":true,"href":"https:\/\/luxegel.lv\/lv\/wp-json\/wp\/v2\/product_cat?post=13724"},{"taxonomy":"product_tag","embeddable":true,"href":"https:\/\/luxegel.lv\/lv\/wp-json\/wp\/v2\/product_tag?post=13724"}],"curies":[{"name":"wp","href":"https:\/\/api.w.org\/{rel}","templated":true}]}}