{"id":13619,"date":"2024-10-10T09:49:11","date_gmt":"2024-10-10T09:49:11","guid":{"rendered":"https:\/\/luxegel.lv\/?post_type=product&#038;p=13619"},"modified":"2025-10-24T18:53:21","modified_gmt":"2025-10-24T18:53:21","slug":"spidiga-lainera-ota-7-mm-copy-2","status":"publish","type":"product","link":"https:\/\/luxegel.lv\/lv\/product-lv\/spidiga-lainera-ota-7-mm-copy-2\/","title":{"rendered":"SP\u012aD\u012aGA LAINERA OTA 12MM"},"content":{"rendered":"<p><em><b>Kolinski ota smalku l\u012bniju z\u012bm\u0113\u0161anai ir izgatavota no augst\u0101k\u0101s kvalit\u0101tes dab\u012bgiem sariem, kas nodro\u0161ina augstu darba komfortu un precizit\u0101ti, veidojot vispras\u012bg\u0101kos dizainus. Ide\u0101li piem\u0113rota nagu dizainu veido\u0161anai ar akvare\u013ckr\u0101s\u0101m, akrila un g\u0113la kr\u0101s\u0101m. T\u0101 atbilst pat vispras\u012bg\u0101ko nagu stilistu cer\u012bb\u0101m. Ota \u013cauj va\u013cu neierobe\u017eotai fant\u0101zijai, veidojot nagu dizaina darbus.<\/b><\/em><\/p>\n<p><strong>Papildu priek\u0161roc\u012bba ir otas rokturis, kas ir pild\u012bts ar ro\u017eaini zelt\u012btiem pl\u012bvojo\u0161iem mirdzumiem, kas padara to neticami elegantu un ac\u012bm t\u012bkamu.<\/strong><\/p>\n<p><strong>#luxegelbrush<\/strong><\/p>\n<p>IEZ\u012aMES:<\/p>\n<ul>\n<li>Augstas klases Kolinski sari<\/li>\n<li>Saru garums: 12 mm.<\/li>\n<li>Vara uzmavi\u0146a<\/li>\n<li>Akrila-met\u0101la rokturis<\/li>\n<li>Roktura izm\u0113rs &#8211; 12,7 cm<\/li>\n<\/ul>\n<p><strong>Svar\u012bgs br\u012bdin\u0101jums: Pirms pirm\u0101s lieto\u0161anas reizes not\u012briet to ar otu t\u012br\u012b\u0161anas l\u012bdzekli vai nagu \u0161\u0137idrumu. Otas t\u012br\u012b\u0161anai nelietojiet ACETONU.<\/strong><\/p>\n<p>&nbsp;<\/p>\n","protected":false},"excerpt":{"rendered":"<p>Kolinski ota smalku l\u012bniju z\u012bm\u0113\u0161anai ir izgatavota no augst\u0101k\u0101s kvalit\u0101tes dab\u012bgiem sariem, kas nodro\u0161ina augstu darba komfortu un precizit\u0101ti, veidojot<\/p>\n","protected":false},"featured_media":13622,"template":"","meta":{"_acf_changed":false},"product_brand":[],"product_cat":[154,340],"product_tag":[],"class_list":{"0":"post-13619","1":"product","2":"type-product","3":"status-publish","4":"has-post-thumbnail","6":"product_cat-luxe-gel-professional-lv","7":"product_cat-sketes","9":"first","10":"instock","11":"sale","12":"shipping-taxable","13":"purchasable","14":"product-type-simple"},"acf":[],"yoast_head":"<!-- This site is optimized with the Yoast SEO plugin v23.8 - https:\/\/yoast.com\/wordpress\/plugins\/seo\/ -->\n<title>SP\u012aD\u012aGA LAINERA OTA 12MM - LUXE GEL PROFESSIONAL\u2122<\/title>\n<meta name=\"robots\" content=\"index, follow, max-snippet:-1, max-image-preview:large, max-video-preview:-1\" \/>\n<link rel=\"canonical\" href=\"https:\/\/luxegel.lv\/lv\/product-lv\/spidiga-lainera-ota-7-mm-copy-2\/\" \/>\n<meta property=\"og:locale\" content=\"lv_LV\" \/>\n<meta property=\"og:type\" content=\"article\" \/>\n<meta property=\"og:title\" content=\"SP\u012aD\u012aGA LAINERA OTA 12MM - LUXE GEL PROFESSIONAL\u2122\" \/>\n<meta property=\"og:description\" content=\"Kolinski ota smalku l\u012bniju z\u012bm\u0113\u0161anai ir izgatavota no augst\u0101k\u0101s kvalit\u0101tes dab\u012bgiem sariem, kas nodro\u0161ina augstu darba komfortu un precizit\u0101ti, veidojot\" \/>\n<meta property=\"og:url\" content=\"https:\/\/luxegel.lv\/lv\/product-lv\/spidiga-lainera-ota-7-mm-copy-2\/\" \/>\n<meta property=\"og:site_name\" content=\"LUXE GEL PROFESSIONAL\u2122\" \/>\n<meta property=\"article:modified_time\" content=\"2025-10-24T18:53:21+00:00\" \/>\n<meta property=\"og:image\" content=\"https:\/\/luxegel.lv\/wp-content\/uploads\/2024\/10\/glliter-12mm.webp\" \/>\n\t<meta property=\"og:image:width\" content=\"1000\" \/>\n\t<meta property=\"og:image:height\" content=\"1000\" \/>\n\t<meta property=\"og:image:type\" content=\"image\/webp\" \/>\n<meta name=\"twitter:card\" content=\"summary_large_image\" \/>\n<meta name=\"twitter:label1\" content=\"Est. reading time\" \/>\n\t<meta name=\"twitter:data1\" content=\"1 minute\" \/>\n<script type=\"application\/ld+json\" class=\"yoast-schema-graph\">{\"@context\":\"https:\/\/schema.org\",\"@graph\":[{\"@type\":\"WebPage\",\"@id\":\"https:\/\/luxegel.lv\/lv\/product-lv\/spidiga-lainera-ota-7-mm-copy-2\/\",\"url\":\"https:\/\/luxegel.lv\/lv\/product-lv\/spidiga-lainera-ota-7-mm-copy-2\/\",\"name\":\"SP\u012aD\u012aGA LAINERA OTA 12MM - LUXE GEL PROFESSIONAL\u2122\",\"isPartOf\":{\"@id\":\"https:\/\/luxegel.lv\/lv\/#website\"},\"primaryImageOfPage\":{\"@id\":\"https:\/\/luxegel.lv\/lv\/product-lv\/spidiga-lainera-ota-7-mm-copy-2\/#primaryimage\"},\"image\":{\"@id\":\"https:\/\/luxegel.lv\/lv\/product-lv\/spidiga-lainera-ota-7-mm-copy-2\/#primaryimage\"},\"thumbnailUrl\":\"https:\/\/luxegel.lv\/wp-content\/uploads\/2024\/10\/glliter-12mm.webp\",\"datePublished\":\"2024-10-10T09:49:11+00:00\",\"dateModified\":\"2025-10-24T18:53:21+00:00\",\"breadcrumb\":{\"@id\":\"https:\/\/luxegel.lv\/lv\/product-lv\/spidiga-lainera-ota-7-mm-copy-2\/#breadcrumb\"},\"inLanguage\":\"lv-LV\",\"potentialAction\":[{\"@type\":\"ReadAction\",\"target\":[\"https:\/\/luxegel.lv\/lv\/product-lv\/spidiga-lainera-ota-7-mm-copy-2\/\"]}]},{\"@type\":\"ImageObject\",\"inLanguage\":\"lv-LV\",\"@id\":\"https:\/\/luxegel.lv\/lv\/product-lv\/spidiga-lainera-ota-7-mm-copy-2\/#primaryimage\",\"url\":\"https:\/\/luxegel.lv\/wp-content\/uploads\/2024\/10\/glliter-12mm.webp\",\"contentUrl\":\"https:\/\/luxegel.lv\/wp-content\/uploads\/2024\/10\/glliter-12mm.webp\",\"width\":1000,\"height\":1000},{\"@type\":\"BreadcrumbList\",\"@id\":\"https:\/\/luxegel.lv\/lv\/product-lv\/spidiga-lainera-ota-7-mm-copy-2\/#breadcrumb\",\"itemListElement\":[{\"@type\":\"ListItem\",\"position\":1,\"name\":\"Galven\u0101\",\"item\":\"https:\/\/luxegel.lv\/lv\/\"},{\"@type\":\"ListItem\",\"position\":2,\"name\":\"Veikals\",\"item\":\"https:\/\/luxegel.lv\/lv\/veikals\/\"},{\"@type\":\"ListItem\",\"position\":3,\"name\":\"SP\u012aD\u012aGA LAINERA OTA 12MM\"}]},{\"@type\":\"WebSite\",\"@id\":\"https:\/\/luxegel.lv\/lv\/#website\",\"url\":\"https:\/\/luxegel.lv\/lv\/\",\"name\":\"LUXE GEL PROFESSIONAL\u2122\",\"description\":\"is a leading nail brand on the European market. Luxe Gel currently stock over 500 products including over 350 shades of gel polish, a complete builder gel system and our famous structure base.\",\"potentialAction\":[{\"@type\":\"SearchAction\",\"target\":{\"@type\":\"EntryPoint\",\"urlTemplate\":\"https:\/\/luxegel.lv\/lv\/?s={search_term_string}\"},\"query-input\":{\"@type\":\"PropertyValueSpecification\",\"valueRequired\":true,\"valueName\":\"search_term_string\"}}],\"inLanguage\":\"lv-LV\"}]}<\/script>\n<!-- \/ Yoast SEO plugin. -->","yoast_head_json":{"title":"SP\u012aD\u012aGA LAINERA OTA 12MM - LUXE GEL PROFESSIONAL\u2122","robots":{"index":"index","follow":"follow","max-snippet":"max-snippet:-1","max-image-preview":"max-image-preview:large","max-video-preview":"max-video-preview:-1"},"canonical":"https:\/\/luxegel.lv\/lv\/product-lv\/spidiga-lainera-ota-7-mm-copy-2\/","og_locale":"lv_LV","og_type":"article","og_title":"SP\u012aD\u012aGA LAINERA OTA 12MM - LUXE GEL PROFESSIONAL\u2122","og_description":"Kolinski ota smalku l\u012bniju z\u012bm\u0113\u0161anai ir izgatavota no augst\u0101k\u0101s kvalit\u0101tes dab\u012bgiem sariem, kas nodro\u0161ina augstu darba komfortu un precizit\u0101ti, veidojot","og_url":"https:\/\/luxegel.lv\/lv\/product-lv\/spidiga-lainera-ota-7-mm-copy-2\/","og_site_name":"LUXE GEL PROFESSIONAL\u2122","article_modified_time":"2025-10-24T18:53:21+00:00","og_image":[{"width":1000,"height":1000,"url":"https:\/\/luxegel.lv\/wp-content\/uploads\/2024\/10\/glliter-12mm.webp","type":"image\/webp"}],"twitter_card":"summary_large_image","twitter_misc":{"Est. reading time":"1 minute"},"schema":{"@context":"https:\/\/schema.org","@graph":[{"@type":"WebPage","@id":"https:\/\/luxegel.lv\/lv\/product-lv\/spidiga-lainera-ota-7-mm-copy-2\/","url":"https:\/\/luxegel.lv\/lv\/product-lv\/spidiga-lainera-ota-7-mm-copy-2\/","name":"SP\u012aD\u012aGA LAINERA OTA 12MM - LUXE GEL PROFESSIONAL\u2122","isPartOf":{"@id":"https:\/\/luxegel.lv\/lv\/#website"},"primaryImageOfPage":{"@id":"https:\/\/luxegel.lv\/lv\/product-lv\/spidiga-lainera-ota-7-mm-copy-2\/#primaryimage"},"image":{"@id":"https:\/\/luxegel.lv\/lv\/product-lv\/spidiga-lainera-ota-7-mm-copy-2\/#primaryimage"},"thumbnailUrl":"https:\/\/luxegel.lv\/wp-content\/uploads\/2024\/10\/glliter-12mm.webp","datePublished":"2024-10-10T09:49:11+00:00","dateModified":"2025-10-24T18:53:21+00:00","breadcrumb":{"@id":"https:\/\/luxegel.lv\/lv\/product-lv\/spidiga-lainera-ota-7-mm-copy-2\/#breadcrumb"},"inLanguage":"lv-LV","potentialAction":[{"@type":"ReadAction","target":["https:\/\/luxegel.lv\/lv\/product-lv\/spidiga-lainera-ota-7-mm-copy-2\/"]}]},{"@type":"ImageObject","inLanguage":"lv-LV","@id":"https:\/\/luxegel.lv\/lv\/product-lv\/spidiga-lainera-ota-7-mm-copy-2\/#primaryimage","url":"https:\/\/luxegel.lv\/wp-content\/uploads\/2024\/10\/glliter-12mm.webp","contentUrl":"https:\/\/luxegel.lv\/wp-content\/uploads\/2024\/10\/glliter-12mm.webp","width":1000,"height":1000},{"@type":"BreadcrumbList","@id":"https:\/\/luxegel.lv\/lv\/product-lv\/spidiga-lainera-ota-7-mm-copy-2\/#breadcrumb","itemListElement":[{"@type":"ListItem","position":1,"name":"Galven\u0101","item":"https:\/\/luxegel.lv\/lv\/"},{"@type":"ListItem","position":2,"name":"Veikals","item":"https:\/\/luxegel.lv\/lv\/veikals\/"},{"@type":"ListItem","position":3,"name":"SP\u012aD\u012aGA LAINERA OTA 12MM"}]},{"@type":"WebSite","@id":"https:\/\/luxegel.lv\/lv\/#website","url":"https:\/\/luxegel.lv\/lv\/","name":"LUXE GEL PROFESSIONAL\u2122","description":"is a leading nail brand on the European market. Luxe Gel currently stock over 500 products including over 350 shades of gel polish, a complete builder gel system and our famous structure base.","potentialAction":[{"@type":"SearchAction","target":{"@type":"EntryPoint","urlTemplate":"https:\/\/luxegel.lv\/lv\/?s={search_term_string}"},"query-input":{"@type":"PropertyValueSpecification","valueRequired":true,"valueName":"search_term_string"}}],"inLanguage":"lv-LV"}]}},"_links":{"self":[{"href":"https:\/\/luxegel.lv\/lv\/wp-json\/wp\/v2\/product\/13619","targetHints":{"allow":["GET"]}}],"collection":[{"href":"https:\/\/luxegel.lv\/lv\/wp-json\/wp\/v2\/product"}],"about":[{"href":"https:\/\/luxegel.lv\/lv\/wp-json\/wp\/v2\/types\/product"}],"version-history":[{"count":0,"href":"https:\/\/luxegel.lv\/lv\/wp-json\/wp\/v2\/product\/13619\/revisions"}],"wp:featuredmedia":[{"embeddable":true,"href":"https:\/\/luxegel.lv\/lv\/wp-json\/wp\/v2\/media\/13622"}],"wp:attachment":[{"href":"https:\/\/luxegel.lv\/lv\/wp-json\/wp\/v2\/media?parent=13619"}],"wp:term":[{"taxonomy":"product_brand","embeddable":true,"href":"https:\/\/luxegel.lv\/lv\/wp-json\/wp\/v2\/product_brand?post=13619"},{"taxonomy":"product_cat","embeddable":true,"href":"https:\/\/luxegel.lv\/lv\/wp-json\/wp\/v2\/product_cat?post=13619"},{"taxonomy":"product_tag","embeddable":true,"href":"https:\/\/luxegel.lv\/lv\/wp-json\/wp\/v2\/product_tag?post=13619"}],"curies":[{"name":"wp","href":"https:\/\/api.w.org\/{rel}","templated":true}]}}