{"id":12797,"date":"2024-04-23T07:38:54","date_gmt":"2024-04-23T07:38:54","guid":{"rendered":"https:\/\/luxegel.lv\/?post_type=product&#038;p=12797"},"modified":"2025-09-02T15:27:02","modified_gmt":"2025-09-02T15:27:02","slug":"fluff-free-bezskiedru-salvetes-roza-sirds-copy","status":"publish","type":"product","link":"https:\/\/luxegel.lv\/lv\/product-lv\/fluff-free-bezskiedru-salvetes-roza-sirds-copy\/","title":{"rendered":"BEZ\u0160\u0136IEDRU SALVETES"},"content":{"rendered":"<p>\u012apa\u0161i stipras un iztur\u012bgas bez\u0161\u0137iedru salvetes nagu t\u012br\u012b\u0161anai. Not\u012briet katra klienta nagu virsmu tikai ar 1 salveti!<\/p>\n<p>900 pl\u0101ksn\u012btes vien\u0101 iepakojum\u0101<br \/>\n\u012apa\u0161i iztur\u012bgas<br \/>\n100 % bez p\u016bci\u0146\u0101m<\/p>\n","protected":false},"excerpt":{"rendered":"<p>\u012apa\u0161i stipras un iztur\u012bgas bez\u0161\u0137iedru salvetes nagu t\u012br\u012b\u0161anai. Not\u012briet katra klienta nagu virsmu tikai ar 1 salveti! 900 pl\u0101ksn\u012btes vien\u0101<\/p>\n","protected":false},"featured_media":12800,"template":"","meta":{"_acf_changed":false},"product_brand":[],"product_cat":[276,154,481],"product_tag":[],"class_list":{"0":"post-12797","1":"product","2":"type-product","3":"status-publish","4":"has-post-thumbnail","6":"product_cat-drugie-tovary","7":"product_cat-luxe-gel-professional-lv","8":"product_cat-nagu-sagatavosana-un-apstrade","10":"first","11":"outofstock","12":"shipping-taxable","13":"purchasable","14":"product-type-simple"},"acf":[],"yoast_head":"<!-- This site is optimized with the Yoast SEO plugin v23.8 - https:\/\/yoast.com\/wordpress\/plugins\/seo\/ -->\n<title>BEZ\u0160\u0136IEDRU SALVETES - LUXE GEL PROFESSIONAL\u2122<\/title>\n<meta name=\"robots\" content=\"index, follow, max-snippet:-1, max-image-preview:large, max-video-preview:-1\" \/>\n<link rel=\"canonical\" href=\"https:\/\/luxegel.lv\/lv\/product-lv\/fluff-free-bezskiedru-salvetes-roza-sirds-copy\/\" \/>\n<meta property=\"og:locale\" content=\"lv_LV\" \/>\n<meta property=\"og:type\" content=\"article\" \/>\n<meta property=\"og:title\" content=\"BEZ\u0160\u0136IEDRU SALVETES - LUXE GEL PROFESSIONAL\u2122\" \/>\n<meta property=\"og:description\" content=\"\u012apa\u0161i stipras un iztur\u012bgas bez\u0161\u0137iedru salvetes nagu t\u012br\u012b\u0161anai. Not\u012briet katra klienta nagu virsmu tikai ar 1 salveti! 900 pl\u0101ksn\u012btes vien\u0101\" \/>\n<meta property=\"og:url\" content=\"https:\/\/luxegel.lv\/lv\/product-lv\/fluff-free-bezskiedru-salvetes-roza-sirds-copy\/\" \/>\n<meta property=\"og:site_name\" content=\"LUXE GEL PROFESSIONAL\u2122\" \/>\n<meta property=\"article:modified_time\" content=\"2025-09-02T15:27:02+00:00\" \/>\n<meta property=\"og:image\" content=\"https:\/\/luxegel.lv\/wp-content\/uploads\/2024\/04\/lint-free-wipes.jpg.webp\" \/>\n\t<meta property=\"og:image:width\" content=\"1100\" \/>\n\t<meta property=\"og:image:height\" content=\"1100\" \/>\n\t<meta property=\"og:image:type\" content=\"image\/webp\" \/>\n<meta name=\"twitter:card\" content=\"summary_large_image\" \/>\n<script type=\"application\/ld+json\" class=\"yoast-schema-graph\">{\"@context\":\"https:\/\/schema.org\",\"@graph\":[{\"@type\":\"WebPage\",\"@id\":\"https:\/\/luxegel.lv\/lv\/product-lv\/fluff-free-bezskiedru-salvetes-roza-sirds-copy\/\",\"url\":\"https:\/\/luxegel.lv\/lv\/product-lv\/fluff-free-bezskiedru-salvetes-roza-sirds-copy\/\",\"name\":\"BEZ\u0160\u0136IEDRU SALVETES - LUXE GEL PROFESSIONAL\u2122\",\"isPartOf\":{\"@id\":\"https:\/\/luxegel.lv\/lv\/#website\"},\"primaryImageOfPage\":{\"@id\":\"https:\/\/luxegel.lv\/lv\/product-lv\/fluff-free-bezskiedru-salvetes-roza-sirds-copy\/#primaryimage\"},\"image\":{\"@id\":\"https:\/\/luxegel.lv\/lv\/product-lv\/fluff-free-bezskiedru-salvetes-roza-sirds-copy\/#primaryimage\"},\"thumbnailUrl\":\"https:\/\/luxegel.lv\/wp-content\/uploads\/2024\/04\/lint-free-wipes.jpg.webp\",\"datePublished\":\"2024-04-23T07:38:54+00:00\",\"dateModified\":\"2025-09-02T15:27:02+00:00\",\"breadcrumb\":{\"@id\":\"https:\/\/luxegel.lv\/lv\/product-lv\/fluff-free-bezskiedru-salvetes-roza-sirds-copy\/#breadcrumb\"},\"inLanguage\":\"lv-LV\",\"potentialAction\":[{\"@type\":\"ReadAction\",\"target\":[\"https:\/\/luxegel.lv\/lv\/product-lv\/fluff-free-bezskiedru-salvetes-roza-sirds-copy\/\"]}]},{\"@type\":\"ImageObject\",\"inLanguage\":\"lv-LV\",\"@id\":\"https:\/\/luxegel.lv\/lv\/product-lv\/fluff-free-bezskiedru-salvetes-roza-sirds-copy\/#primaryimage\",\"url\":\"https:\/\/luxegel.lv\/wp-content\/uploads\/2024\/04\/lint-free-wipes.jpg.webp\",\"contentUrl\":\"https:\/\/luxegel.lv\/wp-content\/uploads\/2024\/04\/lint-free-wipes.jpg.webp\",\"width\":1100,\"height\":1100},{\"@type\":\"BreadcrumbList\",\"@id\":\"https:\/\/luxegel.lv\/lv\/product-lv\/fluff-free-bezskiedru-salvetes-roza-sirds-copy\/#breadcrumb\",\"itemListElement\":[{\"@type\":\"ListItem\",\"position\":1,\"name\":\"Galven\u0101\",\"item\":\"https:\/\/luxegel.lv\/lv\/\"},{\"@type\":\"ListItem\",\"position\":2,\"name\":\"Veikals\",\"item\":\"https:\/\/luxegel.lv\/lv\/veikals\/\"},{\"@type\":\"ListItem\",\"position\":3,\"name\":\"BEZ\u0160\u0136IEDRU SALVETES\"}]},{\"@type\":\"WebSite\",\"@id\":\"https:\/\/luxegel.lv\/lv\/#website\",\"url\":\"https:\/\/luxegel.lv\/lv\/\",\"name\":\"LUXE GEL PROFESSIONAL\u2122\",\"description\":\"is a leading nail brand on the European market. Luxe Gel currently stock over 500 products including over 350 shades of gel polish, a complete builder gel system and our famous structure base.\",\"potentialAction\":[{\"@type\":\"SearchAction\",\"target\":{\"@type\":\"EntryPoint\",\"urlTemplate\":\"https:\/\/luxegel.lv\/lv\/?s={search_term_string}\"},\"query-input\":{\"@type\":\"PropertyValueSpecification\",\"valueRequired\":true,\"valueName\":\"search_term_string\"}}],\"inLanguage\":\"lv-LV\"}]}<\/script>\n<!-- \/ Yoast SEO plugin. -->","yoast_head_json":{"title":"BEZ\u0160\u0136IEDRU SALVETES - LUXE GEL PROFESSIONAL\u2122","robots":{"index":"index","follow":"follow","max-snippet":"max-snippet:-1","max-image-preview":"max-image-preview:large","max-video-preview":"max-video-preview:-1"},"canonical":"https:\/\/luxegel.lv\/lv\/product-lv\/fluff-free-bezskiedru-salvetes-roza-sirds-copy\/","og_locale":"lv_LV","og_type":"article","og_title":"BEZ\u0160\u0136IEDRU SALVETES - LUXE GEL PROFESSIONAL\u2122","og_description":"\u012apa\u0161i stipras un iztur\u012bgas bez\u0161\u0137iedru salvetes nagu t\u012br\u012b\u0161anai. Not\u012briet katra klienta nagu virsmu tikai ar 1 salveti! 900 pl\u0101ksn\u012btes vien\u0101","og_url":"https:\/\/luxegel.lv\/lv\/product-lv\/fluff-free-bezskiedru-salvetes-roza-sirds-copy\/","og_site_name":"LUXE GEL PROFESSIONAL\u2122","article_modified_time":"2025-09-02T15:27:02+00:00","og_image":[{"width":1100,"height":1100,"url":"https:\/\/luxegel.lv\/wp-content\/uploads\/2024\/04\/lint-free-wipes.jpg.webp","type":"image\/webp"}],"twitter_card":"summary_large_image","schema":{"@context":"https:\/\/schema.org","@graph":[{"@type":"WebPage","@id":"https:\/\/luxegel.lv\/lv\/product-lv\/fluff-free-bezskiedru-salvetes-roza-sirds-copy\/","url":"https:\/\/luxegel.lv\/lv\/product-lv\/fluff-free-bezskiedru-salvetes-roza-sirds-copy\/","name":"BEZ\u0160\u0136IEDRU SALVETES - LUXE GEL PROFESSIONAL\u2122","isPartOf":{"@id":"https:\/\/luxegel.lv\/lv\/#website"},"primaryImageOfPage":{"@id":"https:\/\/luxegel.lv\/lv\/product-lv\/fluff-free-bezskiedru-salvetes-roza-sirds-copy\/#primaryimage"},"image":{"@id":"https:\/\/luxegel.lv\/lv\/product-lv\/fluff-free-bezskiedru-salvetes-roza-sirds-copy\/#primaryimage"},"thumbnailUrl":"https:\/\/luxegel.lv\/wp-content\/uploads\/2024\/04\/lint-free-wipes.jpg.webp","datePublished":"2024-04-23T07:38:54+00:00","dateModified":"2025-09-02T15:27:02+00:00","breadcrumb":{"@id":"https:\/\/luxegel.lv\/lv\/product-lv\/fluff-free-bezskiedru-salvetes-roza-sirds-copy\/#breadcrumb"},"inLanguage":"lv-LV","potentialAction":[{"@type":"ReadAction","target":["https:\/\/luxegel.lv\/lv\/product-lv\/fluff-free-bezskiedru-salvetes-roza-sirds-copy\/"]}]},{"@type":"ImageObject","inLanguage":"lv-LV","@id":"https:\/\/luxegel.lv\/lv\/product-lv\/fluff-free-bezskiedru-salvetes-roza-sirds-copy\/#primaryimage","url":"https:\/\/luxegel.lv\/wp-content\/uploads\/2024\/04\/lint-free-wipes.jpg.webp","contentUrl":"https:\/\/luxegel.lv\/wp-content\/uploads\/2024\/04\/lint-free-wipes.jpg.webp","width":1100,"height":1100},{"@type":"BreadcrumbList","@id":"https:\/\/luxegel.lv\/lv\/product-lv\/fluff-free-bezskiedru-salvetes-roza-sirds-copy\/#breadcrumb","itemListElement":[{"@type":"ListItem","position":1,"name":"Galven\u0101","item":"https:\/\/luxegel.lv\/lv\/"},{"@type":"ListItem","position":2,"name":"Veikals","item":"https:\/\/luxegel.lv\/lv\/veikals\/"},{"@type":"ListItem","position":3,"name":"BEZ\u0160\u0136IEDRU SALVETES"}]},{"@type":"WebSite","@id":"https:\/\/luxegel.lv\/lv\/#website","url":"https:\/\/luxegel.lv\/lv\/","name":"LUXE GEL PROFESSIONAL\u2122","description":"is a leading nail brand on the European market. Luxe Gel currently stock over 500 products including over 350 shades of gel polish, a complete builder gel system and our famous structure base.","potentialAction":[{"@type":"SearchAction","target":{"@type":"EntryPoint","urlTemplate":"https:\/\/luxegel.lv\/lv\/?s={search_term_string}"},"query-input":{"@type":"PropertyValueSpecification","valueRequired":true,"valueName":"search_term_string"}}],"inLanguage":"lv-LV"}]}},"_links":{"self":[{"href":"https:\/\/luxegel.lv\/lv\/wp-json\/wp\/v2\/product\/12797","targetHints":{"allow":["GET"]}}],"collection":[{"href":"https:\/\/luxegel.lv\/lv\/wp-json\/wp\/v2\/product"}],"about":[{"href":"https:\/\/luxegel.lv\/lv\/wp-json\/wp\/v2\/types\/product"}],"version-history":[{"count":0,"href":"https:\/\/luxegel.lv\/lv\/wp-json\/wp\/v2\/product\/12797\/revisions"}],"wp:featuredmedia":[{"embeddable":true,"href":"https:\/\/luxegel.lv\/lv\/wp-json\/wp\/v2\/media\/12800"}],"wp:attachment":[{"href":"https:\/\/luxegel.lv\/lv\/wp-json\/wp\/v2\/media?parent=12797"}],"wp:term":[{"taxonomy":"product_brand","embeddable":true,"href":"https:\/\/luxegel.lv\/lv\/wp-json\/wp\/v2\/product_brand?post=12797"},{"taxonomy":"product_cat","embeddable":true,"href":"https:\/\/luxegel.lv\/lv\/wp-json\/wp\/v2\/product_cat?post=12797"},{"taxonomy":"product_tag","embeddable":true,"href":"https:\/\/luxegel.lv\/lv\/wp-json\/wp\/v2\/product_tag?post=12797"}],"curies":[{"name":"wp","href":"https:\/\/api.w.org\/{rel}","templated":true}]}}