{"id":12778,"date":"2024-04-23T07:23:53","date_gmt":"2024-04-23T07:23:53","guid":{"rendered":"https:\/\/luxegel.lv\/?post_type=product&#038;p=12778"},"modified":"2026-01-14T16:56:57","modified_gmt":"2026-01-14T16:56:57","slug":"magnets-kakacs-gela-lakam-copy","status":"publish","type":"product","link":"https:\/\/luxegel.lv\/lv\/product-lv\/magnets-kakacs-gela-lakam-copy\/","title":{"rendered":"FLUFF FREE BEZ\u0160\u0136IEDRU SALVETES \u2013 ROZ\u0100 SIRDS"},"content":{"rendered":"<p><em>M\u016bsu jaun\u0101s <strong>bez\u0161\u0137iedru<\/strong> salvet\u012btes nodro\u0161in\u0101s perfekti t\u012bru nagu virsmu.\u00a0<\/em><\/p>\n<ul>\n<li>100% bez p\u016bci\u0146\u0101m<\/li>\n<li>\u012apa\u0161i m\u012bkstas<\/li>\n<li>Labi absorb\u0113 mitrumu<\/li>\n<li>200 gab.<\/li>\n<\/ul>\n<p><em>Izcilas bez\u0161\u0137iedru salvet\u012btes, kas padar\u012bs nagu kop\u0161anas rut\u012bnu par greznu un nevainojamu pieredzi. \u00a0<\/em><\/p>\n","protected":false},"excerpt":{"rendered":"<p>M\u016bsu jaun\u0101s bez\u0161\u0137iedru salvet\u012btes nodro\u0161in\u0101s perfekti t\u012bru nagu virsmu.\u00a0 100% bez p\u016bci\u0146\u0101m \u012apa\u0161i m\u012bkstas Labi absorb\u0113 mitrumu 200 gab. Izcilas<\/p>\n","protected":false},"featured_media":12781,"template":"","meta":{"_acf_changed":false},"product_brand":[],"product_cat":[276,154,481],"product_tag":[],"class_list":{"0":"post-12778","1":"product","2":"type-product","3":"status-publish","4":"has-post-thumbnail","6":"product_cat-drugie-tovary","7":"product_cat-luxe-gel-professional-lv","8":"product_cat-nagu-sagatavosana-un-apstrade","10":"first","11":"instock","12":"shipping-taxable","13":"purchasable","14":"product-type-simple"},"acf":[],"yoast_head":"<!-- This site is optimized with the Yoast SEO plugin v23.8 - https:\/\/yoast.com\/wordpress\/plugins\/seo\/ -->\n<title>FLUFF FREE BEZ\u0160\u0136IEDRU SALVETES \u2013 ROZ\u0100 SIRDS - LUXE GEL PROFESSIONAL\u2122<\/title>\n<meta name=\"robots\" content=\"index, follow, max-snippet:-1, max-image-preview:large, max-video-preview:-1\" \/>\n<link rel=\"canonical\" href=\"https:\/\/luxegel.lv\/lv\/product-lv\/magnets-kakacs-gela-lakam-copy\/\" \/>\n<meta property=\"og:locale\" content=\"lv_LV\" \/>\n<meta property=\"og:type\" content=\"article\" \/>\n<meta property=\"og:title\" content=\"FLUFF FREE BEZ\u0160\u0136IEDRU SALVETES \u2013 ROZ\u0100 SIRDS - LUXE GEL PROFESSIONAL\u2122\" \/>\n<meta property=\"og:description\" content=\"M\u016bsu jaun\u0101s bez\u0161\u0137iedru salvet\u012btes nodro\u0161in\u0101s perfekti t\u012bru nagu virsmu.\u00a0 100% bez p\u016bci\u0146\u0101m \u012apa\u0161i m\u012bkstas Labi absorb\u0113 mitrumu 200 gab. Izcilas\" \/>\n<meta property=\"og:url\" content=\"https:\/\/luxegel.lv\/lv\/product-lv\/magnets-kakacs-gela-lakam-copy\/\" \/>\n<meta property=\"og:site_name\" content=\"LUXE GEL PROFESSIONAL\u2122\" \/>\n<meta property=\"article:modified_time\" content=\"2026-01-14T16:56:57+00:00\" \/>\n<meta property=\"og:image\" content=\"https:\/\/luxegel.lv\/wp-content\/uploads\/2024\/04\/fluff-free-wipes-1.webp\" \/>\n\t<meta property=\"og:image:width\" content=\"1500\" \/>\n\t<meta property=\"og:image:height\" content=\"1501\" \/>\n\t<meta property=\"og:image:type\" content=\"image\/webp\" \/>\n<meta name=\"twitter:card\" content=\"summary_large_image\" \/>\n<script type=\"application\/ld+json\" class=\"yoast-schema-graph\">{\"@context\":\"https:\/\/schema.org\",\"@graph\":[{\"@type\":\"WebPage\",\"@id\":\"https:\/\/luxegel.lv\/lv\/product-lv\/magnets-kakacs-gela-lakam-copy\/\",\"url\":\"https:\/\/luxegel.lv\/lv\/product-lv\/magnets-kakacs-gela-lakam-copy\/\",\"name\":\"FLUFF FREE BEZ\u0160\u0136IEDRU SALVETES \u2013 ROZ\u0100 SIRDS - LUXE GEL PROFESSIONAL\u2122\",\"isPartOf\":{\"@id\":\"https:\/\/luxegel.lv\/lv\/#website\"},\"primaryImageOfPage\":{\"@id\":\"https:\/\/luxegel.lv\/lv\/product-lv\/magnets-kakacs-gela-lakam-copy\/#primaryimage\"},\"image\":{\"@id\":\"https:\/\/luxegel.lv\/lv\/product-lv\/magnets-kakacs-gela-lakam-copy\/#primaryimage\"},\"thumbnailUrl\":\"https:\/\/luxegel.lv\/wp-content\/uploads\/2024\/04\/fluff-free-wipes-1.webp\",\"datePublished\":\"2024-04-23T07:23:53+00:00\",\"dateModified\":\"2026-01-14T16:56:57+00:00\",\"breadcrumb\":{\"@id\":\"https:\/\/luxegel.lv\/lv\/product-lv\/magnets-kakacs-gela-lakam-copy\/#breadcrumb\"},\"inLanguage\":\"lv-LV\",\"potentialAction\":[{\"@type\":\"ReadAction\",\"target\":[\"https:\/\/luxegel.lv\/lv\/product-lv\/magnets-kakacs-gela-lakam-copy\/\"]}]},{\"@type\":\"ImageObject\",\"inLanguage\":\"lv-LV\",\"@id\":\"https:\/\/luxegel.lv\/lv\/product-lv\/magnets-kakacs-gela-lakam-copy\/#primaryimage\",\"url\":\"https:\/\/luxegel.lv\/wp-content\/uploads\/2024\/04\/fluff-free-wipes-1.webp\",\"contentUrl\":\"https:\/\/luxegel.lv\/wp-content\/uploads\/2024\/04\/fluff-free-wipes-1.webp\",\"width\":1500,\"height\":1501},{\"@type\":\"BreadcrumbList\",\"@id\":\"https:\/\/luxegel.lv\/lv\/product-lv\/magnets-kakacs-gela-lakam-copy\/#breadcrumb\",\"itemListElement\":[{\"@type\":\"ListItem\",\"position\":1,\"name\":\"Galven\u0101\",\"item\":\"https:\/\/luxegel.lv\/lv\/\"},{\"@type\":\"ListItem\",\"position\":2,\"name\":\"Veikals\",\"item\":\"https:\/\/luxegel.lv\/lv\/veikals\/\"},{\"@type\":\"ListItem\",\"position\":3,\"name\":\"FLUFF FREE BEZ\u0160\u0136IEDRU SALVETES \u2013 ROZ\u0100 SIRDS\"}]},{\"@type\":\"WebSite\",\"@id\":\"https:\/\/luxegel.lv\/lv\/#website\",\"url\":\"https:\/\/luxegel.lv\/lv\/\",\"name\":\"LUXE GEL PROFESSIONAL\u2122\",\"description\":\"is a leading nail brand on the European market. Luxe Gel currently stock over 500 products including over 350 shades of gel polish, a complete builder gel system and our famous structure base.\",\"potentialAction\":[{\"@type\":\"SearchAction\",\"target\":{\"@type\":\"EntryPoint\",\"urlTemplate\":\"https:\/\/luxegel.lv\/lv\/?s={search_term_string}\"},\"query-input\":{\"@type\":\"PropertyValueSpecification\",\"valueRequired\":true,\"valueName\":\"search_term_string\"}}],\"inLanguage\":\"lv-LV\"}]}<\/script>\n<!-- \/ Yoast SEO plugin. -->","yoast_head_json":{"title":"FLUFF FREE BEZ\u0160\u0136IEDRU SALVETES \u2013 ROZ\u0100 SIRDS - LUXE GEL PROFESSIONAL\u2122","robots":{"index":"index","follow":"follow","max-snippet":"max-snippet:-1","max-image-preview":"max-image-preview:large","max-video-preview":"max-video-preview:-1"},"canonical":"https:\/\/luxegel.lv\/lv\/product-lv\/magnets-kakacs-gela-lakam-copy\/","og_locale":"lv_LV","og_type":"article","og_title":"FLUFF FREE BEZ\u0160\u0136IEDRU SALVETES \u2013 ROZ\u0100 SIRDS - LUXE GEL PROFESSIONAL\u2122","og_description":"M\u016bsu jaun\u0101s bez\u0161\u0137iedru salvet\u012btes nodro\u0161in\u0101s perfekti t\u012bru nagu virsmu.\u00a0 100% bez p\u016bci\u0146\u0101m \u012apa\u0161i m\u012bkstas Labi absorb\u0113 mitrumu 200 gab. Izcilas","og_url":"https:\/\/luxegel.lv\/lv\/product-lv\/magnets-kakacs-gela-lakam-copy\/","og_site_name":"LUXE GEL PROFESSIONAL\u2122","article_modified_time":"2026-01-14T16:56:57+00:00","og_image":[{"width":1500,"height":1501,"url":"https:\/\/luxegel.lv\/wp-content\/uploads\/2024\/04\/fluff-free-wipes-1.webp","type":"image\/webp"}],"twitter_card":"summary_large_image","schema":{"@context":"https:\/\/schema.org","@graph":[{"@type":"WebPage","@id":"https:\/\/luxegel.lv\/lv\/product-lv\/magnets-kakacs-gela-lakam-copy\/","url":"https:\/\/luxegel.lv\/lv\/product-lv\/magnets-kakacs-gela-lakam-copy\/","name":"FLUFF FREE BEZ\u0160\u0136IEDRU SALVETES \u2013 ROZ\u0100 SIRDS - LUXE GEL PROFESSIONAL\u2122","isPartOf":{"@id":"https:\/\/luxegel.lv\/lv\/#website"},"primaryImageOfPage":{"@id":"https:\/\/luxegel.lv\/lv\/product-lv\/magnets-kakacs-gela-lakam-copy\/#primaryimage"},"image":{"@id":"https:\/\/luxegel.lv\/lv\/product-lv\/magnets-kakacs-gela-lakam-copy\/#primaryimage"},"thumbnailUrl":"https:\/\/luxegel.lv\/wp-content\/uploads\/2024\/04\/fluff-free-wipes-1.webp","datePublished":"2024-04-23T07:23:53+00:00","dateModified":"2026-01-14T16:56:57+00:00","breadcrumb":{"@id":"https:\/\/luxegel.lv\/lv\/product-lv\/magnets-kakacs-gela-lakam-copy\/#breadcrumb"},"inLanguage":"lv-LV","potentialAction":[{"@type":"ReadAction","target":["https:\/\/luxegel.lv\/lv\/product-lv\/magnets-kakacs-gela-lakam-copy\/"]}]},{"@type":"ImageObject","inLanguage":"lv-LV","@id":"https:\/\/luxegel.lv\/lv\/product-lv\/magnets-kakacs-gela-lakam-copy\/#primaryimage","url":"https:\/\/luxegel.lv\/wp-content\/uploads\/2024\/04\/fluff-free-wipes-1.webp","contentUrl":"https:\/\/luxegel.lv\/wp-content\/uploads\/2024\/04\/fluff-free-wipes-1.webp","width":1500,"height":1501},{"@type":"BreadcrumbList","@id":"https:\/\/luxegel.lv\/lv\/product-lv\/magnets-kakacs-gela-lakam-copy\/#breadcrumb","itemListElement":[{"@type":"ListItem","position":1,"name":"Galven\u0101","item":"https:\/\/luxegel.lv\/lv\/"},{"@type":"ListItem","position":2,"name":"Veikals","item":"https:\/\/luxegel.lv\/lv\/veikals\/"},{"@type":"ListItem","position":3,"name":"FLUFF FREE BEZ\u0160\u0136IEDRU SALVETES \u2013 ROZ\u0100 SIRDS"}]},{"@type":"WebSite","@id":"https:\/\/luxegel.lv\/lv\/#website","url":"https:\/\/luxegel.lv\/lv\/","name":"LUXE GEL PROFESSIONAL\u2122","description":"is a leading nail brand on the European market. Luxe Gel currently stock over 500 products including over 350 shades of gel polish, a complete builder gel system and our famous structure base.","potentialAction":[{"@type":"SearchAction","target":{"@type":"EntryPoint","urlTemplate":"https:\/\/luxegel.lv\/lv\/?s={search_term_string}"},"query-input":{"@type":"PropertyValueSpecification","valueRequired":true,"valueName":"search_term_string"}}],"inLanguage":"lv-LV"}]}},"_links":{"self":[{"href":"https:\/\/luxegel.lv\/lv\/wp-json\/wp\/v2\/product\/12778","targetHints":{"allow":["GET"]}}],"collection":[{"href":"https:\/\/luxegel.lv\/lv\/wp-json\/wp\/v2\/product"}],"about":[{"href":"https:\/\/luxegel.lv\/lv\/wp-json\/wp\/v2\/types\/product"}],"version-history":[{"count":0,"href":"https:\/\/luxegel.lv\/lv\/wp-json\/wp\/v2\/product\/12778\/revisions"}],"wp:featuredmedia":[{"embeddable":true,"href":"https:\/\/luxegel.lv\/lv\/wp-json\/wp\/v2\/media\/12781"}],"wp:attachment":[{"href":"https:\/\/luxegel.lv\/lv\/wp-json\/wp\/v2\/media?parent=12778"}],"wp:term":[{"taxonomy":"product_brand","embeddable":true,"href":"https:\/\/luxegel.lv\/lv\/wp-json\/wp\/v2\/product_brand?post=12778"},{"taxonomy":"product_cat","embeddable":true,"href":"https:\/\/luxegel.lv\/lv\/wp-json\/wp\/v2\/product_cat?post=12778"},{"taxonomy":"product_tag","embeddable":true,"href":"https:\/\/luxegel.lv\/lv\/wp-json\/wp\/v2\/product_tag?post=12778"}],"curies":[{"name":"wp","href":"https:\/\/api.w.org\/{rel}","templated":true}]}}