{"id":12749,"date":"2024-04-22T09:45:52","date_gmt":"2024-04-22T09:45:52","guid":{"rendered":"https:\/\/luxegel.lv\/?post_type=product&#038;p=12749"},"modified":"2025-09-02T15:27:05","modified_gmt":"2025-09-02T15:27:05","slug":"kutikulu-skrapis-copy","status":"publish","type":"product","link":"https:\/\/luxegel.lv\/lv\/product-lv\/kutikulu-skrapis-copy\/","title":{"rendered":"MAGIC WAND \u2013 met\u0101la l\u0101psti\u0146a g\u0113la produktu mais\u012b\u0161anai"},"content":{"rendered":"<p>MAGIC WAND \u2013 met\u0101la l\u0101psti\u0146a g\u0113la produktu mais\u012b\u0161anai<\/p>\n<p><strong>#luxegelmagicwand<\/strong><\/p>\n<p>T\u0101 atrisin\u0101s visas probl\u0113mas. Jaun\u0101 mais\u012b\u0161anas l\u0101psti\u0146a \u013cauj samais\u012bt g\u0113la produktu vis\u0101 pudel\u012btes iek\u0161pus\u0113 un nok\u013c\u016bt l\u012bdz pat apak\u0161ai, kuru ir gr\u016bti sasniegt ar oti\u0146u.<\/p>\n<p>Var izmantot visiem produktiem, kurus nepiecie\u0161ams k\u0101rt\u012bgi samais\u012bt vai sakrat\u012bt, piem\u0113ram, strukt\u016brb\u0101z\u0113m, kas sen nav lietotas, g\u0113la lak\u0101m, kuras nav lietotas kop\u0161 pag\u0101ju\u0161\u0101s sezonas, vai gliteriem, kas vienm\u0113r, \u0161\u0137iet, nogulsn\u0113jas g\u0113la lakas apak\u0161\u0101.<br \/>\nAr met\u0101la l\u0101psti\u0146u g\u0113la produktu mais\u012b\u0161anai darbs b\u016bs vienk\u0101r\u0161\u0101ks.<\/p>\n","protected":false},"excerpt":{"rendered":"<p>MAGIC WAND \u2013 met\u0101la l\u0101psti\u0146a g\u0113la produktu mais\u012b\u0161anai #luxegelmagicwand T\u0101 atrisin\u0101s visas probl\u0113mas. Jaun\u0101 mais\u012b\u0161anas l\u0101psti\u0146a \u013cauj samais\u012bt g\u0113la produktu<\/p>\n","protected":false},"featured_media":12755,"template":"","meta":{"_acf_changed":false},"product_brand":[],"product_cat":[276,154,186,481],"product_tag":[222,221],"class_list":{"0":"post-12749","1":"product","2":"type-product","3":"status-publish","4":"has-post-thumbnail","6":"product_cat-drugie-tovary","7":"product_cat-luxe-gel-professional-lv","8":"product_cat-viles-un-instrumenti","9":"product_cat-nagu-sagatavosana-un-apstrade","10":"product_tag-produkti","11":"product_tag-visi-produkti","13":"first","14":"instock","15":"shipping-taxable","16":"purchasable","17":"product-type-simple"},"acf":[],"yoast_head":"<!-- This site is optimized with the Yoast SEO plugin v23.8 - https:\/\/yoast.com\/wordpress\/plugins\/seo\/ -->\n<title>MAGIC WAND \u2013 met\u0101la l\u0101psti\u0146a g\u0113la produktu mais\u012b\u0161anai - LUXE GEL PROFESSIONAL\u2122<\/title>\n<meta name=\"robots\" content=\"index, follow, max-snippet:-1, max-image-preview:large, max-video-preview:-1\" \/>\n<link rel=\"canonical\" href=\"https:\/\/luxegel.lv\/lv\/product-lv\/kutikulu-skrapis-copy\/\" \/>\n<meta property=\"og:locale\" content=\"lv_LV\" \/>\n<meta property=\"og:type\" content=\"article\" \/>\n<meta property=\"og:title\" content=\"MAGIC WAND \u2013 met\u0101la l\u0101psti\u0146a g\u0113la produktu mais\u012b\u0161anai - LUXE GEL PROFESSIONAL\u2122\" \/>\n<meta property=\"og:description\" content=\"MAGIC WAND \u2013 met\u0101la l\u0101psti\u0146a g\u0113la produktu mais\u012b\u0161anai #luxegelmagicwand T\u0101 atrisin\u0101s visas probl\u0113mas. Jaun\u0101 mais\u012b\u0161anas l\u0101psti\u0146a \u013cauj samais\u012bt g\u0113la produktu\" \/>\n<meta property=\"og:url\" content=\"https:\/\/luxegel.lv\/lv\/product-lv\/kutikulu-skrapis-copy\/\" \/>\n<meta property=\"og:site_name\" content=\"LUXE GEL PROFESSIONAL\u2122\" \/>\n<meta property=\"article:modified_time\" content=\"2025-09-02T15:27:05+00:00\" \/>\n<meta property=\"og:image\" content=\"https:\/\/luxegel.lv\/wp-content\/uploads\/2024\/04\/magic-wand.jpg.webp\" \/>\n\t<meta property=\"og:image:width\" content=\"466\" \/>\n\t<meta property=\"og:image:height\" content=\"466\" \/>\n\t<meta property=\"og:image:type\" content=\"image\/webp\" \/>\n<meta name=\"twitter:card\" content=\"summary_large_image\" \/>\n<meta name=\"twitter:label1\" content=\"Est. reading time\" \/>\n\t<meta name=\"twitter:data1\" content=\"1 minute\" \/>\n<script type=\"application\/ld+json\" class=\"yoast-schema-graph\">{\"@context\":\"https:\/\/schema.org\",\"@graph\":[{\"@type\":\"WebPage\",\"@id\":\"https:\/\/luxegel.lv\/lv\/product-lv\/kutikulu-skrapis-copy\/\",\"url\":\"https:\/\/luxegel.lv\/lv\/product-lv\/kutikulu-skrapis-copy\/\",\"name\":\"MAGIC WAND \u2013 met\u0101la l\u0101psti\u0146a g\u0113la produktu mais\u012b\u0161anai - LUXE GEL PROFESSIONAL\u2122\",\"isPartOf\":{\"@id\":\"https:\/\/luxegel.lv\/lv\/#website\"},\"primaryImageOfPage\":{\"@id\":\"https:\/\/luxegel.lv\/lv\/product-lv\/kutikulu-skrapis-copy\/#primaryimage\"},\"image\":{\"@id\":\"https:\/\/luxegel.lv\/lv\/product-lv\/kutikulu-skrapis-copy\/#primaryimage\"},\"thumbnailUrl\":\"https:\/\/luxegel.lv\/wp-content\/uploads\/2024\/04\/magic-wand.jpg.webp\",\"datePublished\":\"2024-04-22T09:45:52+00:00\",\"dateModified\":\"2025-09-02T15:27:05+00:00\",\"breadcrumb\":{\"@id\":\"https:\/\/luxegel.lv\/lv\/product-lv\/kutikulu-skrapis-copy\/#breadcrumb\"},\"inLanguage\":\"lv-LV\",\"potentialAction\":[{\"@type\":\"ReadAction\",\"target\":[\"https:\/\/luxegel.lv\/lv\/product-lv\/kutikulu-skrapis-copy\/\"]}]},{\"@type\":\"ImageObject\",\"inLanguage\":\"lv-LV\",\"@id\":\"https:\/\/luxegel.lv\/lv\/product-lv\/kutikulu-skrapis-copy\/#primaryimage\",\"url\":\"https:\/\/luxegel.lv\/wp-content\/uploads\/2024\/04\/magic-wand.jpg.webp\",\"contentUrl\":\"https:\/\/luxegel.lv\/wp-content\/uploads\/2024\/04\/magic-wand.jpg.webp\",\"width\":466,\"height\":466},{\"@type\":\"BreadcrumbList\",\"@id\":\"https:\/\/luxegel.lv\/lv\/product-lv\/kutikulu-skrapis-copy\/#breadcrumb\",\"itemListElement\":[{\"@type\":\"ListItem\",\"position\":1,\"name\":\"Galven\u0101\",\"item\":\"https:\/\/luxegel.lv\/lv\/\"},{\"@type\":\"ListItem\",\"position\":2,\"name\":\"Veikals\",\"item\":\"https:\/\/luxegel.lv\/lv\/veikals\/\"},{\"@type\":\"ListItem\",\"position\":3,\"name\":\"MAGIC WAND \u2013 met\u0101la l\u0101psti\u0146a g\u0113la produktu mais\u012b\u0161anai\"}]},{\"@type\":\"WebSite\",\"@id\":\"https:\/\/luxegel.lv\/lv\/#website\",\"url\":\"https:\/\/luxegel.lv\/lv\/\",\"name\":\"LUXE GEL PROFESSIONAL\u2122\",\"description\":\"is a leading nail brand on the European market. Luxe Gel currently stock over 500 products including over 350 shades of gel polish, a complete builder gel system and our famous structure base.\",\"potentialAction\":[{\"@type\":\"SearchAction\",\"target\":{\"@type\":\"EntryPoint\",\"urlTemplate\":\"https:\/\/luxegel.lv\/lv\/?s={search_term_string}\"},\"query-input\":{\"@type\":\"PropertyValueSpecification\",\"valueRequired\":true,\"valueName\":\"search_term_string\"}}],\"inLanguage\":\"lv-LV\"}]}<\/script>\n<!-- \/ Yoast SEO plugin. -->","yoast_head_json":{"title":"MAGIC WAND \u2013 met\u0101la l\u0101psti\u0146a g\u0113la produktu mais\u012b\u0161anai - LUXE GEL PROFESSIONAL\u2122","robots":{"index":"index","follow":"follow","max-snippet":"max-snippet:-1","max-image-preview":"max-image-preview:large","max-video-preview":"max-video-preview:-1"},"canonical":"https:\/\/luxegel.lv\/lv\/product-lv\/kutikulu-skrapis-copy\/","og_locale":"lv_LV","og_type":"article","og_title":"MAGIC WAND \u2013 met\u0101la l\u0101psti\u0146a g\u0113la produktu mais\u012b\u0161anai - LUXE GEL PROFESSIONAL\u2122","og_description":"MAGIC WAND \u2013 met\u0101la l\u0101psti\u0146a g\u0113la produktu mais\u012b\u0161anai #luxegelmagicwand T\u0101 atrisin\u0101s visas probl\u0113mas. Jaun\u0101 mais\u012b\u0161anas l\u0101psti\u0146a \u013cauj samais\u012bt g\u0113la produktu","og_url":"https:\/\/luxegel.lv\/lv\/product-lv\/kutikulu-skrapis-copy\/","og_site_name":"LUXE GEL PROFESSIONAL\u2122","article_modified_time":"2025-09-02T15:27:05+00:00","og_image":[{"width":466,"height":466,"url":"https:\/\/luxegel.lv\/wp-content\/uploads\/2024\/04\/magic-wand.jpg.webp","type":"image\/webp"}],"twitter_card":"summary_large_image","twitter_misc":{"Est. reading time":"1 minute"},"schema":{"@context":"https:\/\/schema.org","@graph":[{"@type":"WebPage","@id":"https:\/\/luxegel.lv\/lv\/product-lv\/kutikulu-skrapis-copy\/","url":"https:\/\/luxegel.lv\/lv\/product-lv\/kutikulu-skrapis-copy\/","name":"MAGIC WAND \u2013 met\u0101la l\u0101psti\u0146a g\u0113la produktu mais\u012b\u0161anai - LUXE GEL PROFESSIONAL\u2122","isPartOf":{"@id":"https:\/\/luxegel.lv\/lv\/#website"},"primaryImageOfPage":{"@id":"https:\/\/luxegel.lv\/lv\/product-lv\/kutikulu-skrapis-copy\/#primaryimage"},"image":{"@id":"https:\/\/luxegel.lv\/lv\/product-lv\/kutikulu-skrapis-copy\/#primaryimage"},"thumbnailUrl":"https:\/\/luxegel.lv\/wp-content\/uploads\/2024\/04\/magic-wand.jpg.webp","datePublished":"2024-04-22T09:45:52+00:00","dateModified":"2025-09-02T15:27:05+00:00","breadcrumb":{"@id":"https:\/\/luxegel.lv\/lv\/product-lv\/kutikulu-skrapis-copy\/#breadcrumb"},"inLanguage":"lv-LV","potentialAction":[{"@type":"ReadAction","target":["https:\/\/luxegel.lv\/lv\/product-lv\/kutikulu-skrapis-copy\/"]}]},{"@type":"ImageObject","inLanguage":"lv-LV","@id":"https:\/\/luxegel.lv\/lv\/product-lv\/kutikulu-skrapis-copy\/#primaryimage","url":"https:\/\/luxegel.lv\/wp-content\/uploads\/2024\/04\/magic-wand.jpg.webp","contentUrl":"https:\/\/luxegel.lv\/wp-content\/uploads\/2024\/04\/magic-wand.jpg.webp","width":466,"height":466},{"@type":"BreadcrumbList","@id":"https:\/\/luxegel.lv\/lv\/product-lv\/kutikulu-skrapis-copy\/#breadcrumb","itemListElement":[{"@type":"ListItem","position":1,"name":"Galven\u0101","item":"https:\/\/luxegel.lv\/lv\/"},{"@type":"ListItem","position":2,"name":"Veikals","item":"https:\/\/luxegel.lv\/lv\/veikals\/"},{"@type":"ListItem","position":3,"name":"MAGIC WAND \u2013 met\u0101la l\u0101psti\u0146a g\u0113la produktu mais\u012b\u0161anai"}]},{"@type":"WebSite","@id":"https:\/\/luxegel.lv\/lv\/#website","url":"https:\/\/luxegel.lv\/lv\/","name":"LUXE GEL PROFESSIONAL\u2122","description":"is a leading nail brand on the European market. Luxe Gel currently stock over 500 products including over 350 shades of gel polish, a complete builder gel system and our famous structure base.","potentialAction":[{"@type":"SearchAction","target":{"@type":"EntryPoint","urlTemplate":"https:\/\/luxegel.lv\/lv\/?s={search_term_string}"},"query-input":{"@type":"PropertyValueSpecification","valueRequired":true,"valueName":"search_term_string"}}],"inLanguage":"lv-LV"}]}},"_links":{"self":[{"href":"https:\/\/luxegel.lv\/lv\/wp-json\/wp\/v2\/product\/12749","targetHints":{"allow":["GET"]}}],"collection":[{"href":"https:\/\/luxegel.lv\/lv\/wp-json\/wp\/v2\/product"}],"about":[{"href":"https:\/\/luxegel.lv\/lv\/wp-json\/wp\/v2\/types\/product"}],"version-history":[{"count":0,"href":"https:\/\/luxegel.lv\/lv\/wp-json\/wp\/v2\/product\/12749\/revisions"}],"wp:featuredmedia":[{"embeddable":true,"href":"https:\/\/luxegel.lv\/lv\/wp-json\/wp\/v2\/media\/12755"}],"wp:attachment":[{"href":"https:\/\/luxegel.lv\/lv\/wp-json\/wp\/v2\/media?parent=12749"}],"wp:term":[{"taxonomy":"product_brand","embeddable":true,"href":"https:\/\/luxegel.lv\/lv\/wp-json\/wp\/v2\/product_brand?post=12749"},{"taxonomy":"product_cat","embeddable":true,"href":"https:\/\/luxegel.lv\/lv\/wp-json\/wp\/v2\/product_cat?post=12749"},{"taxonomy":"product_tag","embeddable":true,"href":"https:\/\/luxegel.lv\/lv\/wp-json\/wp\/v2\/product_tag?post=12749"}],"curies":[{"name":"wp","href":"https:\/\/api.w.org\/{rel}","templated":true}]}}