{"id":8563,"date":"2024-01-09T21:56:36","date_gmt":"2024-01-09T21:56:36","guid":{"rendered":"https:\/\/luxegel.lv\/biezi-uzdotie-jautajumi\/"},"modified":"2025-08-21T05:57:28","modified_gmt":"2025-08-21T05:57:28","slug":"biezi-uzdotie-jautajumi","status":"publish","type":"page","link":"https:\/\/luxegel.lv\/lv\/biezi-uzdotie-jautajumi\/","title":{"rendered":"FAQ"},"content":{"rendered":"\t\t<div data-elementor-type=\"wp-page\" data-elementor-id=\"8563\" class=\"elementor elementor-8563 elementor-5671\">\n\t\t\t\t<div class=\"elementor-element elementor-element-2effdea e-flex e-con-boxed e-con e-parent\" data-id=\"2effdea\" data-element_type=\"container\">\n\t\t\t\t\t<div class=\"e-con-inner\">\n\t\t\t\t<div class=\"elementor-element elementor-element-ebba217 elementor-widget elementor-widget-heading\" data-id=\"ebba217\" data-element_type=\"widget\" data-widget_type=\"heading.default\">\n\t\t\t\t<div class=\"elementor-widget-container\">\n\t\t\t<h1 class=\"elementor-heading-title elementor-size-default\">Bie\u017ei uzdotie jaut\u0101jumi<\/h1>\t\t<\/div>\n\t\t\t\t<\/div>\n\t\t\t\t<div class=\"elementor-element elementor-element-83fcba4 elementor-widget elementor-widget-wd_text_block\" data-id=\"83fcba4\" data-element_type=\"widget\" data-widget_type=\"wd_text_block.default\">\n\t\t\t\t<div class=\"elementor-widget-container\">\n\t\t\t\t\t<div class=\"wd-text-block reset-last-child text-left\">\n\t\t\t\n\t\t\t<p>Apskatiet bie\u017ei uzdoto jaut\u0101jumu sarakstu. Ja uz j\u016bsu jaut\u0101jumu \u0161eit nav sniegta atbilde, l\u016bdzu, rakstiet uz e-pasta adresi <a href=\"mailto:shop@luxegel.lv\" target=\"_blank\" rel=\"noopener\">shop@luxegel.lv<\/a>.<\/p>\n\t\t\t\t\t<\/div>\n\t\t\t\t<\/div>\n\t\t\t\t<\/div>\n\t\t\t\t<div class=\"elementor-element elementor-element-337666b elementor-widget elementor-widget-wd_accordion\" data-id=\"337666b\" data-element_type=\"widget\" data-widget_type=\"wd_accordion.default\">\n\t\t\t\t<div class=\"elementor-widget-container\">\n\t\t\t\n\t\t<div class=\"wd-accordion wd-style-default\" data-state=\"first\">\n\t\t\t\t\t\t\t\n\t\t\t\t<div class=\"wd-accordion-item\">\n\t\t\t\t\t<div class=\"wd-accordion-title wd-active text-left wd-opener-pos-left\" data-accordion-index=\"0\">\n\t\t\t\t\t\t<div class=\"wd-accordion-title-text\">\n\t\t\t\t\t\t\t\t\t\t\t\t\t\t<span>\n\t\t\t\t\t\t\t\tK\u0101 es varu ar jums sazin\u0101ties?\t\t\t\t\t\t\t<\/span>\n\t\t\t\t\t\t<\/div>\n\t\t\t\t\t\t<span class=\"wd-accordion-opener wd-opener-style-arrow\"><\/span>\n\t\t\t\t\t<\/div>\n\n\t\t\t\t\t<div class=\"wd-accordion-content reset-last-child wd-active\" data-accordion-index=\"0\">\n\t\t\t\t\t\t\t\t\t\t\t\t\t\n\t\t\t\t\t\t\t<p>J\u016bs varat sazin\u0101ties ar mums pa t\u0101lruni <a href=\"mailto:shop@luxegel.lv\" target=\"_blank\" rel=\"noopener\">shop@luxegel.lv<\/a>. M\u0113s cen\u0161amies rea\u0123\u0113t p\u0113c iesp\u0113jas \u0101tr\u0101k, m\u0113s joproj\u0101m esam mazs uz\u0146\u0113mums, un mums pat\u012bk b\u016bt \u013coti praktiskiem. L\u016bdzu, atv\u0113liet 24-48 stundas atbildei.<\/p>\n\t\t\t\t\t\t\t\t\t\t\t\t\t\t\t\t\t\t<\/div>\n\t\t\t\t<\/div>\n\t\t\t\t\t\t\t\n\t\t\t\t<div class=\"wd-accordion-item\">\n\t\t\t\t\t<div class=\"wd-accordion-title text-left wd-opener-pos-left\" data-accordion-index=\"1\">\n\t\t\t\t\t\t<div class=\"wd-accordion-title-text\">\n\t\t\t\t\t\t\t\t\t\t\t\t\t\t<span>\n\t\t\t\t\t\t\t\tK\u0101 lietot g\u0113la produktus?\t\t\t\t\t\t\t<\/span>\n\t\t\t\t\t\t<\/div>\n\t\t\t\t\t\t<span class=\"wd-accordion-opener wd-opener-style-arrow\"><\/span>\n\t\t\t\t\t<\/div>\n\n\t\t\t\t\t<div class=\"wd-accordion-content reset-last-child\" data-accordion-index=\"1\">\n\t\t\t\t\t\t\t\t\t\t\t\t\t\n\t\t\t\t\t\t\t<p><span style=\"text-decoration: underline;\"><br \/><a href=\"https:\/\/luxegel.lv\/wp-content\/uploads\/2025\/08\/luxe-gel-application-guide-lv.pdf\"><strong>Noklik\u0161\u0137iniet \u0161eit<\/strong><\/a><\/span>, lai skat\u012btu m\u016bsu produktu uzkl\u0101\u0161anas pam\u0101c\u012bbu.<\/p>\n\t\t\t\t\t\t\t\t\t\t\t\t\t\t\t\t\t\t<\/div>\n\t\t\t\t<\/div>\n\t\t\t\t\t\t\t\n\t\t\t\t<div class=\"wd-accordion-item\">\n\t\t\t\t\t<div class=\"wd-accordion-title text-left wd-opener-pos-left\" data-accordion-index=\"2\">\n\t\t\t\t\t\t<div class=\"wd-accordion-title-text\">\n\t\t\t\t\t\t\t\t\t\t\t\t\t\t<span>\n\t\t\t\t\t\t\t\tKas ir Strukt\u016brb\u0101ze?\t\t\t\t\t\t\t<\/span>\n\t\t\t\t\t\t<\/div>\n\t\t\t\t\t\t<span class=\"wd-accordion-opener wd-opener-style-arrow\"><\/span>\n\t\t\t\t\t<\/div>\n\n\t\t\t\t\t<div class=\"wd-accordion-content reset-last-child\" data-accordion-index=\"2\">\n\t\t\t\t\t\t\t\t\t\t\t\t\t\n\t\t\t\t\t\t\t<p>Strukt\u016brb\u0101ze ir b\u016bv\u0113jo\u0161ais g\u0113ls pudel\u012bt\u0113 \u2013 sp\u0113c\u012bga b\u0101ze, ko var izmantot, lai stiprin\u0101tu dab\u012bgos nagus un pal\u012bdz\u0113tu tiem augt gar\u0101kiem. Strukt\u016brb\u0101z\u0113m ir virkne neitr\u0101lu to\u0146u. To var uzkl\u0101t uz dab\u012bgajiem nagiem vai zem g\u0113la lakas, lai ieg\u016btu papildu iztur\u012bbu, nav nepiecie\u0161ama cita b\u0101ze vai praimeris. Ar strukt\u016brb\u0101zi var veikt ar\u012b minim\u0101lu pieaudz\u0113\u0161anu. Strukt\u016brb\u0101zes nodro\u0161ina papildu elast\u012bbu, pasarg\u0101jot nagus no l\u016b\u0161anas. No\u0146em\u0161ana \u2013 nov\u012bl\u0113jot vai atmiek\u0161\u0137\u0113jot ar acetona l\u012bdzekli.<\/p>\n\t\t\t\t\t\t\t\t\t\t\t\t\t\t\t\t\t\t<\/div>\n\t\t\t\t<\/div>\n\t\t\t\t\t\t\t\n\t\t\t\t<div class=\"wd-accordion-item\">\n\t\t\t\t\t<div class=\"wd-accordion-title text-left wd-opener-pos-left\" data-accordion-index=\"3\">\n\t\t\t\t\t\t<div class=\"wd-accordion-title-text\">\n\t\t\t\t\t\t\t\t\t\t\t\t\t\t<span>\n\t\t\t\t\t\t\t\tK\u0101 es varu atcelt savu pas\u016bt\u012bjumu?\t\t\t\t\t\t\t<\/span>\n\t\t\t\t\t\t<\/div>\n\t\t\t\t\t\t<span class=\"wd-accordion-opener wd-opener-style-arrow\"><\/span>\n\t\t\t\t\t<\/div>\n\n\t\t\t\t\t<div class=\"wd-accordion-content reset-last-child\" data-accordion-index=\"3\">\n\t\t\t\t\t\t\t\t\t\t\t\t\t\n\t\t\t\t\t\t\t<p>Kad j\u016bsu pas\u016bt\u012bjums ir veikts, to nevar atcelt, jo mums ir \u013coti \u0101trs apstr\u0101des laiks, kas nodro\u0161ina j\u016bsu pas\u016bt\u012bjumu savlaic\u012bgu nos\u016bt\u012b\u0161anu.<\/p>\n\t\t\t\t\t\t\t\t\t\t\t\t\t\t\t\t\t\t<\/div>\n\t\t\t\t<\/div>\n\t\t\t\t\t\t\t\n\t\t\t\t<div class=\"wd-accordion-item\">\n\t\t\t\t\t<div class=\"wd-accordion-title text-left wd-opener-pos-left\" data-accordion-index=\"4\">\n\t\t\t\t\t\t<div class=\"wd-accordion-title-text\">\n\t\t\t\t\t\t\t\t\t\t\t\t\t\t<span>\n\t\t\t\t\t\t\t\tK\u0101da lampa man ir nepiecie\u0161ama j\u016bsu g\u0113la produktiem?\t\t\t\t\t\t\t<\/span>\n\t\t\t\t\t\t<\/div>\n\t\t\t\t\t\t<span class=\"wd-accordion-opener wd-opener-style-arrow\"><\/span>\n\t\t\t\t\t<\/div>\n\n\t\t\t\t\t<div class=\"wd-accordion-content reset-last-child\" data-accordion-index=\"4\">\n\t\t\t\t\t\t\t\t\t\t\t\t\t\n\t\t\t\t\t\t\t<p>M\u0113s iesak\u0101m izmantot m\u016bsu Luxe LED lampu , lai nodro\u0161in\u0101tu, ka g\u0113ls ir pareizi saciet\u0113jis l\u012bdz galam, m\u0113s varam tikai ieteikt izmantot m\u016bsu lampu, kas ir p\u0101rbaud\u012bta ar ra\u017eot\u0101ja \u017eeleju.<\/p>\n\t\t\t\t\t\t\t\t\t\t\t\t\t\t\t\t\t\t<\/div>\n\t\t\t\t<\/div>\n\t\t\t\t\t\t\t\n\t\t\t\t<div class=\"wd-accordion-item\">\n\t\t\t\t\t<div class=\"wd-accordion-title text-left wd-opener-pos-left\" data-accordion-index=\"5\">\n\t\t\t\t\t\t<div class=\"wd-accordion-title-text\">\n\t\t\t\t\t\t\t\t\t\t\t\t\t\t<span>\n\t\t\t\t\t\t\t\tVai j\u016bsu produkti ir piem\u0113roti veg\u0101niem \/ nav test\u0113ti uz dz\u012bvniekiem?\t\t\t\t\t\t\t<\/span>\n\t\t\t\t\t\t<\/div>\n\t\t\t\t\t\t<span class=\"wd-accordion-opener wd-opener-style-arrow\"><\/span>\n\t\t\t\t\t<\/div>\n\n\t\t\t\t\t<div class=\"wd-accordion-content reset-last-child\" data-accordion-index=\"5\">\n\t\t\t\t\t\t\t\t\t\t\t\t\t\n\t\t\t\t\t\t\t<p>J\u0101, m\u016bsu produkti nesatur dz\u012bvnieku izcelsmes produktus un netiek test\u0113ti uz dz\u012bvniekiem.<\/p>\n\t\t\t\t\t\t\t\t\t\t\t\t\t\t\t\t\t\t<\/div>\n\t\t\t\t<\/div>\n\t\t\t\t\t\t\t\n\t\t\t\t<div class=\"wd-accordion-item\">\n\t\t\t\t\t<div class=\"wd-accordion-title text-left wd-opener-pos-left\" data-accordion-index=\"6\">\n\t\t\t\t\t\t<div class=\"wd-accordion-title-text\">\n\t\t\t\t\t\t\t\t\t\t\t\t\t\t<span>\n\t\t\t\t\t\t\t\tK\u0101p\u0113c es neredzu funkciju &quot;pievienot grozam&quot;?\t\t\t\t\t\t\t<\/span>\n\t\t\t\t\t\t<\/div>\n\t\t\t\t\t\t<span class=\"wd-accordion-opener wd-opener-style-arrow\"><\/span>\n\t\t\t\t\t<\/div>\n\n\t\t\t\t\t<div class=\"wd-accordion-content reset-last-child\" data-accordion-index=\"6\">\n\t\t\t\t\t\t\t\t\t\t\t\t\t\n\t\t\t\t\t\t\t<p>Luxe Gel Professional ir tikai profesion\u0101ls z\u012bmols. J\u016bs varat ieg\u0101d\u0101ties m\u016bsu produktus tikai tad, ja esat piln\u012bb\u0101 kvalific\u0113ts. Tas tiek dar\u012bts, lai aizsarg\u0101tu m\u016bsu klientus. Nagu sist\u0113mas ir j\u0101lieto dro\u0161i, un to var izdar\u012bt pareizi tikai apm\u0101c\u012bts profesion\u0101lis.<\/p>\n\t\t\t\t\t\t\t\t\t\t\t\t\t\t\t\t\t\t<\/div>\n\t\t\t\t<\/div>\n\t\t\t\t\t\t\t\n\t\t\t\t<div class=\"wd-accordion-item\">\n\t\t\t\t\t<div class=\"wd-accordion-title text-left wd-opener-pos-left\" data-accordion-index=\"7\">\n\t\t\t\t\t\t<div class=\"wd-accordion-title-text\">\n\t\t\t\t\t\t\t\t\t\t\t\t\t\t<span>\n\t\t\t\t\t\t\t\tEsmu pas\u016bt\u012bjusi kr\u0101su, bet t\u0101 nav t\u0101da, k\u0101 es gaid\u012bju.\t\t\t\t\t\t\t<\/span>\n\t\t\t\t\t\t<\/div>\n\t\t\t\t\t\t<span class=\"wd-accordion-opener wd-opener-style-arrow\"><\/span>\n\t\t\t\t\t<\/div>\n\n\t\t\t\t\t<div class=\"wd-accordion-content reset-last-child\" data-accordion-index=\"7\">\n\t\t\t\t\t\t\t\t\t\t\t\t\t\n\t\t\t\t\t\t\t<main id=\"main-content\" class=\"layout--template\"><\/main><div id=\"shopify-section-template--20328952561997__16324397781a8be68b\" class=\"shopify-section\"><div class=\"collapsible-rows--root\" data-section-id=\"template--20328952561997__16324397781a8be68b\" data-background-color=\"none\" data-container-width=\"2\" data-light-text=\"false\" data-spacing-above=\"true\" data-spacing-below=\"true\" data-transition-container=\"template--20328952561997__16324397781a8be68b\" data-transition-type=\"fade-in\" data-transition-cascade=\"vertical\" data-transition-cascade-interval=\"120\"><div class=\"collapsible-rows--wrapper\"><div class=\"collapsible-rows--block\" data-fit-together=\"true\" data-transition-item=\"template--20328952561997__16324397781a8be68b\" data-transition-active=\"true\"><div class=\"collapsible-row--wrapper\"><div class=\"collapsible-row--content-wrapper\" data-transition-item=\"viewport\" data-transition-type=\"fade-in\" data-transition-trigger=\"custom\" data-transition-active=\"true\"><div id=\"template--20328952561997__16324397781a8be68b--collapsible-row--8\" class=\"collapsible-row--content\" data-item=\"rte-content\"><p>M\u0113s dar\u0101m visu iesp\u0113jamo, lai m\u0113\u0123in\u0101tu att\u0113lot produktu kr\u0101su m\u016bsu vietn\u0113 maksim\u0101li prec\u012bzi. \u0145emot v\u0113r\u0101, ka tie ir digit\u0101li kr\u0101su att\u0113li, nevis faktisk\u0101 kr\u0101sas, m\u0113s nevaram garant\u0113t, ka kr\u0101sa realit\u0101t\u0113 izskat\u012bsies prec\u012bzi k\u0101 att\u0113l\u0101. Tas nav iesp\u0113jams. Dabisk\u0101 gaisma, \u0113nas, izc\u0113lums, atspulgs un fakt\u016bra liek kr\u0101sai main\u012bties. M\u016bsu Instagram ir daudz att\u0113lu, ta\u010du atkal j\u0101atceras, ka digit\u0101lajiem fotoatt\u0113liem var b\u016bt piem\u0113rots filtrs.<\/p><\/div><\/div><\/div><\/div><\/div><\/div><\/div><p>\u00a0<\/p><footer class=\"layout--footer-group\"><div id=\"shopify-section-sections--20328953053517__footer\" class=\"shopify-section shopify-section-group-footer-group section--footer\"><div class=\"footer--root\" data-section-id=\"sections--20328953053517__footer\" data-section-type=\"footer\" data-background-color=\"accent-1\" data-light-text=\"false\"><div class=\"footer--blocks\"><div class=\"footer--block\" data-block-type=\"menu\"><div class=\"footer--block--container\">\u00a0<\/div><\/div><\/div><\/div><\/div><\/footer>\n\t\t\t\t\t\t\t\t\t\t\t\t\t\t\t\t\t\t<\/div>\n\t\t\t\t<\/div>\n\t\t\t\t\t<\/div>\n\t\t\t\t<\/div>\n\t\t\t\t<\/div>\n\t\t\t\t\t<\/div>\n\t\t\t\t<\/div>\n\t\t\t\t<\/div>\n\t\t","protected":false},"excerpt":{"rendered":"<p>Bie\u017ei uzdotie jaut\u0101jumi Apskatiet bie\u017ei uzdoto jaut\u0101jumu sarakstu. Ja uz j\u016bsu jaut\u0101jumu \u0161eit nav sniegta atbilde, l\u016bdzu, rakstiet uz e-pasta<\/p>\n","protected":false},"author":1,"featured_media":0,"parent":0,"menu_order":0,"comment_status":"closed","ping_status":"closed","template":"","meta":{"_acf_changed":false,"footnotes":""},"class_list":["post-8563","page","type-page","status-publish","hentry"],"acf":[],"yoast_head":"<!-- This site is optimized with the Yoast SEO plugin v23.8 - https:\/\/yoast.com\/wordpress\/plugins\/seo\/ -->\n<title>FAQ - LUXE GEL PROFESSIONAL\u2122<\/title>\n<meta name=\"robots\" content=\"index, follow, max-snippet:-1, max-image-preview:large, max-video-preview:-1\" \/>\n<link rel=\"canonical\" href=\"https:\/\/luxegel.lv\/lv\/biezi-uzdotie-jautajumi\/\" \/>\n<meta property=\"og:locale\" content=\"lv_LV\" \/>\n<meta property=\"og:type\" content=\"article\" \/>\n<meta property=\"og:title\" content=\"FAQ - LUXE GEL PROFESSIONAL\u2122\" \/>\n<meta property=\"og:description\" content=\"Bie\u017ei uzdotie jaut\u0101jumi Apskatiet bie\u017ei uzdoto jaut\u0101jumu sarakstu. Ja uz j\u016bsu jaut\u0101jumu \u0161eit nav sniegta atbilde, l\u016bdzu, rakstiet uz e-pasta\" \/>\n<meta property=\"og:url\" content=\"https:\/\/luxegel.lv\/lv\/biezi-uzdotie-jautajumi\/\" \/>\n<meta property=\"og:site_name\" content=\"LUXE GEL PROFESSIONAL\u2122\" \/>\n<meta property=\"article:modified_time\" content=\"2025-08-21T05:57:28+00:00\" \/>\n<meta name=\"twitter:card\" content=\"summary_large_image\" \/>\n<meta name=\"twitter:label1\" content=\"Est. reading time\" \/>\n\t<meta name=\"twitter:data1\" content=\"2 minutes\" \/>\n<script type=\"application\/ld+json\" class=\"yoast-schema-graph\">{\"@context\":\"https:\/\/schema.org\",\"@graph\":[{\"@type\":\"WebPage\",\"@id\":\"https:\/\/luxegel.lv\/lv\/biezi-uzdotie-jautajumi\/\",\"url\":\"https:\/\/luxegel.lv\/lv\/biezi-uzdotie-jautajumi\/\",\"name\":\"FAQ - LUXE GEL PROFESSIONAL\u2122\",\"isPartOf\":{\"@id\":\"https:\/\/luxegel.lv\/lv\/#website\"},\"datePublished\":\"2024-01-09T21:56:36+00:00\",\"dateModified\":\"2025-08-21T05:57:28+00:00\",\"breadcrumb\":{\"@id\":\"https:\/\/luxegel.lv\/lv\/biezi-uzdotie-jautajumi\/#breadcrumb\"},\"inLanguage\":\"lv-LV\",\"potentialAction\":[{\"@type\":\"ReadAction\",\"target\":[\"https:\/\/luxegel.lv\/lv\/biezi-uzdotie-jautajumi\/\"]}]},{\"@type\":\"BreadcrumbList\",\"@id\":\"https:\/\/luxegel.lv\/lv\/biezi-uzdotie-jautajumi\/#breadcrumb\",\"itemListElement\":[{\"@type\":\"ListItem\",\"position\":1,\"name\":\"Galven\u0101\",\"item\":\"https:\/\/luxegel.lv\/lv\/\"},{\"@type\":\"ListItem\",\"position\":2,\"name\":\"FAQ\"}]},{\"@type\":\"WebSite\",\"@id\":\"https:\/\/luxegel.lv\/lv\/#website\",\"url\":\"https:\/\/luxegel.lv\/lv\/\",\"name\":\"LUXE GEL PROFESSIONAL\u2122\",\"description\":\"is a leading nail brand on the European market. Luxe Gel currently stock over 500 products including over 350 shades of gel polish, a complete builder gel system and our famous structure base.\",\"potentialAction\":[{\"@type\":\"SearchAction\",\"target\":{\"@type\":\"EntryPoint\",\"urlTemplate\":\"https:\/\/luxegel.lv\/lv\/?s={search_term_string}\"},\"query-input\":{\"@type\":\"PropertyValueSpecification\",\"valueRequired\":true,\"valueName\":\"search_term_string\"}}],\"inLanguage\":\"lv-LV\"}]}<\/script>\n<!-- \/ Yoast SEO plugin. -->","yoast_head_json":{"title":"FAQ - LUXE GEL PROFESSIONAL\u2122","robots":{"index":"index","follow":"follow","max-snippet":"max-snippet:-1","max-image-preview":"max-image-preview:large","max-video-preview":"max-video-preview:-1"},"canonical":"https:\/\/luxegel.lv\/lv\/biezi-uzdotie-jautajumi\/","og_locale":"lv_LV","og_type":"article","og_title":"FAQ - LUXE GEL PROFESSIONAL\u2122","og_description":"Bie\u017ei uzdotie jaut\u0101jumi Apskatiet bie\u017ei uzdoto jaut\u0101jumu sarakstu. Ja uz j\u016bsu jaut\u0101jumu \u0161eit nav sniegta atbilde, l\u016bdzu, rakstiet uz e-pasta","og_url":"https:\/\/luxegel.lv\/lv\/biezi-uzdotie-jautajumi\/","og_site_name":"LUXE GEL PROFESSIONAL\u2122","article_modified_time":"2025-08-21T05:57:28+00:00","twitter_card":"summary_large_image","twitter_misc":{"Est. reading time":"2 minutes"},"schema":{"@context":"https:\/\/schema.org","@graph":[{"@type":"WebPage","@id":"https:\/\/luxegel.lv\/lv\/biezi-uzdotie-jautajumi\/","url":"https:\/\/luxegel.lv\/lv\/biezi-uzdotie-jautajumi\/","name":"FAQ - LUXE GEL PROFESSIONAL\u2122","isPartOf":{"@id":"https:\/\/luxegel.lv\/lv\/#website"},"datePublished":"2024-01-09T21:56:36+00:00","dateModified":"2025-08-21T05:57:28+00:00","breadcrumb":{"@id":"https:\/\/luxegel.lv\/lv\/biezi-uzdotie-jautajumi\/#breadcrumb"},"inLanguage":"lv-LV","potentialAction":[{"@type":"ReadAction","target":["https:\/\/luxegel.lv\/lv\/biezi-uzdotie-jautajumi\/"]}]},{"@type":"BreadcrumbList","@id":"https:\/\/luxegel.lv\/lv\/biezi-uzdotie-jautajumi\/#breadcrumb","itemListElement":[{"@type":"ListItem","position":1,"name":"Galven\u0101","item":"https:\/\/luxegel.lv\/lv\/"},{"@type":"ListItem","position":2,"name":"FAQ"}]},{"@type":"WebSite","@id":"https:\/\/luxegel.lv\/lv\/#website","url":"https:\/\/luxegel.lv\/lv\/","name":"LUXE GEL PROFESSIONAL\u2122","description":"is a leading nail brand on the European market. Luxe Gel currently stock over 500 products including over 350 shades of gel polish, a complete builder gel system and our famous structure base.","potentialAction":[{"@type":"SearchAction","target":{"@type":"EntryPoint","urlTemplate":"https:\/\/luxegel.lv\/lv\/?s={search_term_string}"},"query-input":{"@type":"PropertyValueSpecification","valueRequired":true,"valueName":"search_term_string"}}],"inLanguage":"lv-LV"}]}},"_links":{"self":[{"href":"https:\/\/luxegel.lv\/lv\/wp-json\/wp\/v2\/pages\/8563","targetHints":{"allow":["GET"]}}],"collection":[{"href":"https:\/\/luxegel.lv\/lv\/wp-json\/wp\/v2\/pages"}],"about":[{"href":"https:\/\/luxegel.lv\/lv\/wp-json\/wp\/v2\/types\/page"}],"author":[{"embeddable":true,"href":"https:\/\/luxegel.lv\/lv\/wp-json\/wp\/v2\/users\/1"}],"replies":[{"embeddable":true,"href":"https:\/\/luxegel.lv\/lv\/wp-json\/wp\/v2\/comments?post=8563"}],"version-history":[{"count":18,"href":"https:\/\/luxegel.lv\/lv\/wp-json\/wp\/v2\/pages\/8563\/revisions"}],"predecessor-version":[{"id":17733,"href":"https:\/\/luxegel.lv\/lv\/wp-json\/wp\/v2\/pages\/8563\/revisions\/17733"}],"wp:attachment":[{"href":"https:\/\/luxegel.lv\/lv\/wp-json\/wp\/v2\/media?parent=8563"}],"curies":[{"name":"wp","href":"https:\/\/api.w.org\/{rel}","templated":true}]}}