{"id":7160,"date":"2024-01-09T18:37:04","date_gmt":"2024-01-09T18:37:04","guid":{"rendered":"https:\/\/luxegel.lv\/?page_id=7160"},"modified":"2026-04-29T09:41:01","modified_gmt":"2026-04-29T09:41:01","slug":"precu-atgriesana","status":"publish","type":"page","link":"https:\/\/luxegel.lv\/lv\/precu-atgriesana\/","title":{"rendered":"Pre\u010du atgrie\u0161ana"},"content":{"rendered":"\t\t<div data-elementor-type=\"wp-page\" data-elementor-id=\"7160\" class=\"elementor elementor-7160 elementor-12\">\n\t\t\t\t<div class=\"elementor-element elementor-element-2effdea e-flex e-con-boxed e-con e-parent\" data-id=\"2effdea\" data-element_type=\"container\">\n\t\t\t\t\t<div class=\"e-con-inner\">\n\t\t\t\t<div class=\"elementor-element elementor-element-ebba217 elementor-widget elementor-widget-heading\" data-id=\"ebba217\" data-element_type=\"widget\" data-widget_type=\"heading.default\">\n\t\t\t\t<div class=\"elementor-widget-container\">\n\t\t\t<h1 class=\"elementor-heading-title elementor-size-default\">Pre\u010du atgrie\u0161ana<\/h1>\t\t<\/div>\n\t\t\t\t<\/div>\n\t\t\t\t<div class=\"elementor-element elementor-element-8b3e70d elementor-widget elementor-widget-wd_text_block\" data-id=\"8b3e70d\" data-element_type=\"widget\" data-widget_type=\"wd_text_block.default\">\n\t\t\t\t<div class=\"elementor-widget-container\">\n\t\t\t\t\t<div class=\"wd-text-block reset-last-child text-left\">\n\t\t\t\n\t\t\t<p><strong>VISP\u0100R\u012aGIE PRE\u010cU ATGRIE\u0160ANAS NOTEIKUMI<\/strong><br \/>Cien\u012bjamie klienti, ja k\u0101da iemesla d\u0113\u013c jums ir nepiecie\u0161ams atgriezt preci, j\u016bs to varat izdar\u012bt 14 dienu laik\u0101 p\u0113c preces(-\u010du) sa\u0146em\u0161anas. L\u016bdzu, \u0146emiet v\u0113r\u0101, ka atgriezt var tikai t\u0101s preces, kuras nav atv\u0113rtas un nav lietotas. Atgriezt\u0101s preces nevar apmain\u012bt; par atgrieztaj\u0101m prec\u0113m var sa\u0146emt tikai s\u0101kotn\u0113j\u0101s cenas atmaksu, atskaitot pieg\u0101des izmaksas. Ja m\u0113s sa\u0146emsim atpaka\u013c preces, kas izskat\u012bsies lietotas, diem\u017e\u0113l m\u0113s nevar\u0113sim jums atmaks\u0101t naudu vai atgriezt preci. L\u016bdzu, sekojiet t\u0101l\u0101k sniegtajiem nor\u0101d\u012bjumiem, lai m\u0113s p\u0113c iesp\u0113jas \u0101tr\u0101k var\u0113tu apstr\u0101d\u0101t j\u016bsu preces atgrie\u0161anas procesu.<\/p><p>Ja jums ir nepiecie\u0161ams atgriezt preci, l\u016bdzu, sazinieties ar mums pa e-pastu: luxegelpro@gmail.com, lai m\u0113s var\u0113tu jums sniegt nor\u0101d\u012bjumus pre\u010du atgrie\u0161anai un nos\u016bt\u012bt jums pas\u016bt\u012bjuma atgrie\u0161anas veidlapu.<\/p><p>L\u016bdzu, \u0146emiet v\u0113r\u0101, ka pre\u010du apmai\u0146a netiek veikta; var tikt piem\u0113rota tikai naudas atmaksa, ja pre\u010du atgrie\u0161ana tiek uzskat\u012bta par pamatotu.<\/p><p>J\u016bs b\u016bsiet atbild\u012bgs par preces(-\u010du) atgrie\u0161anas organiz\u0113\u0161anu mums un par vis\u0101m izmaks\u0101m, kas ar to saist\u012btas. M\u0113s iesak\u0101m izmantot izsekojamu kurjerpastu, lai nos\u016bt\u012btu preces atpaka\u013c mums, jo m\u0113s nevar\u0113sim atmaks\u0101t naudu par prec\u0113m, kas netiks atgrieztas.<\/p><p>J\u016bs tiksiet inform\u0113ts pa e-pastu, tikl\u012bdz j\u016bsu atgriezt\u0101s preces b\u016bs sa\u0146emtas un apstr\u0101d\u0101tas.<\/p><p>L\u016bdzu, \u0146emiet v\u0113r\u0101, ka starptautisk\u0101s muitas nodevas un tirdzniec\u012bbas nodok\u013ci par s\u016bt\u012bjumiem \u0101rpus ES netiek atmaks\u0101ti.<\/p><p>T\u0101pat netiek atmaks\u0101ti samaks\u0101tie pasta un iepakojuma izdevumi.<\/p><p><strong>TR\u016aKSTO\u0160AS VAI NEPAREIZAS PRECES.<\/strong><br \/>L\u016bdzu, \u0146emiet v\u0113r\u0101, ka jums 72 stundu laik\u0101 p\u0113c pas\u016bt\u012bjuma pieg\u0101des dienas mums j\u0101pazi\u0146o par jebk\u0101d\u0101m tr\u016bksto\u0161\u0101m vai nepareizi iek\u013caut\u0101m prec\u0113m j\u016bsu pas\u016bt\u012bjum\u0101. Diem\u017e\u0113l p\u0113c \u0161\u012b laika beig\u0101m m\u0113s nevar\u0113sim apmierin\u0101t nek\u0101dus piepras\u012bjumus. Sazinieties ar mums, rakstot uz luxegelpro@gmail.com.<\/p><p><strong>BOJ\u0100TAS PRECES<\/strong><br \/>Ja pieg\u0101des br\u012bd\u012b j\u016bsu s\u016bt\u012bjums ir redzami boj\u0101ts, l\u016bdzu, inform\u0113jiet personu, kas pieg\u0101d\u0101 j\u016bsu preces, ka v\u0113laties atz\u012bm\u0113t s\u016bt\u012bjumu k\u0101 \"sa\u0146emts boj\u0101ts\", vai ar\u012b varat atteikties no pieg\u0101des un l\u016bgt, lai s\u016bt\u012bjums tiek atdots atpaka\u013c s\u016bt\u012bt\u0101jam.<\/p><p>P\u0113c s\u016bt\u012bjuma sa\u0146em\u0161anas m\u0113s var\u0113sim piln\u012bb\u0101 atmaks\u0101t naudu par j\u016bsu pas\u016bt\u012bjumu.<\/p><p>Ja p\u0113c s\u016bt\u012bjuma atv\u0113r\u0161anas j\u016bs konstat\u0113jat, ka prece ir sa\u0146emta boj\u0101ta vai br\u0101\u0137\u0113ta, jums par to j\u0101pazi\u0146o mums 72 stundu laik\u0101 p\u0113c pakas pieg\u0101des. Lai to izdar\u012btu, l\u016bdzu, sazinieties ar mums pa e-pastu: luxegelpro@gmail.com.<\/p><p>Diem\u017e\u0113l m\u0113s nevaram pie\u0146emt izp\u0101rdo\u0161anas pre\u010du vai d\u0101vanu kar\u0161u atgrie\u0161anu.<\/p><p><strong>APMAI\u0145A<\/strong><br \/>\u0100tr\u0101kais veids, k\u0101 sa\u0146emt v\u0113lam\u0101s preces, ir atgriezt nepareizo preci mums. Tikl\u012bdz pre\u010du atgrie\u0161ana ir apstiprin\u0101ta, veiciet jaunu pirkumu un pas\u016btiet v\u0113lamo preci.<\/p><p><strong>NAUDAS ATGRIE\u0160ANA<\/strong><br \/>M\u0113s jums pazi\u0146osim, tikl\u012bdz b\u016bsim sa\u0146\u0113mu\u0161i un p\u0101rbaud\u012bju\u0161i j\u016bsu atgriezt\u0101s preces, un inform\u0113sim j\u016bs, vai tiek apstiprin\u0101ta naudas atgrie\u0161ana. Ja naudas atgrie\u0161ana tiks apstiprin\u0101ta, jums autom\u0101tiski tiks atmaks\u0101ta nauda, izmantojot j\u016bsu s\u0101kotn\u0113jo maks\u0101juma metodi. L\u016bdzu, \u0146emiet v\u0113r\u0101, ka var paiet zin\u0101ms laiks, kam\u0113r j\u016bsu banka vai kred\u012btkartes uz\u0146\u0113mums apstr\u0101d\u0101s maks\u0101jumu un p\u0101rskait\u012bs naudu j\u016bsu kont\u0101.<\/p><p><strong>ELEKTRISKIE PRIEK\u0160METI<\/strong><br \/>14 dienu pre\u010du atgrie\u0161anas\/naudas atgrie\u0161anas noteikumi ir sp\u0113k\u0101 ar\u012b tad, ja jums rodas k\u0101das probl\u0113mas p\u0113c 14 dien\u0101m. \u0160os priek\u0161metus var atgriezt test\u0113\u0161anai, un tie tiks nos\u016bt\u012bti ra\u017eot\u0101jam. P\u0113c tam r\u016bpn\u012bca izsniegs mums zi\u0146ojumu. L\u016bdzu, \u0146emiet v\u0113r\u0101, ka var tikt piem\u0113rota maksa, ja elektriskaj\u0101m prec\u0113m netiks atkl\u0101ts r\u016bpn\u012bcas defekts. (Pamatota piepras\u012bjuma gad\u012bjum\u0101 pre\u010du apmai\u0146a vai veikala kred\u012bts tiks izsniegts 21 darba dienas laik\u0101).<\/p>\n\t\t\t\t\t<\/div>\n\t\t\t\t<\/div>\n\t\t\t\t<\/div>\n\t\t\t\t\t<\/div>\n\t\t\t\t<\/div>\n\t\t\t\t<\/div>\n\t\t","protected":false},"excerpt":{"rendered":"<p>Pre\u010du atgrie\u0161ana VISP\u0100R\u012aGIE PRE\u010cU ATGRIE\u0160ANAS NOTEIKUMICien\u012bjamie klienti, ja k\u0101da iemesla d\u0113\u013c jums ir nepiecie\u0161ams atgriezt preci, j\u016bs to varat izdar\u012bt<\/p>\n","protected":false},"author":1,"featured_media":0,"parent":0,"menu_order":0,"comment_status":"closed","ping_status":"closed","template":"","meta":{"_acf_changed":false,"om_disable_all_campaigns":false,"footnotes":""},"class_list":["post-7160","page","type-page","status-publish","hentry"],"acf":[],"yoast_head":"<!-- This site is optimized with the Yoast SEO plugin v23.8 - https:\/\/yoast.com\/wordpress\/plugins\/seo\/ -->\n<title>Pre\u010du atgrie\u0161ana - LUXE GEL PROFESSIONAL\u2122<\/title>\n<meta name=\"robots\" content=\"index, follow, max-snippet:-1, max-image-preview:large, max-video-preview:-1\" \/>\n<link rel=\"canonical\" href=\"https:\/\/luxegel.lv\/lv\/precu-atgriesana\/\" \/>\n<meta property=\"og:locale\" content=\"lv_LV\" \/>\n<meta property=\"og:type\" content=\"article\" \/>\n<meta property=\"og:title\" content=\"Pre\u010du atgrie\u0161ana - LUXE GEL PROFESSIONAL\u2122\" \/>\n<meta property=\"og:description\" content=\"Pre\u010du atgrie\u0161ana VISP\u0100R\u012aGIE PRE\u010cU ATGRIE\u0160ANAS NOTEIKUMICien\u012bjamie klienti, ja k\u0101da iemesla d\u0113\u013c jums ir nepiecie\u0161ams atgriezt preci, j\u016bs to varat izdar\u012bt\" \/>\n<meta property=\"og:url\" content=\"https:\/\/luxegel.lv\/lv\/precu-atgriesana\/\" \/>\n<meta property=\"og:site_name\" content=\"LUXE GEL PROFESSIONAL\u2122\" \/>\n<meta property=\"article:modified_time\" content=\"2026-04-29T09:41:01+00:00\" \/>\n<meta name=\"twitter:card\" content=\"summary_large_image\" \/>\n<meta name=\"twitter:label1\" content=\"Est. reading time\" \/>\n\t<meta name=\"twitter:data1\" content=\"3 minutes\" \/>\n<script type=\"application\/ld+json\" class=\"yoast-schema-graph\">{\"@context\":\"https:\/\/schema.org\",\"@graph\":[{\"@type\":\"WebPage\",\"@id\":\"https:\/\/luxegel.lv\/lv\/precu-atgriesana\/\",\"url\":\"https:\/\/luxegel.lv\/lv\/precu-atgriesana\/\",\"name\":\"Pre\u010du atgrie\u0161ana - LUXE GEL PROFESSIONAL\u2122\",\"isPartOf\":{\"@id\":\"https:\/\/luxegel.lv\/lv\/#website\"},\"datePublished\":\"2024-01-09T18:37:04+00:00\",\"dateModified\":\"2026-04-29T09:41:01+00:00\",\"breadcrumb\":{\"@id\":\"https:\/\/luxegel.lv\/lv\/precu-atgriesana\/#breadcrumb\"},\"inLanguage\":\"lv-LV\",\"potentialAction\":[{\"@type\":\"ReadAction\",\"target\":[\"https:\/\/luxegel.lv\/lv\/precu-atgriesana\/\"]}]},{\"@type\":\"BreadcrumbList\",\"@id\":\"https:\/\/luxegel.lv\/lv\/precu-atgriesana\/#breadcrumb\",\"itemListElement\":[{\"@type\":\"ListItem\",\"position\":1,\"name\":\"Galven\u0101\",\"item\":\"https:\/\/luxegel.lv\/lv\/\"},{\"@type\":\"ListItem\",\"position\":2,\"name\":\"Pre\u010du atgrie\u0161ana\"}]},{\"@type\":\"WebSite\",\"@id\":\"https:\/\/luxegel.lv\/lv\/#website\",\"url\":\"https:\/\/luxegel.lv\/lv\/\",\"name\":\"LUXE GEL PROFESSIONAL\u2122\",\"description\":\"is a leading nail brand on the European market. Luxe Gel currently stock over 500 products including over 350 shades of gel polish, a complete builder gel system and our famous structure base.\",\"potentialAction\":[{\"@type\":\"SearchAction\",\"target\":{\"@type\":\"EntryPoint\",\"urlTemplate\":\"https:\/\/luxegel.lv\/lv\/?s={search_term_string}\"},\"query-input\":{\"@type\":\"PropertyValueSpecification\",\"valueRequired\":true,\"valueName\":\"search_term_string\"}}],\"inLanguage\":\"lv-LV\"}]}<\/script>\n<!-- \/ Yoast SEO plugin. -->","yoast_head_json":{"title":"Pre\u010du atgrie\u0161ana - LUXE GEL PROFESSIONAL\u2122","robots":{"index":"index","follow":"follow","max-snippet":"max-snippet:-1","max-image-preview":"max-image-preview:large","max-video-preview":"max-video-preview:-1"},"canonical":"https:\/\/luxegel.lv\/lv\/precu-atgriesana\/","og_locale":"lv_LV","og_type":"article","og_title":"Pre\u010du atgrie\u0161ana - LUXE GEL PROFESSIONAL\u2122","og_description":"Pre\u010du atgrie\u0161ana VISP\u0100R\u012aGIE PRE\u010cU ATGRIE\u0160ANAS NOTEIKUMICien\u012bjamie klienti, ja k\u0101da iemesla d\u0113\u013c jums ir nepiecie\u0161ams atgriezt preci, j\u016bs to varat izdar\u012bt","og_url":"https:\/\/luxegel.lv\/lv\/precu-atgriesana\/","og_site_name":"LUXE GEL PROFESSIONAL\u2122","article_modified_time":"2026-04-29T09:41:01+00:00","twitter_card":"summary_large_image","twitter_misc":{"Est. reading time":"3 minutes"},"schema":{"@context":"https:\/\/schema.org","@graph":[{"@type":"WebPage","@id":"https:\/\/luxegel.lv\/lv\/precu-atgriesana\/","url":"https:\/\/luxegel.lv\/lv\/precu-atgriesana\/","name":"Pre\u010du atgrie\u0161ana - LUXE GEL PROFESSIONAL\u2122","isPartOf":{"@id":"https:\/\/luxegel.lv\/lv\/#website"},"datePublished":"2024-01-09T18:37:04+00:00","dateModified":"2026-04-29T09:41:01+00:00","breadcrumb":{"@id":"https:\/\/luxegel.lv\/lv\/precu-atgriesana\/#breadcrumb"},"inLanguage":"lv-LV","potentialAction":[{"@type":"ReadAction","target":["https:\/\/luxegel.lv\/lv\/precu-atgriesana\/"]}]},{"@type":"BreadcrumbList","@id":"https:\/\/luxegel.lv\/lv\/precu-atgriesana\/#breadcrumb","itemListElement":[{"@type":"ListItem","position":1,"name":"Galven\u0101","item":"https:\/\/luxegel.lv\/lv\/"},{"@type":"ListItem","position":2,"name":"Pre\u010du atgrie\u0161ana"}]},{"@type":"WebSite","@id":"https:\/\/luxegel.lv\/lv\/#website","url":"https:\/\/luxegel.lv\/lv\/","name":"LUXE GEL PROFESSIONAL\u2122","description":"is a leading nail brand on the European market. Luxe Gel currently stock over 500 products including over 350 shades of gel polish, a complete builder gel system and our famous structure base.","potentialAction":[{"@type":"SearchAction","target":{"@type":"EntryPoint","urlTemplate":"https:\/\/luxegel.lv\/lv\/?s={search_term_string}"},"query-input":{"@type":"PropertyValueSpecification","valueRequired":true,"valueName":"search_term_string"}}],"inLanguage":"lv-LV"}]}},"_links":{"self":[{"href":"https:\/\/luxegel.lv\/lv\/wp-json\/wp\/v2\/pages\/7160","targetHints":{"allow":["GET"]}}],"collection":[{"href":"https:\/\/luxegel.lv\/lv\/wp-json\/wp\/v2\/pages"}],"about":[{"href":"https:\/\/luxegel.lv\/lv\/wp-json\/wp\/v2\/types\/page"}],"author":[{"embeddable":true,"href":"https:\/\/luxegel.lv\/lv\/wp-json\/wp\/v2\/users\/1"}],"replies":[{"embeddable":true,"href":"https:\/\/luxegel.lv\/lv\/wp-json\/wp\/v2\/comments?post=7160"}],"version-history":[{"count":6,"href":"https:\/\/luxegel.lv\/lv\/wp-json\/wp\/v2\/pages\/7160\/revisions"}],"predecessor-version":[{"id":23026,"href":"https:\/\/luxegel.lv\/lv\/wp-json\/wp\/v2\/pages\/7160\/revisions\/23026"}],"wp:attachment":[{"href":"https:\/\/luxegel.lv\/lv\/wp-json\/wp\/v2\/media?parent=7160"}],"curies":[{"name":"wp","href":"https:\/\/api.w.org\/{rel}","templated":true}]}}