{"id":6531,"date":"2024-01-08T18:26:05","date_gmt":"2024-01-08T18:26:05","guid":{"rendered":"https:\/\/luxegel.lv\/cart-2\/"},"modified":"2024-03-06T21:35:38","modified_gmt":"2024-03-06T21:35:38","slug":"iepirkuma-grozs","status":"publish","type":"page","link":"https:\/\/luxegel.lv\/lv\/iepirkuma-grozs\/","title":{"rendered":"Iepirkuma grozs"},"content":{"rendered":"\n<div data-block-name=\"woocommerce\/cart\" class=\"wp-block-woocommerce-cart alignwide is-loading\">\n<div data-block-name=\"woocommerce\/filled-cart-block\" class=\"wp-block-woocommerce-filled-cart-block\">\n<div data-block-name=\"woocommerce\/cart-items-block\" data-translated-with-w-p-m-l-t-m=\"1\" class=\"wp-block-woocommerce-cart-items-block\">\n<div data-block-name=\"woocommerce\/cart-line-items-block\" class=\"wp-block-woocommerce-cart-line-items-block\"><\/div>\n\n<div>555 HELLO<\/div>\n\n<div data-block-name=\"woocommerce\/cart-cross-sells-block\" class=\"wp-block-woocommerce-cart-cross-sells-block\">\n<h2 class=\"wp-block-heading has-large-font-size\">!!! J\u016bs var\u0113tu interes\u0113t&#8230;<\/h2>\n\n\n\n<div data-block-name=\"woocommerce\/cart-cross-sells-products-block\" class=\"wp-block-woocommerce-cart-cross-sells-products-block\"><\/div>\n<\/div>\n<\/div>\n\n\n\n<div data-block-name=\"woocommerce\/cart-totals-block\" class=\"wp-block-woocommerce-cart-totals-block\">\n<div data-block-name=\"woocommerce\/cart-order-summary-block\" class=\"wp-block-woocommerce-cart-order-summary-block\">\n<div data-block-name=\"woocommerce\/cart-order-summary-heading-block\" class=\"wp-block-woocommerce-cart-order-summary-heading-block\"><\/div><div data-block-name=\"woocommerce\/cart-order-summary-coupon-form-block\" class=\"wp-block-woocommerce-cart-order-summary-coupon-form-block\"><\/div><div data-block-name=\"woocommerce\/cart-order-summary-totals-block\" class=\"wp-block-woocommerce-cart-order-summary-totals-block\">\n<div data-block-name=\"woocommerce\/cart-order-summary-subtotal-block\" class=\"wp-block-woocommerce-cart-order-summary-subtotal-block\"><\/div>\n<div data-block-name=\"woocommerce\/cart-order-summary-discount-block\" class=\"wp-block-woocommerce-cart-order-summary-discount-block\"><\/div>\n<div data-block-name=\"woocommerce\/cart-order-summary-fee-block\" class=\"wp-block-woocommerce-cart-order-summary-fee-block\"><\/div>\n<div data-block-name=\"woocommerce\/cart-order-summary-shipping-block\" class=\"wp-block-woocommerce-cart-order-summary-shipping-block\"><\/div>\n<div data-block-name=\"woocommerce\/cart-order-summary-taxes-block\" class=\"wp-block-woocommerce-cart-order-summary-taxes-block\"><\/div><\/div>\n<\/div>\n\n\n\n<div data-block-name=\"woocommerce\/cart-express-payment-block\" class=\"wp-block-woocommerce-cart-express-payment-block\"><\/div>\n\n\n\n<div data-block-name=\"woocommerce\/proceed-to-checkout-block\" class=\"wp-block-woocommerce-proceed-to-checkout-block\"><\/div>\n<div id=\"ppcp-recaptcha-v2-container\" style=\"margin:20px 0;\"><\/div>\n\n\n<div data-block-name=\"woocommerce\/cart-accepted-payment-methods-block\" class=\"wp-block-woocommerce-cart-accepted-payment-methods-block\"><\/div>\n<\/div>\n<\/div>\n\n\n\n<div data-block-name=\"woocommerce\/empty-cart-block\" class=\"wp-block-woocommerce-empty-cart-block\">\n<h2 class=\"wp-block-heading has-text-align-center with-empty-cart-icon wc-block-cart__empty-cart__title\">J\u016bsu grozs \u0161obr\u012bd ir tuk\u0161s!<\/h2>\n\n\n\n<hr class=\"wp-block-separator has-alpha-channel-opacity is-style-dots\"\/>\n\n\n\n<h2 class=\"wp-block-heading has-text-align-center\">Jaunums veikal\u0101<\/h2>\n\n\n<div data-block-name=\"woocommerce\/product-new\" data-columns=\"4\" data-rows=\"1\" class=\"wc-block-grid wp-block-product-new wp-block-woocommerce-product-new wc-block-product-new has-4-columns\"><ul class=\"wc-block-grid__products\"><li class=\"wc-block-grid__product\">\n\t\t\t\t<a href=\"https:\/\/luxegel.lv\/lv\/product-lv\/15-18-08-2026-kombi-no-0-bazes-kurss-bez-priekszinasanam\/\" class=\"wc-block-grid__product-link\">\n\t\t\t\t\t\n\t\t\t\t\t<div class=\"wc-block-grid__product-image\"><img fetchpriority=\"high\" decoding=\"async\" width=\"300\" height=\"300\" src=\"https:\/\/luxegel.lv\/wp-content\/uploads\/2026\/04\/kombi-no-nulles-augusts-300x300.png\" class=\"attachment-woocommerce_thumbnail size-woocommerce_thumbnail\" alt=\"15.-18.08.2026. - KOMBI NO 0: b\u0101zes kurss bez priek\u0161zin\u0101\u0161an\u0101m\" srcset=\"https:\/\/luxegel.lv\/wp-content\/uploads\/2026\/04\/kombi-no-nulles-augusts-300x300.png 300w, https:\/\/luxegel.lv\/wp-content\/uploads\/2026\/04\/kombi-no-nulles-augusts-150x150.png 150w, https:\/\/luxegel.lv\/wp-content\/uploads\/2026\/04\/kombi-no-nulles-augusts-768x768.png 768w, https:\/\/luxegel.lv\/wp-content\/uploads\/2026\/04\/kombi-no-nulles-augusts-600x600.png 600w, https:\/\/luxegel.lv\/wp-content\/uploads\/2026\/04\/kombi-no-nulles-augusts.png 1000w\" sizes=\"(max-width: 300px) 100vw, 300px\" \/><\/div>\n\t\t\t\t\t<div class=\"wc-block-grid__product-title\">15.-18.08.2026. &#8211; KOMBI NO 0: b\u0101zes kurss bez priek\u0161zin\u0101\u0161an\u0101m<\/div>\n\t\t\t\t<\/a>\n\t\t\t\t<div class=\"wc-block-grid__product-price price\"><br><span class=\"woocommerce-Price-amount amount\">50,00&nbsp;<span class=\"woocommerce-Price-currencySymbol\">&euro;<\/span><\/span><\/div>\n\t\t\t\t\n\t\t\t\t<div class=\"wp-block-button wc-block-grid__product-add-to-cart\"><a href=\"\/lv\/wp-json\/wp\/v2\/pages\/6531?add-to-cart=23095\" aria-label=\"Add to cart: &ldquo;15.-18.08.2026. - KOMBI NO 0: b\u0101zes kurss bez priek\u0161zin\u0101\u0161an\u0101m&rdquo;\" data-quantity=\"1\" data-product_id=\"23095\" data-product_sku=\"15-11-2025-1-1-3\" data-price=\"50\" rel=\"nofollow\" class=\"wp-block-button__link  add_to_cart_button ajax_add_to_cart\">Ielikt groz\u0101<\/a><\/div>\n\t\t\t<\/li><li class=\"wc-block-grid__product\">\n\t\t\t\t<a href=\"https:\/\/luxegel.lv\/lv\/product-lv\/27-30-06-2026-kombi-no-0-bazes-kurss-bez-priekszinasanam\/\" class=\"wc-block-grid__product-link\">\n\t\t\t\t\t\n\t\t\t\t\t<div class=\"wc-block-grid__product-image\"><img decoding=\"async\" width=\"300\" height=\"300\" src=\"https:\/\/luxegel.lv\/wp-content\/uploads\/2026\/04\/kombi-no-nulles-junijs-300x300.png\" class=\"attachment-woocommerce_thumbnail size-woocommerce_thumbnail\" alt=\"27.-30.06.2026. - KOMBI NO 0: b\u0101zes kurss bez priek\u0161zin\u0101\u0161an\u0101m\" srcset=\"https:\/\/luxegel.lv\/wp-content\/uploads\/2026\/04\/kombi-no-nulles-junijs-300x300.png 300w, https:\/\/luxegel.lv\/wp-content\/uploads\/2026\/04\/kombi-no-nulles-junijs-150x150.png 150w, https:\/\/luxegel.lv\/wp-content\/uploads\/2026\/04\/kombi-no-nulles-junijs-768x768.png 768w, https:\/\/luxegel.lv\/wp-content\/uploads\/2026\/04\/kombi-no-nulles-junijs-600x600.png 600w, https:\/\/luxegel.lv\/wp-content\/uploads\/2026\/04\/kombi-no-nulles-junijs.png 1000w\" sizes=\"(max-width: 300px) 100vw, 300px\" \/><\/div>\n\t\t\t\t\t<div class=\"wc-block-grid__product-title\">27.-30.06.2026. &#8211; KOMBI NO 0: b\u0101zes kurss bez priek\u0161zin\u0101\u0161an\u0101m<\/div>\n\t\t\t\t<\/a>\n\t\t\t\t<div class=\"wc-block-grid__product-price price\"><br><span class=\"woocommerce-Price-amount amount\">50,00&nbsp;<span class=\"woocommerce-Price-currencySymbol\">&euro;<\/span><\/span><\/div>\n\t\t\t\t\n\t\t\t\t<div class=\"wp-block-button wc-block-grid__product-add-to-cart\"><a href=\"\/lv\/wp-json\/wp\/v2\/pages\/6531?add-to-cart=23084\" aria-label=\"Add to cart: &ldquo;27.-30.06.2026. - KOMBI NO 0: b\u0101zes kurss bez priek\u0161zin\u0101\u0161an\u0101m&rdquo;\" data-quantity=\"1\" data-product_id=\"23084\" data-product_sku=\"15-11-2025-1-1-2\" data-price=\"50\" rel=\"nofollow\" class=\"wp-block-button__link  add_to_cart_button ajax_add_to_cart\">Ielikt groz\u0101<\/a><\/div>\n\t\t\t<\/li><li class=\"wc-block-grid__product\">\n\t\t\t\t<a href=\"https:\/\/luxegel.lv\/lv\/product-lv\/10-07-2026-kombi-kvalifikacijas-celsanas-kurss\/\" class=\"wc-block-grid__product-link\">\n\t\t\t\t\t\n\t\t\t\t\t<div class=\"wc-block-grid__product-image\"><img decoding=\"async\" width=\"300\" height=\"300\" src=\"https:\/\/luxegel.lv\/wp-content\/uploads\/2026\/04\/kombi-kvalifikacijas-celsana-julijs-300x300.png\" class=\"attachment-woocommerce_thumbnail size-woocommerce_thumbnail\" alt=\"10.07.2026. - KOMBI: kvalifik\u0101cijas cel\u0161anas kurss\" srcset=\"https:\/\/luxegel.lv\/wp-content\/uploads\/2026\/04\/kombi-kvalifikacijas-celsana-julijs-300x300.png 300w, https:\/\/luxegel.lv\/wp-content\/uploads\/2026\/04\/kombi-kvalifikacijas-celsana-julijs-150x150.png 150w, https:\/\/luxegel.lv\/wp-content\/uploads\/2026\/04\/kombi-kvalifikacijas-celsana-julijs-768x768.png 768w, https:\/\/luxegel.lv\/wp-content\/uploads\/2026\/04\/kombi-kvalifikacijas-celsana-julijs-600x600.png 600w, https:\/\/luxegel.lv\/wp-content\/uploads\/2026\/04\/kombi-kvalifikacijas-celsana-julijs.png 1000w\" sizes=\"(max-width: 300px) 100vw, 300px\" \/><\/div>\n\t\t\t\t\t<div class=\"wc-block-grid__product-title\">10.07.2026. &#8211; KOMBI: kvalifik\u0101cijas cel\u0161anas kurss<\/div>\n\t\t\t\t<\/a>\n\t\t\t\t<div class=\"wc-block-grid__product-price price\"><br><span class=\"woocommerce-Price-amount amount\">50,00&nbsp;<span class=\"woocommerce-Price-currencySymbol\">&euro;<\/span><\/span><\/div>\n\t\t\t\t\n\t\t\t\t<div class=\"wp-block-button wc-block-grid__product-add-to-cart\"><a href=\"\/lv\/wp-json\/wp\/v2\/pages\/6531?add-to-cart=23073\" aria-label=\"Add to cart: &ldquo;10.07.2026. - KOMBI: kvalifik\u0101cijas cel\u0161anas kurss&rdquo;\" data-quantity=\"1\" data-product_id=\"23073\" data-product_sku=\"15-11-2025-3-1-2\" data-price=\"50\" rel=\"nofollow\" class=\"wp-block-button__link  add_to_cart_button ajax_add_to_cart\">Ielikt groz\u0101<\/a><\/div>\n\t\t\t<\/li><li class=\"wc-block-grid__product\">\n\t\t\t\t<a href=\"https:\/\/luxegel.lv\/lv\/product-lv\/31-07-2026-nagu-pieaudzesana-ar-augsejam-formam\/\" class=\"wc-block-grid__product-link\">\n\t\t\t\t\t\n\t\t\t\t\t<div class=\"wc-block-grid__product-image\"><img loading=\"lazy\" decoding=\"async\" width=\"300\" height=\"300\" src=\"https:\/\/luxegel.lv\/wp-content\/uploads\/2026\/04\/nagu-pieaudzesana-ar-augsejam-formam-julijs-300x300.png\" class=\"attachment-woocommerce_thumbnail size-woocommerce_thumbnail\" alt=\"31.07.2026. - Nagu pieaudz\u0113\u0161ana ar aug\u0161\u0113j\u0101m form\u0101m\" srcset=\"https:\/\/luxegel.lv\/wp-content\/uploads\/2026\/04\/nagu-pieaudzesana-ar-augsejam-formam-julijs-300x300.png 300w, https:\/\/luxegel.lv\/wp-content\/uploads\/2026\/04\/nagu-pieaudzesana-ar-augsejam-formam-julijs-150x150.png 150w, https:\/\/luxegel.lv\/wp-content\/uploads\/2026\/04\/nagu-pieaudzesana-ar-augsejam-formam-julijs-768x768.png 768w, https:\/\/luxegel.lv\/wp-content\/uploads\/2026\/04\/nagu-pieaudzesana-ar-augsejam-formam-julijs-600x600.png 600w, https:\/\/luxegel.lv\/wp-content\/uploads\/2026\/04\/nagu-pieaudzesana-ar-augsejam-formam-julijs.png 1000w\" sizes=\"(max-width: 300px) 100vw, 300px\" \/><\/div>\n\t\t\t\t\t<div class=\"wc-block-grid__product-title\">31.07.2026. &#8211; Nagu pieaudz\u0113\u0161ana ar aug\u0161\u0113j\u0101m form\u0101m<\/div>\n\t\t\t\t<\/a>\n\t\t\t\t<div class=\"wc-block-grid__product-price price\"><br><span class=\"woocommerce-Price-amount amount\">50,00&nbsp;<span class=\"woocommerce-Price-currencySymbol\">&euro;<\/span><\/span><\/div>\n\t\t\t\t\n\t\t\t\t<div class=\"wp-block-button wc-block-grid__product-add-to-cart\"><a href=\"\/lv\/wp-json\/wp\/v2\/pages\/6531?add-to-cart=23062\" aria-label=\"Add to cart: &ldquo;31.07.2026. - Nagu pieaudz\u0113\u0161ana ar aug\u0161\u0113j\u0101m form\u0101m&rdquo;\" data-quantity=\"1\" data-product_id=\"23062\" data-product_sku=\"15-11-2025-2-1-3\" data-price=\"50\" rel=\"nofollow\" class=\"wp-block-button__link  add_to_cart_button ajax_add_to_cart\">Ielikt groz\u0101<\/a><\/div>\n\t\t\t<\/li><\/ul><\/div><\/div>\n<\/div>\n","protected":false},"excerpt":{"rendered":"","protected":false},"author":1,"featured_media":0,"parent":0,"menu_order":0,"comment_status":"closed","ping_status":"closed","template":"","meta":{"_acf_changed":false,"om_disable_all_campaigns":false,"footnotes":""},"class_list":["post-6531","page","type-page","status-publish","hentry"],"acf":[],"yoast_head":"<!-- This site is optimized with the Yoast SEO plugin v23.8 - https:\/\/yoast.com\/wordpress\/plugins\/seo\/ -->\n<title>Iepirkuma grozs - LUXE GEL PROFESSIONAL\u2122<\/title>\n<meta name=\"robots\" content=\"index, follow, max-snippet:-1, max-image-preview:large, max-video-preview:-1\" \/>\n<link rel=\"canonical\" href=\"https:\/\/luxegel.lv\/lv\/iepirkuma-grozs\/\" \/>\n<meta property=\"og:locale\" content=\"lv_LV\" \/>\n<meta property=\"og:type\" content=\"article\" \/>\n<meta property=\"og:title\" content=\"Iepirkuma grozs - LUXE GEL PROFESSIONAL\u2122\" \/>\n<meta property=\"og:url\" content=\"https:\/\/luxegel.lv\/lv\/iepirkuma-grozs\/\" \/>\n<meta property=\"og:site_name\" content=\"LUXE GEL PROFESSIONAL\u2122\" \/>\n<meta property=\"article:modified_time\" content=\"2024-03-06T21:35:38+00:00\" \/>\n<meta name=\"twitter:card\" content=\"summary_large_image\" \/>\n<script type=\"application\/ld+json\" class=\"yoast-schema-graph\">{\"@context\":\"https:\/\/schema.org\",\"@graph\":[{\"@type\":\"WebPage\",\"@id\":\"https:\/\/luxegel.lv\/lv\/iepirkuma-grozs\/\",\"url\":\"https:\/\/luxegel.lv\/lv\/iepirkuma-grozs\/\",\"name\":\"Iepirkuma grozs - LUXE GEL PROFESSIONAL\u2122\",\"isPartOf\":{\"@id\":\"https:\/\/luxegel.lv\/lv\/#website\"},\"datePublished\":\"2024-01-08T18:26:05+00:00\",\"dateModified\":\"2024-03-06T21:35:38+00:00\",\"breadcrumb\":{\"@id\":\"https:\/\/luxegel.lv\/lv\/iepirkuma-grozs\/#breadcrumb\"},\"inLanguage\":\"lv-LV\",\"potentialAction\":[{\"@type\":\"ReadAction\",\"target\":[\"https:\/\/luxegel.lv\/lv\/iepirkuma-grozs\/\"]}]},{\"@type\":\"BreadcrumbList\",\"@id\":\"https:\/\/luxegel.lv\/lv\/iepirkuma-grozs\/#breadcrumb\",\"itemListElement\":[{\"@type\":\"ListItem\",\"position\":1,\"name\":\"Galven\u0101\",\"item\":\"https:\/\/luxegel.lv\/lv\/\"},{\"@type\":\"ListItem\",\"position\":2,\"name\":\"Iepirkuma grozs\"}]},{\"@type\":\"WebSite\",\"@id\":\"https:\/\/luxegel.lv\/lv\/#website\",\"url\":\"https:\/\/luxegel.lv\/lv\/\",\"name\":\"LUXE GEL PROFESSIONAL\u2122\",\"description\":\"is a leading nail brand on the European market. Luxe Gel currently stock over 500 products including over 350 shades of gel polish, a complete builder gel system and our famous structure base.\",\"potentialAction\":[{\"@type\":\"SearchAction\",\"target\":{\"@type\":\"EntryPoint\",\"urlTemplate\":\"https:\/\/luxegel.lv\/lv\/?s={search_term_string}\"},\"query-input\":{\"@type\":\"PropertyValueSpecification\",\"valueRequired\":true,\"valueName\":\"search_term_string\"}}],\"inLanguage\":\"lv-LV\"}]}<\/script>\n<!-- \/ Yoast SEO plugin. -->","yoast_head_json":{"title":"Iepirkuma grozs - LUXE GEL PROFESSIONAL\u2122","robots":{"index":"index","follow":"follow","max-snippet":"max-snippet:-1","max-image-preview":"max-image-preview:large","max-video-preview":"max-video-preview:-1"},"canonical":"https:\/\/luxegel.lv\/lv\/iepirkuma-grozs\/","og_locale":"lv_LV","og_type":"article","og_title":"Iepirkuma grozs - LUXE GEL PROFESSIONAL\u2122","og_url":"https:\/\/luxegel.lv\/lv\/iepirkuma-grozs\/","og_site_name":"LUXE GEL PROFESSIONAL\u2122","article_modified_time":"2024-03-06T21:35:38+00:00","twitter_card":"summary_large_image","schema":{"@context":"https:\/\/schema.org","@graph":[{"@type":"WebPage","@id":"https:\/\/luxegel.lv\/lv\/iepirkuma-grozs\/","url":"https:\/\/luxegel.lv\/lv\/iepirkuma-grozs\/","name":"Iepirkuma grozs - LUXE GEL PROFESSIONAL\u2122","isPartOf":{"@id":"https:\/\/luxegel.lv\/lv\/#website"},"datePublished":"2024-01-08T18:26:05+00:00","dateModified":"2024-03-06T21:35:38+00:00","breadcrumb":{"@id":"https:\/\/luxegel.lv\/lv\/iepirkuma-grozs\/#breadcrumb"},"inLanguage":"lv-LV","potentialAction":[{"@type":"ReadAction","target":["https:\/\/luxegel.lv\/lv\/iepirkuma-grozs\/"]}]},{"@type":"BreadcrumbList","@id":"https:\/\/luxegel.lv\/lv\/iepirkuma-grozs\/#breadcrumb","itemListElement":[{"@type":"ListItem","position":1,"name":"Galven\u0101","item":"https:\/\/luxegel.lv\/lv\/"},{"@type":"ListItem","position":2,"name":"Iepirkuma grozs"}]},{"@type":"WebSite","@id":"https:\/\/luxegel.lv\/lv\/#website","url":"https:\/\/luxegel.lv\/lv\/","name":"LUXE GEL PROFESSIONAL\u2122","description":"is a leading nail brand on the European market. Luxe Gel currently stock over 500 products including over 350 shades of gel polish, a complete builder gel system and our famous structure base.","potentialAction":[{"@type":"SearchAction","target":{"@type":"EntryPoint","urlTemplate":"https:\/\/luxegel.lv\/lv\/?s={search_term_string}"},"query-input":{"@type":"PropertyValueSpecification","valueRequired":true,"valueName":"search_term_string"}}],"inLanguage":"lv-LV"}]}},"_links":{"self":[{"href":"https:\/\/luxegel.lv\/lv\/wp-json\/wp\/v2\/pages\/6531","targetHints":{"allow":["GET"]}}],"collection":[{"href":"https:\/\/luxegel.lv\/lv\/wp-json\/wp\/v2\/pages"}],"about":[{"href":"https:\/\/luxegel.lv\/lv\/wp-json\/wp\/v2\/types\/page"}],"author":[{"embeddable":true,"href":"https:\/\/luxegel.lv\/lv\/wp-json\/wp\/v2\/users\/1"}],"replies":[{"embeddable":true,"href":"https:\/\/luxegel.lv\/lv\/wp-json\/wp\/v2\/comments?post=6531"}],"version-history":[{"count":0,"href":"https:\/\/luxegel.lv\/lv\/wp-json\/wp\/v2\/pages\/6531\/revisions"}],"wp:attachment":[{"href":"https:\/\/luxegel.lv\/lv\/wp-json\/wp\/v2\/media?parent=6531"}],"curies":[{"name":"wp","href":"https:\/\/api.w.org\/{rel}","templated":true}]}}